{"id":3097,"date":"2023-09-27T09:24:50","date_gmt":"2023-09-27T09:24:50","guid":{"rendered":"https:\/\/www.sustavianfeed.eu\/benzer-projeler\/"},"modified":"2023-09-27T09:24:51","modified_gmt":"2023-09-27T09:24:51","slug":"benzer-projeler","status":"publish","type":"page","link":"https:\/\/sustavianfeed.eu\/tr\/benzer-projeler\/","title":{"rendered":"Benzer projeler"},"content":{"rendered":"<div class=\"wpb-content-wrapper\"><p>[vc_row equal_height=&#8221;yes&#8221; content_placement=&#8221;bottom&#8221; conditional_render=&#8221;%5B%7B%22value_role%22%3A%22administrator%22%7D%5D&#8221; css=&#8221;.vc_custom_1695803049600{margin-bottom: 40px !important;padding-top: 20px !important;background-color: #f7f7f7 !important;}&#8221; animation_type=&#8221;fadeInUp&#8221;][vc_column text_align=&#8221;center&#8221; conditional_render=&#8221;%5B%7B%22value_role%22%3A%22administrator%22%7D%5D&#8221; offset=&#8221;vc_col-xl-4&#8243;][vc_single_image image=&#8221;3046&#8243; img_size=&#8221;400&#215;400&#8243; alignment=&#8221;center&#8221; style=&#8221;vc_box_border_circle&#8221;][\/vc_column][vc_column offset=&#8221;vc_col-xl-8 vc_col-md-12&#8243; conditional_render=&#8221;%5B%7B%22value_role%22%3A%22administrator%22%7D%5D&#8221;]<div class=\"porto-u-heading  wpb_custom_95aa9a11c17ad45cfabaf210d84ee7cc porto-u-3819 \"><div class=\"porto-u-main-heading\"><h2 data-plugin-animated-words data-plugin-options=\"{&quot;startDelay&quot;:0,&quot;minWindowWidth&quot;:0,&quot;animationName&quot;:&quot;fadeIn&quot;,&quot;contentType&quot;:&quot;word&quot;}\"  style=\"color:#c7d162;\">ADVAGROMED<\/h2><\/div><div class=\"porto-u-sub-heading\" style=\"color: #e6684d;\">Akdeniz \u00fclkelerinde ve Akdeniz \u00fclkelerinde bulunan birliklerde b\u00f6cek \u0131slah\u0131n\u0131n yerel saha uygulamalar\u0131 ile entegrasyonuna dayal\u0131 ileri tar\u0131msal-ekolojik yakla\u015f\u0131mlar<\/div><style>.porto-u-3819.porto-u-heading{text-align:left}<\/style><\/div>[vc_separator color=&#8221;custom&#8221; align=&#8221;align_left&#8221; border_width=&#8221;4&#8243; el_width=&#8221;20&#8243; style=&#8221;solid&#8221; accent_color=&#8221;#a7d6d6&#8243;][vc_column_text]<strong>A\u00e7\u0131klama:<\/strong><br \/>\nADVAGROMED, temel agroekolojik ilkelerle birlikte b\u00f6cek \u00fcretiminin avantajlar\u0131ndan yararlanarak, Akdeniz&#8217;in kendine \u00f6zg\u00fc ko\u015fullar\u0131na uyarlanm\u0131\u015f yenilik\u00e7i bir yeti\u015ftirme sistemi geli\u015ftirmeyi, de\u011ferlendirmeyi ve i\u015fbirli\u011fine dayal\u0131 ara\u015ft\u0131rmalar yoluyla te\u015fvik etmeyi ama\u00e7lamaktad\u0131r. Bu amaca ula\u015fmak i\u00e7in ADVAGROMED, b\u00f6cekleri yerel yan \u00fcr\u00fcnlerin biyo-d\u00f6n\u00fc\u015ft\u00fcr\u00fcc\u00fcs\u00fc olarak kullanmay\u0131 ve bu yeni yeti\u015ftirme sistemini Akdeniz \u00fclkelerinde bulunan \u00e7ift\u00e7iler ve birlikler i\u00e7in uygulanabilir bir \u00fcretim sistemi haline getirmek amac\u0131yla b\u00f6ceklerin ana \u00fcr\u00fcnlerinden (frass ve canl\u0131 larvalar) agroekolojik bir perspektiften yararlanmay\u0131 ama\u00e7lamaktad\u0131r.<\/p>\n<p><strong>Proje i\u00e7in ilgi:<\/strong><br \/>\nProje, tar\u0131msal g\u0131da sekt\u00f6r\u00fcnde b\u00f6ceklerin kullan\u0131m\u0131 a\u00e7\u0131s\u0131ndan bir yenili\u011fi temsil etmektedir. Bu \u015fekilde, b\u00f6ceklerin kullan\u0131m\u0131 yoluyla sekt\u00f6r\u00fcn daha fazla s\u00fcrd\u00fcr\u00fclebilirli\u011fi i\u00e7in SUSTAvianFEED projesinin bilgi birikimini tamamlamaktad\u0131r.[\/vc_column_text]<div class=\"porto-btn-ctn-left \"><a class=\"porto-btn porto-adjust-bottom-margin porto-btn-normal porto-btn-no-hover-bg   wpb_custom_fb96c2c4e792455b6939b87945a58974  porto-btn-left \"  rel='' href = \"https:\/\/www.advagromed.com\/\" target='_blank' data-hover=\"\" data-border-color=\"\" data-bg=\"#ffde76\" data-hover-bg=\"\" data-border-hover=\"\" data-shadow-click=\"none\" data-shadow=\"\" style=\"border:none;background: #ffde76;color: #000000;\"><span class=\"porto-btn-hover\"><\/span><span class=\"porto-btn-data porto-btn-text \" >Projeyi g\u00f6r\u00fcnt\u00fcle<\/span><\/a><\/div>[\/vc_column][\/vc_row]<\/p>\n<\/div>","protected":false},"excerpt":{"rendered":"<p>[vc_row equal_height=&#8221;yes&#8221; content_placement=&#8221;bottom&#8221; conditional_render=&#8221;%5B%7B%22value_role%22%3A%22administrator%22%7D%5D&#8221; css=&#8221;.vc_custom_1695803049600{margin-bottom: 40px !important;padding-top: 20px !important;background-color: #f7f7f7 !important;}&#8221; animation_type=&#8221;fadeInUp&#8221;][vc_column text_align=&#8221;center&#8221; conditional_render=&#8221;%5B%7B%22value_role%22%3A%22administrator%22%7D%5D&#8221; offset=&#8221;vc_col-xl-4&#8243;][vc_single_image image=&#8221;3046&#8243; img_size=&#8221;400&#215;400&#8243; alignment=&#8221;center&#8221; style=&#8221;vc_box_border_circle&#8221;][\/vc_column][vc_column offset=&#8221;vc_col-xl-8 vc_col-md-12&#8243; conditional_render=&#8221;%5B%7B%22value_role%22%3A%22administrator%22%7D%5D&#8221;][vc_separator color=&#8221;custom&#8221; align=&#8221;align_left&#8221; border_width=&#8221;4&#8243; el_width=&#8221;20&#8243; style=&#8221;solid&#8221; accent_color=&#8221;#a7d6d6&#8243;][vc_column_text]A\u00e7\u0131klama: ADVAGROMED, temel agroekolojik ilkelerle birlikte b\u00f6cek \u00fcretiminin avantajlar\u0131ndan yararlanarak, Akdeniz&#8217;in kendine \u00f6zg\u00fc ko\u015fullar\u0131na uyarlanm\u0131\u015f yenilik\u00e7i bir yeti\u015ftirme sistemi geli\u015ftirmeyi, de\u011ferlendirmeyi ve i\u015fbirli\u011fine dayal\u0131 ara\u015ft\u0131rmalar yoluyla te\u015fvik etmeyi [&hellip;]<\/p>\n","protected":false},"author":1,"featured_media":0,"parent":0,"menu_order":0,"comment_status":"closed","ping_status":"closed","template":"","meta":{"footnotes":""},"class_list":["post-3097","page","type-page","status-publish","hentry"],"yoast_head":"<!-- This site is optimized with the Yoast SEO plugin v26.4 - https:\/\/yoast.com\/wordpress\/plugins\/seo\/ -->\n<title>Benzer projeler - SUSTAvianFEED<\/title>\n<meta name=\"robots\" content=\"index, follow, max-snippet:-1, max-image-preview:large, max-video-preview:-1\" \/>\n<link rel=\"canonical\" href=\"https:\/\/sustavianfeed.eu\/tr\/benzer-projeler\/\" \/>\n<meta property=\"og:locale\" content=\"tr_TR\" \/>\n<meta property=\"og:type\" content=\"article\" \/>\n<meta property=\"og:title\" content=\"Benzer projeler - SUSTAvianFEED\" \/>\n<meta property=\"og:description\" content=\"[vc_row equal_height=&#8221;yes&#8221; content_placement=&#8221;bottom&#8221; conditional_render=&#8221;%5B%7B%22value_role%22%3A%22administrator%22%7D%5D&#8221; css=&#8221;.vc_custom_1695803049600{margin-bottom: 40px !important;padding-top: 20px !important;background-color: #f7f7f7 !important;}&#8221; animation_type=&#8221;fadeInUp&#8221;][vc_column text_align=&#8221;center&#8221; conditional_render=&#8221;%5B%7B%22value_role%22%3A%22administrator%22%7D%5D&#8221; offset=&#8221;vc_col-xl-4&#8243;][vc_single_image image=&#8221;3046&#8243; img_size=&#8221;400&#215;400&#8243; alignment=&#8221;center&#8221; style=&#8221;vc_box_border_circle&#8221;][\/vc_column][vc_column offset=&#8221;vc_col-xl-8 vc_col-md-12&#8243; conditional_render=&#8221;%5B%7B%22value_role%22%3A%22administrator%22%7D%5D&#8221;][vc_separator color=&#8221;custom&#8221; align=&#8221;align_left&#8221; border_width=&#8221;4&#8243; el_width=&#8221;20&#8243; style=&#8221;solid&#8221; accent_color=&#8221;#a7d6d6&#8243;][vc_column_text]A\u00e7\u0131klama: ADVAGROMED, temel agroekolojik ilkelerle birlikte b\u00f6cek \u00fcretiminin avantajlar\u0131ndan yararlanarak, Akdeniz&#8217;in kendine \u00f6zg\u00fc ko\u015fullar\u0131na uyarlanm\u0131\u015f yenilik\u00e7i bir yeti\u015ftirme sistemi geli\u015ftirmeyi, de\u011ferlendirmeyi ve i\u015fbirli\u011fine dayal\u0131 ara\u015ft\u0131rmalar yoluyla te\u015fvik etmeyi [&hellip;]\" \/>\n<meta property=\"og:url\" content=\"https:\/\/sustavianfeed.eu\/tr\/benzer-projeler\/\" \/>\n<meta property=\"og:site_name\" content=\"SUSTAvianFEED\" \/>\n<meta property=\"article:publisher\" content=\"https:\/\/www.facebook.com\/SUSTAvianFEED\" \/>\n<meta property=\"article:modified_time\" content=\"2023-09-27T09:24:51+00:00\" \/>\n<meta name=\"twitter:card\" content=\"summary_large_image\" \/>\n<meta name=\"twitter:label1\" content=\"Tahmini okuma s\u00fcresi\" \/>\n\t<meta name=\"twitter:data1\" content=\"2 dakika\" \/>\n<script type=\"application\/ld+json\" class=\"yoast-schema-graph\">{\"@context\":\"https:\/\/schema.org\",\"@graph\":[{\"@type\":\"WebPage\",\"@id\":\"https:\/\/sustavianfeed.eu\/tr\/benzer-projeler\/\",\"url\":\"https:\/\/sustavianfeed.eu\/tr\/benzer-projeler\/\",\"name\":\"Benzer projeler - SUSTAvianFEED\",\"isPartOf\":{\"@id\":\"https:\/\/sustavianfeed.eu\/tr\/#website\"},\"datePublished\":\"2023-09-27T09:24:50+00:00\",\"dateModified\":\"2023-09-27T09:24:51+00:00\",\"breadcrumb\":{\"@id\":\"https:\/\/sustavianfeed.eu\/tr\/benzer-projeler\/#breadcrumb\"},\"inLanguage\":\"tr\",\"potentialAction\":[{\"@type\":\"ReadAction\",\"target\":[\"https:\/\/sustavianfeed.eu\/tr\/benzer-projeler\/\"]}]},{\"@type\":\"BreadcrumbList\",\"@id\":\"https:\/\/sustavianfeed.eu\/tr\/benzer-projeler\/#breadcrumb\",\"itemListElement\":[{\"@type\":\"ListItem\",\"position\":1,\"name\":\"Home\",\"item\":\"https:\/\/sustavianfeed.eu\/tr\/\"},{\"@type\":\"ListItem\",\"position\":2,\"name\":\"Benzer projeler\"}]},{\"@type\":\"WebSite\",\"@id\":\"https:\/\/sustavianfeed.eu\/tr\/#website\",\"url\":\"https:\/\/sustavianfeed.eu\/tr\/\",\"name\":\"SUSTAvianFEED\",\"description\":\"Innovative and sustainable poultry feedings programs\",\"publisher\":{\"@id\":\"https:\/\/sustavianfeed.eu\/tr\/#organization\"},\"potentialAction\":[{\"@type\":\"SearchAction\",\"target\":{\"@type\":\"EntryPoint\",\"urlTemplate\":\"https:\/\/sustavianfeed.eu\/tr\/?s={search_term_string}\"},\"query-input\":{\"@type\":\"PropertyValueSpecification\",\"valueRequired\":true,\"valueName\":\"search_term_string\"}}],\"inLanguage\":\"tr\"},{\"@type\":\"Organization\",\"@id\":\"https:\/\/sustavianfeed.eu\/tr\/#organization\",\"name\":\"SUSTAvianFEED\",\"url\":\"https:\/\/sustavianfeed.eu\/tr\/\",\"logo\":{\"@type\":\"ImageObject\",\"inLanguage\":\"tr\",\"@id\":\"https:\/\/sustavianfeed.eu\/tr\/#\/schema\/logo\/image\/\",\"url\":\"https:\/\/sustavianfeed.eu\/wp-content\/uploads\/2021\/09\/LOGO_SUSTavianFEED_color-footer.png\",\"contentUrl\":\"https:\/\/sustavianfeed.eu\/wp-content\/uploads\/2021\/09\/LOGO_SUSTavianFEED_color-footer.png\",\"width\":400,\"height\":286,\"caption\":\"SUSTAvianFEED\"},\"image\":{\"@id\":\"https:\/\/sustavianfeed.eu\/tr\/#\/schema\/logo\/image\/\"},\"sameAs\":[\"https:\/\/www.facebook.com\/SUSTAvianFEED\",\"https:\/\/www.linkedin.com\/groups\/12560654\/\"]}]}<\/script>\n<!-- \/ Yoast SEO plugin. -->","yoast_head_json":{"title":"Benzer projeler - SUSTAvianFEED","robots":{"index":"index","follow":"follow","max-snippet":"max-snippet:-1","max-image-preview":"max-image-preview:large","max-video-preview":"max-video-preview:-1"},"canonical":"https:\/\/sustavianfeed.eu\/tr\/benzer-projeler\/","og_locale":"tr_TR","og_type":"article","og_title":"Benzer projeler - SUSTAvianFEED","og_description":"[vc_row equal_height=&#8221;yes&#8221; content_placement=&#8221;bottom&#8221; conditional_render=&#8221;%5B%7B%22value_role%22%3A%22administrator%22%7D%5D&#8221; css=&#8221;.vc_custom_1695803049600{margin-bottom: 40px !important;padding-top: 20px !important;background-color: #f7f7f7 !important;}&#8221; animation_type=&#8221;fadeInUp&#8221;][vc_column text_align=&#8221;center&#8221; conditional_render=&#8221;%5B%7B%22value_role%22%3A%22administrator%22%7D%5D&#8221; offset=&#8221;vc_col-xl-4&#8243;][vc_single_image image=&#8221;3046&#8243; img_size=&#8221;400&#215;400&#8243; alignment=&#8221;center&#8221; style=&#8221;vc_box_border_circle&#8221;][\/vc_column][vc_column offset=&#8221;vc_col-xl-8 vc_col-md-12&#8243; conditional_render=&#8221;%5B%7B%22value_role%22%3A%22administrator%22%7D%5D&#8221;][vc_separator color=&#8221;custom&#8221; align=&#8221;align_left&#8221; border_width=&#8221;4&#8243; el_width=&#8221;20&#8243; style=&#8221;solid&#8221; accent_color=&#8221;#a7d6d6&#8243;][vc_column_text]A\u00e7\u0131klama: ADVAGROMED, temel agroekolojik ilkelerle birlikte b\u00f6cek \u00fcretiminin avantajlar\u0131ndan yararlanarak, Akdeniz&#8217;in kendine \u00f6zg\u00fc ko\u015fullar\u0131na uyarlanm\u0131\u015f yenilik\u00e7i bir yeti\u015ftirme sistemi geli\u015ftirmeyi, de\u011ferlendirmeyi ve i\u015fbirli\u011fine dayal\u0131 ara\u015ft\u0131rmalar yoluyla te\u015fvik etmeyi [&hellip;]","og_url":"https:\/\/sustavianfeed.eu\/tr\/benzer-projeler\/","og_site_name":"SUSTAvianFEED","article_publisher":"https:\/\/www.facebook.com\/SUSTAvianFEED","article_modified_time":"2023-09-27T09:24:51+00:00","twitter_card":"summary_large_image","twitter_misc":{"Tahmini okuma s\u00fcresi":"2 dakika"},"schema":{"@context":"https:\/\/schema.org","@graph":[{"@type":"WebPage","@id":"https:\/\/sustavianfeed.eu\/tr\/benzer-projeler\/","url":"https:\/\/sustavianfeed.eu\/tr\/benzer-projeler\/","name":"Benzer projeler - SUSTAvianFEED","isPartOf":{"@id":"https:\/\/sustavianfeed.eu\/tr\/#website"},"datePublished":"2023-09-27T09:24:50+00:00","dateModified":"2023-09-27T09:24:51+00:00","breadcrumb":{"@id":"https:\/\/sustavianfeed.eu\/tr\/benzer-projeler\/#breadcrumb"},"inLanguage":"tr","potentialAction":[{"@type":"ReadAction","target":["https:\/\/sustavianfeed.eu\/tr\/benzer-projeler\/"]}]},{"@type":"BreadcrumbList","@id":"https:\/\/sustavianfeed.eu\/tr\/benzer-projeler\/#breadcrumb","itemListElement":[{"@type":"ListItem","position":1,"name":"Home","item":"https:\/\/sustavianfeed.eu\/tr\/"},{"@type":"ListItem","position":2,"name":"Benzer projeler"}]},{"@type":"WebSite","@id":"https:\/\/sustavianfeed.eu\/tr\/#website","url":"https:\/\/sustavianfeed.eu\/tr\/","name":"SUSTAvianFEED","description":"Innovative and sustainable poultry feedings programs","publisher":{"@id":"https:\/\/sustavianfeed.eu\/tr\/#organization"},"potentialAction":[{"@type":"SearchAction","target":{"@type":"EntryPoint","urlTemplate":"https:\/\/sustavianfeed.eu\/tr\/?s={search_term_string}"},"query-input":{"@type":"PropertyValueSpecification","valueRequired":true,"valueName":"search_term_string"}}],"inLanguage":"tr"},{"@type":"Organization","@id":"https:\/\/sustavianfeed.eu\/tr\/#organization","name":"SUSTAvianFEED","url":"https:\/\/sustavianfeed.eu\/tr\/","logo":{"@type":"ImageObject","inLanguage":"tr","@id":"https:\/\/sustavianfeed.eu\/tr\/#\/schema\/logo\/image\/","url":"https:\/\/sustavianfeed.eu\/wp-content\/uploads\/2021\/09\/LOGO_SUSTavianFEED_color-footer.png","contentUrl":"https:\/\/sustavianfeed.eu\/wp-content\/uploads\/2021\/09\/LOGO_SUSTavianFEED_color-footer.png","width":400,"height":286,"caption":"SUSTAvianFEED"},"image":{"@id":"https:\/\/sustavianfeed.eu\/tr\/#\/schema\/logo\/image\/"},"sameAs":["https:\/\/www.facebook.com\/SUSTAvianFEED","https:\/\/www.linkedin.com\/groups\/12560654\/"]}]}},"_links":{"self":[{"href":"https:\/\/sustavianfeed.eu\/tr\/wp-json\/wp\/v2\/pages\/3097","targetHints":{"allow":["GET"]}}],"collection":[{"href":"https:\/\/sustavianfeed.eu\/tr\/wp-json\/wp\/v2\/pages"}],"about":[{"href":"https:\/\/sustavianfeed.eu\/tr\/wp-json\/wp\/v2\/types\/page"}],"author":[{"embeddable":true,"href":"https:\/\/sustavianfeed.eu\/tr\/wp-json\/wp\/v2\/users\/1"}],"replies":[{"embeddable":true,"href":"https:\/\/sustavianfeed.eu\/tr\/wp-json\/wp\/v2\/comments?post=3097"}],"version-history":[{"count":3,"href":"https:\/\/sustavianfeed.eu\/tr\/wp-json\/wp\/v2\/pages\/3097\/revisions"}],"predecessor-version":[{"id":3100,"href":"https:\/\/sustavianfeed.eu\/tr\/wp-json\/wp\/v2\/pages\/3097\/revisions\/3100"}],"wp:attachment":[{"href":"https:\/\/sustavianfeed.eu\/tr\/wp-json\/wp\/v2\/media?parent=3097"}],"curies":[{"name":"wp","href":"https:\/\/api.w.org\/{rel}","templated":true}]}}