{"id":1647,"date":"2021-10-20T09:57:17","date_gmt":"2021-10-20T09:57:17","guid":{"rendered":"https:\/\/www.sustavianfeed.eu\/gizlilik-politikasi\/"},"modified":"2021-10-20T09:57:27","modified_gmt":"2021-10-20T09:57:27","slug":"gizlilik-politikasi","status":"publish","type":"page","link":"https:\/\/sustavianfeed.eu\/tr\/gizlilik-politikasi\/","title":{"rendered":"Gizlilik Politikas\u0131"},"content":{"rendered":"<div class=\"wpb-content-wrapper\"><p>[vc_row][vc_column][vc_column_text]SAT N\u00ba 2439 ALIA, bundan b\u00f6yle &#8220;kurulu\u015f&#8221; olarak an\u0131lacakt\u0131r, web sitesi kullan\u0131c\u0131lar\u0131ndan ve di\u011fer ilgili taraflardan a\u015fa\u011f\u0131dakiler gibi farkl\u0131 yollarla elde edilen verileri toplayabilir ve i\u015fleyebilir:<\/p>\n<ul>\n<li>Web formlar\u0131.<\/li>\n<li>E-posta.<\/li>\n<li>Telefonla ileti\u015fim.<\/li>\n<li>Ka\u011f\u0131t formlar.<\/li>\n<li>Mesaj g\u00f6nder.<\/li>\n<li>Kamuya a\u00e7\u0131k kaynaklar (resmi gazete ve gazeteler, medya vb.)<\/li>\n<\/ul>\n<p>Bu kaynaklar arac\u0131l\u0131\u011f\u0131yla toplanan verilerin i\u015flenmesi, AB 2016\/679 Veri Koruma Genel Y\u00f6netmeli\u011fi, 3\/2018 Ki\u015fisel Verilerin Korunmas\u0131 ve Dijital Haklar\u0131n Garantisi Hakk\u0131ndaki Organik Kanun ve y\u00fcr\u00fcrl\u00fckteki di\u011fer d\u00fczenlemelere uygun olarak ger\u00e7ekle\u015ftirilecektir. Bu ba\u011flamda.<\/p>\n<p>\u0130\u015fletmenin gizlilik politikas\u0131n\u0131 sunmak amac\u0131yla a\u015fa\u011f\u0131daki b\u00f6l\u00fcmler sunulmu\u015ftur:<\/p>\n<h2>Verilerinizin Veri Sorumlusu kim?<\/h2>\n<table>\n<tbody>\n<tr>\n<td>\u0130S\u0130M:<\/td>\n<td>SAT No. 2439 ALIA<\/td>\n<\/tr>\n<tr>\n<td>NIF \/ CIF:<\/td>\n<td>F30030753<\/td>\n<\/tr>\n<tr>\n<td>ADRES:<\/td>\n<td>DIP. LA HOYA S \/ N, APDO. 272, 30816 LORCA (MURCIA) \u0130SPANYA.<\/td>\n<\/tr>\n<tr>\n<td>TELEFON:<\/td>\n<td>968486700<\/td>\n<\/tr>\n<tr>\n<td>E-POSTA:<\/td>\n<td>info@sustavianfeed.eu<\/td>\n<\/tr>\n<\/tbody>\n<\/table>\n<h2>Ki\u015fisel verilerinizi hangi ama\u00e7la i\u015fliyoruz?<\/h2>\n<p>As\u0131l ama\u00e7, kurumun koordinat\u00f6rl\u00fc\u011f\u00fcn\u00fc yapt\u0131\u011f\u0131 \u201csustavianfeed\u201d projesinin y\u00f6netimi ve geli\u015ftirilmesidir. Ve genel anlamda, devam eden veya olabilecek a\u015fa\u011f\u0131daki ama\u00e7lar\u0131 da belirtebiliriz:<br \/>\nKurulu\u015fta, ilgili ki\u015filerin verilerini ileti\u015fimin y\u00f6netimi ve geli\u015ftirilmesi (kullan\u0131c\u0131 ileti\u015fimi, sorular\u0131n \u00e7\u00f6z\u00fcm\u00fc, promosyon, haber b\u00fcltenleri g\u00f6nderme, kurulu\u015fun sosyal a\u011flardaki profillerinin y\u00f6netimi vb.) ve hizmetlere kat\u0131l\u0131m i\u00e7in ele al\u0131yoruz. talep edilen.<br \/>\nGer\u00e7ekle\u015ftirebilece\u011fimiz veri i\u015flemenin geri kalan\u0131, kurulu\u015fun normal faaliyetleri ve y\u00f6netiminde z\u0131mni faaliyetler, verilerin i\u00e7 y\u00f6netim ama\u00e7lar\u0131, ticari ve finansal y\u00f6netim, insan kaynaklar\u0131 y\u00f6netimi, ileti\u015fim y\u00f6netimi ile ilgisi vard\u0131r. ilgili taraflar ve projenin amac\u0131n\u0131n yerine getirilmesi, y\u00f6netimi ve geli\u015ftirilmesinden elde edilen di\u011fer ama\u00e7lar.<br \/>\nKurulu\u015fla ileti\u015fime ge\u00e7menin ve hakk\u0131n\u0131zda bilgi g\u00f6ndermenin amac\u0131 i\u015f aramaksa (\u00f6zge\u00e7mi\u015f g\u00f6nderme vb.). Sa\u011flanan veriler, i\u015fletmedeki i\u015f teklifleri i\u00e7in olas\u0131 adayl\u0131\u011f\u0131n\u0131z\u0131 de\u011ferlendirmek i\u00e7in i\u015flenecektir. Sa\u011flanan veriler i\u015fletmeyi ilgilendiriyorsa bunlarla birlikte bir profil olu\u015fturulacak ve insan kaynaklar\u0131 y\u00f6netimi i\u00e7in ar\u015fivlenecektir.<\/p>\n<h2>Ne t\u00fcr verileri i\u015fliyoruz?<\/h2>\n<p>Belirtilen farkl\u0131 elde etme y\u00f6ntemlerinin yan\u0131 s\u0131ra belirtilen farkl\u0131 tedavi ama\u00e7lar\u0131na ek olarak, ilgili taraf\u0131n (kullan\u0131c\u0131, ortak) profiline ba\u011fl\u0131 olarak bilgi sistemimizde i\u015fleyebilece\u011fimiz veri t\u00fcrleri hakk\u0131nda sizi bilgilendiririz. , ilgili ki\u015fi, sa\u011flay\u0131c\u0131 , \u00e7al\u0131\u015fan, &#8230;), \u015funlard\u0131r:<\/p>\n<ul>\n<li>G\u00f6r\u00fcnt\u00fc i\u00e7erebilecek tan\u0131mlama verileri<\/li>\n<li>\u0130leti\u015fim bilgileri<\/li>\n<li>Tan\u0131mlama kodlar\u0131 veya anahtarlar\u0131<\/li>\n<li>Posta veya elektronik adresler<\/li>\n<li>Ki\u015fisel ve profesyonel \u00f6zellikler verileri<\/li>\n<li>Akademik ve m\u00fcfredat verileri<\/li>\n<li>Ekonomik, finansal ve sigorta verileri<\/li>\n<li>Ekonomik ve ekonomik olmayan bordro verileri ve i\u015fg\u00fcc\u00fc niteli\u011findeki di\u011fer bilgiler<\/li>\n<li>Kurulu\u015fun faaliyet ve hizmetlerinin geli\u015ftirilmesinde gerekli veya \u00f6rt\u00fcl\u00fc olan di\u011fer veri ve bilgiler.<\/li>\n<\/ul>\n<h2>Verilerinizi ne kadar s\u00fcreyle tutaca\u011f\u0131z?<\/h2>\n<p>Ki\u015fisel veriler, ilgili tarafla ili\u015fki devam etti\u011fi s\u00fcrece saklanacakt\u0131r; bunlar\u0131n silinmesi talep edilmedi\u011fi s\u00fcrece; veya muhafazas\u0131 i\u00e7in herhangi bir h\u00fck\u00fcm veya yasal zorunluluk varken.<br \/>\nVeriler, toplanma ama\u00e7lar\u0131 i\u00e7in art\u0131k gerekli olmad\u0131\u011f\u0131nda, gizlilikleri sa\u011flanarak silinecektir.<br \/>\n\u0130\u015f arama amac\u0131yla sa\u011flanan veriler, i\u015fletmeyi ilgilendirmiyorsa, gizlilikleri sa\u011flanarak derhal elimine edilir.<\/p>\n<h2>Verilerinizin i\u015flenmesinin me\u015fruiyeti nedir?<\/h2>\n<p>Veri i\u015flemenin yasal dayana\u011f\u0131 a\u015fa\u011f\u0131dakilerden biri veya birka\u00e7\u0131 olabilir:<\/p>\n<ol>\n<li>bilgilendirilmi\u015f onay<\/li>\n<li>S\u00f6zle\u015fme \u00f6ncesi veya s\u00f6zle\u015fme taahh\u00fctlerine uygunluk<\/li>\n<li>me\u015fru menfaat<\/li>\n<li>Yasal y\u00fck\u00fcml\u00fcl\u00fckler veya gereklilikler<\/li>\n<li>Yasal olarak \u00f6ng\u00f6r\u00fclen di\u011fer temeller<\/li>\n<\/ol>\n<h2>Verileriniz hangi al\u0131c\u0131lara iletilecek?<\/h2>\n<p>\u0130lgili taraflar\u0131n verileri, a\u015fa\u011f\u0131dakiler d\u0131\u015f\u0131nda hi\u00e7bir \u00fc\u00e7\u00fcnc\u00fc tarafa iletilmeyecektir: a) Mal ve hizmetlerin do\u011fru bir \u015fekilde sa\u011flanmas\u0131 i\u00e7in gerekli yard\u0131mc\u0131 hizmetler, yetkili tedavi y\u00f6neticileri veya di\u011fer z\u0131mni \u00fc\u00e7\u00fcnc\u00fc taraflar; b) g\u00f6revlerini yerine getirirken yetkili kamu makamlar\u0131 ve idareleri; c) di\u011fer me\u015fru ilgili taraflar ve yasal olarak \u00f6ng\u00f6r\u00fclen \u00fc\u00e7\u00fcnc\u00fc taraflar.<br \/>\nBu al\u0131c\u0131lar, ilgili \u00e7er\u00e7eve i\u00e7inde normal \u015fekilde geli\u015febilmesi i\u00e7in projeye kat\u0131lan ortaklar\u0131 ve ortaklar\u0131 zorunlu ve dolayl\u0131 olarak i\u00e7erir.<\/p>\n<h2>Bize verdi\u011finizde ve\/veya verilerinizi i\u015flerken haklar\u0131n\u0131z nelerdir?<\/h2>\n<p>\u0130lgili taraf olarak, veri korumas\u0131 a\u00e7\u0131s\u0131ndan size yard\u0131mc\u0131 olan a\u015fa\u011f\u0131daki haklardan herhangi birinin kullan\u0131lmas\u0131n\u0131 istedi\u011finiz zaman talep edebilirsiniz:<\/p>\n<ul>\n<li>Kendileriyle ilgili verilerin i\u015flenip i\u015flenmedi\u011fini teyit etmek ve bu muamele hakk\u0131nda daha fazla bilgi edinmek i\u00e7in ilgili taraf\u0131n ki\u015fisel verilerine eri\u015fim.<\/li>\n<li>\u0130lgili tarafla ilgili ki\u015fisel verilerin, di\u011fer nedenlerin yan\u0131 s\u0131ra, yanl\u0131\u015f olduklar\u0131nda veya topland\u0131klar\u0131 ama\u00e7lar i\u00e7in art\u0131k gerekli olmad\u0131klar\u0131nda d\u00fczeltilmesi veya silinmesi.<\/li>\n<li>Belirli durumlarda ilgili taraf\u0131n ki\u015fisel verilerinin i\u015flenmesini s\u0131n\u0131rland\u0131r\u0131n, bu durumda bunlar yaln\u0131zca iddialar\u0131n yerine getirilmesi veya savunulmas\u0131 amac\u0131yla, ba\u015fka bir ki\u015finin haklar\u0131n\u0131n korunmas\u0131 veya kamu yarar\u0131 nedenleriyle saklanacakt\u0131r.<\/li>\n<li>Daha \u00f6nce bize sa\u011flad\u0131\u011f\u0131n\u0131z, sizi ilgilendiren ki\u015fisel verileri m\u00fcmk\u00fcn oldu\u011funca yap\u0131land\u0131r\u0131lm\u0131\u015f bir bi\u00e7imde al\u0131n. (Verilerinizin ta\u015f\u0131nabilirli\u011fi).<\/li>\n<li>Belirli ko\u015fullarda ve \u00f6zel durumunuzla ilgili nedenlerle verilerinizin i\u015flenmesine kar\u015f\u0131 \u00e7\u0131kmak. Varl\u0131k, zorlay\u0131c\u0131 me\u015fru nedenler veya olas\u0131 iddialar\u0131n uygulanmas\u0131 veya savunulmas\u0131 d\u0131\u015f\u0131nda verilerinizi i\u015flemeyi durduracakt\u0131r.<\/li>\n<li>Varsa, mevcut i\u015f veya s\u00f6zle\u015fme ili\u015fkisinin iptaline veya iptaline yol a\u00e7abilecek onay\u0131n geri al\u0131nmas\u0131. R\u0131zan\u0131n geri al\u0131nmas\u0131ndan \u00f6nce ger\u00e7ekle\u015ftirilen tedavilere halel getirmeksizin.<\/li>\n<\/ul>\n<p>Bunu yapmak i\u00e7in bizimle sadece info@sustavianfeed.eu e-posta adresi \u00fczerinden veya DIP&#8217;ye bir mektup g\u00f6ndererek ileti\u015fime ge\u00e7meniz yeterli olacakt\u0131r. LA HOYA S \/ N, APDO. 272, 30816 LORCA (MURCIA) \u0130SPANYA.<br \/>\n\u0130ste\u011fe ba\u011fl\u0131 olarak, haklar\u0131n\u0131z hakk\u0131nda daha fazla bilgi edinmek i\u00e7in Veri Koruma Ajans\u0131 (www.aepd.es) ile ileti\u015fime ge\u00e7ebilir veya bunlar\u0131n kontrol yetkilisi taraf\u0131ndan korunmas\u0131n\u0131 talep edebilirsiniz.<\/p>\n<h2>Veri g\u00fcvenli\u011fi<\/h2>\n<p>Kurulu\u015f, bilgi sisteminde, i\u015fledi\u011fimiz bilgilerin yeterli d\u00fczeyde gizlili\u011fini, b\u00fct\u00fcnl\u00fc\u011f\u00fcn\u00fc ve kullan\u0131labilirli\u011fini garanti etmek i\u00e7in gerekli teknik ve organizasyonel \u00f6nlemleri al\u0131r.<br \/>\nAncak hukuk sisteminin izin verdi\u011fi \u00f6l\u00e7\u00fcde, \u00fc\u00e7\u00fcnc\u00fc ki\u015filerin bilgi sistemimizde sebep olabilece\u011fi de\u011fi\u015fikliklerin zarar ve ziyanlar\u0131ndan sorumlu de\u011filiz. Herhangi bir g\u00fcvenlik ihlali uygun ve derhal yetkili makama ve\/veya Devlet g\u00fcvenlik g\u00fc\u00e7leri ve organlar\u0131na bildirilecektir.<\/p>\n<h2>\u0130leti\u015fim veya bilgi g\u00f6nderme<\/h2>\n<p>Bilgilerin telematik yollarla (e-posta, anl\u0131k mesajla\u015fma vb.) g\u00f6nderilmesine ili\u015fkin politikam\u0131z, yaln\u0131zca kurulu\u015fun i\u015flevleri ve faaliyetleri ile ilgili olarak kullan\u0131c\u0131lar\u0131m\u0131za ve ilgili taraflara ilgi duydu\u011funu d\u00fc\u015f\u00fcnd\u00fc\u011f\u00fcm\u00fcz ileti\u015fimleri g\u00f6ndermekle s\u0131n\u0131rl\u0131d\u0131r veya almay\u0131 kabul etti\u011finizi.<br \/>\nBu mesajlar\u0131 almamay\u0131 tercih ederseniz, 34\/2002 Hizmet Kanununun Ba\u015fl\u0131k III, 22. Bilgi Toplumu ve Elektronik Ticaret.<\/p>\n<p>Bu gizlilik politikas\u0131 Ekim 2021&#8217;de revize edilmi\u015ftir, bu nedenle metnin bir sonraki revizyonuna kadar farkl\u0131l\u0131klar olabilir.[\/vc_column_text][\/vc_column][\/vc_row]<\/p>\n<\/div>","protected":false},"excerpt":{"rendered":"<p>[vc_row][vc_column][vc_column_text]SAT N\u00ba 2439 ALIA, bundan b\u00f6yle &#8220;kurulu\u015f&#8221; olarak an\u0131lacakt\u0131r, web sitesi kullan\u0131c\u0131lar\u0131ndan ve di\u011fer ilgili taraflardan a\u015fa\u011f\u0131dakiler gibi farkl\u0131 yollarla elde edilen verileri toplayabilir ve i\u015fleyebilir: Web formlar\u0131. E-posta. Telefonla ileti\u015fim. Ka\u011f\u0131t formlar. Mesaj g\u00f6nder. Kamuya a\u00e7\u0131k kaynaklar (resmi gazete ve gazeteler, medya vb.) Bu kaynaklar arac\u0131l\u0131\u011f\u0131yla toplanan verilerin i\u015flenmesi, AB 2016\/679 Veri Koruma Genel [&hellip;]<\/p>\n","protected":false},"author":1,"featured_media":0,"parent":0,"menu_order":0,"comment_status":"closed","ping_status":"closed","template":"","meta":{"footnotes":""},"class_list":["post-1647","page","type-page","status-publish","hentry"],"yoast_head":"<!-- This site is optimized with the Yoast SEO plugin v26.4 - https:\/\/yoast.com\/wordpress\/plugins\/seo\/ -->\n<title>Gizlilik Politikas\u0131 - SUSTAvianFEED<\/title>\n<meta name=\"robots\" content=\"index, follow, max-snippet:-1, max-image-preview:large, max-video-preview:-1\" \/>\n<link rel=\"canonical\" href=\"https:\/\/sustavianfeed.eu\/tr\/gizlilik-politikasi\/\" \/>\n<meta property=\"og:locale\" content=\"tr_TR\" \/>\n<meta property=\"og:type\" content=\"article\" \/>\n<meta property=\"og:title\" content=\"Gizlilik Politikas\u0131 - SUSTAvianFEED\" \/>\n<meta property=\"og:description\" content=\"[vc_row][vc_column][vc_column_text]SAT N\u00ba 2439 ALIA, bundan b\u00f6yle &#8220;kurulu\u015f&#8221; olarak an\u0131lacakt\u0131r, web sitesi kullan\u0131c\u0131lar\u0131ndan ve di\u011fer ilgili taraflardan a\u015fa\u011f\u0131dakiler gibi farkl\u0131 yollarla elde edilen verileri toplayabilir ve i\u015fleyebilir: Web formlar\u0131. E-posta. Telefonla ileti\u015fim. Ka\u011f\u0131t formlar. Mesaj g\u00f6nder. Kamuya a\u00e7\u0131k kaynaklar (resmi gazete ve gazeteler, medya vb.) Bu kaynaklar arac\u0131l\u0131\u011f\u0131yla toplanan verilerin i\u015flenmesi, AB 2016\/679 Veri Koruma Genel [&hellip;]\" \/>\n<meta property=\"og:url\" content=\"https:\/\/sustavianfeed.eu\/tr\/gizlilik-politikasi\/\" \/>\n<meta property=\"og:site_name\" content=\"SUSTAvianFEED\" \/>\n<meta property=\"article:publisher\" content=\"https:\/\/www.facebook.com\/SUSTAvianFEED\" \/>\n<meta property=\"article:modified_time\" content=\"2021-10-20T09:57:27+00:00\" \/>\n<meta name=\"twitter:card\" content=\"summary_large_image\" \/>\n<meta name=\"twitter:label1\" content=\"Tahmini okuma s\u00fcresi\" \/>\n\t<meta name=\"twitter:data1\" content=\"6 dakika\" \/>\n<script type=\"application\/ld+json\" class=\"yoast-schema-graph\">{\"@context\":\"https:\/\/schema.org\",\"@graph\":[{\"@type\":\"WebPage\",\"@id\":\"https:\/\/sustavianfeed.eu\/tr\/gizlilik-politikasi\/\",\"url\":\"https:\/\/sustavianfeed.eu\/tr\/gizlilik-politikasi\/\",\"name\":\"Gizlilik Politikas\u0131 - SUSTAvianFEED\",\"isPartOf\":{\"@id\":\"https:\/\/sustavianfeed.eu\/tr\/#website\"},\"datePublished\":\"2021-10-20T09:57:17+00:00\",\"dateModified\":\"2021-10-20T09:57:27+00:00\",\"breadcrumb\":{\"@id\":\"https:\/\/sustavianfeed.eu\/tr\/gizlilik-politikasi\/#breadcrumb\"},\"inLanguage\":\"tr\",\"potentialAction\":[{\"@type\":\"ReadAction\",\"target\":[\"https:\/\/sustavianfeed.eu\/tr\/gizlilik-politikasi\/\"]}]},{\"@type\":\"BreadcrumbList\",\"@id\":\"https:\/\/sustavianfeed.eu\/tr\/gizlilik-politikasi\/#breadcrumb\",\"itemListElement\":[{\"@type\":\"ListItem\",\"position\":1,\"name\":\"Home\",\"item\":\"https:\/\/sustavianfeed.eu\/tr\/\"},{\"@type\":\"ListItem\",\"position\":2,\"name\":\"Gizlilik Politikas\u0131\"}]},{\"@type\":\"WebSite\",\"@id\":\"https:\/\/sustavianfeed.eu\/tr\/#website\",\"url\":\"https:\/\/sustavianfeed.eu\/tr\/\",\"name\":\"SUSTAvianFEED\",\"description\":\"Innovative and sustainable poultry feedings programs\",\"publisher\":{\"@id\":\"https:\/\/sustavianfeed.eu\/tr\/#organization\"},\"potentialAction\":[{\"@type\":\"SearchAction\",\"target\":{\"@type\":\"EntryPoint\",\"urlTemplate\":\"https:\/\/sustavianfeed.eu\/tr\/?s={search_term_string}\"},\"query-input\":{\"@type\":\"PropertyValueSpecification\",\"valueRequired\":true,\"valueName\":\"search_term_string\"}}],\"inLanguage\":\"tr\"},{\"@type\":\"Organization\",\"@id\":\"https:\/\/sustavianfeed.eu\/tr\/#organization\",\"name\":\"SUSTAvianFEED\",\"url\":\"https:\/\/sustavianfeed.eu\/tr\/\",\"logo\":{\"@type\":\"ImageObject\",\"inLanguage\":\"tr\",\"@id\":\"https:\/\/sustavianfeed.eu\/tr\/#\/schema\/logo\/image\/\",\"url\":\"https:\/\/sustavianfeed.eu\/wp-content\/uploads\/2021\/09\/LOGO_SUSTavianFEED_color-footer.png\",\"contentUrl\":\"https:\/\/sustavianfeed.eu\/wp-content\/uploads\/2021\/09\/LOGO_SUSTavianFEED_color-footer.png\",\"width\":400,\"height\":286,\"caption\":\"SUSTAvianFEED\"},\"image\":{\"@id\":\"https:\/\/sustavianfeed.eu\/tr\/#\/schema\/logo\/image\/\"},\"sameAs\":[\"https:\/\/www.facebook.com\/SUSTAvianFEED\",\"https:\/\/www.linkedin.com\/groups\/12560654\/\"]}]}<\/script>\n<!-- \/ Yoast SEO plugin. -->","yoast_head_json":{"title":"Gizlilik Politikas\u0131 - SUSTAvianFEED","robots":{"index":"index","follow":"follow","max-snippet":"max-snippet:-1","max-image-preview":"max-image-preview:large","max-video-preview":"max-video-preview:-1"},"canonical":"https:\/\/sustavianfeed.eu\/tr\/gizlilik-politikasi\/","og_locale":"tr_TR","og_type":"article","og_title":"Gizlilik Politikas\u0131 - SUSTAvianFEED","og_description":"[vc_row][vc_column][vc_column_text]SAT N\u00ba 2439 ALIA, bundan b\u00f6yle &#8220;kurulu\u015f&#8221; olarak an\u0131lacakt\u0131r, web sitesi kullan\u0131c\u0131lar\u0131ndan ve di\u011fer ilgili taraflardan a\u015fa\u011f\u0131dakiler gibi farkl\u0131 yollarla elde edilen verileri toplayabilir ve i\u015fleyebilir: Web formlar\u0131. E-posta. Telefonla ileti\u015fim. Ka\u011f\u0131t formlar. Mesaj g\u00f6nder. Kamuya a\u00e7\u0131k kaynaklar (resmi gazete ve gazeteler, medya vb.) Bu kaynaklar arac\u0131l\u0131\u011f\u0131yla toplanan verilerin i\u015flenmesi, AB 2016\/679 Veri Koruma Genel [&hellip;]","og_url":"https:\/\/sustavianfeed.eu\/tr\/gizlilik-politikasi\/","og_site_name":"SUSTAvianFEED","article_publisher":"https:\/\/www.facebook.com\/SUSTAvianFEED","article_modified_time":"2021-10-20T09:57:27+00:00","twitter_card":"summary_large_image","twitter_misc":{"Tahmini okuma s\u00fcresi":"6 dakika"},"schema":{"@context":"https:\/\/schema.org","@graph":[{"@type":"WebPage","@id":"https:\/\/sustavianfeed.eu\/tr\/gizlilik-politikasi\/","url":"https:\/\/sustavianfeed.eu\/tr\/gizlilik-politikasi\/","name":"Gizlilik Politikas\u0131 - SUSTAvianFEED","isPartOf":{"@id":"https:\/\/sustavianfeed.eu\/tr\/#website"},"datePublished":"2021-10-20T09:57:17+00:00","dateModified":"2021-10-20T09:57:27+00:00","breadcrumb":{"@id":"https:\/\/sustavianfeed.eu\/tr\/gizlilik-politikasi\/#breadcrumb"},"inLanguage":"tr","potentialAction":[{"@type":"ReadAction","target":["https:\/\/sustavianfeed.eu\/tr\/gizlilik-politikasi\/"]}]},{"@type":"BreadcrumbList","@id":"https:\/\/sustavianfeed.eu\/tr\/gizlilik-politikasi\/#breadcrumb","itemListElement":[{"@type":"ListItem","position":1,"name":"Home","item":"https:\/\/sustavianfeed.eu\/tr\/"},{"@type":"ListItem","position":2,"name":"Gizlilik Politikas\u0131"}]},{"@type":"WebSite","@id":"https:\/\/sustavianfeed.eu\/tr\/#website","url":"https:\/\/sustavianfeed.eu\/tr\/","name":"SUSTAvianFEED","description":"Innovative and sustainable poultry feedings programs","publisher":{"@id":"https:\/\/sustavianfeed.eu\/tr\/#organization"},"potentialAction":[{"@type":"SearchAction","target":{"@type":"EntryPoint","urlTemplate":"https:\/\/sustavianfeed.eu\/tr\/?s={search_term_string}"},"query-input":{"@type":"PropertyValueSpecification","valueRequired":true,"valueName":"search_term_string"}}],"inLanguage":"tr"},{"@type":"Organization","@id":"https:\/\/sustavianfeed.eu\/tr\/#organization","name":"SUSTAvianFEED","url":"https:\/\/sustavianfeed.eu\/tr\/","logo":{"@type":"ImageObject","inLanguage":"tr","@id":"https:\/\/sustavianfeed.eu\/tr\/#\/schema\/logo\/image\/","url":"https:\/\/sustavianfeed.eu\/wp-content\/uploads\/2021\/09\/LOGO_SUSTavianFEED_color-footer.png","contentUrl":"https:\/\/sustavianfeed.eu\/wp-content\/uploads\/2021\/09\/LOGO_SUSTavianFEED_color-footer.png","width":400,"height":286,"caption":"SUSTAvianFEED"},"image":{"@id":"https:\/\/sustavianfeed.eu\/tr\/#\/schema\/logo\/image\/"},"sameAs":["https:\/\/www.facebook.com\/SUSTAvianFEED","https:\/\/www.linkedin.com\/groups\/12560654\/"]}]}},"_links":{"self":[{"href":"https:\/\/sustavianfeed.eu\/tr\/wp-json\/wp\/v2\/pages\/1647","targetHints":{"allow":["GET"]}}],"collection":[{"href":"https:\/\/sustavianfeed.eu\/tr\/wp-json\/wp\/v2\/pages"}],"about":[{"href":"https:\/\/sustavianfeed.eu\/tr\/wp-json\/wp\/v2\/types\/page"}],"author":[{"embeddable":true,"href":"https:\/\/sustavianfeed.eu\/tr\/wp-json\/wp\/v2\/users\/1"}],"replies":[{"embeddable":true,"href":"https:\/\/sustavianfeed.eu\/tr\/wp-json\/wp\/v2\/comments?post=1647"}],"version-history":[{"count":2,"href":"https:\/\/sustavianfeed.eu\/tr\/wp-json\/wp\/v2\/pages\/1647\/revisions"}],"predecessor-version":[{"id":1651,"href":"https:\/\/sustavianfeed.eu\/tr\/wp-json\/wp\/v2\/pages\/1647\/revisions\/1651"}],"wp:attachment":[{"href":"https:\/\/sustavianfeed.eu\/tr\/wp-json\/wp\/v2\/media?parent=1647"}],"curies":[{"name":"wp","href":"https:\/\/api.w.org\/{rel}","templated":true}]}}