{"id":1633,"date":"2021-10-20T09:51:23","date_gmt":"2021-10-20T09:51:23","guid":{"rendered":"https:\/\/www.sustavianfeed.eu\/yasal-uyari\/"},"modified":"2021-10-20T09:51:30","modified_gmt":"2021-10-20T09:51:30","slug":"yasal-uyari","status":"publish","type":"page","link":"https:\/\/sustavianfeed.eu\/tr\/yasal-uyari\/","title":{"rendered":"Yasal Uyar\u0131"},"content":{"rendered":"<div class=\"wpb-content-wrapper\"><p>[vc_row][vc_column][vc_column_text]<\/p>\n<h2>\u0130T\u0130RAZ VE KABUL.<\/h2>\n<p>Bu yasal uyar\u0131, a\u015fa\u011f\u0131daki kimlik bilgilerine sahip web sitesinden sorumlu kurulu\u015f taraf\u0131ndan kullan\u0131m\u0131n\u0131za sunulan www.sustavianfeed.eu web sitesinin kullan\u0131m\u0131n\u0131 d\u00fczenler:<\/p>\n<table>\n<tbody>\n<tr>\n<td>\u0130S\u0130M:<\/td>\n<td>SAT No. 2439 ALIA<\/td>\n<\/tr>\n<tr>\n<td>NIF \/ CIF:<\/td>\n<td>F30030753<\/td>\n<\/tr>\n<tr>\n<td>ADRES:<\/td>\n<td>DIP. LA HOYA S \/ N, APDO. 272, 30816 LORCA (MURCIA) \u0130SPANYA.<\/td>\n<\/tr>\n<tr>\n<td>TELEFON:<\/td>\n<td>968486700<\/td>\n<\/tr>\n<tr>\n<td>E-POSTA:<\/td>\n<td>info@sustavianfeed.eu<\/td>\n<\/tr>\n<\/tbody>\n<\/table>\n<p>Bundan sonra &#8220;varl\u0131k&#8221; olarak adland\u0131rabiliriz.<\/p>\n<p>Ancak kurulu\u015f, projenin geli\u015ftirilmesinde ve y\u00f6netiminde dolayl\u0131 olarak ilgili b\u00f6l\u00fcmde at\u0131fta bulunulan ortaklar\u0131n ve ortaklar\u0131n kat\u0131ld\u0131\u011f\u0131 projenin koordinat\u00f6r\u00fc olarak hareket eder.<\/p>\n<p>\u0130\u015fletmenin web sitesine g\u00f6z atmak, kullan\u0131c\u0131n\u0131n durumunu buna atfeder ve bu yasal bildirimde yer alan ve de\u011fi\u015ftirilebilecek olan h\u00fck\u00fcmlerin her birinin eksiksiz ve ko\u015fulsuz olarak kabul edildi\u011fi anlam\u0131na gelir.<\/p>\n<p>Kullan\u0131c\u0131, web sitesini yasalara, iyi niyete, kamu d\u00fczenine, trafik kullan\u0131mlar\u0131na ve bu yasal uyar\u0131ya uygun olarak do\u011fru \u015fekilde kullanmay\u0131 taahh\u00fct eder. Kullan\u0131c\u0131, s\u00f6z konusu y\u00fck\u00fcml\u00fcl\u00fc\u011f\u00fcn ihlali sonucunda olu\u015fabilecek zararlar i\u00e7in i\u015fletmeye veya \u00fc\u00e7\u00fcnc\u00fc ki\u015filere cevap verecektir.<\/p>\n<h2>ER\u0130\u015e\u0130M VE KULLANIM KO\u015eULLARI.<\/h2>\n<p>Web sitesine ve hizmetlerine \u00fccretsiz olarak eri\u015filebilir, ancak i\u015fletme, web sitesinde sunulan baz\u0131 hizmetlerin kullan\u0131m\u0131n\u0131 ilgili formun \u00f6nceden doldurulmas\u0131n\u0131n ard\u0131ndan \u015fart ko\u015far. Kullan\u0131c\u0131, kuruma iletti\u011fi t\u00fcm verilerin ger\u00e7ekli\u011fini ve g\u00fcncelli\u011fini garanti eder ve yapt\u0131\u011f\u0131 yanl\u0131\u015f veya yanl\u0131\u015f beyanlardan yaln\u0131zca sorumlu olacakt\u0131r.<\/p>\n<p>Kullan\u0131c\u0131, kurulu\u015fun i\u00e7erik ve hizmetlerinden uygun \u015fekilde yararlanmay\u0131 ve bunlar\u0131 di\u011ferlerinin yan\u0131 s\u0131ra a\u015fa\u011f\u0131daki ama\u00e7lar i\u00e7in kullanmamay\u0131 a\u00e7\u0131k\u00e7a kabul eder:<\/p>\n<ol>\n<li>Ter\u00f6rizmi savunmak amac\u0131yla veya genel olarak yasalara veya kamu d\u00fczenine ayk\u0131r\u0131 olarak su\u00e7, \u015fiddet i\u00e7eren, pornografik, \u0131rk\u00e7\u0131, yabanc\u0131 d\u00fc\u015fman\u0131, sald\u0131rgan i\u00e7erik yaymak.<\/li>\n<li>A\u011fa bilgisayar vir\u00fcsleri sokmak veya kurulu\u015fun veya \u00fc\u00e7\u00fcnc\u00fc ki\u015filerin elektronik belgelerini, verilerini veya fiziksel ve mant\u0131ksal sistemlerini de\u011fi\u015ftirebilecek, bozabilecek, kesintiye u\u011fratabilecek veya hatalar olu\u015fturabilecek veya zarar verebilecek eylemlerde bulunmak; ayr\u0131ca, kurulu\u015fun hizmetlerini sa\u011flad\u0131\u011f\u0131 bilgisayar kaynaklar\u0131n\u0131n yo\u011fun t\u00fcketimi yoluyla di\u011fer kullan\u0131c\u0131lar\u0131n web sitesine ve hizmetlerine eri\u015fimini engelleme.<\/li>\n<li>Di\u011fer kullan\u0131c\u0131lar\u0131n e-posta hesaplar\u0131na veya t\u00fczel ki\u015finin veya \u00fc\u00e7\u00fcnc\u00fc taraflar\u0131n bilgisayar sistemlerinin k\u0131s\u0131tl\u0131 alanlar\u0131na eri\u015fmeye \u00e7al\u0131\u015f\u0131n ve uygun oldu\u011funda bilgi al\u0131n.<\/li>\n<li>Fikri veya s\u0131nai m\u00fclkiyet haklar\u0131n\u0131 ihlal etmenin yan\u0131 s\u0131ra t\u00fczel ki\u015finin veya \u00fc\u00e7\u00fcnc\u00fc ki\u015filerin bilgilerinin gizlili\u011fini ihlal etmek.<\/li>\n<li>Ba\u015fka bir kullan\u0131c\u0131n\u0131n, kamu idarelerinin veya \u00fc\u00e7\u00fcnc\u00fc bir taraf\u0131n kimli\u011fini taklit etme.<\/li>\n<li>\u0130lgili haklar\u0131n sahibinin iznine sahip olmad\u0131\u011f\u0131n\u0131z veya yasal olarak izin verilmedi\u011fi s\u00fcrece, i\u00e7eri\u011fi \u00e7o\u011faltmak, kopyalamak, da\u011f\u0131tmak, eri\u015filebilir k\u0131lmak veya herhangi bir \u015fekilde kamuya a\u00e7\u0131klamak, d\u00f6n\u00fc\u015ft\u00fcrmek veya de\u011fi\u015ftirmek.<\/li>\n<li>\u00d6nceden talebiniz veya onay\u0131n\u0131z olmadan reklam amac\u0131yla veri toplamak ve her t\u00fcrl\u00fc reklam ve ileti\u015fimi sat\u0131\u015f veya di\u011fer ticari ama\u00e7larla g\u00f6ndermek.<\/li>\n<\/ol>\n<p>Web sitesinin metinler, foto\u011fraflar, grafikler, resimler, ikonlar, teknoloji, yaz\u0131l\u0131m gibi t\u00fcm i\u00e7eri\u011fi ile grafik tasar\u0131m\u0131 ve kaynak kodlar\u0131, m\u00fclkiyeti sahiplerine ait bir eser te\u015fkil eder ve devredildi\u011fi anla\u015f\u0131lmadan m\u00fclkiyeti sahiplerine aittir. kullan\u0131c\u0131ya. Web&#8217;in do\u011fru kullan\u0131m\u0131 i\u00e7in kesinlikle gerekli olan\u0131n \u00f6tesinde onlar \u00fczerindeki s\u00f6m\u00fcr\u00fc haklar\u0131n\u0131n.<\/p>\n<p>Sonu\u00e7 olarak, bu web sitesine eri\u015fen kullan\u0131c\u0131lar, \u00e7o\u011falt\u0131lan unsurlar\u0131n daha sonra \u00fc\u00e7\u00fcnc\u00fc \u015fah\u0131slara devredilmemesi veya a\u011flara ba\u011fl\u0131 sunuculara kurulmamas\u0131 veya herhangi bir \u015fekilde istismara maruz kalmamas\u0131 ko\u015fuluyla, i\u00e7eri\u011fi g\u00f6r\u00fcnt\u00fcleyebilir ve uygun oldu\u011funda, yetkili \u00f6zel kopyalar olu\u015fturabilir. .<\/p>\n<p>Ayn\u0131 \u015fekilde, web sitesinde g\u00f6r\u00fcnen t\u00fcm ticari markalar, ticari adlar veya her t\u00fcrl\u00fc ay\u0131rt edici i\u015faret, kullan\u0131m veya eri\u015fimin kullan\u0131c\u0131ya bunlar \u00fczerinde herhangi bir hak verdi\u011fi anla\u015f\u0131lmadan ilgili sahiplerinin m\u00fclkiyetindedir.<\/p>\n<p>\u0130\u00e7eri\u011fin da\u011f\u0131t\u0131lmas\u0131, de\u011fi\u015ftirilmesi, aktar\u0131lmas\u0131 veya kamuya a\u00e7\u0131klanmas\u0131 ve kullan\u0131m haklar\u0131n\u0131n sahibi taraf\u0131ndan a\u00e7\u0131k\u00e7a yetkilendirilmemi\u015f di\u011fer eylemler yasakt\u0131r.<\/p>\n<p>Bir hyperlink&#8217;in kurulmas\u0131, hi\u00e7bir \u015fekilde t\u00fczel ki\u015fi ile kuruldu\u011fu web sitesinin sahibi aras\u0131nda bir ili\u015fkinin var oldu\u011fu ve i\u00e7eri\u011finin ya da hizmetlerin i\u015fletme taraf\u0131ndan kabul edildi\u011fi ve onayland\u0131\u011f\u0131 anlam\u0131na gelmez. Hyperlink kurmak isteyenlerin \u00f6nceden yaz\u0131l\u0131 olarak kurumdan yetki talep etmesi gerekmektedir. Her hal\u00fckarda, k\u00f6pr\u00fc yaln\u0131zca web sitemizin ana sayfas\u0131na eri\u015fime izin verecek ve ayr\u0131ca t\u00fczel ki\u015fi hakk\u0131nda yanl\u0131\u015f veya yanl\u0131\u015f beyan veya g\u00f6stergeler yapmaktan ka\u00e7\u0131nmal\u0131 veya iyi \u00f6rf ve kamu d\u00fczenine ayk\u0131r\u0131 olarak yasa d\u0131\u015f\u0131 i\u00e7erik i\u00e7ermelidir.<\/p>\n<p>\u0130\u015fletme, her kullan\u0131c\u0131n\u0131n bu web sitesinde kullan\u0131ma sunulan materyalleri kullan\u0131m\u0131ndan veya bunlara dayal\u0131 olarak ger\u00e7ekle\u015ftirilen eylemlerden sorumlu de\u011fildir.<\/p>\n<h2>GARANT\u0130 VE SORUMLULUK HAR\u0130\u00c7.<\/h2>\n<p>Bu web sitesinin i\u00e7eri\u011fi genel niteliktedir ve t\u00fcm i\u00e7eri\u011fe eri\u015fim veya eksiksizli\u011fi, do\u011frulu\u011fu, ge\u00e7erlili\u011fi veya g\u00fcncelli\u011fi veya belirli bir amaca uygunlu\u011fu veya kullan\u0131\u015fl\u0131l\u0131\u011f\u0131 tam olarak garanti edilmeksizin yaln\u0131zca bilgi ama\u00e7l\u0131d\u0131r.<\/p>\n<p>\u0130\u015fletme, yasal sistemin izin verdi\u011fi \u00f6l\u00e7\u00fcde, a\u015fa\u011f\u0131dakilerden kaynaklanan her t\u00fcrl\u00fc zarar i\u00e7in sorumluluk kabul etmez:<\/p>\n<ol>\n<li>Web sitesine eri\u015filememesi veya i\u00e7eri\u011fin do\u011frulu\u011fu, do\u011frulu\u011fu, eksiksizli\u011fi ve\/veya g\u00fcncelli\u011fi ile iletilen, da\u011f\u0131t\u0131lan, depolanan, kullan\u0131c\u0131lar\u0131n kullan\u0131m\u0131na sunulan her t\u00fcrl\u00fc i\u00e7eri\u011fin kusur ve kusurlar\u0131n\u0131n varl\u0131\u011f\u0131. web sitesi veya sunulan hizmetler arac\u0131l\u0131\u011f\u0131yla eri\u015filmi\u015ftir.<\/li>\n<li>\u0130\u00e7eriklerde bilgisayar sistemlerinde, elektronik belgelerde veya kullan\u0131c\u0131 verilerinde de\u011fi\u015fikliklere neden olabilecek vir\u00fcsler veya di\u011fer k\u00f6t\u00fc ama\u00e7l\u0131 yaz\u0131l\u0131m \u00f6\u011felerinin varl\u0131\u011f\u0131.<\/li>\n<li>Sitenin hatal\u0131 kullan\u0131m\u0131 sonucunda yasalara, iyi niyete, kamu d\u00fczenine, trafik kullan\u0131mlar\u0131na ve bu yasal uyar\u0131ya uyulmamas\u0131. \u00d6zellikle ve \u00f6rnek olarak, i\u015fletme, fikri ve s\u0131nai m\u00fclkiyet haklar\u0131n\u0131, onur haklar\u0131n\u0131, ki\u015fisel ve aile mahremiyetini ve g\u00f6r\u00fcnt\u00fcn\u00fcn kendisini ihlal eden \u00fc\u00e7\u00fcnc\u00fc \u015fah\u0131slar\u0131n eylemlerinden sorumlu de\u011fildir.<\/li>\n<\/ol>\n<p>Ayn\u0131 \u015fekilde, i\u015fletme bu web sitesinin d\u0131\u015f\u0131nda yer alan ve do\u011frudan site y\u00f6neticimiz taraf\u0131ndan y\u00f6netilmeyen bilgilerle ilgili herhangi bir sorumluluk kabul etmez. Bu web sitesinde g\u00f6r\u00fcnen ba\u011flant\u0131lar\u0131n i\u015flevi, yaln\u0131zca kullan\u0131c\u0131y\u0131 bu web sitesi taraf\u0131ndan sunulan i\u00e7eri\u011fi geni\u015fletebilecek di\u011fer kaynaklar\u0131n varl\u0131\u011f\u0131 hakk\u0131nda bilgilendirmektir.<\/p>\n<h2>YASADI\u015eI FAAL\u0130YET YAPILMASI HAL\u0130NDE USUL.<\/h2>\n<p>Herhangi bir kullan\u0131c\u0131n\u0131n veya \u00fc\u00e7\u00fcnc\u00fc ki\u015finin, www.sustavianfeed .eu web sitesinde yer alan veya eri\u015filebilen web sayfalar\u0131ndaki herhangi bir i\u00e7eri\u011fin kullan\u0131m\u0131n\u0131n ve\/veya herhangi bir faaliyetin performans\u0131n\u0131n yasa d\u0131\u015f\u0131 niteli\u011fini ortaya \u00e7\u0131karan ger\u00e7ekler veya ko\u015fullar oldu\u011funu d\u00fc\u015f\u00fcnmesi durumunda. , info@sustavianfeed.eu adresine kendinizi do\u011fru bir \u015fekilde tan\u0131tarak, iddia edilen ihlalleri belirterek ve bildirimde verilen bilgilerin do\u011fru oldu\u011funu ve sizin sorumlulu\u011funuzda oldu\u011funu a\u00e7\u0131k\u00e7a beyan eden bir bildirim g\u00f6ndermelisiniz.<\/p>\n<p>Kurumun web sitesini ilgilendiren t\u00fcm ihtilafl\u0131 konular i\u00e7in, kurumun ikamet etti\u011fi yerdeki Mahkemeler ve Mahkemeler yetkili olmak \u00fczere \u0130spanyol mevzuat\u0131 ge\u00e7erli olacakt\u0131r.<\/p>\n<h2>B\u0130LD\u0130R\u0130MLER.<\/h2>\n<p>Kullan\u0131c\u0131lar aras\u0131ndaki t\u00fcm bildirimler ve ileti\u015fimler, posta, e-posta veya telefon ileti\u015fimi yoluyla yap\u0131ld\u0131\u011f\u0131nda, t\u00fcm ama\u00e7lar i\u00e7in ge\u00e7erli kabul edilecektir. Kullan\u0131c\u0131lar, bu yasal bildirimin ba\u015f\u0131nda belirtilen ileti\u015fim ara\u00e7lar\u0131ndan herhangi biri arac\u0131l\u0131\u011f\u0131yla i\u015fletmeyle ileti\u015fime ge\u00e7melidir.<\/p>\n<p>Bu yasal uyar\u0131 Ekim 2021&#8217;de revize edilmi\u015ftir, bu nedenle bir sonraki revizyonuna kadar farkl\u0131l\u0131klar olabilir.[\/vc_column_text][\/vc_column][\/vc_row]<\/p>\n<\/div>","protected":false},"excerpt":{"rendered":"<p>[vc_row][vc_column][vc_column_text] \u0130T\u0130RAZ VE KABUL. Bu yasal uyar\u0131, a\u015fa\u011f\u0131daki kimlik bilgilerine sahip web sitesinden sorumlu kurulu\u015f taraf\u0131ndan kullan\u0131m\u0131n\u0131za sunulan www.sustavianfeed.eu web sitesinin kullan\u0131m\u0131n\u0131 d\u00fczenler: \u0130S\u0130M: SAT No. 2439 ALIA NIF \/ CIF: F30030753 ADRES: DIP. LA HOYA S \/ N, APDO. 272, 30816 LORCA (MURCIA) \u0130SPANYA. TELEFON: 968486700 E-POSTA: info@sustavianfeed.eu Bundan sonra &#8220;varl\u0131k&#8221; olarak adland\u0131rabiliriz. Ancak [&hellip;]<\/p>\n","protected":false},"author":1,"featured_media":0,"parent":0,"menu_order":0,"comment_status":"closed","ping_status":"closed","template":"","meta":{"footnotes":""},"class_list":["post-1633","page","type-page","status-publish","hentry"],"yoast_head":"<!-- This site is optimized with the Yoast SEO plugin v26.4 - https:\/\/yoast.com\/wordpress\/plugins\/seo\/ -->\n<title>Yasal Uyar\u0131 - SUSTAvianFEED<\/title>\n<meta name=\"robots\" content=\"index, follow, max-snippet:-1, max-image-preview:large, max-video-preview:-1\" \/>\n<link rel=\"canonical\" href=\"https:\/\/sustavianfeed.eu\/tr\/yasal-uyari\/\" \/>\n<meta property=\"og:locale\" content=\"tr_TR\" \/>\n<meta property=\"og:type\" content=\"article\" \/>\n<meta property=\"og:title\" content=\"Yasal Uyar\u0131 - SUSTAvianFEED\" \/>\n<meta property=\"og:description\" content=\"[vc_row][vc_column][vc_column_text] \u0130T\u0130RAZ VE KABUL. Bu yasal uyar\u0131, a\u015fa\u011f\u0131daki kimlik bilgilerine sahip web sitesinden sorumlu kurulu\u015f taraf\u0131ndan kullan\u0131m\u0131n\u0131za sunulan www.sustavianfeed.eu web sitesinin kullan\u0131m\u0131n\u0131 d\u00fczenler: \u0130S\u0130M: SAT No. 2439 ALIA NIF \/ CIF: F30030753 ADRES: DIP. LA HOYA S \/ N, APDO. 272, 30816 LORCA (MURCIA) \u0130SPANYA. TELEFON: 968486700 E-POSTA: info@sustavianfeed.eu Bundan sonra &#8220;varl\u0131k&#8221; olarak adland\u0131rabiliriz. Ancak [&hellip;]\" \/>\n<meta property=\"og:url\" content=\"https:\/\/sustavianfeed.eu\/tr\/yasal-uyari\/\" \/>\n<meta property=\"og:site_name\" content=\"SUSTAvianFEED\" \/>\n<meta property=\"article:publisher\" content=\"https:\/\/www.facebook.com\/SUSTAvianFEED\" \/>\n<meta property=\"article:modified_time\" content=\"2021-10-20T09:51:30+00:00\" \/>\n<meta name=\"twitter:card\" content=\"summary_large_image\" \/>\n<meta name=\"twitter:label1\" content=\"Tahmini okuma s\u00fcresi\" \/>\n\t<meta name=\"twitter:data1\" content=\"7 dakika\" \/>\n<script type=\"application\/ld+json\" class=\"yoast-schema-graph\">{\"@context\":\"https:\/\/schema.org\",\"@graph\":[{\"@type\":\"WebPage\",\"@id\":\"https:\/\/sustavianfeed.eu\/tr\/yasal-uyari\/\",\"url\":\"https:\/\/sustavianfeed.eu\/tr\/yasal-uyari\/\",\"name\":\"Yasal Uyar\u0131 - SUSTAvianFEED\",\"isPartOf\":{\"@id\":\"https:\/\/sustavianfeed.eu\/tr\/#website\"},\"datePublished\":\"2021-10-20T09:51:23+00:00\",\"dateModified\":\"2021-10-20T09:51:30+00:00\",\"breadcrumb\":{\"@id\":\"https:\/\/sustavianfeed.eu\/tr\/yasal-uyari\/#breadcrumb\"},\"inLanguage\":\"tr\",\"potentialAction\":[{\"@type\":\"ReadAction\",\"target\":[\"https:\/\/sustavianfeed.eu\/tr\/yasal-uyari\/\"]}]},{\"@type\":\"BreadcrumbList\",\"@id\":\"https:\/\/sustavianfeed.eu\/tr\/yasal-uyari\/#breadcrumb\",\"itemListElement\":[{\"@type\":\"ListItem\",\"position\":1,\"name\":\"Home\",\"item\":\"https:\/\/sustavianfeed.eu\/tr\/\"},{\"@type\":\"ListItem\",\"position\":2,\"name\":\"Yasal Uyar\u0131\"}]},{\"@type\":\"WebSite\",\"@id\":\"https:\/\/sustavianfeed.eu\/tr\/#website\",\"url\":\"https:\/\/sustavianfeed.eu\/tr\/\",\"name\":\"SUSTAvianFEED\",\"description\":\"Innovative and sustainable poultry feedings programs\",\"publisher\":{\"@id\":\"https:\/\/sustavianfeed.eu\/tr\/#organization\"},\"potentialAction\":[{\"@type\":\"SearchAction\",\"target\":{\"@type\":\"EntryPoint\",\"urlTemplate\":\"https:\/\/sustavianfeed.eu\/tr\/?s={search_term_string}\"},\"query-input\":{\"@type\":\"PropertyValueSpecification\",\"valueRequired\":true,\"valueName\":\"search_term_string\"}}],\"inLanguage\":\"tr\"},{\"@type\":\"Organization\",\"@id\":\"https:\/\/sustavianfeed.eu\/tr\/#organization\",\"name\":\"SUSTAvianFEED\",\"url\":\"https:\/\/sustavianfeed.eu\/tr\/\",\"logo\":{\"@type\":\"ImageObject\",\"inLanguage\":\"tr\",\"@id\":\"https:\/\/sustavianfeed.eu\/tr\/#\/schema\/logo\/image\/\",\"url\":\"https:\/\/sustavianfeed.eu\/wp-content\/uploads\/2021\/09\/LOGO_SUSTavianFEED_color-footer.png\",\"contentUrl\":\"https:\/\/sustavianfeed.eu\/wp-content\/uploads\/2021\/09\/LOGO_SUSTavianFEED_color-footer.png\",\"width\":400,\"height\":286,\"caption\":\"SUSTAvianFEED\"},\"image\":{\"@id\":\"https:\/\/sustavianfeed.eu\/tr\/#\/schema\/logo\/image\/\"},\"sameAs\":[\"https:\/\/www.facebook.com\/SUSTAvianFEED\",\"https:\/\/www.linkedin.com\/groups\/12560654\/\"]}]}<\/script>\n<!-- \/ Yoast SEO plugin. -->","yoast_head_json":{"title":"Yasal Uyar\u0131 - SUSTAvianFEED","robots":{"index":"index","follow":"follow","max-snippet":"max-snippet:-1","max-image-preview":"max-image-preview:large","max-video-preview":"max-video-preview:-1"},"canonical":"https:\/\/sustavianfeed.eu\/tr\/yasal-uyari\/","og_locale":"tr_TR","og_type":"article","og_title":"Yasal Uyar\u0131 - SUSTAvianFEED","og_description":"[vc_row][vc_column][vc_column_text] \u0130T\u0130RAZ VE KABUL. Bu yasal uyar\u0131, a\u015fa\u011f\u0131daki kimlik bilgilerine sahip web sitesinden sorumlu kurulu\u015f taraf\u0131ndan kullan\u0131m\u0131n\u0131za sunulan www.sustavianfeed.eu web sitesinin kullan\u0131m\u0131n\u0131 d\u00fczenler: \u0130S\u0130M: SAT No. 2439 ALIA NIF \/ CIF: F30030753 ADRES: DIP. LA HOYA S \/ N, APDO. 272, 30816 LORCA (MURCIA) \u0130SPANYA. TELEFON: 968486700 E-POSTA: info@sustavianfeed.eu Bundan sonra &#8220;varl\u0131k&#8221; olarak adland\u0131rabiliriz. Ancak [&hellip;]","og_url":"https:\/\/sustavianfeed.eu\/tr\/yasal-uyari\/","og_site_name":"SUSTAvianFEED","article_publisher":"https:\/\/www.facebook.com\/SUSTAvianFEED","article_modified_time":"2021-10-20T09:51:30+00:00","twitter_card":"summary_large_image","twitter_misc":{"Tahmini okuma s\u00fcresi":"7 dakika"},"schema":{"@context":"https:\/\/schema.org","@graph":[{"@type":"WebPage","@id":"https:\/\/sustavianfeed.eu\/tr\/yasal-uyari\/","url":"https:\/\/sustavianfeed.eu\/tr\/yasal-uyari\/","name":"Yasal Uyar\u0131 - SUSTAvianFEED","isPartOf":{"@id":"https:\/\/sustavianfeed.eu\/tr\/#website"},"datePublished":"2021-10-20T09:51:23+00:00","dateModified":"2021-10-20T09:51:30+00:00","breadcrumb":{"@id":"https:\/\/sustavianfeed.eu\/tr\/yasal-uyari\/#breadcrumb"},"inLanguage":"tr","potentialAction":[{"@type":"ReadAction","target":["https:\/\/sustavianfeed.eu\/tr\/yasal-uyari\/"]}]},{"@type":"BreadcrumbList","@id":"https:\/\/sustavianfeed.eu\/tr\/yasal-uyari\/#breadcrumb","itemListElement":[{"@type":"ListItem","position":1,"name":"Home","item":"https:\/\/sustavianfeed.eu\/tr\/"},{"@type":"ListItem","position":2,"name":"Yasal Uyar\u0131"}]},{"@type":"WebSite","@id":"https:\/\/sustavianfeed.eu\/tr\/#website","url":"https:\/\/sustavianfeed.eu\/tr\/","name":"SUSTAvianFEED","description":"Innovative and sustainable poultry feedings programs","publisher":{"@id":"https:\/\/sustavianfeed.eu\/tr\/#organization"},"potentialAction":[{"@type":"SearchAction","target":{"@type":"EntryPoint","urlTemplate":"https:\/\/sustavianfeed.eu\/tr\/?s={search_term_string}"},"query-input":{"@type":"PropertyValueSpecification","valueRequired":true,"valueName":"search_term_string"}}],"inLanguage":"tr"},{"@type":"Organization","@id":"https:\/\/sustavianfeed.eu\/tr\/#organization","name":"SUSTAvianFEED","url":"https:\/\/sustavianfeed.eu\/tr\/","logo":{"@type":"ImageObject","inLanguage":"tr","@id":"https:\/\/sustavianfeed.eu\/tr\/#\/schema\/logo\/image\/","url":"https:\/\/sustavianfeed.eu\/wp-content\/uploads\/2021\/09\/LOGO_SUSTavianFEED_color-footer.png","contentUrl":"https:\/\/sustavianfeed.eu\/wp-content\/uploads\/2021\/09\/LOGO_SUSTavianFEED_color-footer.png","width":400,"height":286,"caption":"SUSTAvianFEED"},"image":{"@id":"https:\/\/sustavianfeed.eu\/tr\/#\/schema\/logo\/image\/"},"sameAs":["https:\/\/www.facebook.com\/SUSTAvianFEED","https:\/\/www.linkedin.com\/groups\/12560654\/"]}]}},"_links":{"self":[{"href":"https:\/\/sustavianfeed.eu\/tr\/wp-json\/wp\/v2\/pages\/1633","targetHints":{"allow":["GET"]}}],"collection":[{"href":"https:\/\/sustavianfeed.eu\/tr\/wp-json\/wp\/v2\/pages"}],"about":[{"href":"https:\/\/sustavianfeed.eu\/tr\/wp-json\/wp\/v2\/types\/page"}],"author":[{"embeddable":true,"href":"https:\/\/sustavianfeed.eu\/tr\/wp-json\/wp\/v2\/users\/1"}],"replies":[{"embeddable":true,"href":"https:\/\/sustavianfeed.eu\/tr\/wp-json\/wp\/v2\/comments?post=1633"}],"version-history":[{"count":2,"href":"https:\/\/sustavianfeed.eu\/tr\/wp-json\/wp\/v2\/pages\/1633\/revisions"}],"predecessor-version":[{"id":1637,"href":"https:\/\/sustavianfeed.eu\/tr\/wp-json\/wp\/v2\/pages\/1633\/revisions\/1637"}],"wp:attachment":[{"href":"https:\/\/sustavianfeed.eu\/tr\/wp-json\/wp\/v2\/media?parent=1633"}],"curies":[{"name":"wp","href":"https:\/\/api.w.org\/{rel}","templated":true}]}}