{"id":1412,"date":"2021-10-01T12:13:12","date_gmt":"2021-10-01T12:13:12","guid":{"rendered":"http:\/\/www.sustavianfeed.eu\/proje\/uygulama\/"},"modified":"2021-10-01T12:13:14","modified_gmt":"2021-10-01T12:13:14","slug":"uygulama","status":"publish","type":"page","link":"https:\/\/sustavianfeed.eu\/tr\/proje\/uygulama\/","title":{"rendered":"uygulama"},"content":{"rendered":"<div class=\"wpb-content-wrapper\"><p>[vc_row el_class=&#8221;py-4 justify-content-center&#8221;][vc_column el_class=&#8221;mb-5 mb-md-0&#8243;]<div class=\"porto-animation overflow-hidden mb-2\" >[vc_custom_heading text=&#8221;UYGULAMA&#8221; font_container=&#8221;tag:p|text_align:center|color:%23acb4be|line_height:1&#8243; use_theme_fonts=&#8221;yes&#8221; text_transform=&#8221;text-uppercase&#8221; font_weight=&#8221;700&#8243; animation_delay=&#8221;600&#8243; el_class=&#8221;mb-0&#8243; animation_type=&#8221;maskUp&#8221;]<\/div><div class=\"porto-animation overflow-hidden mb-4\" >[vc_custom_heading text=&#8221;SUSTAvianFEED projesi be\u015f \u0130\u015f Paketinde yap\u0131land\u0131r\u0131lm\u0131\u015ft\u0131r.&#8221; font_container=&#8221;tag:h2|font_size:2.3em|text_align:center|line_height:1.2&#8243; use_theme_fonts=&#8221;yes&#8221; animation_delay=&#8221;800&#8243; el_class=&#8221;mb-0&#8243; animation_type=&#8221;maskUp&#8221; css=&#8221;.vc_custom_1632912991162{margin-bottom: 30px !important;}&#8221;]<\/div>[vc_row_inner][vc_column_inner el_class=&#8221;columna-movil-01&#8243; width=&#8221;1\/4&#8243; animation_delay=&#8221;900&#8243; animation_type=&#8221;maskUp&#8221;][vc_custom_heading text=&#8221;WP1 (ALIA)&#8221; font_container=&#8221;tag:h3|font_size:1.2em|text_align:right&#8221; use_theme_fonts=&#8221;yes&#8221; css=&#8221;.vc_custom_1632482608820{margin-bottom: 0px !important;}&#8221;][vc_column_text]<\/p>\n<p style=\"text-align: right;\">genel proje y\u00f6netimi ve koordinasyon faaliyetlerine odaklan\u0131r. T\u00fcm proje uygulamas\u0131n\u0131 s\u00fcrd\u00fcrecektir.<\/p>\n<p>[\/vc_column_text][vc_custom_heading text=&#8221;WP2 (UMU) ve WP3 (EGE)&#8221; font_container=&#8221;tag:h3|font_size:1.2em|text_align:right&#8221; use_theme_fonts=&#8221;yes&#8221; css=&#8221;.vc_custom_1632482658939{margin-bottom: 0px !important;}&#8221;][vc_column_text]<\/p>\n<p style=\"text-align: right;\">s\u0131ras\u0131yla alternatif kanatl\u0131 yemlerinin geli\u015ftirilmesine ve pilot uygulamaya odaklanm\u0131\u015ft\u0131r. Bu iki \u00c7P \u00e7evresel, sosyal ve ekonomik kriterler dikkate al\u0131narak uygulanacakt\u0131r. Alternatif kanatl\u0131 yemlerinin geli\u015ftirilmesi, projenin ba\u015flamas\u0131yla ba\u015flayacak. Bunun detayland\u0131r\u0131lmas\u0131ndan sonra, proje pilot uygulamas\u0131 takip edilecektir.<\/p>\n<p>[\/vc_column_text][\/vc_column_inner][vc_column_inner el_class=&#8221;columna-movil-02&#8243; width=&#8221;1\/2&#8243;][vc_single_image image=&#8221;1224&#8243; img_size=&#8221;full&#8221; alignment=&#8221;center&#8221; animation_delay=&#8221;800&#8243; animation_type=&#8221;zoomIn&#8221;][\/vc_column_inner][vc_column_inner el_class=&#8221;columna-movil-03&#8243; width=&#8221;1\/4&#8243; animation_delay=&#8221;900&#8243; animation_type=&#8221;maskUp&#8221;][vc_custom_heading text=&#8221;WP4 (ALIA)&#8221; font_container=&#8221;tag:h3|font_size:1.2em|text_align:left&#8221; use_theme_fonts=&#8221;yes&#8221; css=&#8221;.vc_custom_1632482672331{margin-bottom: 0px !important;}&#8221;][vc_column_text]Tedarik zincirinin ilgili akt\u00f6rlerini dahil edecek yinelemeli bir s\u00fcre\u00e7te t\u00fcm proje uygulamas\u0131yla yak\u0131ndan ili\u015fkili olacak olan payda\u015f etkile\u015fimini ve son kullan\u0131c\u0131 kat\u0131l\u0131m\u0131n\u0131 sunar. WP&#8217;ler aras\u0131ndaki kar\u015f\u0131l\u0131kl\u0131 ili\u015fkiler, i\u015f paketi a\u00e7\u0131klamas\u0131nda daha ayr\u0131nt\u0131l\u0131 olarak a\u00e7\u0131klanm\u0131\u015ft\u0131r.[\/vc_column_text][vc_custom_heading text=&#8221;WP5 (SLOWFOOD)&#8221; font_container=&#8221;tag:h3|font_size:1.2em|text_align:left&#8221; use_theme_fonts=&#8221;yes&#8221; css=&#8221;.vc_custom_1632482686891{margin-bottom: 0px !important;}&#8221;][vc_column_text]\u00e7ok say\u0131da farkl\u0131 kitleyi dahil etmek ve projenin daha fazla tekrar\u0131n\u0131 te\u015fvik etmek i\u00e7in kullan\u0131m, yayg\u0131nla\u015ft\u0131rma ve ileti\u015fim faaliyetlerine odaklan\u0131lacakt\u0131r. Bu i\u015f paketi, t\u00fcm proje uygulamas\u0131 s\u0131ras\u0131nda geli\u015ftirilecektir.[\/vc_column_text][\/vc_column_inner][\/vc_row_inner][\/vc_column][\/vc_row]<\/p>\n<\/div>","protected":false},"excerpt":{"rendered":"<p>[vc_row el_class=&#8221;py-4 justify-content-center&#8221;][vc_column el_class=&#8221;mb-5 mb-md-0&#8243;][vc_row_inner][vc_column_inner el_class=&#8221;columna-movil-01&#8243; width=&#8221;1\/4&#8243; animation_delay=&#8221;900&#8243; animation_type=&#8221;maskUp&#8221;][vc_custom_heading text=&#8221;WP1 (ALIA)&#8221; font_container=&#8221;tag:h3|font_size:1.2em|text_align:right&#8221; use_theme_fonts=&#8221;yes&#8221; css=&#8221;.vc_custom_1632482608820{margin-bottom: 0px !important;}&#8221;][vc_column_text] genel proje y\u00f6netimi ve koordinasyon faaliyetlerine odaklan\u0131r. T\u00fcm proje uygulamas\u0131n\u0131 s\u00fcrd\u00fcrecektir. [\/vc_column_text][vc_custom_heading text=&#8221;WP2 (UMU) ve WP3 (EGE)&#8221; font_container=&#8221;tag:h3|font_size:1.2em|text_align:right&#8221; use_theme_fonts=&#8221;yes&#8221; css=&#8221;.vc_custom_1632482658939{margin-bottom: 0px !important;}&#8221;][vc_column_text] s\u0131ras\u0131yla alternatif kanatl\u0131 yemlerinin geli\u015ftirilmesine ve pilot uygulamaya odaklanm\u0131\u015ft\u0131r. Bu iki \u00c7P \u00e7evresel, sosyal ve ekonomik kriterler [&hellip;]<\/p>\n","protected":false},"author":1,"featured_media":0,"parent":1390,"menu_order":0,"comment_status":"closed","ping_status":"closed","template":"","meta":{"footnotes":""},"class_list":["post-1412","page","type-page","status-publish","hentry"],"yoast_head":"<!-- This site is optimized with the Yoast SEO plugin v26.4 - https:\/\/yoast.com\/wordpress\/plugins\/seo\/ -->\n<title>uygulama - SUSTAvianFEED<\/title>\n<meta name=\"robots\" content=\"index, follow, max-snippet:-1, max-image-preview:large, max-video-preview:-1\" \/>\n<link rel=\"canonical\" href=\"https:\/\/sustavianfeed.eu\/tr\/proje\/uygulama\/\" \/>\n<meta property=\"og:locale\" content=\"tr_TR\" \/>\n<meta property=\"og:type\" content=\"article\" \/>\n<meta property=\"og:title\" content=\"uygulama - SUSTAvianFEED\" \/>\n<meta property=\"og:description\" content=\"[vc_row el_class=&#8221;py-4 justify-content-center&#8221;][vc_column el_class=&#8221;mb-5 mb-md-0&#8243;][vc_row_inner][vc_column_inner el_class=&#8221;columna-movil-01&#8243; width=&#8221;1\/4&#8243; animation_delay=&#8221;900&#8243; animation_type=&#8221;maskUp&#8221;][vc_custom_heading text=&#8221;WP1 (ALIA)&#8221; font_container=&#8221;tag:h3|font_size:1.2em|text_align:right&#8221; use_theme_fonts=&#8221;yes&#8221; css=&#8221;.vc_custom_1632482608820{margin-bottom: 0px !important;}&#8221;][vc_column_text] genel proje y\u00f6netimi ve koordinasyon faaliyetlerine odaklan\u0131r. T\u00fcm proje uygulamas\u0131n\u0131 s\u00fcrd\u00fcrecektir. [\/vc_column_text][vc_custom_heading text=&#8221;WP2 (UMU) ve WP3 (EGE)&#8221; font_container=&#8221;tag:h3|font_size:1.2em|text_align:right&#8221; use_theme_fonts=&#8221;yes&#8221; css=&#8221;.vc_custom_1632482658939{margin-bottom: 0px !important;}&#8221;][vc_column_text] s\u0131ras\u0131yla alternatif kanatl\u0131 yemlerinin geli\u015ftirilmesine ve pilot uygulamaya odaklanm\u0131\u015ft\u0131r. Bu iki \u00c7P \u00e7evresel, sosyal ve ekonomik kriterler [&hellip;]\" \/>\n<meta property=\"og:url\" content=\"https:\/\/sustavianfeed.eu\/tr\/proje\/uygulama\/\" \/>\n<meta property=\"og:site_name\" content=\"SUSTAvianFEED\" \/>\n<meta property=\"article:publisher\" content=\"https:\/\/www.facebook.com\/SUSTAvianFEED\" \/>\n<meta property=\"article:modified_time\" content=\"2021-10-01T12:13:14+00:00\" \/>\n<meta name=\"twitter:card\" content=\"summary_large_image\" \/>\n<meta name=\"twitter:label1\" content=\"Tahmini okuma s\u00fcresi\" \/>\n\t<meta name=\"twitter:data1\" content=\"2 dakika\" \/>\n<script type=\"application\/ld+json\" class=\"yoast-schema-graph\">{\"@context\":\"https:\/\/schema.org\",\"@graph\":[{\"@type\":\"WebPage\",\"@id\":\"https:\/\/sustavianfeed.eu\/tr\/proje\/uygulama\/\",\"url\":\"https:\/\/sustavianfeed.eu\/tr\/proje\/uygulama\/\",\"name\":\"uygulama - SUSTAvianFEED\",\"isPartOf\":{\"@id\":\"https:\/\/sustavianfeed.eu\/tr\/#website\"},\"datePublished\":\"2021-10-01T12:13:12+00:00\",\"dateModified\":\"2021-10-01T12:13:14+00:00\",\"breadcrumb\":{\"@id\":\"https:\/\/sustavianfeed.eu\/tr\/proje\/uygulama\/#breadcrumb\"},\"inLanguage\":\"tr\",\"potentialAction\":[{\"@type\":\"ReadAction\",\"target\":[\"https:\/\/sustavianfeed.eu\/tr\/proje\/uygulama\/\"]}]},{\"@type\":\"BreadcrumbList\",\"@id\":\"https:\/\/sustavianfeed.eu\/tr\/proje\/uygulama\/#breadcrumb\",\"itemListElement\":[{\"@type\":\"ListItem\",\"position\":1,\"name\":\"Home\",\"item\":\"https:\/\/sustavianfeed.eu\/tr\/\"},{\"@type\":\"ListItem\",\"position\":2,\"name\":\"Proje\",\"item\":\"https:\/\/sustavianfeed.eu\/tr\/proje\/\"},{\"@type\":\"ListItem\",\"position\":3,\"name\":\"uygulama\"}]},{\"@type\":\"WebSite\",\"@id\":\"https:\/\/sustavianfeed.eu\/tr\/#website\",\"url\":\"https:\/\/sustavianfeed.eu\/tr\/\",\"name\":\"SUSTAvianFEED\",\"description\":\"Innovative and sustainable poultry feedings programs\",\"publisher\":{\"@id\":\"https:\/\/sustavianfeed.eu\/tr\/#organization\"},\"potentialAction\":[{\"@type\":\"SearchAction\",\"target\":{\"@type\":\"EntryPoint\",\"urlTemplate\":\"https:\/\/sustavianfeed.eu\/tr\/?s={search_term_string}\"},\"query-input\":{\"@type\":\"PropertyValueSpecification\",\"valueRequired\":true,\"valueName\":\"search_term_string\"}}],\"inLanguage\":\"tr\"},{\"@type\":\"Organization\",\"@id\":\"https:\/\/sustavianfeed.eu\/tr\/#organization\",\"name\":\"SUSTAvianFEED\",\"url\":\"https:\/\/sustavianfeed.eu\/tr\/\",\"logo\":{\"@type\":\"ImageObject\",\"inLanguage\":\"tr\",\"@id\":\"https:\/\/sustavianfeed.eu\/tr\/#\/schema\/logo\/image\/\",\"url\":\"https:\/\/sustavianfeed.eu\/wp-content\/uploads\/2021\/09\/LOGO_SUSTavianFEED_color-footer.png\",\"contentUrl\":\"https:\/\/sustavianfeed.eu\/wp-content\/uploads\/2021\/09\/LOGO_SUSTavianFEED_color-footer.png\",\"width\":400,\"height\":286,\"caption\":\"SUSTAvianFEED\"},\"image\":{\"@id\":\"https:\/\/sustavianfeed.eu\/tr\/#\/schema\/logo\/image\/\"},\"sameAs\":[\"https:\/\/www.facebook.com\/SUSTAvianFEED\",\"https:\/\/www.linkedin.com\/groups\/12560654\/\"]}]}<\/script>\n<!-- \/ Yoast SEO plugin. -->","yoast_head_json":{"title":"uygulama - SUSTAvianFEED","robots":{"index":"index","follow":"follow","max-snippet":"max-snippet:-1","max-image-preview":"max-image-preview:large","max-video-preview":"max-video-preview:-1"},"canonical":"https:\/\/sustavianfeed.eu\/tr\/proje\/uygulama\/","og_locale":"tr_TR","og_type":"article","og_title":"uygulama - SUSTAvianFEED","og_description":"[vc_row el_class=&#8221;py-4 justify-content-center&#8221;][vc_column el_class=&#8221;mb-5 mb-md-0&#8243;][vc_row_inner][vc_column_inner el_class=&#8221;columna-movil-01&#8243; width=&#8221;1\/4&#8243; animation_delay=&#8221;900&#8243; animation_type=&#8221;maskUp&#8221;][vc_custom_heading text=&#8221;WP1 (ALIA)&#8221; font_container=&#8221;tag:h3|font_size:1.2em|text_align:right&#8221; use_theme_fonts=&#8221;yes&#8221; css=&#8221;.vc_custom_1632482608820{margin-bottom: 0px !important;}&#8221;][vc_column_text] genel proje y\u00f6netimi ve koordinasyon faaliyetlerine odaklan\u0131r. T\u00fcm proje uygulamas\u0131n\u0131 s\u00fcrd\u00fcrecektir. [\/vc_column_text][vc_custom_heading text=&#8221;WP2 (UMU) ve WP3 (EGE)&#8221; font_container=&#8221;tag:h3|font_size:1.2em|text_align:right&#8221; use_theme_fonts=&#8221;yes&#8221; css=&#8221;.vc_custom_1632482658939{margin-bottom: 0px !important;}&#8221;][vc_column_text] s\u0131ras\u0131yla alternatif kanatl\u0131 yemlerinin geli\u015ftirilmesine ve pilot uygulamaya odaklanm\u0131\u015ft\u0131r. Bu iki \u00c7P \u00e7evresel, sosyal ve ekonomik kriterler [&hellip;]","og_url":"https:\/\/sustavianfeed.eu\/tr\/proje\/uygulama\/","og_site_name":"SUSTAvianFEED","article_publisher":"https:\/\/www.facebook.com\/SUSTAvianFEED","article_modified_time":"2021-10-01T12:13:14+00:00","twitter_card":"summary_large_image","twitter_misc":{"Tahmini okuma s\u00fcresi":"2 dakika"},"schema":{"@context":"https:\/\/schema.org","@graph":[{"@type":"WebPage","@id":"https:\/\/sustavianfeed.eu\/tr\/proje\/uygulama\/","url":"https:\/\/sustavianfeed.eu\/tr\/proje\/uygulama\/","name":"uygulama - SUSTAvianFEED","isPartOf":{"@id":"https:\/\/sustavianfeed.eu\/tr\/#website"},"datePublished":"2021-10-01T12:13:12+00:00","dateModified":"2021-10-01T12:13:14+00:00","breadcrumb":{"@id":"https:\/\/sustavianfeed.eu\/tr\/proje\/uygulama\/#breadcrumb"},"inLanguage":"tr","potentialAction":[{"@type":"ReadAction","target":["https:\/\/sustavianfeed.eu\/tr\/proje\/uygulama\/"]}]},{"@type":"BreadcrumbList","@id":"https:\/\/sustavianfeed.eu\/tr\/proje\/uygulama\/#breadcrumb","itemListElement":[{"@type":"ListItem","position":1,"name":"Home","item":"https:\/\/sustavianfeed.eu\/tr\/"},{"@type":"ListItem","position":2,"name":"Proje","item":"https:\/\/sustavianfeed.eu\/tr\/proje\/"},{"@type":"ListItem","position":3,"name":"uygulama"}]},{"@type":"WebSite","@id":"https:\/\/sustavianfeed.eu\/tr\/#website","url":"https:\/\/sustavianfeed.eu\/tr\/","name":"SUSTAvianFEED","description":"Innovative and sustainable poultry feedings programs","publisher":{"@id":"https:\/\/sustavianfeed.eu\/tr\/#organization"},"potentialAction":[{"@type":"SearchAction","target":{"@type":"EntryPoint","urlTemplate":"https:\/\/sustavianfeed.eu\/tr\/?s={search_term_string}"},"query-input":{"@type":"PropertyValueSpecification","valueRequired":true,"valueName":"search_term_string"}}],"inLanguage":"tr"},{"@type":"Organization","@id":"https:\/\/sustavianfeed.eu\/tr\/#organization","name":"SUSTAvianFEED","url":"https:\/\/sustavianfeed.eu\/tr\/","logo":{"@type":"ImageObject","inLanguage":"tr","@id":"https:\/\/sustavianfeed.eu\/tr\/#\/schema\/logo\/image\/","url":"https:\/\/sustavianfeed.eu\/wp-content\/uploads\/2021\/09\/LOGO_SUSTavianFEED_color-footer.png","contentUrl":"https:\/\/sustavianfeed.eu\/wp-content\/uploads\/2021\/09\/LOGO_SUSTavianFEED_color-footer.png","width":400,"height":286,"caption":"SUSTAvianFEED"},"image":{"@id":"https:\/\/sustavianfeed.eu\/tr\/#\/schema\/logo\/image\/"},"sameAs":["https:\/\/www.facebook.com\/SUSTAvianFEED","https:\/\/www.linkedin.com\/groups\/12560654\/"]}]}},"_links":{"self":[{"href":"https:\/\/sustavianfeed.eu\/tr\/wp-json\/wp\/v2\/pages\/1412","targetHints":{"allow":["GET"]}}],"collection":[{"href":"https:\/\/sustavianfeed.eu\/tr\/wp-json\/wp\/v2\/pages"}],"about":[{"href":"https:\/\/sustavianfeed.eu\/tr\/wp-json\/wp\/v2\/types\/page"}],"author":[{"embeddable":true,"href":"https:\/\/sustavianfeed.eu\/tr\/wp-json\/wp\/v2\/users\/1"}],"replies":[{"embeddable":true,"href":"https:\/\/sustavianfeed.eu\/tr\/wp-json\/wp\/v2\/comments?post=1412"}],"version-history":[{"count":2,"href":"https:\/\/sustavianfeed.eu\/tr\/wp-json\/wp\/v2\/pages\/1412\/revisions"}],"predecessor-version":[{"id":1416,"href":"https:\/\/sustavianfeed.eu\/tr\/wp-json\/wp\/v2\/pages\/1412\/revisions\/1416"}],"up":[{"embeddable":true,"href":"https:\/\/sustavianfeed.eu\/tr\/wp-json\/wp\/v2\/pages\/1390"}],"wp:attachment":[{"href":"https:\/\/sustavianfeed.eu\/tr\/wp-json\/wp\/v2\/media?parent=1412"}],"curies":[{"name":"wp","href":"https:\/\/api.w.org\/{rel}","templated":true}]}}