{"id":1400,"date":"2021-10-01T12:10:37","date_gmt":"2021-10-01T12:10:37","guid":{"rendered":"http:\/\/www.sustavianfeed.eu\/proje\/etkiler-ve-beklenen-sonuclar\/"},"modified":"2021-10-01T12:10:39","modified_gmt":"2021-10-01T12:10:39","slug":"etkiler-ve-beklenen-sonuclar","status":"publish","type":"page","link":"https:\/\/sustavianfeed.eu\/tr\/proje\/etkiler-ve-beklenen-sonuclar\/","title":{"rendered":"Etkiler ve beklenen sonu\u00e7lar"},"content":{"rendered":"<div class=\"wpb-content-wrapper\"><p>[vc_row wrap_container=&#8221;yes&#8221; section_skin=&#8221;parallax&#8221;][vc_column]<div class=\"porto-animation overflow-hidden mb-2\" >[vc_custom_heading text=&#8221;ETK\u0130LER VE BEKLENEN SONU\u00c7LAR&#8221; font_container=&#8221;tag:p|text_align:left|color:%23acb4be|line_height:1&#8243; use_theme_fonts=&#8221;yes&#8221; text_transform=&#8221;text-uppercase&#8221; font_weight=&#8221;700&#8243; animation_delay=&#8221;600&#8243; el_class=&#8221;mb-0&#8243; animation_type=&#8221;maskUp&#8221;]<\/div><div class=\"porto-animation overflow-hidden mb-4\" >[vc_custom_heading text=&#8221;SUSTAvianFEED projesi&#8221; font_container=&#8221;tag:h2|font_size:2.3em|text_align:left|line_height:1.2&#8243; use_theme_fonts=&#8221;yes&#8221; animation_delay=&#8221;800&#8243; el_class=&#8221;mb-0&#8243; animation_type=&#8221;maskUp&#8221;]<\/div>[vc_row_inner][vc_column_inner width=&#8221;1\/2&#8243; animation_delay=&#8221;800&#8243; offset=&#8221;vc_col-lg-7&#8243; animation_type=&#8221;fadeInUp&#8221;][vc_column_text css=&#8221;.vc_custom_1631630307772{margin-bottom: 0px !important;}&#8221;]SUSTAvianFEED projesi, a\u015fa\u011f\u0131dakiler gibi s\u00fcrd\u00fcr\u00fclebilir kalk\u0131nma i\u00e7in ba\u015fl\u0131ca Avrupa ve uluslararas\u0131 stratejilere katk\u0131da bulunacakt\u0131r:[\/vc_column_text][\/vc_column_inner][vc_column_inner width=&#8221;1\/2&#8243; animation_delay=&#8221;1000&#8243; offset=&#8221;vc_col-lg-offset-2 vc_col-lg-10&#8243; css=&#8221;.vc_custom_1632825790116{background-image: url(https:\/\/sustavianfeed.eu\/wp-content\/uploads\/2021\/09\/isotipo-gris.png?id=554) !important;background-position: center !important;background-repeat: no-repeat !important;background-size: contain !important;}&#8221; animation_type=&#8221;fadeInUp&#8221;]<style>#porto-info-list188767017369e03f7478f62 i { color: #727071; }<\/style><ul id=\"porto-info-list188767017369e03f7478f62\" class=\"porto-info-list  wpb_custom_6b8d17899bae59ff863d4468edb28428\"><li class=\"porto-info-list-item  wpb_custom_fbf438c496d8f482b7cd13fc69257e0e\"><i class=\"porto-info-icon fas fa-angle-double-right\"><\/i><div class=\"porto-info-list-item-desc\"><span style=\"color: #c8d261;\"><strong>Avrupa Ye\u015fil Anla\u015fmas\u0131<\/strong><\/span><\/div><\/li><li class=\"porto-info-list-item  wpb_custom_fbf438c496d8f482b7cd13fc69257e0e\"><i class=\"porto-info-icon fas fa-angle-double-right\"><\/i><div class=\"porto-info-list-item-desc\"><span style=\"color: #ffdc6e;\"><strong> S\u00fcrd\u00fcr\u00fclebilir Kalk\u0131nma Hedefleri (SKH&#8217;ler)<\/strong><\/span><\/div><\/li><li class=\"porto-info-list-item  wpb_custom_fbf438c496d8f482b7cd13fc69257e0e\"><i class=\"porto-info-icon fas fa-angle-double-right\"><\/i><div class=\"porto-info-list-item-desc\"><span style=\"color: #99cfcf;\"><strong> PRIMA Stratejik Ara\u015ft\u0131rma ve Yenilik G\u00fcndemi (SRIA)<\/strong><\/span><\/div><\/li><li class=\"porto-info-list-item  wpb_custom_fbf438c496d8f482b7cd13fc69257e0e\"><i class=\"porto-info-icon fas fa-angle-double-right\"><\/i><div class=\"porto-info-list-item-desc\"><span style=\"color: #e6694d;\"><strong> Avrupa Komisyonu D\u00f6ng\u00fcsel Ekonomi Eylem Plan\u0131<\/strong><\/span><\/div><\/li><\/ul>[\/vc_column_inner][\/vc_row_inner][\/vc_column][\/vc_row][vc_row wrap_container=&#8221;yes&#8221;][vc_column][vc_row_inner][vc_column_inner animation_delay=&#8221;1100&#8243; offset=&#8221;vc_col-lg-8&#8243; animation_type=&#8221;fadeInUp&#8221;][vc_column_text]<\/p>\n<h3><span style=\"font-size: 20px;\">Ayr\u0131ca, teklifin ba\u015fl\u0131\u011f\u0131nda at\u0131fta bulunulan etkilere katk\u0131da bulunacakt\u0131r. SUSTAvianFEED, a\u015fa\u011f\u0131da a\u00e7\u0131kland\u0131\u011f\u0131 gibi, \u00e7ift\u00e7ilik uygulamalar\u0131 ve insanlar\u0131n sosyal \u00e7evresi \u00fczerinde b\u00fcy\u00fck bir potansiyel etkiye sahiptir:<\/span><\/h3>\n<p>[\/vc_column_text][\/vc_column_inner][\/vc_row_inner][vc_row_inner][vc_column_inner width=&#8221;1\/2&#8243;]<div class=\"porto-process wpb_custom_aa84c36a6a947f6099708744f0f74b68\"><div class=\"process-step\" data-appear-animation=\"fadeInUp\" data-appear-animation-delay=\"1200\"><div class=\"process-step-circle\"><strong class=\"process-step-circle-content\">01<\/strong><\/div><div class=\"process-step-content\"><h4 class=\"step-item-title\"><\/h4><div class=\"process-step-desc\">Geleneksel olanlarla kar\u015f\u0131la\u015ft\u0131r\u0131ld\u0131\u011f\u0131nda, bir kg k\u00fcmes hayvan\u0131 beslemesi ba\u015f\u0131na GHG emisyonlar\u0131n\u0131n en az %10-15&#8217;inin azalt\u0131lmas\u0131.<\/div><\/div><\/div><div class=\"process-step\" data-appear-animation=\"fadeInUp\" data-appear-animation-delay=\"1300\"><div class=\"process-step-circle\"><strong class=\"process-step-circle-content\">02<\/strong><\/div><div class=\"process-step-content\"><h4 class=\"step-item-title\"><\/h4><div class=\"process-step-desc\">B\u00f6cek \u00fcretmek i\u00e7in tar\u0131m yan \u00fcr\u00fcnlerinin kullan\u0131m\u0131n\u0131n iyile\u015ftirilmesi d\u00f6ng\u00fcsel ekonomiye katk\u0131da bulunacakt\u0131r.<\/div><\/div><\/div><div class=\"process-step\" data-appear-animation=\"fadeInUp\" data-appear-animation-delay=\"1400\"><div class=\"process-step-circle\"><strong class=\"process-step-circle-content\">03<\/strong><\/div><div class=\"process-step-content\"><h4 class=\"step-item-title\"><\/h4><div class=\"process-step-desc\">\u0130spanya, \u0130talya, Tunus ve T\u00fcrkiye&#8217;de yerli kanatl\u0131 \u0131rk\u0131 ve yerel melez kullan\u0131m\u0131n\u0131 te\u015fvik ederek kanatl\u0131 biyo\u00e7e\u015fitlili\u011finin korunmas\u0131na katk\u0131.<\/div><\/div><\/div><div class=\"process-step\" data-appear-animation=\"fadeInUp\" data-appear-animation-delay=\"1500\"><div class=\"process-step-circle\"><strong class=\"process-step-circle-content\">04<\/strong><\/div><div class=\"process-step-content\"><h4 class=\"step-item-title\"><\/h4><div class=\"process-step-desc\">Yerel yan \u00fcr\u00fcnlerin kullan\u0131m\u0131n\u0131 te\u015fvik ederek yem maliyetinin d\u00fc\u015f\u00fcr\u00fclmesi.<\/div><\/div><\/div><\/div>[\/vc_column_inner][vc_column_inner width=&#8221;1\/2&#8243;]<div class=\"porto-process wpb_custom_aa84c36a6a947f6099708744f0f74b68\"><div class=\"process-step\" data-appear-animation=\"fadeInUp\" data-appear-animation-delay=\"1500\"><div class=\"process-step-circle\"><strong class=\"process-step-circle-content\">05<\/strong><\/div><div class=\"process-step-content\"><h4 class=\"step-item-title\"><\/h4><div class=\"process-step-desc\">B\u00f6cek yeti\u015ftiricili\u011fini (tar\u0131m at\u0131klar\u0131n\u0131 de\u011ferlendirmek i\u00e7in), alternatif k\u00fcmes hayvan\u0131 besleme uygulamas\u0131n\u0131 (b\u00f6cekler ve tar\u0131m yan \u00fcr\u00fcnleri dahil) i\u00e7eren karma mahsul-hayvanc\u0131l\u0131k sistemlerini te\u015fvik edin, b\u00f6ylece d\u00f6ng\u00fcsel ekonomiyi te\u015fvik edin.<\/div><\/div><\/div><div class=\"process-step\" data-appear-animation=\"fadeInUp\" data-appear-animation-delay=\"1600\"><div class=\"process-step-circle\"><strong class=\"process-step-circle-content\">06<\/strong><\/div><div class=\"process-step-content\"><h4 class=\"step-item-title\"><\/h4><div class=\"process-step-desc\">Akdeniz&#8217;deki k\u00fc\u00e7\u00fck \u00f6l\u00e7ekli \u00e7ift\u00e7ilerin sosyoekonomik b\u00fcy\u00fcmesi, y\u00fcksek kaliteli k\u00fcmes hayvanlar\u0131 \u00fcr\u00fcnleri sayesinde k\u0131rsal alanlar\u0131 marjinalle\u015ftirdi.<\/div><\/div><\/div><div class=\"process-step\" data-appear-animation=\"fadeInUp\" data-appear-animation-delay=\"1700\"><div class=\"process-step-circle\"><strong class=\"process-step-circle-content\">07<\/strong><\/div><div class=\"process-step-content\"><h4 class=\"step-item-title\"><\/h4><div class=\"process-step-desc\">Tunus&#8217;ta \u00f6zel bir odakla, Akdeniz b\u00f6lgelerinde cinsiyet e\u015fitli\u011fi ve kad\u0131nlar\u0131n g\u00fc\u00e7lendirilmesinin uygulanmas\u0131.<\/div><\/div><\/div><\/div>[\/vc_column_inner][\/vc_row_inner][\/vc_column][\/vc_row]<\/p>\n<\/div>","protected":false},"excerpt":{"rendered":"<p>[vc_row wrap_container=&#8221;yes&#8221; section_skin=&#8221;parallax&#8221;][vc_column][vc_row_inner][vc_column_inner width=&#8221;1\/2&#8243; animation_delay=&#8221;800&#8243; offset=&#8221;vc_col-lg-7&#8243; animation_type=&#8221;fadeInUp&#8221;][vc_column_text css=&#8221;.vc_custom_1631630307772{margin-bottom: 0px !important;}&#8221;]SUSTAvianFEED projesi, a\u015fa\u011f\u0131dakiler gibi s\u00fcrd\u00fcr\u00fclebilir kalk\u0131nma i\u00e7in ba\u015fl\u0131ca Avrupa ve uluslararas\u0131 stratejilere katk\u0131da bulunacakt\u0131r:[\/vc_column_text][\/vc_column_inner][vc_column_inner width=&#8221;1\/2&#8243; animation_delay=&#8221;1000&#8243; offset=&#8221;vc_col-lg-offset-2 vc_col-lg-10&#8243; css=&#8221;.vc_custom_1632825790116{background-image: url(https:\/\/sustavianfeed.eu\/wp-content\/uploads\/2021\/09\/isotipo-gris.png?id=554) !important;background-position: center !important;background-repeat: no-repeat !important;background-size: contain !important;}&#8221; animation_type=&#8221;fadeInUp&#8221;][\/vc_column_inner][\/vc_row_inner][\/vc_column][\/vc_row][vc_row wrap_container=&#8221;yes&#8221;][vc_column][vc_row_inner][vc_column_inner animation_delay=&#8221;1100&#8243; offset=&#8221;vc_col-lg-8&#8243; animation_type=&#8221;fadeInUp&#8221;][vc_column_text] Ayr\u0131ca, teklifin ba\u015fl\u0131\u011f\u0131nda at\u0131fta bulunulan etkilere katk\u0131da bulunacakt\u0131r. SUSTAvianFEED, a\u015fa\u011f\u0131da a\u00e7\u0131kland\u0131\u011f\u0131 gibi, \u00e7ift\u00e7ilik uygulamalar\u0131 [&hellip;]<\/p>\n","protected":false},"author":1,"featured_media":0,"parent":1390,"menu_order":0,"comment_status":"closed","ping_status":"closed","template":"","meta":{"footnotes":""},"class_list":["post-1400","page","type-page","status-publish","hentry"],"yoast_head":"<!-- This site is optimized with the Yoast SEO plugin v26.4 - https:\/\/yoast.com\/wordpress\/plugins\/seo\/ -->\n<title>Etkiler ve beklenen sonu\u00e7lar - SUSTAvianFEED<\/title>\n<meta name=\"robots\" content=\"index, follow, max-snippet:-1, max-image-preview:large, max-video-preview:-1\" \/>\n<link rel=\"canonical\" href=\"https:\/\/sustavianfeed.eu\/tr\/proje\/etkiler-ve-beklenen-sonuclar\/\" \/>\n<meta property=\"og:locale\" content=\"tr_TR\" \/>\n<meta property=\"og:type\" content=\"article\" \/>\n<meta property=\"og:title\" content=\"Etkiler ve beklenen sonu\u00e7lar - SUSTAvianFEED\" \/>\n<meta property=\"og:description\" content=\"[vc_row wrap_container=&#8221;yes&#8221; section_skin=&#8221;parallax&#8221;][vc_column][vc_row_inner][vc_column_inner width=&#8221;1\/2&#8243; animation_delay=&#8221;800&#8243; offset=&#8221;vc_col-lg-7&#8243; animation_type=&#8221;fadeInUp&#8221;][vc_column_text css=&#8221;.vc_custom_1631630307772{margin-bottom: 0px !important;}&#8221;]SUSTAvianFEED projesi, a\u015fa\u011f\u0131dakiler gibi s\u00fcrd\u00fcr\u00fclebilir kalk\u0131nma i\u00e7in ba\u015fl\u0131ca Avrupa ve uluslararas\u0131 stratejilere katk\u0131da bulunacakt\u0131r:[\/vc_column_text][\/vc_column_inner][vc_column_inner width=&#8221;1\/2&#8243; animation_delay=&#8221;1000&#8243; offset=&#8221;vc_col-lg-offset-2 vc_col-lg-10&#8243; css=&#8221;.vc_custom_1632825790116{background-image: url(https:\/\/sustavianfeed.eu\/wp-content\/uploads\/2021\/09\/isotipo-gris.png?id=554) !important;background-position: center !important;background-repeat: no-repeat !important;background-size: contain !important;}&#8221; animation_type=&#8221;fadeInUp&#8221;][\/vc_column_inner][\/vc_row_inner][\/vc_column][\/vc_row][vc_row wrap_container=&#8221;yes&#8221;][vc_column][vc_row_inner][vc_column_inner animation_delay=&#8221;1100&#8243; offset=&#8221;vc_col-lg-8&#8243; animation_type=&#8221;fadeInUp&#8221;][vc_column_text] Ayr\u0131ca, teklifin ba\u015fl\u0131\u011f\u0131nda at\u0131fta bulunulan etkilere katk\u0131da bulunacakt\u0131r. SUSTAvianFEED, a\u015fa\u011f\u0131da a\u00e7\u0131kland\u0131\u011f\u0131 gibi, \u00e7ift\u00e7ilik uygulamalar\u0131 [&hellip;]\" \/>\n<meta property=\"og:url\" content=\"https:\/\/sustavianfeed.eu\/tr\/proje\/etkiler-ve-beklenen-sonuclar\/\" \/>\n<meta property=\"og:site_name\" content=\"SUSTAvianFEED\" \/>\n<meta property=\"article:publisher\" content=\"https:\/\/www.facebook.com\/SUSTAvianFEED\" \/>\n<meta property=\"article:modified_time\" content=\"2021-10-01T12:10:39+00:00\" \/>\n<meta name=\"twitter:card\" content=\"summary_large_image\" \/>\n<meta name=\"twitter:label1\" content=\"Tahmini okuma s\u00fcresi\" \/>\n\t<meta name=\"twitter:data1\" content=\"3 dakika\" \/>\n<script type=\"application\/ld+json\" class=\"yoast-schema-graph\">{\"@context\":\"https:\/\/schema.org\",\"@graph\":[{\"@type\":\"WebPage\",\"@id\":\"https:\/\/sustavianfeed.eu\/tr\/proje\/etkiler-ve-beklenen-sonuclar\/\",\"url\":\"https:\/\/sustavianfeed.eu\/tr\/proje\/etkiler-ve-beklenen-sonuclar\/\",\"name\":\"Etkiler ve beklenen sonu\u00e7lar - SUSTAvianFEED\",\"isPartOf\":{\"@id\":\"https:\/\/sustavianfeed.eu\/tr\/#website\"},\"datePublished\":\"2021-10-01T12:10:37+00:00\",\"dateModified\":\"2021-10-01T12:10:39+00:00\",\"breadcrumb\":{\"@id\":\"https:\/\/sustavianfeed.eu\/tr\/proje\/etkiler-ve-beklenen-sonuclar\/#breadcrumb\"},\"inLanguage\":\"tr\",\"potentialAction\":[{\"@type\":\"ReadAction\",\"target\":[\"https:\/\/sustavianfeed.eu\/tr\/proje\/etkiler-ve-beklenen-sonuclar\/\"]}]},{\"@type\":\"BreadcrumbList\",\"@id\":\"https:\/\/sustavianfeed.eu\/tr\/proje\/etkiler-ve-beklenen-sonuclar\/#breadcrumb\",\"itemListElement\":[{\"@type\":\"ListItem\",\"position\":1,\"name\":\"Home\",\"item\":\"https:\/\/sustavianfeed.eu\/tr\/\"},{\"@type\":\"ListItem\",\"position\":2,\"name\":\"Proje\",\"item\":\"https:\/\/sustavianfeed.eu\/tr\/proje\/\"},{\"@type\":\"ListItem\",\"position\":3,\"name\":\"Etkiler ve beklenen sonu\u00e7lar\"}]},{\"@type\":\"WebSite\",\"@id\":\"https:\/\/sustavianfeed.eu\/tr\/#website\",\"url\":\"https:\/\/sustavianfeed.eu\/tr\/\",\"name\":\"SUSTAvianFEED\",\"description\":\"Innovative and sustainable poultry feedings programs\",\"publisher\":{\"@id\":\"https:\/\/sustavianfeed.eu\/tr\/#organization\"},\"potentialAction\":[{\"@type\":\"SearchAction\",\"target\":{\"@type\":\"EntryPoint\",\"urlTemplate\":\"https:\/\/sustavianfeed.eu\/tr\/?s={search_term_string}\"},\"query-input\":{\"@type\":\"PropertyValueSpecification\",\"valueRequired\":true,\"valueName\":\"search_term_string\"}}],\"inLanguage\":\"tr\"},{\"@type\":\"Organization\",\"@id\":\"https:\/\/sustavianfeed.eu\/tr\/#organization\",\"name\":\"SUSTAvianFEED\",\"url\":\"https:\/\/sustavianfeed.eu\/tr\/\",\"logo\":{\"@type\":\"ImageObject\",\"inLanguage\":\"tr\",\"@id\":\"https:\/\/sustavianfeed.eu\/tr\/#\/schema\/logo\/image\/\",\"url\":\"https:\/\/sustavianfeed.eu\/wp-content\/uploads\/2021\/09\/LOGO_SUSTavianFEED_color-footer.png\",\"contentUrl\":\"https:\/\/sustavianfeed.eu\/wp-content\/uploads\/2021\/09\/LOGO_SUSTavianFEED_color-footer.png\",\"width\":400,\"height\":286,\"caption\":\"SUSTAvianFEED\"},\"image\":{\"@id\":\"https:\/\/sustavianfeed.eu\/tr\/#\/schema\/logo\/image\/\"},\"sameAs\":[\"https:\/\/www.facebook.com\/SUSTAvianFEED\",\"https:\/\/www.linkedin.com\/groups\/12560654\/\"]}]}<\/script>\n<!-- \/ Yoast SEO plugin. -->","yoast_head_json":{"title":"Etkiler ve beklenen sonu\u00e7lar - SUSTAvianFEED","robots":{"index":"index","follow":"follow","max-snippet":"max-snippet:-1","max-image-preview":"max-image-preview:large","max-video-preview":"max-video-preview:-1"},"canonical":"https:\/\/sustavianfeed.eu\/tr\/proje\/etkiler-ve-beklenen-sonuclar\/","og_locale":"tr_TR","og_type":"article","og_title":"Etkiler ve beklenen sonu\u00e7lar - SUSTAvianFEED","og_description":"[vc_row wrap_container=&#8221;yes&#8221; section_skin=&#8221;parallax&#8221;][vc_column][vc_row_inner][vc_column_inner width=&#8221;1\/2&#8243; animation_delay=&#8221;800&#8243; offset=&#8221;vc_col-lg-7&#8243; animation_type=&#8221;fadeInUp&#8221;][vc_column_text css=&#8221;.vc_custom_1631630307772{margin-bottom: 0px !important;}&#8221;]SUSTAvianFEED projesi, a\u015fa\u011f\u0131dakiler gibi s\u00fcrd\u00fcr\u00fclebilir kalk\u0131nma i\u00e7in ba\u015fl\u0131ca Avrupa ve uluslararas\u0131 stratejilere katk\u0131da bulunacakt\u0131r:[\/vc_column_text][\/vc_column_inner][vc_column_inner width=&#8221;1\/2&#8243; animation_delay=&#8221;1000&#8243; offset=&#8221;vc_col-lg-offset-2 vc_col-lg-10&#8243; css=&#8221;.vc_custom_1632825790116{background-image: url(https:\/\/sustavianfeed.eu\/wp-content\/uploads\/2021\/09\/isotipo-gris.png?id=554) !important;background-position: center !important;background-repeat: no-repeat !important;background-size: contain !important;}&#8221; animation_type=&#8221;fadeInUp&#8221;][\/vc_column_inner][\/vc_row_inner][\/vc_column][\/vc_row][vc_row wrap_container=&#8221;yes&#8221;][vc_column][vc_row_inner][vc_column_inner animation_delay=&#8221;1100&#8243; offset=&#8221;vc_col-lg-8&#8243; animation_type=&#8221;fadeInUp&#8221;][vc_column_text] Ayr\u0131ca, teklifin ba\u015fl\u0131\u011f\u0131nda at\u0131fta bulunulan etkilere katk\u0131da bulunacakt\u0131r. SUSTAvianFEED, a\u015fa\u011f\u0131da a\u00e7\u0131kland\u0131\u011f\u0131 gibi, \u00e7ift\u00e7ilik uygulamalar\u0131 [&hellip;]","og_url":"https:\/\/sustavianfeed.eu\/tr\/proje\/etkiler-ve-beklenen-sonuclar\/","og_site_name":"SUSTAvianFEED","article_publisher":"https:\/\/www.facebook.com\/SUSTAvianFEED","article_modified_time":"2021-10-01T12:10:39+00:00","twitter_card":"summary_large_image","twitter_misc":{"Tahmini okuma s\u00fcresi":"3 dakika"},"schema":{"@context":"https:\/\/schema.org","@graph":[{"@type":"WebPage","@id":"https:\/\/sustavianfeed.eu\/tr\/proje\/etkiler-ve-beklenen-sonuclar\/","url":"https:\/\/sustavianfeed.eu\/tr\/proje\/etkiler-ve-beklenen-sonuclar\/","name":"Etkiler ve beklenen sonu\u00e7lar - SUSTAvianFEED","isPartOf":{"@id":"https:\/\/sustavianfeed.eu\/tr\/#website"},"datePublished":"2021-10-01T12:10:37+00:00","dateModified":"2021-10-01T12:10:39+00:00","breadcrumb":{"@id":"https:\/\/sustavianfeed.eu\/tr\/proje\/etkiler-ve-beklenen-sonuclar\/#breadcrumb"},"inLanguage":"tr","potentialAction":[{"@type":"ReadAction","target":["https:\/\/sustavianfeed.eu\/tr\/proje\/etkiler-ve-beklenen-sonuclar\/"]}]},{"@type":"BreadcrumbList","@id":"https:\/\/sustavianfeed.eu\/tr\/proje\/etkiler-ve-beklenen-sonuclar\/#breadcrumb","itemListElement":[{"@type":"ListItem","position":1,"name":"Home","item":"https:\/\/sustavianfeed.eu\/tr\/"},{"@type":"ListItem","position":2,"name":"Proje","item":"https:\/\/sustavianfeed.eu\/tr\/proje\/"},{"@type":"ListItem","position":3,"name":"Etkiler ve beklenen sonu\u00e7lar"}]},{"@type":"WebSite","@id":"https:\/\/sustavianfeed.eu\/tr\/#website","url":"https:\/\/sustavianfeed.eu\/tr\/","name":"SUSTAvianFEED","description":"Innovative and sustainable poultry feedings programs","publisher":{"@id":"https:\/\/sustavianfeed.eu\/tr\/#organization"},"potentialAction":[{"@type":"SearchAction","target":{"@type":"EntryPoint","urlTemplate":"https:\/\/sustavianfeed.eu\/tr\/?s={search_term_string}"},"query-input":{"@type":"PropertyValueSpecification","valueRequired":true,"valueName":"search_term_string"}}],"inLanguage":"tr"},{"@type":"Organization","@id":"https:\/\/sustavianfeed.eu\/tr\/#organization","name":"SUSTAvianFEED","url":"https:\/\/sustavianfeed.eu\/tr\/","logo":{"@type":"ImageObject","inLanguage":"tr","@id":"https:\/\/sustavianfeed.eu\/tr\/#\/schema\/logo\/image\/","url":"https:\/\/sustavianfeed.eu\/wp-content\/uploads\/2021\/09\/LOGO_SUSTavianFEED_color-footer.png","contentUrl":"https:\/\/sustavianfeed.eu\/wp-content\/uploads\/2021\/09\/LOGO_SUSTavianFEED_color-footer.png","width":400,"height":286,"caption":"SUSTAvianFEED"},"image":{"@id":"https:\/\/sustavianfeed.eu\/tr\/#\/schema\/logo\/image\/"},"sameAs":["https:\/\/www.facebook.com\/SUSTAvianFEED","https:\/\/www.linkedin.com\/groups\/12560654\/"]}]}},"_links":{"self":[{"href":"https:\/\/sustavianfeed.eu\/tr\/wp-json\/wp\/v2\/pages\/1400","targetHints":{"allow":["GET"]}}],"collection":[{"href":"https:\/\/sustavianfeed.eu\/tr\/wp-json\/wp\/v2\/pages"}],"about":[{"href":"https:\/\/sustavianfeed.eu\/tr\/wp-json\/wp\/v2\/types\/page"}],"author":[{"embeddable":true,"href":"https:\/\/sustavianfeed.eu\/tr\/wp-json\/wp\/v2\/users\/1"}],"replies":[{"embeddable":true,"href":"https:\/\/sustavianfeed.eu\/tr\/wp-json\/wp\/v2\/comments?post=1400"}],"version-history":[{"count":2,"href":"https:\/\/sustavianfeed.eu\/tr\/wp-json\/wp\/v2\/pages\/1400\/revisions"}],"predecessor-version":[{"id":1402,"href":"https:\/\/sustavianfeed.eu\/tr\/wp-json\/wp\/v2\/pages\/1400\/revisions\/1402"}],"up":[{"embeddable":true,"href":"https:\/\/sustavianfeed.eu\/tr\/wp-json\/wp\/v2\/pages\/1390"}],"wp:attachment":[{"href":"https:\/\/sustavianfeed.eu\/tr\/wp-json\/wp\/v2\/media?parent=1400"}],"curies":[{"name":"wp","href":"https:\/\/api.w.org\/{rel}","templated":true}]}}