{"id":1390,"date":"2021-10-01T11:50:23","date_gmt":"2021-10-01T11:50:23","guid":{"rendered":"http:\/\/www.sustavianfeed.eu\/proje\/"},"modified":"2021-10-01T11:50:25","modified_gmt":"2021-10-01T11:50:25","slug":"proje","status":"publish","type":"page","link":"https:\/\/sustavianfeed.eu\/tr\/proje\/","title":{"rendered":"Proje"},"content":{"rendered":"<div class=\"wpb-content-wrapper\"><p>[vc_row wrap_container=&#8221;yes&#8221; is_section=&#8221;yes&#8221; section_skin=&#8221;parallax&#8221; animation_delay=&#8221;1000&#8243; animation_type=&#8221;fadeInUp&#8221;][vc_column width=&#8221;1\/2&#8243;][vc_custom_heading text=&#8221;Proje&#8221; font_container=&#8221;tag:p|text_align:left|color:%23acb4be&#8221; use_theme_fonts=&#8221;yes&#8221; text_transform=&#8221;text-uppercase&#8221; font_weight=&#8221;700&#8243; animation_delay=&#8221;700&#8243; el_class=&#8221;mb-1&#8243; animation_type=&#8221;fadeInUp&#8221;][vc_custom_heading text=&#8221;SUSTAvianFEED Projesi&#8221; font_container=&#8221;tag:h2|font_size:2.3em|text_align:left|line_height:1.2&#8243; use_theme_fonts=&#8221;yes&#8221; letter_spacing=&#8221;-1px&#8221; animation_delay=&#8221;900&#8243; el_class=&#8221;pb-3 mb-4&#8243; animation_type=&#8221;fadeInUp&#8221;][vc_column_text]<\/p>\n<p class=\"p1\">Yak\u0131n tarihli IPCC \u0130klim De\u011fi\u015fikli\u011fi ve Arazi \u00f6zel raporu, d\u00fcnyan\u0131n g\u0131da \u00fcretme ve topra\u011f\u0131 y\u00f6netme bi\u00e7iminde bir d\u00f6n\u00fc\u015f\u00fcm olmad\u0131k\u00e7a k\u00fcresel s\u0131cakl\u0131klar\u0131 g\u00fcvenli seviyelerde tutman\u0131n imkans\u0131z olaca\u011f\u0131n\u0131 vurguluyor.<\/p>\n<p class=\"p1\">tahmin ediyor ki<b> K\u00fcresel sera gaz\u0131 emisyonlar\u0131n\u0131n %25-30&#8217;u g\u0131da sisteminin bir sonucudur<\/b> hava, toprak ve su kirlili\u011fine ve biyolojik \u00e7e\u015fitlilik kayb\u0131na b\u00fcy\u00fck \u00f6l\u00e7\u00fcde katk\u0131da bulunur.<\/p>\n<p class=\"p1\">Ayn\u0131 zamanda,<b> \u0130klim de\u011fi\u015fikli\u011fi tar\u0131msal \u00fcretimi ciddi \u015fekilde etkileyecek<\/b> (verim ve tar\u0131m i\u00e7in kullan\u0131labilir arazinin azalt\u0131lmas\u0131), di\u011ferlerinin yan\u0131 s\u0131ra ge\u00e7im ve k\u0131rsal topluluklar i\u00e7in dramatik sonu\u00e7lar do\u011furur.<span class=\"s1\"> .<\/span><\/p>\n<p class=\"p1\"><b>Yem \u00fcretimi ve i\u015fleme, sekt\u00f6rdeki emisyonlar\u0131n \u00e7o\u011funu olu\u015fturuyor<\/b> (FAO&#8217;ya g\u00f6re %45), b\u00fcy\u00fck kaynaklar\u0131n t\u00fcketimi, s\u00fcrecin b\u00fcy\u00fck enerji ve su t\u00fcketimi, muazzam miktarda arazi kullan\u0131m\u0131 de\u011fi\u015fikli\u011fi ve ormans\u0131zla\u015fma sorunlar\u0131 nedeniyle.<\/p>\n<p class=\"p1\">Avrupa Birli\u011fi, \u00f6zellikle soya fasulyesi (soya fasulyesinin %85&#8217;i, m\u0131s\u0131r\u0131n %24&#8217;\u00fc ve t\u00fcketilen bu\u011fday ve m\u0131s\u0131r\u0131n %8&#8217;i) olmak \u00fczere hayvanc\u0131l\u0131k besleme sekt\u00f6r\u00fcn\u00fcn b\u00fcy\u00fck miktarda hammaddesini ithal etmektedir. Hayvanlar\u0131m\u0131z\u0131 beslemek i\u00e7in y\u0131lda 14 milyon ton soya fasulyesi ithal ediliyor, bu da tar\u0131m-g\u0131da sekt\u00f6r\u00fcn\u00fcn iklim de\u011fi\u015fikli\u011fi \u00fczerindeki etkisini art\u0131r\u0131yor ve b\u00f6lgenin \u00f6zerkli\u011fini azalt\u0131yor.<\/p>\n<blockquote>\n<p class=\"p1\"><span style=\"font-size: 20px\"><b>D\u00f6ng\u00fcsel ekonomi ilkelerine dayal\u0131 s\u00fcrd\u00fcr\u00fclebilir uygulamalar\u0131 hayata ge\u00e7irmek gerekiyor. <\/b><\/span><\/p>\n<\/blockquote>\n<p>Yeni g\u0131da zincirleri \u00e7evre dostu olmal\u0131, yerel ekonomileri desteklemeli ve sosyal y\u00f6nleri dikkate almal\u0131d\u0131r. Yem \u00fcretimi bu de\u011fi\u015fimin ana ak\u0131m\u0131 olacak.[\/vc_column_text][\/vc_column][vc_column width=&#8221;1\/2&#8243;][vc_single_image image=&#8221;1336&#8243; img_size=&#8221;full&#8221; animation_delay=&#8221;1500&#8243; animation_type=&#8221;fadeInLeft&#8221; el_class=&#8221;mb-0&#8243;][vc_column_text]<\/p>\n<p style=\"font-size: 11px;text-align: left\">Yava\u015f Yemek Ar\u015fivi<\/p>\n<p>[\/vc_column_text][vc_column_text]<strong><span style=\"font-size: 20px\">SUSTAvianFEED, s\u00fcrd\u00fcr\u00fclebilir hayvan beslemeyi dahil ederek yenilik\u00e7i k\u00fcmes hayvanc\u0131l\u0131\u011f\u0131 sistemlerini g\u00f6stermeyi ama\u00e7lamaktad\u0131r. Proje, b\u00f6ceklerin kilit rol oynayaca\u011f\u0131 ve yenilik\u00e7i bir k\u00fcmes hayvanc\u0131l\u0131\u011f\u0131 yakla\u015f\u0131m\u0131na yol a\u00e7acak k\u00fcmes hayvanc\u0131l\u0131\u011f\u0131 i\u00e7in s\u00fcrd\u00fcr\u00fclebilir bir beslenme form\u00fcl\u00fc geli\u015ftirecek.<\/span><\/strong><\/p>\n<p>SUSTAvianFEED (hibe numaras\u0131 2015), Avrupa Birli\u011fi taraf\u0131ndan desteklenen PRIMA (Akdeniz b\u00f6lgesinde ara\u015ft\u0131rma ve Yenilik i\u00e7in Ortakl\u0131k) program\u0131n\u0131n bir par\u00e7as\u0131d\u0131r. D\u00f6rt Akdeniz \u00fclkesinden sekiz ortaktan olu\u015fmaktad\u0131r. 2.299.388,46 Euro&#8217;luk bir PRIMA katk\u0131s\u0131 dahil olmak \u00fczere toplam 2.593.463,09 Euro&#8217;luk bir b\u00fct\u00e7eye sahiptir. Bu d\u00f6rt y\u0131ll\u0131k proje, Nisan 2021&#8217;den Mart 2025&#8217;e kadar s\u00fcrecek.[\/vc_column_text][\/vc_column][\/vc_row][vc_row wrap_container=&#8221;yes&#8221; el_class=&#8221;mt-4&#8243;][vc_column][vc_separator color=&#8221;custom&#8221; style=&#8221;solid&#8221; el_class=&#8221;my-5&#8243;]<div class=\"porto-animation overflow-hidden mb-2 pt-4\" >[vc_custom_heading text=&#8221;K\u0130MLER B\u0130Z\u0130MLE&#8221; font_container=&#8221;tag:p|text_align:center|color:%23acb4be|line_height:1&#8243; use_theme_fonts=&#8221;yes&#8221; text_transform=&#8221;text-uppercase&#8221; font_weight=&#8221;700&#8243; animation_delay=&#8221;200&#8243; el_class=&#8221;mt-3 mb-0&#8243; animation_type=&#8221;maskUp&#8221;]<\/div><div class=\"porto-animation overflow-hidden mb-5\" >[vc_custom_heading text=&#8221;Bizim ortaklar\u0131m\u0131z&#8221; font_container=&#8221;tag:h2|font_size:2.3em|text_align:center|line_height:1.2&#8243; use_theme_fonts=&#8221;yes&#8221; letter_spacing=&#8221;-1px&#8221; animation_delay=&#8221;400&#8243; el_class=&#8221;mb-0&#8243; animation_type=&#8221;maskUp&#8221;]<\/div>[vc_row_inner content_placement=&#8221;middle&#8221; el_class=&#8221;pb-4 justify-content-center&#8221;][vc_column_inner width=&#8221;1\/3&#8243; offset=&#8221;vc_col-lg-3&#8243;][vc_single_image image=&#8221;1168&#8243; img_size=&#8221;full&#8221; alignment=&#8221;center&#8221; animation_delay=&#8221;500&#8243; el_class=&#8221;mb-5&#8243; animation_type=&#8221;zoomIn&#8221;][\/vc_column_inner][vc_column_inner width=&#8221;1\/3&#8243; offset=&#8221;vc_col-lg-3&#8243;][vc_single_image image=&#8221;1176&#8243; img_size=&#8221;full&#8221; alignment=&#8221;center&#8221; animation_delay=&#8221;1000&#8243; el_class=&#8221;mb-5 mw-200&#8243; animation_type=&#8221;zoomIn&#8221;][\/vc_column_inner][vc_column_inner width=&#8221;1\/3&#8243; offset=&#8221;vc_col-lg-3&#8243;][vc_single_image image=&#8221;1180&#8243; img_size=&#8221;full&#8221; alignment=&#8221;center&#8221; animation_delay=&#8221;900&#8243; el_class=&#8221;mb-5&#8243; animation_type=&#8221;zoomIn&#8221;][\/vc_column_inner][vc_column_inner width=&#8221;1\/3&#8243; offset=&#8221;vc_col-lg-3&#8243;][vc_single_image image=&#8221;1320&#8243; img_size=&#8221;full&#8221; alignment=&#8221;center&#8221; animation_delay=&#8221;600&#8243; el_class=&#8221;mb-5 mw-220&#8243; animation_type=&#8221;zoomIn&#8221;][\/vc_column_inner][vc_column_inner width=&#8221;1\/3&#8243; offset=&#8221;vc_col-lg-3&#8243;][vc_single_image image=&#8221;1172&#8243; img_size=&#8221;full&#8221; alignment=&#8221;center&#8221; animation_delay=&#8221;1200&#8243; el_class=&#8221;mb-5&#8243; animation_type=&#8221;zoomIn&#8221;][\/vc_column_inner][vc_column_inner width=&#8221;1\/3&#8243; offset=&#8221;vc_col-lg-3&#8243;][vc_single_image image=&#8221;1192&#8243; img_size=&#8221;full&#8221; alignment=&#8221;center&#8221; animation_delay=&#8221;500&#8243; el_class=&#8221;mb-5 mw-200&#8243; animation_type=&#8221;zoomIn&#8221;][\/vc_column_inner][vc_column_inner width=&#8221;1\/3&#8243; offset=&#8221;vc_col-lg-3&#8243;][vc_single_image image=&#8221;1196&#8243; img_size=&#8221;full&#8221; alignment=&#8221;center&#8221; animation_delay=&#8221;800&#8243; el_class=&#8221;mb-5 mw-220&#8243; animation_type=&#8221;zoomIn&#8221;][\/vc_column_inner][vc_column_inner width=&#8221;1\/3&#8243; offset=&#8221;vc_col-lg-3&#8243;][vc_single_image image=&#8221;1264&#8243; img_size=&#8221;full&#8221; alignment=&#8221;center&#8221; animation_delay=&#8221;1100&#8243; el_class=&#8221;mb-5 mw-180&#8243; animation_type=&#8221;zoomIn&#8221; label=&#8221;&#8221;][\/vc_column_inner][\/vc_row_inner][\/vc_column][\/vc_row]<\/p>\n<\/div>","protected":false},"excerpt":{"rendered":"<p>[vc_row wrap_container=&#8221;yes&#8221; is_section=&#8221;yes&#8221; section_skin=&#8221;parallax&#8221; animation_delay=&#8221;1000&#8243; animation_type=&#8221;fadeInUp&#8221;][vc_column width=&#8221;1\/2&#8243;][vc_custom_heading text=&#8221;Proje&#8221; font_container=&#8221;tag:p|text_align:left|color:%23acb4be&#8221; use_theme_fonts=&#8221;yes&#8221; text_transform=&#8221;text-uppercase&#8221; font_weight=&#8221;700&#8243; animation_delay=&#8221;700&#8243; el_class=&#8221;mb-1&#8243; animation_type=&#8221;fadeInUp&#8221;][vc_custom_heading text=&#8221;SUSTAvianFEED Projesi&#8221; font_container=&#8221;tag:h2|font_size:2.3em|text_align:left|line_height:1.2&#8243; use_theme_fonts=&#8221;yes&#8221; letter_spacing=&#8221;-1px&#8221; animation_delay=&#8221;900&#8243; el_class=&#8221;pb-3 mb-4&#8243; animation_type=&#8221;fadeInUp&#8221;][vc_column_text] Yak\u0131n tarihli IPCC \u0130klim De\u011fi\u015fikli\u011fi ve Arazi \u00f6zel raporu, d\u00fcnyan\u0131n g\u0131da \u00fcretme ve topra\u011f\u0131 y\u00f6netme bi\u00e7iminde bir d\u00f6n\u00fc\u015f\u00fcm olmad\u0131k\u00e7a k\u00fcresel s\u0131cakl\u0131klar\u0131 g\u00fcvenli seviyelerde tutman\u0131n imkans\u0131z olaca\u011f\u0131n\u0131 vurguluyor. tahmin ediyor ki K\u00fcresel [&hellip;]<\/p>\n","protected":false},"author":1,"featured_media":0,"parent":0,"menu_order":0,"comment_status":"closed","ping_status":"closed","template":"","meta":{"footnotes":""},"class_list":["post-1390","page","type-page","status-publish","hentry"],"yoast_head":"<!-- This site is optimized with the Yoast SEO plugin v26.4 - https:\/\/yoast.com\/wordpress\/plugins\/seo\/ -->\n<title>Proje - SUSTAvianFEED<\/title>\n<meta name=\"robots\" content=\"index, follow, max-snippet:-1, max-image-preview:large, max-video-preview:-1\" \/>\n<link rel=\"canonical\" href=\"https:\/\/sustavianfeed.eu\/tr\/proje\/\" \/>\n<meta property=\"og:locale\" content=\"tr_TR\" \/>\n<meta property=\"og:type\" content=\"article\" \/>\n<meta property=\"og:title\" content=\"Proje - SUSTAvianFEED\" \/>\n<meta property=\"og:description\" content=\"[vc_row wrap_container=&#8221;yes&#8221; is_section=&#8221;yes&#8221; section_skin=&#8221;parallax&#8221; animation_delay=&#8221;1000&#8243; animation_type=&#8221;fadeInUp&#8221;][vc_column width=&#8221;1\/2&#8243;][vc_custom_heading text=&#8221;Proje&#8221; font_container=&#8221;tag:p|text_align:left|color:%23acb4be&#8221; use_theme_fonts=&#8221;yes&#8221; text_transform=&#8221;text-uppercase&#8221; font_weight=&#8221;700&#8243; animation_delay=&#8221;700&#8243; el_class=&#8221;mb-1&#8243; animation_type=&#8221;fadeInUp&#8221;][vc_custom_heading text=&#8221;SUSTAvianFEED Projesi&#8221; font_container=&#8221;tag:h2|font_size:2.3em|text_align:left|line_height:1.2&#8243; use_theme_fonts=&#8221;yes&#8221; letter_spacing=&#8221;-1px&#8221; animation_delay=&#8221;900&#8243; el_class=&#8221;pb-3 mb-4&#8243; animation_type=&#8221;fadeInUp&#8221;][vc_column_text] Yak\u0131n tarihli IPCC \u0130klim De\u011fi\u015fikli\u011fi ve Arazi \u00f6zel raporu, d\u00fcnyan\u0131n g\u0131da \u00fcretme ve topra\u011f\u0131 y\u00f6netme bi\u00e7iminde bir d\u00f6n\u00fc\u015f\u00fcm olmad\u0131k\u00e7a k\u00fcresel s\u0131cakl\u0131klar\u0131 g\u00fcvenli seviyelerde tutman\u0131n imkans\u0131z olaca\u011f\u0131n\u0131 vurguluyor. tahmin ediyor ki K\u00fcresel [&hellip;]\" \/>\n<meta property=\"og:url\" content=\"https:\/\/sustavianfeed.eu\/tr\/proje\/\" \/>\n<meta property=\"og:site_name\" content=\"SUSTAvianFEED\" \/>\n<meta property=\"article:publisher\" content=\"https:\/\/www.facebook.com\/SUSTAvianFEED\" \/>\n<meta property=\"article:modified_time\" content=\"2021-10-01T11:50:25+00:00\" \/>\n<meta name=\"twitter:card\" content=\"summary_large_image\" \/>\n<meta name=\"twitter:label1\" content=\"Tahmini okuma s\u00fcresi\" \/>\n\t<meta name=\"twitter:data1\" content=\"5 dakika\" \/>\n<script type=\"application\/ld+json\" class=\"yoast-schema-graph\">{\"@context\":\"https:\/\/schema.org\",\"@graph\":[{\"@type\":\"WebPage\",\"@id\":\"https:\/\/sustavianfeed.eu\/tr\/proje\/\",\"url\":\"https:\/\/sustavianfeed.eu\/tr\/proje\/\",\"name\":\"Proje - SUSTAvianFEED\",\"isPartOf\":{\"@id\":\"https:\/\/sustavianfeed.eu\/tr\/#website\"},\"datePublished\":\"2021-10-01T11:50:23+00:00\",\"dateModified\":\"2021-10-01T11:50:25+00:00\",\"breadcrumb\":{\"@id\":\"https:\/\/sustavianfeed.eu\/tr\/proje\/#breadcrumb\"},\"inLanguage\":\"tr\",\"potentialAction\":[{\"@type\":\"ReadAction\",\"target\":[\"https:\/\/sustavianfeed.eu\/tr\/proje\/\"]}]},{\"@type\":\"BreadcrumbList\",\"@id\":\"https:\/\/sustavianfeed.eu\/tr\/proje\/#breadcrumb\",\"itemListElement\":[{\"@type\":\"ListItem\",\"position\":1,\"name\":\"Home\",\"item\":\"https:\/\/sustavianfeed.eu\/tr\/\"},{\"@type\":\"ListItem\",\"position\":2,\"name\":\"Proje\"}]},{\"@type\":\"WebSite\",\"@id\":\"https:\/\/sustavianfeed.eu\/tr\/#website\",\"url\":\"https:\/\/sustavianfeed.eu\/tr\/\",\"name\":\"SUSTAvianFEED\",\"description\":\"Innovative and sustainable poultry feedings programs\",\"publisher\":{\"@id\":\"https:\/\/sustavianfeed.eu\/tr\/#organization\"},\"potentialAction\":[{\"@type\":\"SearchAction\",\"target\":{\"@type\":\"EntryPoint\",\"urlTemplate\":\"https:\/\/sustavianfeed.eu\/tr\/?s={search_term_string}\"},\"query-input\":{\"@type\":\"PropertyValueSpecification\",\"valueRequired\":true,\"valueName\":\"search_term_string\"}}],\"inLanguage\":\"tr\"},{\"@type\":\"Organization\",\"@id\":\"https:\/\/sustavianfeed.eu\/tr\/#organization\",\"name\":\"SUSTAvianFEED\",\"url\":\"https:\/\/sustavianfeed.eu\/tr\/\",\"logo\":{\"@type\":\"ImageObject\",\"inLanguage\":\"tr\",\"@id\":\"https:\/\/sustavianfeed.eu\/tr\/#\/schema\/logo\/image\/\",\"url\":\"https:\/\/sustavianfeed.eu\/wp-content\/uploads\/2021\/09\/LOGO_SUSTavianFEED_color-footer.png\",\"contentUrl\":\"https:\/\/sustavianfeed.eu\/wp-content\/uploads\/2021\/09\/LOGO_SUSTavianFEED_color-footer.png\",\"width\":400,\"height\":286,\"caption\":\"SUSTAvianFEED\"},\"image\":{\"@id\":\"https:\/\/sustavianfeed.eu\/tr\/#\/schema\/logo\/image\/\"},\"sameAs\":[\"https:\/\/www.facebook.com\/SUSTAvianFEED\",\"https:\/\/www.linkedin.com\/groups\/12560654\/\"]}]}<\/script>\n<!-- \/ Yoast SEO plugin. -->","yoast_head_json":{"title":"Proje - SUSTAvianFEED","robots":{"index":"index","follow":"follow","max-snippet":"max-snippet:-1","max-image-preview":"max-image-preview:large","max-video-preview":"max-video-preview:-1"},"canonical":"https:\/\/sustavianfeed.eu\/tr\/proje\/","og_locale":"tr_TR","og_type":"article","og_title":"Proje - SUSTAvianFEED","og_description":"[vc_row wrap_container=&#8221;yes&#8221; is_section=&#8221;yes&#8221; section_skin=&#8221;parallax&#8221; animation_delay=&#8221;1000&#8243; animation_type=&#8221;fadeInUp&#8221;][vc_column width=&#8221;1\/2&#8243;][vc_custom_heading text=&#8221;Proje&#8221; font_container=&#8221;tag:p|text_align:left|color:%23acb4be&#8221; use_theme_fonts=&#8221;yes&#8221; text_transform=&#8221;text-uppercase&#8221; font_weight=&#8221;700&#8243; animation_delay=&#8221;700&#8243; el_class=&#8221;mb-1&#8243; animation_type=&#8221;fadeInUp&#8221;][vc_custom_heading text=&#8221;SUSTAvianFEED Projesi&#8221; font_container=&#8221;tag:h2|font_size:2.3em|text_align:left|line_height:1.2&#8243; use_theme_fonts=&#8221;yes&#8221; letter_spacing=&#8221;-1px&#8221; animation_delay=&#8221;900&#8243; el_class=&#8221;pb-3 mb-4&#8243; animation_type=&#8221;fadeInUp&#8221;][vc_column_text] Yak\u0131n tarihli IPCC \u0130klim De\u011fi\u015fikli\u011fi ve Arazi \u00f6zel raporu, d\u00fcnyan\u0131n g\u0131da \u00fcretme ve topra\u011f\u0131 y\u00f6netme bi\u00e7iminde bir d\u00f6n\u00fc\u015f\u00fcm olmad\u0131k\u00e7a k\u00fcresel s\u0131cakl\u0131klar\u0131 g\u00fcvenli seviyelerde tutman\u0131n imkans\u0131z olaca\u011f\u0131n\u0131 vurguluyor. tahmin ediyor ki K\u00fcresel [&hellip;]","og_url":"https:\/\/sustavianfeed.eu\/tr\/proje\/","og_site_name":"SUSTAvianFEED","article_publisher":"https:\/\/www.facebook.com\/SUSTAvianFEED","article_modified_time":"2021-10-01T11:50:25+00:00","twitter_card":"summary_large_image","twitter_misc":{"Tahmini okuma s\u00fcresi":"5 dakika"},"schema":{"@context":"https:\/\/schema.org","@graph":[{"@type":"WebPage","@id":"https:\/\/sustavianfeed.eu\/tr\/proje\/","url":"https:\/\/sustavianfeed.eu\/tr\/proje\/","name":"Proje - SUSTAvianFEED","isPartOf":{"@id":"https:\/\/sustavianfeed.eu\/tr\/#website"},"datePublished":"2021-10-01T11:50:23+00:00","dateModified":"2021-10-01T11:50:25+00:00","breadcrumb":{"@id":"https:\/\/sustavianfeed.eu\/tr\/proje\/#breadcrumb"},"inLanguage":"tr","potentialAction":[{"@type":"ReadAction","target":["https:\/\/sustavianfeed.eu\/tr\/proje\/"]}]},{"@type":"BreadcrumbList","@id":"https:\/\/sustavianfeed.eu\/tr\/proje\/#breadcrumb","itemListElement":[{"@type":"ListItem","position":1,"name":"Home","item":"https:\/\/sustavianfeed.eu\/tr\/"},{"@type":"ListItem","position":2,"name":"Proje"}]},{"@type":"WebSite","@id":"https:\/\/sustavianfeed.eu\/tr\/#website","url":"https:\/\/sustavianfeed.eu\/tr\/","name":"SUSTAvianFEED","description":"Innovative and sustainable poultry feedings programs","publisher":{"@id":"https:\/\/sustavianfeed.eu\/tr\/#organization"},"potentialAction":[{"@type":"SearchAction","target":{"@type":"EntryPoint","urlTemplate":"https:\/\/sustavianfeed.eu\/tr\/?s={search_term_string}"},"query-input":{"@type":"PropertyValueSpecification","valueRequired":true,"valueName":"search_term_string"}}],"inLanguage":"tr"},{"@type":"Organization","@id":"https:\/\/sustavianfeed.eu\/tr\/#organization","name":"SUSTAvianFEED","url":"https:\/\/sustavianfeed.eu\/tr\/","logo":{"@type":"ImageObject","inLanguage":"tr","@id":"https:\/\/sustavianfeed.eu\/tr\/#\/schema\/logo\/image\/","url":"https:\/\/sustavianfeed.eu\/wp-content\/uploads\/2021\/09\/LOGO_SUSTavianFEED_color-footer.png","contentUrl":"https:\/\/sustavianfeed.eu\/wp-content\/uploads\/2021\/09\/LOGO_SUSTavianFEED_color-footer.png","width":400,"height":286,"caption":"SUSTAvianFEED"},"image":{"@id":"https:\/\/sustavianfeed.eu\/tr\/#\/schema\/logo\/image\/"},"sameAs":["https:\/\/www.facebook.com\/SUSTAvianFEED","https:\/\/www.linkedin.com\/groups\/12560654\/"]}]}},"_links":{"self":[{"href":"https:\/\/sustavianfeed.eu\/tr\/wp-json\/wp\/v2\/pages\/1390","targetHints":{"allow":["GET"]}}],"collection":[{"href":"https:\/\/sustavianfeed.eu\/tr\/wp-json\/wp\/v2\/pages"}],"about":[{"href":"https:\/\/sustavianfeed.eu\/tr\/wp-json\/wp\/v2\/types\/page"}],"author":[{"embeddable":true,"href":"https:\/\/sustavianfeed.eu\/tr\/wp-json\/wp\/v2\/users\/1"}],"replies":[{"embeddable":true,"href":"https:\/\/sustavianfeed.eu\/tr\/wp-json\/wp\/v2\/comments?post=1390"}],"version-history":[{"count":2,"href":"https:\/\/sustavianfeed.eu\/tr\/wp-json\/wp\/v2\/pages\/1390\/revisions"}],"predecessor-version":[{"id":1392,"href":"https:\/\/sustavianfeed.eu\/tr\/wp-json\/wp\/v2\/pages\/1390\/revisions\/1392"}],"wp:attachment":[{"href":"https:\/\/sustavianfeed.eu\/tr\/wp-json\/wp\/v2\/media?parent=1390"}],"curies":[{"name":"wp","href":"https:\/\/api.w.org\/{rel}","templated":true}]}}