{"id":1663,"date":"2021-10-20T13:51:44","date_gmt":"2021-10-20T13:51:44","guid":{"rendered":"https:\/\/www.sustavianfeed.eu\/gestione-dei-cookie\/"},"modified":"2021-10-20T13:51:48","modified_gmt":"2021-10-20T13:51:48","slug":"gestione-dei-cookie","status":"publish","type":"page","link":"https:\/\/sustavianfeed.eu\/it\/gestione-dei-cookie\/","title":{"rendered":"Gestione dei Cookie"},"content":{"rendered":"<div class=\"wpb-content-wrapper\"><p>[vc_row][vc_column][vc_column_text]<\/p>\n<h2>INFORMAZIONI SUI COOKIE<\/h2>\n<p>Ai sensi della Legge 34\/2002, dell&#8217;11 luglio, sui servizi della societ\u00e0 dell&#8217;informazione e del commercio elettronico (LSSI), in relazione al Regolamento (UE) 2016\/679 del Parlamento europeo e del Consiglio, del 27 aprile 2016, Protezione generale dei dati (GDPR) e Legge organica 3\/2018, del 5 dicembre, Protezione dei dati e garanzia dei diritti digitali (LOPDGDD), \u00e8 obbligatorio ottenere il consenso espresso dell&#8217;utente di tutte le pagine web che utilizzano cookie dispensabili, prima di li navighi. Questa politica \u00e8 stata rivista nell&#8217;ottobre 2021 e potrebbero esserci variazioni fino alla sua prossima revisione.<\/p>\n<h2>COSA SONO I COOKIE?<\/h2>\n<p>I cookie e altre tecnologie simili come oggetti condivisi locali, cookie flash o pixel, sono strumenti utilizzati dai server Web per archiviare e recuperare informazioni sui propri visitatori, nonch\u00e9 per offrire un corretto funzionamento del sito.<br \/>\nUtilizzando questi dispositivi, il server Web \u00e8 consentito di ricordare alcuni dati che riguardano l&#8217;utente, come le sue preferenze per la visualizzazione delle pagine di quel server, nome e password, prodotti che lo interessano di pi\u00f9, ecc.<\/p>\n<h2>COOKIE INTERESSATI DAL REGOLAMENTO ED ESCLUSI COOKIE<\/h2>\n<p>Secondo la direttiva UE, i cookie che richiedono il consenso informato dell&#8217;utente sono i cookie analitici e quelli pubblicitari e di affiliazione, esclusi quelli di natura tecnica e quelli necessari per il funzionamento del sito o per l&#8217;erogazione dei servizi. espressamente richiesto dall&#8217;utente.<\/p>\n<h2>TIPI DI COOKIE<\/h2>\n<h3>SECONDO LO SCOPO<\/h3>\n<ul>\n<li>Cookie tecnici e funzionali: sono quelli che consentono all&#8217;utente di navigare attraverso una pagina web, piattaforma o applicazione e utilizzare le diverse opzioni o servizi in essa presenti.<\/li>\n<li>Cookie analitici: sono quelli che consentono al responsabile degli stessi di monitorare e analizzare il comportamento degli utenti dei siti Web a cui sono collegati. Le informazioni raccolte tramite questo tipo di cookie sono utilizzate per misurare l&#8217;attivit\u00e0 dei siti web, applicazioni o piattaforme e per l&#8217;elaborazione di profili di navigazione degli utenti di detti siti, applicazioni e piattaforme, al fine di introdurre miglioramenti in funzione dell&#8217;analisi di i dati di utilizzo effettuati dagli utenti del servizio.<\/li>\n<li>Cookie pubblicitari: sono quelli che consentono la gestione, nel modo pi\u00f9 efficiente possibile, degli spazi pubblicitari che, se del caso, l&#8217;editore ha inserito in una pagina web, applicazione o piattaforma dalla quale viene fornito il servizio richiesto in base a criteri quali contenuto modificato o la frequenza con cui vengono mostrati gli annunci.<\/li>\n<li>Cookie di pubblicit\u00e0 comportamentale: raccolgono informazioni sulle preferenze e scelte personali dell&#8217;utente (retargeting) per consentire la gestione, nel modo pi\u00f9 efficiente possibile, degli spazi pubblicitari che, se del caso, l&#8217;editore ha inserito in una pagina web, applicazione o piattaforma dalla quale viene erogato il servizio richiesto.<\/li>\n<li>Cookie sociali: sono impostati dalle piattaforme di social media sui servizi per consentirti di condividere contenuti con i tuoi amici e reti. Le piattaforme di social media hanno la capacit\u00e0 di tracciare la tua attivit\u00e0 online al di fuori dei Servizi. Ci\u00f2 potrebbe influire sul contenuto e sui messaggi che vedi su altri servizi che visiti. Cookie di affiliazione: consentono di tenere traccia delle visite da altri siti Web, con i quali il sito Web stabilisce un contratto di affiliazione (aziende affiliate).<\/li>\n<li>Cookie di sicurezza: memorizzano informazioni crittografate per impedire che i dati in essi archiviati siano vulnerabili ad attacchi dannosi da parte di terzi.<\/li>\n<\/ul>\n<h3>SECONDO LA PROPRIET\u00c0<\/h3>\n<ul>\n<li>Cookie propri: sono quelli che vengono inviati all&#8217;apparecchiatura terminale dell&#8217;utente da un computer o dominio gestito dall&#8217;editore stesso e dal quale viene erogato il servizio richiesto dall&#8217;utente.<\/li>\n<li>Cookie di terze parti: sono quelli che vengono inviati all&#8217;apparecchiatura terminale dell&#8217;utente da un computer o dominio non gestito dall&#8217;editore, ma da un altro soggetto che elabora i dati ottenuti tramite i cookie.<\/li>\n<\/ul>\n<h3>SECONDO IL PERIODO DI CONSERVAZIONE<\/h3>\n<ul>\n<li>Cookie di sessione: sono un tipo di cookie progettati per raccogliere e memorizzare dati mentre l&#8217;utente accede a una pagina web.<br \/>\nCookie persistenti: sono una tipologia di cookie in cui i dati sono ancora memorizzati nel terminale e sono accessibili ed elaborati per un periodo definito dal responsabile del cookie, che pu\u00f2 variare da pochi minuti a diversi anni.<\/li>\n<\/ul>\n<h2>TRATTAMENTO DEI DATI PERSONALI<\/h2>\n<p>SAT N\u00ba 2439 ALIA \u00e8 il Responsabile del trattamento dei dati personali dell&#8217;Interessato e lo informa che tali dati saranno trattati in conformit\u00e0 con le disposizioni del Regolamento (UE) 2016\/679, del 27 aprile 2016 (GDPR), pertanto che vengono fornite le seguenti informazioni di trattamento:<\/p>\n<p><strong>Finalit\u00e0 del trattamento<\/strong> : come specificato nella sezione sui cookie utilizzati in questo sito.<br \/>\n<strong>Legittimazione del trattamento<\/strong> : previo consenso dell&#8217;interessato (art. 6.1 GDPR).<br \/>\n<strong>Criteri di conservazione dei dati<\/strong> : come specificato nella sezione sui cookie utilizzati nel web.<br \/>\n<strong>Comunicazione dei dati<\/strong> : i dati non saranno comunicati a terzi, se non nei cookie di propriet\u00e0 di terzi o per obbligo di legge.<br \/>\n<strong>Diritti che assistono l&#8217;Interessato:<\/strong><\/p>\n<ul>\n<li>Diritto di revocare il consenso in qualsiasi momento.<\/li>\n<li>Diritto di accesso, rettifica, portabilit\u00e0 e cancellazione dei suoi dati e di limitazione o opposizione al loro trattamento.<\/li>\n<li>Diritto di proporre reclamo all&#8217;Autorit\u00e0 di controllo (www.aepd.es) qualora si ritenga che il trattamento non sia conforme alla normativa vigente.<\/li>\n<\/ul>\n<p><strong>Informazioni di contatto per esercitare i tuoi diritti:<\/strong><br \/>\nSAT n. 2439 ALIA. IMMERSIONE. LA HOYA S\/N, APDO. 272, 30816 LORCA (Murcia). E-mail: info@sustavianfeed.eu<\/p>\n<h2>COOKIE UTILIZZATI SU QUESTO SITO<\/h2>\n<h3>Cookie controllati dall&#8217;editore<\/h3>\n<p><strong>Tecnico e funzionale<\/strong><\/p>\n<table width=\"642\">\n<tbody>\n<tr>\n<td width=\"122\"><strong>Propriet\u00e0<\/strong><\/td>\n<td width=\"109\"><strong>biscotto<\/strong><\/td>\n<td width=\"314\"><strong>Scopo<\/strong><\/td>\n<td width=\"96\"><strong>Termine<\/strong><\/td>\n<\/tr>\n<tr>\n<td width=\"122\">google.com<\/td>\n<td width=\"109\"><strong>__Secure-1PAPISI<\/strong><\/p>\n<p><strong>D<\/strong><\/td>\n<td width=\"314\">Cookie necessario per l&#8217;utilizzo delle opzioni e dei servizi del sito web<\/td>\n<td width=\"96\">in 2 anni<\/td>\n<\/tr>\n<tr>\n<td width=\"122\">google.com<\/td>\n<td width=\"109\"><strong>__Sicuro-1PSID<\/strong><\/td>\n<td width=\"314\">Cookie necessario per l&#8217;utilizzo delle opzioni e dei servizi del sito web<\/td>\n<td width=\"96\">in 2 anni<\/td>\n<\/tr>\n<tr>\n<td width=\"122\">google.com<\/td>\n<td width=\"109\"><strong>__Secure-1PSIDC<\/strong><\/p>\n<p><strong>C<\/strong><\/td>\n<td width=\"314\">Cookie necessario per l&#8217;utilizzo delle opzioni e dei servizi del sito web<\/td>\n<td width=\"96\">tra 12 mesi<\/td>\n<\/tr>\n<tr>\n<td width=\"122\">google.com<\/td>\n<td width=\"109\"><strong>__Secure-3PSIDC<\/strong><\/p>\n<p><strong>C<\/strong><\/td>\n<td width=\"314\">Cookie necessario per l&#8217;utilizzo delle opzioni e dei servizi del sito web<\/td>\n<td width=\"96\">tra 1 anno<\/td>\n<\/tr>\n<tr>\n<td width=\"122\">google.com<\/td>\n<td width=\"109\"><strong>CONSENSO<\/strong><\/td>\n<td width=\"314\">Google Cookie Consenso Tracker<\/td>\n<td width=\"96\">tra 16 anni<\/td>\n<\/tr>\n<tr>\n<td width=\"122\">google.com<\/td>\n<td width=\"109\"><strong>OGPC<\/strong><\/td>\n<td width=\"314\">Cookie necessario per l&#8217;utilizzo delle opzioni e dei servizi del sito web<\/td>\n<td width=\"96\">tra 12 mesi<\/td>\n<\/tr>\n<tr>\n<td width=\"122\">google.com<\/td>\n<td width=\"109\"><strong>SEARCH_SAMESI TE<\/strong><\/td>\n<td width=\"314\">SameSite impedisce al browser di inviare questo cookie insieme alle richieste tra siti. L&#8217;obiettivo principale \u00e8 ridurre il rischio di fughe di informazioni tra le origini. Fornisce inoltre una certa protezione contro gli attacchi di falsificazione di richieste tra siti.<\/td>\n<td width=\"96\">tra 3 mesi<\/td>\n<\/tr>\n<tr>\n<td width=\"122\">sustavianfeed.eu<\/td>\n<td width=\"109\"><strong>cookielawinfocheckboxnecessario<\/strong><\/td>\n<td width=\"314\">Cookie necessario per l&#8217;utilizzo delle opzioni e dei servizi del sito web<\/td>\n<td width=\"96\">Sessione<\/td>\n<\/tr>\n<tr>\n<td width=\"122\">sustavianfeed.eu<\/td>\n<td width=\"109\"><strong>cookielawinfocheckbox-non necessario<\/strong><\/td>\n<td width=\"314\">Cookie necessario per l&#8217;utilizzo delle opzioni e dei servizi del sito web<\/td>\n<td width=\"96\">tra 1 anno<\/td>\n<\/tr>\n<tr>\n<td width=\"122\">sustavianfeed.eu<\/td>\n<td width=\"109\"><strong>views_cookie_po<\/strong><\/p>\n<p><strong>licy<\/strong><\/td>\n<td width=\"314\">Viene utilizzato per ricordare le tue preferenze in merito alla Cookie Policy stabilita<\/td>\n<td width=\"96\">tra 1 anno<\/td>\n<\/tr>\n<\/tbody>\n<\/table>\n<p><strong>Analisi<\/strong><\/p>\n<table>\n<tbody>\n<tr>\n<td>Propriet\u00e0<\/td>\n<td>biscotto<\/td>\n<td>Scopo<\/td>\n<td>Termine<\/td>\n<\/tr>\n<tr>\n<td>google.com<\/td>\n<td>__Secure-3PAPISI<br \/>\nD<\/td>\n<td>Questi cookie vengono utilizzati per fornire annunci pubblicitari pi\u00f9 pertinenti per te e i tuoi interessi.<\/td>\n<td>in 2 anni<\/td>\n<\/tr>\n<tr>\n<td>google.com<\/td>\n<td>__Sicuro-3PSID<\/td>\n<td>Questi cookie vengono utilizzati per fornire annunci pubblicitari pi\u00f9 pertinenti per te e i tuoi interessi.<\/td>\n<td>in 2 anni<\/td>\n<\/tr>\n<\/tbody>\n<\/table>\n<p><strong>Pubblicit\u00e0<\/strong><\/p>\n<table>\n<tbody>\n<tr>\n<td>Propriet\u00e0<\/td>\n<td>biscotto<\/td>\n<td>Scopo<\/td>\n<td>Termine<\/td>\n<\/tr>\n<tr>\n<td>google.com<\/td>\n<td>1P_JAR<\/td>\n<td>Questi cookie vengono impostati tramite video youtube incorporati. Registrano dati statistici anonimi su, ad esempio, quante volte viene riprodotto il video e quali impostazioni vengono utilizzate per la riproduzione.<\/td>\n<td>in un mese<\/td>\n<\/tr>\n<tr>\n<td>google.com<\/td>\n<td>ID API<\/td>\n<td>Scarica determinati strumenti da Google e salva determinate preferenze, ad esempio il numero di risultati di ricerca per foglio o l&#8217;attivazione del filtro SafeSearch. Modifica gli annunci visualizzati nella ricerca di Google.<\/td>\n<td>in 2 anni<\/td>\n<\/tr>\n<tr>\n<td>google.com<\/td>\n<td>HSID<\/td>\n<td>Scarica determinati strumenti da Google e salva determinate preferenze, ad esempio il numero di risultati di ricerca per foglio o l&#8217;attivazione del filtro SafeSearch. Modifica gli annunci visualizzati nella ricerca di Google.<\/td>\n<td>in 2 anni<\/td>\n<\/tr>\n<tr>\n<td>google.com<\/td>\n<td>NID<\/td>\n<td>Questi cookie vengono utilizzati per raccogliere statistiche del sito Web e tenere traccia dei tassi di conversione e della personalizzazione degli annunci di Google.<\/td>\n<td>tra 7 mesi<\/td>\n<\/tr>\n<tr>\n<td>google.com<\/td>\n<td>SAPISID<\/td>\n<td>Scarica alcuni strumenti da Google e salva determinate preferenze, ad esempio il numero di risultati di ricerca per foglio o l&#8217;attivazione del filtro SafeSearch. Modifica gli annunci visualizzati nella ricerca di Google.<\/td>\n<td>in 2 anni<\/td>\n<\/tr>\n<tr>\n<td>google.com<\/td>\n<td>SID<\/td>\n<td>Scarica alcuni strumenti da Google e salva determinate preferenze, ad esempio il numero di risultati di ricerca per foglio o l&#8217;attivazione del filtro SafeSearch. Modifica gli annunci visualizzati nella ricerca di Google.<\/td>\n<td>in 2 anni<\/td>\n<\/tr>\n<tr>\n<td>google.com<\/td>\n<td>SIDCC<\/td>\n<td>Scarica alcuni strumenti da Google e salva determinate preferenze, ad esempio il numero di risultati di ricerca per foglio o l&#8217;attivazione del filtro SafeSearch. Modifica gli annunci visualizzati nella ricerca di Google.<\/td>\n<td>in un anno<\/td>\n<\/tr>\n<tr>\n<td>google.com<\/td>\n<td>SSID<\/td>\n<td>Scarica determinati strumenti da Google e salva determinate preferenze, ad esempio il numero di risultati di ricerca per pagina o l&#8217;attivazione del filtro SafeSearch.<br \/>\nModifica gli annunci visualizzati in Ricerca Google.<\/td>\n<td>n 2 anni<\/td>\n<\/tr>\n<\/tbody>\n<\/table>\n<h2><strong>COOKIES DE TERCEROS<\/strong><\/h2>\n<p>Los servicios de terceros son ajenos al control del editor. Los proveedores pueden modificar en todo momento sus condiciones de servicio, finalidad y utilizaci\u00f3n de las cookies, ecc.<\/p>\n<p><strong>Proveedores externos de este sitio web:<\/strong><\/p>\n<table>\n<tbody>\n<tr>\n<td>Editor<\/td>\n<td>politica sulla riservatezza<\/td>\n<\/tr>\n<tr>\n<td>Google<\/td>\n<td><a href=\"https:\/\/privacy.google.com\/take-control.html\">https:\/\/privacy.google.com\/take-control.html<\/a><\/td>\n<\/tr>\n<tr>\n<td>Google<\/td>\n<td><a href=\"https:\/\/safety.google\/privacy\/privacy-controls\/\">https:\/\/safety.google\/privacy\/privacy-controls\/<\/a><\/td>\n<\/tr>\n<\/tbody>\n<\/table>\n<h3>PANEL DE CONFIGURACI\u00d3N DE COOKIES<\/h3>\n<p>Desde este panel podr\u00e1 configurar i cookies que el site web puede instalar en su navegador, ad eccezione dei cookies tecnici o funzionali che sono necessari per la navegaci\u00f3n e l&#8217;utilizzo delle diverse opzioni o servizi che se ofrecen.<\/p>\n<p>Puede acceder a dicho panel en todo momento a trav\u00e9s del v\u00ednculo flotante que aparece al acercar el cursor al margen lower derecho de la web.<\/p>\n<h3>CMO GESTIONAR LAS COOKIES DESDE EL NAVEGADOR<\/h3>\n<table width=\"642\">\n<tbody>\n<tr>\n<td colspan=\"2\" width=\"192\">Elimina i cookie del dispositivo<\/td>\n<td width=\"449\">Las cookies que ya est\u00e1n en un dispositivo se pueden eliminar borrando el historial del navegador, con lo que se suprimen las cookies de todos los siteos web visitdos. Sin embargo, tambi\u00e9n se puede perder parte de la information guardada (per esempio, los datos de inicio de sesi\u00f3n o las preferencias de sitio web).<\/td>\n<\/tr>\n<tr>\n<td colspan=\"2\" width=\"192\">Gestionar las cookies specifiche del sito<\/td>\n<td width=\"449\">Para tener un control m\u00e1s preciso de las cookies espec\u00edficas de cada sitio, los usuarios pueden ajustar su configuraci\u00f3n de privacidad y cookies en el navegador.<\/td>\n<\/tr>\n<tr>\n<td colspan=\"2\" width=\"192\">Bloquear las cookies<\/td>\n<td width=\"449\">Per non dimenticare i moderni navigatori, \u00e8 possibile configurare per evitare di installare i cookie sui dispositivi, quindi \u00e8 necessario che sia necessario regolare manualmente le preferenze determinate per ogni sito o pagina. Adem\u00e1s, algunos servicios y caracter\u00edsticas pueden no funcionar Correctamente (por ejemplo, los inicios de sesi\u00f3n con perfil).<\/td>\n<\/tr>\n<tr>\n<td width=\"186\"><\/td>\n<td width=\"6\"><\/td>\n<td width=\"449\"><\/td>\n<\/tr>\n<\/tbody>\n<\/table>\n<h3>CMO ELIMINAR LAS COOKIES DE LOS NAVEGADORES M\u00c1S COMUNES<\/h3>\n<table width=\"642\">\n<tbody>\n<tr>\n<td width=\"186\">Cromo<\/td>\n<td colspan=\"2\" width=\"455\"><a href=\"http:\/\/support.google.com\/chrome\/answer\/95647?hl=es\"><span style=\"color: #333333;\">http:\/\/support.google.com\/chrome\/answer\/95647?hl=es<\/span><\/a><\/td>\n<\/tr>\n<tr>\n<td width=\"186\">Internet Explorer. Versione 11<\/td>\n<td colspan=\"2\" width=\"455\"><a href=\"https:\/\/support.microsoft.com\/es-es\/help\/278835\/how-to-delete-cookie-files-in-internet-explorer\"><span style=\"color: #333333;\">https:\/\/support.microsoft.com\/es-es\/help\/278835\/how-to-delete-cookie-files-in-internet-explorer<\/span><\/a><\/td>\n<\/tr>\n<tr>\n<td width=\"186\">Firefox. Versione 65.0.1<\/td>\n<td colspan=\"2\" width=\"455\"><a href=\"https:\/\/www.mozilla.org\/es-ES\/privacy\/websites\/#cookies\"><span style=\"color: #333333;\">https:\/\/www.mozilla.org\/es-ES\/privacy\/websites\/#cookies<\/span><\/a><\/td>\n<\/tr>\n<tr>\n<td width=\"186\">Safari Versione 5.1<\/td>\n<td colspan=\"2\" width=\"455\"><a href=\"https:\/\/support.apple.com\/es-es\/guide\/safari\/sfri11471\/mac\"><span style=\"color: #333333;\">https:\/\/support.apple.com\/es-es\/guide\/safari\/sfri11471\/mac<\/span><\/a><\/td>\n<\/tr>\n<tr>\n<td width=\"186\">musica lirica<\/td>\n<td colspan=\"2\" width=\"455\"><a href=\"https:\/\/help.opera.com\/en\/latest\/security-and-privacy\/#clearBrowsingData\"><span style=\"color: #333333;\">https:\/\/help.opera.com\/en\/latest\/security-and-privacy\/#clearBrowsingData<\/span><\/a><\/td>\n<\/tr>\n<\/tbody>\n<\/table>\n<p>[\/vc_column_text][\/vc_column][\/vc_row]<\/p>\n<\/div>","protected":false},"excerpt":{"rendered":"<p>[vc_row][vc_column][vc_column_text] INFORMAZIONI SUI COOKIE Ai sensi della Legge 34\/2002, dell&#8217;11 luglio, sui servizi della societ\u00e0 dell&#8217;informazione e del commercio elettronico (LSSI), in relazione al Regolamento (UE) 2016\/679 del Parlamento europeo e del Consiglio, del 27 aprile 2016, Protezione generale dei dati (GDPR) e Legge organica 3\/2018, del 5 dicembre, Protezione dei dati e garanzia dei [&hellip;]<\/p>\n","protected":false},"author":1,"featured_media":0,"parent":0,"menu_order":0,"comment_status":"closed","ping_status":"closed","template":"","meta":{"footnotes":""},"class_list":["post-1663","page","type-page","status-publish","hentry"],"yoast_head":"<!-- This site is optimized with the Yoast SEO plugin v26.4 - https:\/\/yoast.com\/wordpress\/plugins\/seo\/ -->\n<title>Gestione dei Cookie - SUSTAvianFEED<\/title>\n<meta name=\"robots\" content=\"index, follow, max-snippet:-1, max-image-preview:large, max-video-preview:-1\" \/>\n<link rel=\"canonical\" href=\"https:\/\/sustavianfeed.eu\/it\/gestione-dei-cookie\/\" \/>\n<meta property=\"og:locale\" content=\"it_IT\" \/>\n<meta property=\"og:type\" content=\"article\" \/>\n<meta property=\"og:title\" content=\"Gestione dei Cookie - SUSTAvianFEED\" \/>\n<meta property=\"og:description\" content=\"[vc_row][vc_column][vc_column_text] INFORMAZIONI SUI COOKIE Ai sensi della Legge 34\/2002, dell&#8217;11 luglio, sui servizi della societ\u00e0 dell&#8217;informazione e del commercio elettronico (LSSI), in relazione al Regolamento (UE) 2016\/679 del Parlamento europeo e del Consiglio, del 27 aprile 2016, Protezione generale dei dati (GDPR) e Legge organica 3\/2018, del 5 dicembre, Protezione dei dati e garanzia dei [&hellip;]\" \/>\n<meta property=\"og:url\" content=\"https:\/\/sustavianfeed.eu\/it\/gestione-dei-cookie\/\" \/>\n<meta property=\"og:site_name\" content=\"SUSTAvianFEED\" \/>\n<meta property=\"article:publisher\" content=\"https:\/\/www.facebook.com\/SUSTAvianFEED\" \/>\n<meta property=\"article:modified_time\" content=\"2021-10-20T13:51:48+00:00\" \/>\n<meta name=\"twitter:card\" content=\"summary_large_image\" \/>\n<meta name=\"twitter:label1\" content=\"Tempo di lettura stimato\" \/>\n\t<meta name=\"twitter:data1\" content=\"9 minuti\" \/>\n<script type=\"application\/ld+json\" class=\"yoast-schema-graph\">{\"@context\":\"https:\/\/schema.org\",\"@graph\":[{\"@type\":\"WebPage\",\"@id\":\"https:\/\/sustavianfeed.eu\/it\/gestione-dei-cookie\/\",\"url\":\"https:\/\/sustavianfeed.eu\/it\/gestione-dei-cookie\/\",\"name\":\"Gestione dei Cookie - SUSTAvianFEED\",\"isPartOf\":{\"@id\":\"https:\/\/sustavianfeed.eu\/it\/#website\"},\"datePublished\":\"2021-10-20T13:51:44+00:00\",\"dateModified\":\"2021-10-20T13:51:48+00:00\",\"breadcrumb\":{\"@id\":\"https:\/\/sustavianfeed.eu\/it\/gestione-dei-cookie\/#breadcrumb\"},\"inLanguage\":\"it-IT\",\"potentialAction\":[{\"@type\":\"ReadAction\",\"target\":[\"https:\/\/sustavianfeed.eu\/it\/gestione-dei-cookie\/\"]}]},{\"@type\":\"BreadcrumbList\",\"@id\":\"https:\/\/sustavianfeed.eu\/it\/gestione-dei-cookie\/#breadcrumb\",\"itemListElement\":[{\"@type\":\"ListItem\",\"position\":1,\"name\":\"Home\",\"item\":\"https:\/\/sustavianfeed.eu\/it\/\"},{\"@type\":\"ListItem\",\"position\":2,\"name\":\"Gestione dei Cookie\"}]},{\"@type\":\"WebSite\",\"@id\":\"https:\/\/sustavianfeed.eu\/it\/#website\",\"url\":\"https:\/\/sustavianfeed.eu\/it\/\",\"name\":\"SUSTAvianFEED\",\"description\":\"Innovative and sustainable poultry feedings programs\",\"publisher\":{\"@id\":\"https:\/\/sustavianfeed.eu\/it\/#organization\"},\"potentialAction\":[{\"@type\":\"SearchAction\",\"target\":{\"@type\":\"EntryPoint\",\"urlTemplate\":\"https:\/\/sustavianfeed.eu\/it\/?s={search_term_string}\"},\"query-input\":{\"@type\":\"PropertyValueSpecification\",\"valueRequired\":true,\"valueName\":\"search_term_string\"}}],\"inLanguage\":\"it-IT\"},{\"@type\":\"Organization\",\"@id\":\"https:\/\/sustavianfeed.eu\/it\/#organization\",\"name\":\"SUSTAvianFEED\",\"url\":\"https:\/\/sustavianfeed.eu\/it\/\",\"logo\":{\"@type\":\"ImageObject\",\"inLanguage\":\"it-IT\",\"@id\":\"https:\/\/sustavianfeed.eu\/it\/#\/schema\/logo\/image\/\",\"url\":\"https:\/\/sustavianfeed.eu\/wp-content\/uploads\/2021\/09\/LOGO_SUSTavianFEED_color-footer.png\",\"contentUrl\":\"https:\/\/sustavianfeed.eu\/wp-content\/uploads\/2021\/09\/LOGO_SUSTavianFEED_color-footer.png\",\"width\":400,\"height\":286,\"caption\":\"SUSTAvianFEED\"},\"image\":{\"@id\":\"https:\/\/sustavianfeed.eu\/it\/#\/schema\/logo\/image\/\"},\"sameAs\":[\"https:\/\/www.facebook.com\/SUSTAvianFEED\",\"https:\/\/www.linkedin.com\/groups\/12560654\/\"]}]}<\/script>\n<!-- \/ Yoast SEO plugin. -->","yoast_head_json":{"title":"Gestione dei Cookie - SUSTAvianFEED","robots":{"index":"index","follow":"follow","max-snippet":"max-snippet:-1","max-image-preview":"max-image-preview:large","max-video-preview":"max-video-preview:-1"},"canonical":"https:\/\/sustavianfeed.eu\/it\/gestione-dei-cookie\/","og_locale":"it_IT","og_type":"article","og_title":"Gestione dei Cookie - SUSTAvianFEED","og_description":"[vc_row][vc_column][vc_column_text] INFORMAZIONI SUI COOKIE Ai sensi della Legge 34\/2002, dell&#8217;11 luglio, sui servizi della societ\u00e0 dell&#8217;informazione e del commercio elettronico (LSSI), in relazione al Regolamento (UE) 2016\/679 del Parlamento europeo e del Consiglio, del 27 aprile 2016, Protezione generale dei dati (GDPR) e Legge organica 3\/2018, del 5 dicembre, Protezione dei dati e garanzia dei [&hellip;]","og_url":"https:\/\/sustavianfeed.eu\/it\/gestione-dei-cookie\/","og_site_name":"SUSTAvianFEED","article_publisher":"https:\/\/www.facebook.com\/SUSTAvianFEED","article_modified_time":"2021-10-20T13:51:48+00:00","twitter_card":"summary_large_image","twitter_misc":{"Tempo di lettura stimato":"9 minuti"},"schema":{"@context":"https:\/\/schema.org","@graph":[{"@type":"WebPage","@id":"https:\/\/sustavianfeed.eu\/it\/gestione-dei-cookie\/","url":"https:\/\/sustavianfeed.eu\/it\/gestione-dei-cookie\/","name":"Gestione dei Cookie - SUSTAvianFEED","isPartOf":{"@id":"https:\/\/sustavianfeed.eu\/it\/#website"},"datePublished":"2021-10-20T13:51:44+00:00","dateModified":"2021-10-20T13:51:48+00:00","breadcrumb":{"@id":"https:\/\/sustavianfeed.eu\/it\/gestione-dei-cookie\/#breadcrumb"},"inLanguage":"it-IT","potentialAction":[{"@type":"ReadAction","target":["https:\/\/sustavianfeed.eu\/it\/gestione-dei-cookie\/"]}]},{"@type":"BreadcrumbList","@id":"https:\/\/sustavianfeed.eu\/it\/gestione-dei-cookie\/#breadcrumb","itemListElement":[{"@type":"ListItem","position":1,"name":"Home","item":"https:\/\/sustavianfeed.eu\/it\/"},{"@type":"ListItem","position":2,"name":"Gestione dei Cookie"}]},{"@type":"WebSite","@id":"https:\/\/sustavianfeed.eu\/it\/#website","url":"https:\/\/sustavianfeed.eu\/it\/","name":"SUSTAvianFEED","description":"Innovative and sustainable poultry feedings programs","publisher":{"@id":"https:\/\/sustavianfeed.eu\/it\/#organization"},"potentialAction":[{"@type":"SearchAction","target":{"@type":"EntryPoint","urlTemplate":"https:\/\/sustavianfeed.eu\/it\/?s={search_term_string}"},"query-input":{"@type":"PropertyValueSpecification","valueRequired":true,"valueName":"search_term_string"}}],"inLanguage":"it-IT"},{"@type":"Organization","@id":"https:\/\/sustavianfeed.eu\/it\/#organization","name":"SUSTAvianFEED","url":"https:\/\/sustavianfeed.eu\/it\/","logo":{"@type":"ImageObject","inLanguage":"it-IT","@id":"https:\/\/sustavianfeed.eu\/it\/#\/schema\/logo\/image\/","url":"https:\/\/sustavianfeed.eu\/wp-content\/uploads\/2021\/09\/LOGO_SUSTavianFEED_color-footer.png","contentUrl":"https:\/\/sustavianfeed.eu\/wp-content\/uploads\/2021\/09\/LOGO_SUSTavianFEED_color-footer.png","width":400,"height":286,"caption":"SUSTAvianFEED"},"image":{"@id":"https:\/\/sustavianfeed.eu\/it\/#\/schema\/logo\/image\/"},"sameAs":["https:\/\/www.facebook.com\/SUSTAvianFEED","https:\/\/www.linkedin.com\/groups\/12560654\/"]}]}},"_links":{"self":[{"href":"https:\/\/sustavianfeed.eu\/it\/wp-json\/wp\/v2\/pages\/1663","targetHints":{"allow":["GET"]}}],"collection":[{"href":"https:\/\/sustavianfeed.eu\/it\/wp-json\/wp\/v2\/pages"}],"about":[{"href":"https:\/\/sustavianfeed.eu\/it\/wp-json\/wp\/v2\/types\/page"}],"author":[{"embeddable":true,"href":"https:\/\/sustavianfeed.eu\/it\/wp-json\/wp\/v2\/users\/1"}],"replies":[{"embeddable":true,"href":"https:\/\/sustavianfeed.eu\/it\/wp-json\/wp\/v2\/comments?post=1663"}],"version-history":[{"count":2,"href":"https:\/\/sustavianfeed.eu\/it\/wp-json\/wp\/v2\/pages\/1663\/revisions"}],"predecessor-version":[{"id":1665,"href":"https:\/\/sustavianfeed.eu\/it\/wp-json\/wp\/v2\/pages\/1663\/revisions\/1665"}],"wp:attachment":[{"href":"https:\/\/sustavianfeed.eu\/it\/wp-json\/wp\/v2\/media?parent=1663"}],"curies":[{"name":"wp","href":"https:\/\/api.w.org\/{rel}","templated":true}]}}