{"id":1641,"date":"2021-10-20T09:56:19","date_gmt":"2021-10-20T09:56:19","guid":{"rendered":"https:\/\/www.sustavianfeed.eu\/politica-sulla-riservatezza\/"},"modified":"2021-10-20T09:56:24","modified_gmt":"2021-10-20T09:56:24","slug":"politica-sulla-riservatezza","status":"publish","type":"page","link":"https:\/\/sustavianfeed.eu\/it\/politica-sulla-riservatezza\/","title":{"rendered":"Politica sulla riservatezza"},"content":{"rendered":"<div class=\"wpb-content-wrapper\"><p>[vc_row][vc_column][vc_column_text]SAT N\u00ba 2439 ALIA, di seguito &#8220;entit\u00e0&#8221;, pu\u00f2 raccogliere e trattare i dati degli utenti del sito Web e di altre parti interessate, ottenuti con diversi mezzi quali:<\/p>\n<ul>\n<li>Moduli web.<\/li>\n<li>E-mail.<\/li>\n<li>Contatto telefonico.<\/li>\n<li>Moduli cartacei.<\/li>\n<li>Posta.<\/li>\n<li>Fonti accessibili al pubblico (giornali e gazzette ufficiali, media, ecc.)<\/li>\n<\/ul>\n<p>Il trattamento dei dati raccolti tramite tali fonti sar\u00e0 effettuato in conformit\u00e0 con le disposizioni del Regolamento Generale UE 2016\/679 sulla Protezione dei Dati, Legge Organica 3\/2018 sulla Protezione dei Dati Personali e Garanzia dei Diritti Digitali e altre normative vigenti a questo proposito.<\/p>\n<p>Ai fini della presentazione della privacy policy dell&#8217;ente, si presentano le seguenti sezioni:<\/p>\n<h2>Chi \u00e8 il Titolare del trattamento dei tuoi dati?<\/h2>\n<table>\n<tbody>\n<tr>\n<td>NOME:<\/td>\n<td>SAT N. 2439 ALIA<\/td>\n<\/tr>\n<tr>\n<td>NIF\/CIF:<\/td>\n<td>F30030753<\/td>\n<\/tr>\n<tr>\n<td>INDIRIZZO:<\/td>\n<td>IMMERSIONE. LA HOYA S\/N, APDO. 272, 30816 LORCA (MURCIA) SPAGNA.<\/td>\n<\/tr>\n<tr>\n<td>TELEFONO:<\/td>\n<td>968486700<\/td>\n<\/tr>\n<tr>\n<td>E-MAIL:<\/td>\n<td>info@sustavianfeed.eu<\/td>\n<\/tr>\n<\/tbody>\n<\/table>\n<h2>Per quale scopo trattiamo i tuoi dati personali?<\/h2>\n<p>Lo scopo principale \u00e8 la gestione e lo sviluppo del progetto \u201csustavianfeed\u201d di cui l&#8217;ente funge da coordinatore. E in termini generali possiamo anche indicare le seguenti finalit\u00e0 che sono in corso o potrebbero essere:<br \/>\nNell&#8217;ente trattiamo i dati delle persone interessate per la gestione e lo sviluppo delle comunicazioni (contatto utente, risoluzione dei quesiti, promozione, invio di newsletter, gestione dei profili dell&#8217;ente nei social network, ecc.) nonch\u00e9 per frequentare i servizi richiesto.<br \/>\nIl resto del trattamento dei dati che possiamo svolgere riguarda la normale attivit\u00e0 dell&#8217;ente e le attivit\u00e0 implicite nella sua gestione, l&#8217;utilizzo dei dati per finalit\u00e0 di amministrazione interna, gestione commerciale e finanziaria, gestione delle risorse umane, gestione delle comunicazioni con le parti interessate e ogni altro scopo derivato dalla realizzazione dell&#8217;oggetto, gestione e sviluppo del progetto.<br \/>\nSe lo scopo di contattare l&#8217;entit\u00e0 e inviare informazioni su di te \u00e8 cercare un lavoro (invio di curriculum, ecc.). I dati forniti verranno trattati per valutare la Sua eventuale candidatura a offerte di lavoro presso l&#8217;Ente. Qualora i dati forniti siano di interesse per l&#8217;ente, con questi verr\u00e0 predisposto un profilo e verranno archiviati per la gestione delle risorse umane.<\/p>\n<h2>Che tipo di dati trattiamo?<\/h2>\n<p>Oltre alle diverse modalit\u00e0 di ottenimento citate, nonch\u00e9 alle diverse finalit\u00e0 di trattamento previste, La informiamo che le tipologie di dati che possiamo trattare nel nostro sistema informativo, a seconda del profilo dell&#8217;interessato (utente, partner , referente, fornitore , dipendente, &#8230;), sono:<\/p>\n<ul>\n<li>Identificazione dei dati, che possono includere l&#8217;immagine<\/li>\n<li>Informazioni sui contatti<\/li>\n<li>Codici identificativi o chiavi<\/li>\n<li>Indirizzi postali o elettronici<\/li>\n<li>Dati personali e caratteristiche professionali<\/li>\n<li>Dati accademici e curriculari<\/li>\n<li>Dati economici, finanziari e assicurativi<\/li>\n<li>Dati economici e non economici sulle buste paga e altre informazioni di natura lavorativa<\/li>\n<li>Altri dati e informazioni necessari o impliciti nello svolgimento dell&#8217;attivit\u00e0 e dei servizi dell&#8217;ente.<\/li>\n<\/ul>\n<h2>Per quanto tempo conserveremo i tuoi dati?<\/h2>\n<p>I dati personali saranno conservati fintanto che viene mantenuto un rapporto con l&#8217;interessato; purch\u00e9 non sia richiesta la cancellazione di questi; o quando vi sia disposizione o obbligo di legge per la loro conservazione.<br \/>\nQuando i dati non saranno pi\u00f9 necessari per le finalit\u00e0 per le quali sono stati raccolti, verranno cancellati, garantendone la riservatezza.<br \/>\nNel caso di dati forniti per finalit\u00e0 di ricerca di lavoro, qualora questi non siano di interesse per l&#8217;ente, verranno immediatamente eliminati, garantendone la riservatezza.<\/p>\n<h2>Qual \u00e8 la liceit\u00e0 del trattamento dei tuoi dati?<\/h2>\n<p>La base giuridica del trattamento dei dati pu\u00f2 essere una o pi\u00f9 delle seguenti:<\/p>\n<ol>\n<li>Consenso informato<\/li>\n<li>Rispetto degli impegni precontrattuali o contrattuali<\/li>\n<li>Interesse legittimo<\/li>\n<li>Obblighi o requisiti legali<\/li>\n<li>Altre basi prescritte dalla legge<\/li>\n<\/ol>\n<h2>A quali destinatari verranno comunicati i tuoi dati?<\/h2>\n<p>I dati degli interessati non saranno comunicati a terzi, salvo: a) servizi ausiliari, responsabili del trattamento autorizzati o altri soggetti terzi impliciti necessari alla corretta erogazione dei beni e servizi; b) autorit\u00e0 e amministrazioni pubbliche competenti nell&#8217;esercizio delle loro funzioni; c) altri legittimi interessati e terzi legalmente previsti.<br \/>\nQuesti destinatari includono necessariamente e implicitamente i partner ei partner che partecipano al progetto in modo che possa svilupparsi normalmente all&#8217;interno del quadro corrispondente.<\/p>\n<h2>Quali sono i tuoi diritti quando ci fornisci e\/o tratti i tuoi dati?<\/h2>\n<p>In qualit\u00e0 di interessato, puoi in qualsiasi momento richiedere l&#8217;esercizio di uno dei seguenti diritti che ti assistono in materia di protezione dei dati:<\/p>\n<ul>\n<li>Accedere ai dati personali dell&#8217;interessato per confermare che sia o meno in corso un trattamento di dati che lo riguardano e per ottenere maggiori informazioni in merito a tale trattamento.<\/li>\n<li>Rettifica o Cancellazione dei dati personali che riguardano l&#8217;interessato quando, tra l&#8217;altro, sono inesatti o non sono pi\u00f9 necessari rispetto alle finalit\u00e0 per le quali sono stati raccolti.<\/li>\n<li>Limitare il trattamento dei dati personali dell&#8217;interessato in determinate circostanze, nel qual caso saranno conservati solo allo scopo di esercitare o difendere un diritto, per la tutela dei diritti di un&#8217;altra persona o per motivi di interesse pubblico.<\/li>\n<li>Ricevi i dati personali che ti riguardano, che ci hai precedentemente fornito, e in un formato strutturato quando possibile. (Portabilit\u00e0 dei tuoi dati).<\/li>\n<li>Opporti al trattamento dei tuoi dati in determinate circostanze e per motivi legati alla tua situazione particolare. L&#8217;entit\u00e0 interromper\u00e0 l&#8217;elaborazione dei dati dell&#8217;utente, salvo che per motivi legittimi impellenti o per l&#8217;esercizio o la difesa di eventuali reclami.<\/li>\n<li>Revocare il consenso, che pu\u00f2 comportare la cancellazione o la cancellazione del rapporto commerciale o contrattuale in essere, se esistente. Fatti salvi i trattamenti effettuati prima della revoca del consenso.<\/li>\n<\/ul>\n<p>Per fare ci\u00f2, dovrai solo contattarci tramite l&#8217;indirizzo email info@sustavianfeed.eu, o inviando una lettera a DIP. LA HOYA S\/N, APDO. 272, 30816 LORCA (MURCIA) SPAGNA.<br \/>\nFacoltativamente, puoi anche contattare l&#8217;Agenzia per la protezione dei dati (www.aepd.es) per saperne di pi\u00f9 sui tuoi diritti o richiedere la protezione degli stessi da parte dell&#8217;autorit\u00e0 di controllo.<\/p>\n<h2>La sicurezza dei dati<\/h2>\n<p>L&#8217;ente adotta nel proprio sistema informativo le misure tecniche e organizzative necessarie per garantire un adeguato livello di riservatezza, integrit\u00e0 e disponibilit\u00e0 delle informazioni trattate.<br \/>\nTuttavia, per quanto consentito dall&#8217;ordinamento giuridico, non ci assumiamo alcuna responsabilit\u00e0 per i danni e le perdite di alterazioni che terzi potrebbero causare nel nostro sistema informativo. Qualsiasi violazione della sicurezza sar\u00e0 opportunamente e immediatamente comunicata all&#8217;autorit\u00e0 competente e\/o alle forze e agli organi di sicurezza dello Stato.<\/p>\n<h2>Invio di comunicazioni o informazioni<\/h2>\n<p>La nostra politica in merito all&#8217;invio di informazioni tramite mezzi telematici (e-mail, messaggistica istantanea, ecc.), si limita all&#8217;invio delle sole comunicazioni che riteniamo di interesse per i nostri utenti e interessati, in relazione alle funzioni e all&#8217;attivit\u00e0 dell&#8217;ente, o che hai acconsentito a ricevere.<br \/>\nSe preferisci non ricevere questi messaggi, ti offriremo attraverso di essi la possibilit\u00e0 di esercitare il tuo diritto di cancellazione e di rinuncia alla ricezione di tali messaggi, in conformit\u00e0 con le disposizioni del Titolo III, articolo 22 della Legge 34\/2002 sui Servizi per la societ\u00e0 dell&#8217;informazione e il commercio elettronico.<\/p>\n<p>Questa informativa sulla privacy \u00e8 stata rivista nell&#8217;ottobre 2021, pertanto potrebbero esserci variazioni fino alla prossima revisione del testo.[\/vc_column_text][\/vc_column][\/vc_row]<\/p>\n<\/div>","protected":false},"excerpt":{"rendered":"<p>[vc_row][vc_column][vc_column_text]SAT N\u00ba 2439 ALIA, di seguito &#8220;entit\u00e0&#8221;, pu\u00f2 raccogliere e trattare i dati degli utenti del sito Web e di altre parti interessate, ottenuti con diversi mezzi quali: Moduli web. E-mail. Contatto telefonico. Moduli cartacei. Posta. Fonti accessibili al pubblico (giornali e gazzette ufficiali, media, ecc.) Il trattamento dei dati raccolti tramite tali fonti sar\u00e0 [&hellip;]<\/p>\n","protected":false},"author":1,"featured_media":0,"parent":0,"menu_order":0,"comment_status":"closed","ping_status":"closed","template":"","meta":{"footnotes":""},"class_list":["post-1641","page","type-page","status-publish","hentry"],"yoast_head":"<!-- This site is optimized with the Yoast SEO plugin v26.4 - https:\/\/yoast.com\/wordpress\/plugins\/seo\/ -->\n<title>Politica sulla riservatezza - SUSTAvianFEED<\/title>\n<meta name=\"robots\" content=\"index, follow, max-snippet:-1, max-image-preview:large, max-video-preview:-1\" \/>\n<link rel=\"canonical\" href=\"https:\/\/sustavianfeed.eu\/it\/politica-sulla-riservatezza\/\" \/>\n<meta property=\"og:locale\" content=\"it_IT\" \/>\n<meta property=\"og:type\" content=\"article\" \/>\n<meta property=\"og:title\" content=\"Politica sulla riservatezza - SUSTAvianFEED\" \/>\n<meta property=\"og:description\" content=\"[vc_row][vc_column][vc_column_text]SAT N\u00ba 2439 ALIA, di seguito &#8220;entit\u00e0&#8221;, pu\u00f2 raccogliere e trattare i dati degli utenti del sito Web e di altre parti interessate, ottenuti con diversi mezzi quali: Moduli web. E-mail. Contatto telefonico. Moduli cartacei. Posta. Fonti accessibili al pubblico (giornali e gazzette ufficiali, media, ecc.) Il trattamento dei dati raccolti tramite tali fonti sar\u00e0 [&hellip;]\" \/>\n<meta property=\"og:url\" content=\"https:\/\/sustavianfeed.eu\/it\/politica-sulla-riservatezza\/\" \/>\n<meta property=\"og:site_name\" content=\"SUSTAvianFEED\" \/>\n<meta property=\"article:publisher\" content=\"https:\/\/www.facebook.com\/SUSTAvianFEED\" \/>\n<meta property=\"article:modified_time\" content=\"2021-10-20T09:56:24+00:00\" \/>\n<meta name=\"twitter:card\" content=\"summary_large_image\" \/>\n<meta name=\"twitter:label1\" content=\"Tempo di lettura stimato\" \/>\n\t<meta name=\"twitter:data1\" content=\"6 minuti\" \/>\n<script type=\"application\/ld+json\" class=\"yoast-schema-graph\">{\"@context\":\"https:\/\/schema.org\",\"@graph\":[{\"@type\":\"WebPage\",\"@id\":\"https:\/\/sustavianfeed.eu\/it\/politica-sulla-riservatezza\/\",\"url\":\"https:\/\/sustavianfeed.eu\/it\/politica-sulla-riservatezza\/\",\"name\":\"Politica sulla riservatezza - SUSTAvianFEED\",\"isPartOf\":{\"@id\":\"https:\/\/sustavianfeed.eu\/it\/#website\"},\"datePublished\":\"2021-10-20T09:56:19+00:00\",\"dateModified\":\"2021-10-20T09:56:24+00:00\",\"breadcrumb\":{\"@id\":\"https:\/\/sustavianfeed.eu\/it\/politica-sulla-riservatezza\/#breadcrumb\"},\"inLanguage\":\"it-IT\",\"potentialAction\":[{\"@type\":\"ReadAction\",\"target\":[\"https:\/\/sustavianfeed.eu\/it\/politica-sulla-riservatezza\/\"]}]},{\"@type\":\"BreadcrumbList\",\"@id\":\"https:\/\/sustavianfeed.eu\/it\/politica-sulla-riservatezza\/#breadcrumb\",\"itemListElement\":[{\"@type\":\"ListItem\",\"position\":1,\"name\":\"Home\",\"item\":\"https:\/\/sustavianfeed.eu\/it\/\"},{\"@type\":\"ListItem\",\"position\":2,\"name\":\"Politica sulla riservatezza\"}]},{\"@type\":\"WebSite\",\"@id\":\"https:\/\/sustavianfeed.eu\/it\/#website\",\"url\":\"https:\/\/sustavianfeed.eu\/it\/\",\"name\":\"SUSTAvianFEED\",\"description\":\"Innovative and sustainable poultry feedings programs\",\"publisher\":{\"@id\":\"https:\/\/sustavianfeed.eu\/it\/#organization\"},\"potentialAction\":[{\"@type\":\"SearchAction\",\"target\":{\"@type\":\"EntryPoint\",\"urlTemplate\":\"https:\/\/sustavianfeed.eu\/it\/?s={search_term_string}\"},\"query-input\":{\"@type\":\"PropertyValueSpecification\",\"valueRequired\":true,\"valueName\":\"search_term_string\"}}],\"inLanguage\":\"it-IT\"},{\"@type\":\"Organization\",\"@id\":\"https:\/\/sustavianfeed.eu\/it\/#organization\",\"name\":\"SUSTAvianFEED\",\"url\":\"https:\/\/sustavianfeed.eu\/it\/\",\"logo\":{\"@type\":\"ImageObject\",\"inLanguage\":\"it-IT\",\"@id\":\"https:\/\/sustavianfeed.eu\/it\/#\/schema\/logo\/image\/\",\"url\":\"https:\/\/sustavianfeed.eu\/wp-content\/uploads\/2021\/09\/LOGO_SUSTavianFEED_color-footer.png\",\"contentUrl\":\"https:\/\/sustavianfeed.eu\/wp-content\/uploads\/2021\/09\/LOGO_SUSTavianFEED_color-footer.png\",\"width\":400,\"height\":286,\"caption\":\"SUSTAvianFEED\"},\"image\":{\"@id\":\"https:\/\/sustavianfeed.eu\/it\/#\/schema\/logo\/image\/\"},\"sameAs\":[\"https:\/\/www.facebook.com\/SUSTAvianFEED\",\"https:\/\/www.linkedin.com\/groups\/12560654\/\"]}]}<\/script>\n<!-- \/ Yoast SEO plugin. -->","yoast_head_json":{"title":"Politica sulla riservatezza - SUSTAvianFEED","robots":{"index":"index","follow":"follow","max-snippet":"max-snippet:-1","max-image-preview":"max-image-preview:large","max-video-preview":"max-video-preview:-1"},"canonical":"https:\/\/sustavianfeed.eu\/it\/politica-sulla-riservatezza\/","og_locale":"it_IT","og_type":"article","og_title":"Politica sulla riservatezza - SUSTAvianFEED","og_description":"[vc_row][vc_column][vc_column_text]SAT N\u00ba 2439 ALIA, di seguito &#8220;entit\u00e0&#8221;, pu\u00f2 raccogliere e trattare i dati degli utenti del sito Web e di altre parti interessate, ottenuti con diversi mezzi quali: Moduli web. E-mail. Contatto telefonico. Moduli cartacei. Posta. Fonti accessibili al pubblico (giornali e gazzette ufficiali, media, ecc.) Il trattamento dei dati raccolti tramite tali fonti sar\u00e0 [&hellip;]","og_url":"https:\/\/sustavianfeed.eu\/it\/politica-sulla-riservatezza\/","og_site_name":"SUSTAvianFEED","article_publisher":"https:\/\/www.facebook.com\/SUSTAvianFEED","article_modified_time":"2021-10-20T09:56:24+00:00","twitter_card":"summary_large_image","twitter_misc":{"Tempo di lettura stimato":"6 minuti"},"schema":{"@context":"https:\/\/schema.org","@graph":[{"@type":"WebPage","@id":"https:\/\/sustavianfeed.eu\/it\/politica-sulla-riservatezza\/","url":"https:\/\/sustavianfeed.eu\/it\/politica-sulla-riservatezza\/","name":"Politica sulla riservatezza - SUSTAvianFEED","isPartOf":{"@id":"https:\/\/sustavianfeed.eu\/it\/#website"},"datePublished":"2021-10-20T09:56:19+00:00","dateModified":"2021-10-20T09:56:24+00:00","breadcrumb":{"@id":"https:\/\/sustavianfeed.eu\/it\/politica-sulla-riservatezza\/#breadcrumb"},"inLanguage":"it-IT","potentialAction":[{"@type":"ReadAction","target":["https:\/\/sustavianfeed.eu\/it\/politica-sulla-riservatezza\/"]}]},{"@type":"BreadcrumbList","@id":"https:\/\/sustavianfeed.eu\/it\/politica-sulla-riservatezza\/#breadcrumb","itemListElement":[{"@type":"ListItem","position":1,"name":"Home","item":"https:\/\/sustavianfeed.eu\/it\/"},{"@type":"ListItem","position":2,"name":"Politica sulla riservatezza"}]},{"@type":"WebSite","@id":"https:\/\/sustavianfeed.eu\/it\/#website","url":"https:\/\/sustavianfeed.eu\/it\/","name":"SUSTAvianFEED","description":"Innovative and sustainable poultry feedings programs","publisher":{"@id":"https:\/\/sustavianfeed.eu\/it\/#organization"},"potentialAction":[{"@type":"SearchAction","target":{"@type":"EntryPoint","urlTemplate":"https:\/\/sustavianfeed.eu\/it\/?s={search_term_string}"},"query-input":{"@type":"PropertyValueSpecification","valueRequired":true,"valueName":"search_term_string"}}],"inLanguage":"it-IT"},{"@type":"Organization","@id":"https:\/\/sustavianfeed.eu\/it\/#organization","name":"SUSTAvianFEED","url":"https:\/\/sustavianfeed.eu\/it\/","logo":{"@type":"ImageObject","inLanguage":"it-IT","@id":"https:\/\/sustavianfeed.eu\/it\/#\/schema\/logo\/image\/","url":"https:\/\/sustavianfeed.eu\/wp-content\/uploads\/2021\/09\/LOGO_SUSTavianFEED_color-footer.png","contentUrl":"https:\/\/sustavianfeed.eu\/wp-content\/uploads\/2021\/09\/LOGO_SUSTavianFEED_color-footer.png","width":400,"height":286,"caption":"SUSTAvianFEED"},"image":{"@id":"https:\/\/sustavianfeed.eu\/it\/#\/schema\/logo\/image\/"},"sameAs":["https:\/\/www.facebook.com\/SUSTAvianFEED","https:\/\/www.linkedin.com\/groups\/12560654\/"]}]}},"_links":{"self":[{"href":"https:\/\/sustavianfeed.eu\/it\/wp-json\/wp\/v2\/pages\/1641","targetHints":{"allow":["GET"]}}],"collection":[{"href":"https:\/\/sustavianfeed.eu\/it\/wp-json\/wp\/v2\/pages"}],"about":[{"href":"https:\/\/sustavianfeed.eu\/it\/wp-json\/wp\/v2\/types\/page"}],"author":[{"embeddable":true,"href":"https:\/\/sustavianfeed.eu\/it\/wp-json\/wp\/v2\/users\/1"}],"replies":[{"embeddable":true,"href":"https:\/\/sustavianfeed.eu\/it\/wp-json\/wp\/v2\/comments?post=1641"}],"version-history":[{"count":2,"href":"https:\/\/sustavianfeed.eu\/it\/wp-json\/wp\/v2\/pages\/1641\/revisions"}],"predecessor-version":[{"id":1643,"href":"https:\/\/sustavianfeed.eu\/it\/wp-json\/wp\/v2\/pages\/1641\/revisions\/1643"}],"wp:attachment":[{"href":"https:\/\/sustavianfeed.eu\/it\/wp-json\/wp\/v2\/media?parent=1641"}],"curies":[{"name":"wp","href":"https:\/\/api.w.org\/{rel}","templated":true}]}}