{"id":1627,"date":"2021-10-20T09:50:42","date_gmt":"2021-10-20T09:50:42","guid":{"rendered":"https:\/\/www.sustavianfeed.eu\/avviso-legale\/"},"modified":"2021-10-20T09:50:46","modified_gmt":"2021-10-20T09:50:46","slug":"avviso-legale","status":"publish","type":"page","link":"https:\/\/sustavianfeed.eu\/it\/avviso-legale\/","title":{"rendered":"Avviso legale"},"content":{"rendered":"<div class=\"wpb-content-wrapper\"><p>[vc_row][vc_column][vc_column_text]<\/p>\n<h2>OGGETTO E ACCETTAZIONE.<\/h2>\n<p>La presente nota legale disciplina l&#8217;utilizzo del sito web www.sustavianfeed.eu, messo a vostra disposizione dal soggetto responsabile del sito web i cui dati identificativi sono:<\/p>\n<table>\n<tbody>\n<tr>\n<td>NOME:<\/td>\n<td>SAT N. 2439 ALIA<\/td>\n<\/tr>\n<tr>\n<td>NIF\/CIF:<\/td>\n<td>F30030753<\/td>\n<\/tr>\n<tr>\n<td>INDIRIZZO:<\/td>\n<td>IMMERSIONE. LA HOYA S\/N, APDO. 272, 30816 LORCA (MURCIA) SPAGNA.<\/td>\n<\/tr>\n<tr>\n<td>TELEFONO:<\/td>\n<td>968486700<\/td>\n<\/tr>\n<tr>\n<td>E-MAIL:<\/td>\n<td>info@sustavianfeed.eu<\/td>\n<\/tr>\n<\/tbody>\n<\/table>\n<p>Che di seguito potremmo chiamare &#8220;entit\u00e0&#8221;.<\/p>\n<p>Tuttavia, l&#8217;ente funge da coordinatore del progetto a cui partecipano i partner ei partner di cui alla sezione corrispondente, implicito nello sviluppo e nella gestione del progetto.<\/p>\n<p>La navigazione nel sito dell&#8217;ente attribuisce la condizione di utente dello stesso, e implica l&#8217;accettazione piena e senza riserve di tutte e ciascuna delle disposizioni contenute in questa nota legale, che pu\u00f2 essere modificata.<\/p>\n<p>L&#8217;utente si impegna a fare un uso corretto del sito Web in conformit\u00e0 con le leggi, la buona fede, l&#8217;ordine pubblico, gli usi del traffico e le presenti note legali. L&#8217;utente risponder\u00e0 nei confronti dell&#8217;ente o di terzi, degli eventuali danni che dovessero derivare dalla violazione di tale obbligo.<\/p>\n<h2>CONDIZIONI DI ACCESSO E UTILIZZO.<\/h2>\n<p>Il sito Web e i suoi servizi sono liberamente accessibili, tuttavia l&#8217;ente condiziona l&#8217;utilizzo di alcuni dei servizi offerti sul proprio sito Web previa compilazione del modulo corrispondente. L&#8217;utente garantisce l&#8217;autenticit\u00e0 e la tempestivit\u00e0 di tutti i dati che comunica all&#8217;ente e sar\u00e0 l&#8217;unico responsabile delle dichiarazioni inesatte o false che render\u00e0.<\/p>\n<p>L&#8217;utente accetta espressamente di fare un uso appropriato dei contenuti e dei servizi dell&#8217;entit\u00e0 e di non usarli per, tra l&#8217;altro:<\/p>\n<ol>\n<li>Diffondere contenuti criminali, violenti, pornografici, razzisti, xenofobi, offensivi, in difesa del terrorismo o, in generale, contrari alla legge o all&#8217;ordine pubblico.<\/li>\n<li>Introdurre virus informatici nella rete o compiere azioni che possano alterare, rovinare, interrompere o generare errori o danni a documenti elettronici, dati o sistemi fisici e logici dell&#8217;ente, o di terzi; nonch\u00e9 ostacolare l&#8217;accesso di altri utenti al sito Web e ai suoi servizi attraverso il consumo massiccio di risorse informatiche attraverso le quali l&#8217;ente fornisce i propri servizi.<\/li>\n<li>Tentare di accedere agli account di posta elettronica di altri utenti o ad aree riservate dei sistemi informatici dell&#8217;ente o di terzi e, se del caso, estrarre informazioni.<\/li>\n<li>Violare i diritti di propriet\u00e0 intellettuale o industriale, nonch\u00e9 violare la riservatezza delle informazioni dell&#8217;ente o di terzi.<\/li>\n<li>Impersonare l&#8217;identit\u00e0 di un altro utente, della pubblica amministrazione o di una terza parte.<\/li>\n<li>Riprodurre, copiare, distribuire, mettere a disposizione o in qualsiasi altro modo comunicare pubblicamente, trasformare o modificare i contenuti, a meno che non si disponga dell&#8217;autorizzazione del titolare dei diritti corrispondenti o sia legalmente consentito.<\/li>\n<li>Raccogliere dati per finalit\u00e0 pubblicitarie e per inviare pubblicit\u00e0 di qualsiasi genere e comunicazioni di vendita o altri scopi commerciali senza la tua preventiva richiesta o consenso.<\/li>\n<\/ol>\n<p>Tutti i contenuti del sito, quali testi, fotografie, grafici, immagini, icone, tecnologia, software, nonch\u00e9 la sua veste grafica e codici sorgente, costituiscono un&#8217;opera la cui propriet\u00e0 appartiene ai rispettivi proprietari, senza intendersi ceduti all&#8217;utente. dei diritti di sfruttamento sugli stessi al di l\u00e0 di quanto strettamente necessario per il corretto utilizzo del web.<\/p>\n<p>In definitiva, gli utenti che accedono a questo sito possono visionare i contenuti ed effettuarne, se del caso, copie private autorizzate, a condizione che gli elementi riprodotti non siano successivamente ceduti a terzi, n\u00e9 installati su server collegati in rete, n\u00e9 oggetto di alcun tipo di sfruttamento .<\/p>\n<p>Allo stesso modo, tutti i marchi, nomi commerciali o segni distintivi di qualsiasi genere che possono apparire sul sito Web sono di propriet\u00e0 dei rispettivi proprietari, senza che sia inteso che l&#8217;uso o l&#8217;accesso agli stessi attribuisca all&#8217;utente alcun diritto su di essi.<\/p>\n<p>Sono vietati la distribuzione, la modifica, il trasferimento o la comunicazione pubblica dei contenuti e ogni altro atto che non sia stato espressamente autorizzato dal titolare dei diritti di sfruttamento.<\/p>\n<p>L&#8217;istituzione di un collegamento ipertestuale non implica in alcun caso l&#8217;esistenza di rapporti tra l&#8217;ente e il proprietario del sito web su cui \u00e8 stabilito, n\u00e9 l&#8217;accettazione e l&#8217;approvazione da parte dell&#8217;ente dei suoi contenuti o servizi. Coloro che intendono stabilire un collegamento ipertestuale devono preventivamente richiedere l&#8217;autorizzazione scritta all&#8217;ente. In ogni caso, il collegamento ipertestuale consentir\u00e0 solo l&#8217;accesso alla home page del nostro sito web, e dovr\u00e0 altres\u00ec astenersi dal rendere dichiarazioni o indicazioni false o inesatte sull&#8217;ente, o includere contenuti illeciti, contrari al buon costume e all&#8217;ordine pubblico.<\/p>\n<p>L&#8217;entit\u00e0 non \u00e8 responsabile per l&#8217;uso che ciascun utente fa dei materiali messi a disposizione su questo sito Web o per le azioni eseguite sulla base di essi.<\/p>\n<h2>ESCLUSIONE DI GARANZIE E RESPONSABILITA&#8217;.<\/h2>\n<p>Il contenuto di questo sito Web \u00e8 di natura generale ed \u00e8 solo a scopo informativo, senza garantire pienamente l&#8217;accesso a tutti i contenuti, n\u00e9 la loro completezza, correttezza, validit\u00e0 o tempestivit\u00e0, o la loro idoneit\u00e0 o utilit\u00e0 per uno scopo specifico.<\/p>\n<p>L&#8217;ente esclude, per quanto consentito dall&#8217;ordinamento giuridico, ogni responsabilit\u00e0 per danni di qualsiasi natura derivanti da:<\/p>\n<ol>\n<li>L&#8217;impossibilit\u00e0 di accedere al sito web o la mancanza di veridicit\u00e0, accuratezza, completezza e\/o tempestivit\u00e0 del contenuto, nonch\u00e9 l&#8217;esistenza di vizi e difetti di ogni genere del contenuto trasmesso, diffuso, archiviato, messo a disposizione di coloro che \u00e8 stato effettuato l&#8217;accesso tramite il sito web o i servizi offerti.<\/li>\n<li>La presenza di virus o altri elementi malware nei contenuti che possono causare alterazioni nei sistemi informatici, documenti elettronici o dati dell&#8217;utente.<\/li>\n<li>Il mancato rispetto delle leggi, della buona fede, dell&#8217;ordine pubblico, del traffico e delle presenti note legali come conseguenza dell&#8217;uso scorretto del sito web. In particolare, ea titolo esemplificativo, l&#8217;ente non \u00e8 responsabile per le azioni di terzi che violino i diritti di propriet\u00e0 intellettuale e industriale, i diritti all&#8217;onore, la riservatezza personale e familiare e l&#8217;immagine stessa.<\/li>\n<\/ol>\n<p>Allo stesso modo, l&#8217;entit\u00e0 declina ogni responsabilit\u00e0 in merito alle informazioni che si trovano al di fuori di questo sito Web e non sono gestite direttamente dall&#8217;amministratore del nostro sito. La funzione dei link che compaiono su questo sito \u00e8 esclusivamente quella di informare l&#8217;utente dell&#8217;esistenza di altre fonti in grado di ampliare i contenuti offerti da questo sito.<\/p>\n<h2>PROCEDURA IN CASO DI SVOLGIMENTO DI ATTIVIT\u00c0 ILLECITE.<\/h2>\n<p>Nel caso in cui qualsiasi utente o terzo ritenga che vi siano fatti o circostanze che rivelino la natura illecita dell&#8217;utilizzo di qualsiasi contenuto e\/o dello svolgimento di qualsiasi attivit\u00e0 sulle pagine web incluse o accessibili tramite il sito web www.sustavianfeed .eu , devi inviare una notifica a info@sustavianfeed.eu identificandoti correttamente, specificando le presunte infrazioni e dichiarando espressamente e sotto la tua responsabilit\u00e0 che le informazioni fornite nella notifica sono corrette.<\/p>\n<p>Per tutte le controversie che riguardano il sito web dell&#8217;ente, si applicher\u00e0 la legislazione spagnola, con competenza dei Tribunali e dei Tribunali del domicilio dell&#8217;ente.<\/p>\n<h2>NOTIFICHE.<\/h2>\n<p>Tutte le notifiche e le comunicazioni tra utenti saranno considerate efficaci, a tutti gli effetti, quando effettuate tramite posta ordinaria, posta elettronica o comunicazione telefonica. Gli utenti devono contattare l&#8217;entit\u00e0 tramite uno dei mezzi di contatto indicati all&#8217;inizio di questo avviso legale.<\/p>\n<p>Questa nota legale \u00e8 stata rivista nell&#8217;ottobre 2021, quindi potrebbero esserci variazioni fino alla sua prossima revisione.[\/vc_column_text][\/vc_column][\/vc_row]<\/p>\n<\/div>","protected":false},"excerpt":{"rendered":"<p>[vc_row][vc_column][vc_column_text] OGGETTO E ACCETTAZIONE. La presente nota legale disciplina l&#8217;utilizzo del sito web www.sustavianfeed.eu, messo a vostra disposizione dal soggetto responsabile del sito web i cui dati identificativi sono: NOME: SAT N. 2439 ALIA NIF\/CIF: F30030753 INDIRIZZO: IMMERSIONE. LA HOYA S\/N, APDO. 272, 30816 LORCA (MURCIA) SPAGNA. TELEFONO: 968486700 E-MAIL: info@sustavianfeed.eu Che di seguito potremmo [&hellip;]<\/p>\n","protected":false},"author":1,"featured_media":0,"parent":0,"menu_order":0,"comment_status":"closed","ping_status":"closed","template":"","meta":{"footnotes":""},"class_list":["post-1627","page","type-page","status-publish","hentry"],"yoast_head":"<!-- This site is optimized with the Yoast SEO plugin v26.4 - https:\/\/yoast.com\/wordpress\/plugins\/seo\/ -->\n<title>Avviso legale - SUSTAvianFEED<\/title>\n<meta name=\"robots\" content=\"index, follow, max-snippet:-1, max-image-preview:large, max-video-preview:-1\" \/>\n<link rel=\"canonical\" href=\"https:\/\/sustavianfeed.eu\/it\/avviso-legale\/\" \/>\n<meta property=\"og:locale\" content=\"it_IT\" \/>\n<meta property=\"og:type\" content=\"article\" \/>\n<meta property=\"og:title\" content=\"Avviso legale - SUSTAvianFEED\" \/>\n<meta property=\"og:description\" content=\"[vc_row][vc_column][vc_column_text] OGGETTO E ACCETTAZIONE. La presente nota legale disciplina l&#8217;utilizzo del sito web www.sustavianfeed.eu, messo a vostra disposizione dal soggetto responsabile del sito web i cui dati identificativi sono: NOME: SAT N. 2439 ALIA NIF\/CIF: F30030753 INDIRIZZO: IMMERSIONE. LA HOYA S\/N, APDO. 272, 30816 LORCA (MURCIA) SPAGNA. TELEFONO: 968486700 E-MAIL: info@sustavianfeed.eu Che di seguito potremmo [&hellip;]\" \/>\n<meta property=\"og:url\" content=\"https:\/\/sustavianfeed.eu\/it\/avviso-legale\/\" \/>\n<meta property=\"og:site_name\" content=\"SUSTAvianFEED\" \/>\n<meta property=\"article:publisher\" content=\"https:\/\/www.facebook.com\/SUSTAvianFEED\" \/>\n<meta property=\"article:modified_time\" content=\"2021-10-20T09:50:46+00:00\" \/>\n<meta name=\"twitter:card\" content=\"summary_large_image\" \/>\n<meta name=\"twitter:label1\" content=\"Tempo di lettura stimato\" \/>\n\t<meta name=\"twitter:data1\" content=\"6 minuti\" \/>\n<script type=\"application\/ld+json\" class=\"yoast-schema-graph\">{\"@context\":\"https:\/\/schema.org\",\"@graph\":[{\"@type\":\"WebPage\",\"@id\":\"https:\/\/sustavianfeed.eu\/it\/avviso-legale\/\",\"url\":\"https:\/\/sustavianfeed.eu\/it\/avviso-legale\/\",\"name\":\"Avviso legale - SUSTAvianFEED\",\"isPartOf\":{\"@id\":\"https:\/\/sustavianfeed.eu\/it\/#website\"},\"datePublished\":\"2021-10-20T09:50:42+00:00\",\"dateModified\":\"2021-10-20T09:50:46+00:00\",\"breadcrumb\":{\"@id\":\"https:\/\/sustavianfeed.eu\/it\/avviso-legale\/#breadcrumb\"},\"inLanguage\":\"it-IT\",\"potentialAction\":[{\"@type\":\"ReadAction\",\"target\":[\"https:\/\/sustavianfeed.eu\/it\/avviso-legale\/\"]}]},{\"@type\":\"BreadcrumbList\",\"@id\":\"https:\/\/sustavianfeed.eu\/it\/avviso-legale\/#breadcrumb\",\"itemListElement\":[{\"@type\":\"ListItem\",\"position\":1,\"name\":\"Home\",\"item\":\"https:\/\/sustavianfeed.eu\/it\/\"},{\"@type\":\"ListItem\",\"position\":2,\"name\":\"Avviso legale\"}]},{\"@type\":\"WebSite\",\"@id\":\"https:\/\/sustavianfeed.eu\/it\/#website\",\"url\":\"https:\/\/sustavianfeed.eu\/it\/\",\"name\":\"SUSTAvianFEED\",\"description\":\"Innovative and sustainable poultry feedings programs\",\"publisher\":{\"@id\":\"https:\/\/sustavianfeed.eu\/it\/#organization\"},\"potentialAction\":[{\"@type\":\"SearchAction\",\"target\":{\"@type\":\"EntryPoint\",\"urlTemplate\":\"https:\/\/sustavianfeed.eu\/it\/?s={search_term_string}\"},\"query-input\":{\"@type\":\"PropertyValueSpecification\",\"valueRequired\":true,\"valueName\":\"search_term_string\"}}],\"inLanguage\":\"it-IT\"},{\"@type\":\"Organization\",\"@id\":\"https:\/\/sustavianfeed.eu\/it\/#organization\",\"name\":\"SUSTAvianFEED\",\"url\":\"https:\/\/sustavianfeed.eu\/it\/\",\"logo\":{\"@type\":\"ImageObject\",\"inLanguage\":\"it-IT\",\"@id\":\"https:\/\/sustavianfeed.eu\/it\/#\/schema\/logo\/image\/\",\"url\":\"https:\/\/sustavianfeed.eu\/wp-content\/uploads\/2021\/09\/LOGO_SUSTavianFEED_color-footer.png\",\"contentUrl\":\"https:\/\/sustavianfeed.eu\/wp-content\/uploads\/2021\/09\/LOGO_SUSTavianFEED_color-footer.png\",\"width\":400,\"height\":286,\"caption\":\"SUSTAvianFEED\"},\"image\":{\"@id\":\"https:\/\/sustavianfeed.eu\/it\/#\/schema\/logo\/image\/\"},\"sameAs\":[\"https:\/\/www.facebook.com\/SUSTAvianFEED\",\"https:\/\/www.linkedin.com\/groups\/12560654\/\"]}]}<\/script>\n<!-- \/ Yoast SEO plugin. -->","yoast_head_json":{"title":"Avviso legale - SUSTAvianFEED","robots":{"index":"index","follow":"follow","max-snippet":"max-snippet:-1","max-image-preview":"max-image-preview:large","max-video-preview":"max-video-preview:-1"},"canonical":"https:\/\/sustavianfeed.eu\/it\/avviso-legale\/","og_locale":"it_IT","og_type":"article","og_title":"Avviso legale - SUSTAvianFEED","og_description":"[vc_row][vc_column][vc_column_text] OGGETTO E ACCETTAZIONE. La presente nota legale disciplina l&#8217;utilizzo del sito web www.sustavianfeed.eu, messo a vostra disposizione dal soggetto responsabile del sito web i cui dati identificativi sono: NOME: SAT N. 2439 ALIA NIF\/CIF: F30030753 INDIRIZZO: IMMERSIONE. LA HOYA S\/N, APDO. 272, 30816 LORCA (MURCIA) SPAGNA. TELEFONO: 968486700 E-MAIL: info@sustavianfeed.eu Che di seguito potremmo [&hellip;]","og_url":"https:\/\/sustavianfeed.eu\/it\/avviso-legale\/","og_site_name":"SUSTAvianFEED","article_publisher":"https:\/\/www.facebook.com\/SUSTAvianFEED","article_modified_time":"2021-10-20T09:50:46+00:00","twitter_card":"summary_large_image","twitter_misc":{"Tempo di lettura stimato":"6 minuti"},"schema":{"@context":"https:\/\/schema.org","@graph":[{"@type":"WebPage","@id":"https:\/\/sustavianfeed.eu\/it\/avviso-legale\/","url":"https:\/\/sustavianfeed.eu\/it\/avviso-legale\/","name":"Avviso legale - SUSTAvianFEED","isPartOf":{"@id":"https:\/\/sustavianfeed.eu\/it\/#website"},"datePublished":"2021-10-20T09:50:42+00:00","dateModified":"2021-10-20T09:50:46+00:00","breadcrumb":{"@id":"https:\/\/sustavianfeed.eu\/it\/avviso-legale\/#breadcrumb"},"inLanguage":"it-IT","potentialAction":[{"@type":"ReadAction","target":["https:\/\/sustavianfeed.eu\/it\/avviso-legale\/"]}]},{"@type":"BreadcrumbList","@id":"https:\/\/sustavianfeed.eu\/it\/avviso-legale\/#breadcrumb","itemListElement":[{"@type":"ListItem","position":1,"name":"Home","item":"https:\/\/sustavianfeed.eu\/it\/"},{"@type":"ListItem","position":2,"name":"Avviso legale"}]},{"@type":"WebSite","@id":"https:\/\/sustavianfeed.eu\/it\/#website","url":"https:\/\/sustavianfeed.eu\/it\/","name":"SUSTAvianFEED","description":"Innovative and sustainable poultry feedings programs","publisher":{"@id":"https:\/\/sustavianfeed.eu\/it\/#organization"},"potentialAction":[{"@type":"SearchAction","target":{"@type":"EntryPoint","urlTemplate":"https:\/\/sustavianfeed.eu\/it\/?s={search_term_string}"},"query-input":{"@type":"PropertyValueSpecification","valueRequired":true,"valueName":"search_term_string"}}],"inLanguage":"it-IT"},{"@type":"Organization","@id":"https:\/\/sustavianfeed.eu\/it\/#organization","name":"SUSTAvianFEED","url":"https:\/\/sustavianfeed.eu\/it\/","logo":{"@type":"ImageObject","inLanguage":"it-IT","@id":"https:\/\/sustavianfeed.eu\/it\/#\/schema\/logo\/image\/","url":"https:\/\/sustavianfeed.eu\/wp-content\/uploads\/2021\/09\/LOGO_SUSTavianFEED_color-footer.png","contentUrl":"https:\/\/sustavianfeed.eu\/wp-content\/uploads\/2021\/09\/LOGO_SUSTavianFEED_color-footer.png","width":400,"height":286,"caption":"SUSTAvianFEED"},"image":{"@id":"https:\/\/sustavianfeed.eu\/it\/#\/schema\/logo\/image\/"},"sameAs":["https:\/\/www.facebook.com\/SUSTAvianFEED","https:\/\/www.linkedin.com\/groups\/12560654\/"]}]}},"_links":{"self":[{"href":"https:\/\/sustavianfeed.eu\/it\/wp-json\/wp\/v2\/pages\/1627","targetHints":{"allow":["GET"]}}],"collection":[{"href":"https:\/\/sustavianfeed.eu\/it\/wp-json\/wp\/v2\/pages"}],"about":[{"href":"https:\/\/sustavianfeed.eu\/it\/wp-json\/wp\/v2\/types\/page"}],"author":[{"embeddable":true,"href":"https:\/\/sustavianfeed.eu\/it\/wp-json\/wp\/v2\/users\/1"}],"replies":[{"embeddable":true,"href":"https:\/\/sustavianfeed.eu\/it\/wp-json\/wp\/v2\/comments?post=1627"}],"version-history":[{"count":2,"href":"https:\/\/sustavianfeed.eu\/it\/wp-json\/wp\/v2\/pages\/1627\/revisions"}],"predecessor-version":[{"id":1629,"href":"https:\/\/sustavianfeed.eu\/it\/wp-json\/wp\/v2\/pages\/1627\/revisions\/1629"}],"wp:attachment":[{"href":"https:\/\/sustavianfeed.eu\/it\/wp-json\/wp\/v2\/media?parent=1627"}],"curies":[{"name":"wp","href":"https:\/\/api.w.org\/{rel}","templated":true}]}}