{"id":1421,"date":"2021-10-01T12:15:33","date_gmt":"2021-10-01T12:15:33","guid":{"rendered":"http:\/\/www.sustavianfeed.eu\/progetto\/implementazione\/"},"modified":"2021-10-01T12:15:34","modified_gmt":"2021-10-01T12:15:34","slug":"implementazione","status":"publish","type":"page","link":"https:\/\/sustavianfeed.eu\/it\/progetto\/implementazione\/","title":{"rendered":"Implementazione"},"content":{"rendered":"<div class=\"wpb-content-wrapper\"><p>[vc_row el_class=&#8221;py-4 justify-content-center&#8221;][vc_column el_class=&#8221;mb-5 mb-md-0&#8243;]<div class=\"porto-animation overflow-hidden mb-2\" >[vc_custom_heading text=&#8221;IMPLEMENTAZIONE&#8221; font_container=&#8221;tag:p|text_align:center|color:%23acb4be|line_height:1&#8243; use_theme_fonts=&#8221;yes&#8221; text_transform=&#8221;text-uppercase&#8221; font_weight=&#8221;700&#8243; animation_delay=&#8221;600&#8243; el_class=&#8221;mb-0&#8243; animation_type=&#8221;maskUp&#8221;]<\/div><div class=\"porto-animation overflow-hidden mb-4\" >[vc_custom_heading text=&#8221;Il progetto SUSTavianFEED \u00e8 strutturato in cinque Work Package.&#8221; font_container=&#8221;tag:h2|font_size:2.3em|text_align:center|line_height:1.2&#8243; use_theme_fonts=&#8221;yes&#8221; animation_delay=&#8221;800&#8243; el_class=&#8221;mb-0&#8243; animation_type=&#8221;maskUp&#8221; css=&#8221;.vc_custom_1632912991162{margin-bottom: 30px !important;}&#8221;]<\/div>[vc_row_inner][vc_column_inner el_class=&#8221;columna-movil-01&#8243; width=&#8221;1\/4&#8243; animation_delay=&#8221;900&#8243; animation_type=&#8221;maskUp&#8221;][vc_custom_heading text=&#8221;WP1 (ALIA)&#8221; font_container=&#8221;tag:h3|font_size:1.2em|text_align:right&#8221; use_theme_fonts=&#8221;yes&#8221; css=&#8221;.vc_custom_1632482608820{margin-bottom: 0px !important;}&#8221;][vc_column_text]<\/p>\n<p style=\"text-align: right;\">\u00e8 focalizzato sulle attivit\u00e0 di gestione e coordinamento del progetto complessivo. Durer\u00e0 l&#8217;intera realizzazione del progetto.<\/p>\n<p>[\/vc_column_text][vc_custom_heading text=&#8221;WP2 (UMU) e WP3 (EGE)&#8221; font_container=&#8221;tag:h3|font_size:1.2em|text_align:right&#8221; use_theme_fonts=&#8221;yes&#8221; css=&#8221;.vc_custom_1632482658939{margin-bottom: 0px !important;}&#8221;][vc_column_text]<\/p>\n<p style=\"text-align: right;\">si concentrano rispettivamente sullo sviluppo di mangimi alternativi per pollame e sull&#8217;implementazione pilota. Questi due WP saranno implementati considerando criteri ambientali, sociali ed economici. Lo sviluppo del mangime alternativo per il pollame inizier\u00e0 con l&#8217;inizio del progetto. Dopo la sua elaborazione, seguir\u00e0 l&#8217;implementazione del progetto pilota.<\/p>\n<p>[\/vc_column_text][\/vc_column_inner][vc_column_inner el_class=&#8221;columna-movil-02&#8243; width=&#8221;1\/2&#8243;][vc_single_image image=&#8221;1222&#8243; img_size=&#8221;full&#8221; alignment=&#8221;center&#8221; animation_delay=&#8221;800&#8243; animation_type=&#8221;zoomIn&#8221;][\/vc_column_inner][vc_column_inner el_class=&#8221;columna-movil-03&#8243; width=&#8221;1\/4&#8243; animation_delay=&#8221;900&#8243; animation_type=&#8221;maskUp&#8221;][vc_custom_heading text=&#8221;WP4 (ALIA)&#8221; font_container=&#8221;tag:h3|font_size:1.2em|text_align:left&#8221; use_theme_fonts=&#8221;yes&#8221; css=&#8221;.vc_custom_1632482672331{margin-bottom: 0px !important;}&#8221;][vc_column_text]presenta l&#8217;interazione delle parti interessate e il coinvolgimento dell&#8217;utente finale, che sar\u00e0 strettamente correlato all&#8217;intera implementazione del progetto in un processo iterativo che coinvolger\u00e0 gli attori rilevanti della catena di approvvigionamento. Le interrelazioni tra i WP sono ulteriormente spiegate nella descrizione del pacchetto di lavoro.[\/vc_column_text][vc_custom_heading text=&#8221;WP5 (SLOWFOOD)&#8221; font_container=&#8221;tag:h3|font_size:1.2em|text_align:left&#8221; use_theme_fonts=&#8221;yes&#8221; css=&#8221;.vc_custom_1632482686891{margin-bottom: 0px !important;}&#8221;][vc_column_text]sar\u00e0 incentrato sulle attivit\u00e0 di sfruttamento, diffusione e comunicazione, al fine di coinvolgere un gran numero di pubblici diversi e promuovere ulteriori attivit\u00e0 di replica del progetto. Questo pacchetto di lavoro sar\u00e0 sviluppato durante l&#8217;intera implementazione del progetto.[\/vc_column_text][\/vc_column_inner][\/vc_row_inner][\/vc_column][\/vc_row]<\/p>\n<\/div>","protected":false},"excerpt":{"rendered":"<p>[vc_row el_class=&#8221;py-4 justify-content-center&#8221;][vc_column el_class=&#8221;mb-5 mb-md-0&#8243;][vc_row_inner][vc_column_inner el_class=&#8221;columna-movil-01&#8243; width=&#8221;1\/4&#8243; animation_delay=&#8221;900&#8243; animation_type=&#8221;maskUp&#8221;][vc_custom_heading text=&#8221;WP1 (ALIA)&#8221; font_container=&#8221;tag:h3|font_size:1.2em|text_align:right&#8221; use_theme_fonts=&#8221;yes&#8221; css=&#8221;.vc_custom_1632482608820{margin-bottom: 0px !important;}&#8221;][vc_column_text] \u00e8 focalizzato sulle attivit\u00e0 di gestione e coordinamento del progetto complessivo. Durer\u00e0 l&#8217;intera realizzazione del progetto. [\/vc_column_text][vc_custom_heading text=&#8221;WP2 (UMU) e WP3 (EGE)&#8221; font_container=&#8221;tag:h3|font_size:1.2em|text_align:right&#8221; use_theme_fonts=&#8221;yes&#8221; css=&#8221;.vc_custom_1632482658939{margin-bottom: 0px !important;}&#8221;][vc_column_text] si concentrano rispettivamente sullo sviluppo di mangimi alternativi per pollame e sull&#8217;implementazione [&hellip;]<\/p>\n","protected":false},"author":1,"featured_media":0,"parent":1393,"menu_order":0,"comment_status":"closed","ping_status":"closed","template":"","meta":{"footnotes":""},"class_list":["post-1421","page","type-page","status-publish","hentry"],"yoast_head":"<!-- This site is optimized with the Yoast SEO plugin v26.4 - https:\/\/yoast.com\/wordpress\/plugins\/seo\/ -->\n<title>Implementazione - SUSTAvianFEED<\/title>\n<meta name=\"robots\" content=\"index, follow, max-snippet:-1, max-image-preview:large, max-video-preview:-1\" \/>\n<link rel=\"canonical\" href=\"https:\/\/sustavianfeed.eu\/it\/progetto\/implementazione\/\" \/>\n<meta property=\"og:locale\" content=\"it_IT\" \/>\n<meta property=\"og:type\" content=\"article\" \/>\n<meta property=\"og:title\" content=\"Implementazione - SUSTAvianFEED\" \/>\n<meta property=\"og:description\" content=\"[vc_row el_class=&#8221;py-4 justify-content-center&#8221;][vc_column el_class=&#8221;mb-5 mb-md-0&#8243;][vc_row_inner][vc_column_inner el_class=&#8221;columna-movil-01&#8243; width=&#8221;1\/4&#8243; animation_delay=&#8221;900&#8243; animation_type=&#8221;maskUp&#8221;][vc_custom_heading text=&#8221;WP1 (ALIA)&#8221; font_container=&#8221;tag:h3|font_size:1.2em|text_align:right&#8221; use_theme_fonts=&#8221;yes&#8221; css=&#8221;.vc_custom_1632482608820{margin-bottom: 0px !important;}&#8221;][vc_column_text] \u00e8 focalizzato sulle attivit\u00e0 di gestione e coordinamento del progetto complessivo. Durer\u00e0 l&#8217;intera realizzazione del progetto. [\/vc_column_text][vc_custom_heading text=&#8221;WP2 (UMU) e WP3 (EGE)&#8221; font_container=&#8221;tag:h3|font_size:1.2em|text_align:right&#8221; use_theme_fonts=&#8221;yes&#8221; css=&#8221;.vc_custom_1632482658939{margin-bottom: 0px !important;}&#8221;][vc_column_text] si concentrano rispettivamente sullo sviluppo di mangimi alternativi per pollame e sull&#8217;implementazione [&hellip;]\" \/>\n<meta property=\"og:url\" content=\"https:\/\/sustavianfeed.eu\/it\/progetto\/implementazione\/\" \/>\n<meta property=\"og:site_name\" content=\"SUSTAvianFEED\" \/>\n<meta property=\"article:publisher\" content=\"https:\/\/www.facebook.com\/SUSTAvianFEED\" \/>\n<meta property=\"article:modified_time\" content=\"2021-10-01T12:15:34+00:00\" \/>\n<meta name=\"twitter:card\" content=\"summary_large_image\" \/>\n<meta name=\"twitter:label1\" content=\"Tempo di lettura stimato\" \/>\n\t<meta name=\"twitter:data1\" content=\"2 minuti\" \/>\n<script type=\"application\/ld+json\" class=\"yoast-schema-graph\">{\"@context\":\"https:\/\/schema.org\",\"@graph\":[{\"@type\":\"WebPage\",\"@id\":\"https:\/\/sustavianfeed.eu\/it\/progetto\/implementazione\/\",\"url\":\"https:\/\/sustavianfeed.eu\/it\/progetto\/implementazione\/\",\"name\":\"Implementazione - SUSTAvianFEED\",\"isPartOf\":{\"@id\":\"https:\/\/sustavianfeed.eu\/it\/#website\"},\"datePublished\":\"2021-10-01T12:15:33+00:00\",\"dateModified\":\"2021-10-01T12:15:34+00:00\",\"breadcrumb\":{\"@id\":\"https:\/\/sustavianfeed.eu\/it\/progetto\/implementazione\/#breadcrumb\"},\"inLanguage\":\"it-IT\",\"potentialAction\":[{\"@type\":\"ReadAction\",\"target\":[\"https:\/\/sustavianfeed.eu\/it\/progetto\/implementazione\/\"]}]},{\"@type\":\"BreadcrumbList\",\"@id\":\"https:\/\/sustavianfeed.eu\/it\/progetto\/implementazione\/#breadcrumb\",\"itemListElement\":[{\"@type\":\"ListItem\",\"position\":1,\"name\":\"Home\",\"item\":\"https:\/\/sustavianfeed.eu\/it\/\"},{\"@type\":\"ListItem\",\"position\":2,\"name\":\"Progetto\",\"item\":\"https:\/\/sustavianfeed.eu\/it\/progetto\/\"},{\"@type\":\"ListItem\",\"position\":3,\"name\":\"Implementazione\"}]},{\"@type\":\"WebSite\",\"@id\":\"https:\/\/sustavianfeed.eu\/it\/#website\",\"url\":\"https:\/\/sustavianfeed.eu\/it\/\",\"name\":\"SUSTAvianFEED\",\"description\":\"Innovative and sustainable poultry feedings programs\",\"publisher\":{\"@id\":\"https:\/\/sustavianfeed.eu\/it\/#organization\"},\"potentialAction\":[{\"@type\":\"SearchAction\",\"target\":{\"@type\":\"EntryPoint\",\"urlTemplate\":\"https:\/\/sustavianfeed.eu\/it\/?s={search_term_string}\"},\"query-input\":{\"@type\":\"PropertyValueSpecification\",\"valueRequired\":true,\"valueName\":\"search_term_string\"}}],\"inLanguage\":\"it-IT\"},{\"@type\":\"Organization\",\"@id\":\"https:\/\/sustavianfeed.eu\/it\/#organization\",\"name\":\"SUSTAvianFEED\",\"url\":\"https:\/\/sustavianfeed.eu\/it\/\",\"logo\":{\"@type\":\"ImageObject\",\"inLanguage\":\"it-IT\",\"@id\":\"https:\/\/sustavianfeed.eu\/it\/#\/schema\/logo\/image\/\",\"url\":\"https:\/\/sustavianfeed.eu\/wp-content\/uploads\/2021\/09\/LOGO_SUSTavianFEED_color-footer.png\",\"contentUrl\":\"https:\/\/sustavianfeed.eu\/wp-content\/uploads\/2021\/09\/LOGO_SUSTavianFEED_color-footer.png\",\"width\":400,\"height\":286,\"caption\":\"SUSTAvianFEED\"},\"image\":{\"@id\":\"https:\/\/sustavianfeed.eu\/it\/#\/schema\/logo\/image\/\"},\"sameAs\":[\"https:\/\/www.facebook.com\/SUSTAvianFEED\",\"https:\/\/www.linkedin.com\/groups\/12560654\/\"]}]}<\/script>\n<!-- \/ Yoast SEO plugin. -->","yoast_head_json":{"title":"Implementazione - SUSTAvianFEED","robots":{"index":"index","follow":"follow","max-snippet":"max-snippet:-1","max-image-preview":"max-image-preview:large","max-video-preview":"max-video-preview:-1"},"canonical":"https:\/\/sustavianfeed.eu\/it\/progetto\/implementazione\/","og_locale":"it_IT","og_type":"article","og_title":"Implementazione - SUSTAvianFEED","og_description":"[vc_row el_class=&#8221;py-4 justify-content-center&#8221;][vc_column el_class=&#8221;mb-5 mb-md-0&#8243;][vc_row_inner][vc_column_inner el_class=&#8221;columna-movil-01&#8243; width=&#8221;1\/4&#8243; animation_delay=&#8221;900&#8243; animation_type=&#8221;maskUp&#8221;][vc_custom_heading text=&#8221;WP1 (ALIA)&#8221; font_container=&#8221;tag:h3|font_size:1.2em|text_align:right&#8221; use_theme_fonts=&#8221;yes&#8221; css=&#8221;.vc_custom_1632482608820{margin-bottom: 0px !important;}&#8221;][vc_column_text] \u00e8 focalizzato sulle attivit\u00e0 di gestione e coordinamento del progetto complessivo. Durer\u00e0 l&#8217;intera realizzazione del progetto. [\/vc_column_text][vc_custom_heading text=&#8221;WP2 (UMU) e WP3 (EGE)&#8221; font_container=&#8221;tag:h3|font_size:1.2em|text_align:right&#8221; use_theme_fonts=&#8221;yes&#8221; css=&#8221;.vc_custom_1632482658939{margin-bottom: 0px !important;}&#8221;][vc_column_text] si concentrano rispettivamente sullo sviluppo di mangimi alternativi per pollame e sull&#8217;implementazione [&hellip;]","og_url":"https:\/\/sustavianfeed.eu\/it\/progetto\/implementazione\/","og_site_name":"SUSTAvianFEED","article_publisher":"https:\/\/www.facebook.com\/SUSTAvianFEED","article_modified_time":"2021-10-01T12:15:34+00:00","twitter_card":"summary_large_image","twitter_misc":{"Tempo di lettura stimato":"2 minuti"},"schema":{"@context":"https:\/\/schema.org","@graph":[{"@type":"WebPage","@id":"https:\/\/sustavianfeed.eu\/it\/progetto\/implementazione\/","url":"https:\/\/sustavianfeed.eu\/it\/progetto\/implementazione\/","name":"Implementazione - SUSTAvianFEED","isPartOf":{"@id":"https:\/\/sustavianfeed.eu\/it\/#website"},"datePublished":"2021-10-01T12:15:33+00:00","dateModified":"2021-10-01T12:15:34+00:00","breadcrumb":{"@id":"https:\/\/sustavianfeed.eu\/it\/progetto\/implementazione\/#breadcrumb"},"inLanguage":"it-IT","potentialAction":[{"@type":"ReadAction","target":["https:\/\/sustavianfeed.eu\/it\/progetto\/implementazione\/"]}]},{"@type":"BreadcrumbList","@id":"https:\/\/sustavianfeed.eu\/it\/progetto\/implementazione\/#breadcrumb","itemListElement":[{"@type":"ListItem","position":1,"name":"Home","item":"https:\/\/sustavianfeed.eu\/it\/"},{"@type":"ListItem","position":2,"name":"Progetto","item":"https:\/\/sustavianfeed.eu\/it\/progetto\/"},{"@type":"ListItem","position":3,"name":"Implementazione"}]},{"@type":"WebSite","@id":"https:\/\/sustavianfeed.eu\/it\/#website","url":"https:\/\/sustavianfeed.eu\/it\/","name":"SUSTAvianFEED","description":"Innovative and sustainable poultry feedings programs","publisher":{"@id":"https:\/\/sustavianfeed.eu\/it\/#organization"},"potentialAction":[{"@type":"SearchAction","target":{"@type":"EntryPoint","urlTemplate":"https:\/\/sustavianfeed.eu\/it\/?s={search_term_string}"},"query-input":{"@type":"PropertyValueSpecification","valueRequired":true,"valueName":"search_term_string"}}],"inLanguage":"it-IT"},{"@type":"Organization","@id":"https:\/\/sustavianfeed.eu\/it\/#organization","name":"SUSTAvianFEED","url":"https:\/\/sustavianfeed.eu\/it\/","logo":{"@type":"ImageObject","inLanguage":"it-IT","@id":"https:\/\/sustavianfeed.eu\/it\/#\/schema\/logo\/image\/","url":"https:\/\/sustavianfeed.eu\/wp-content\/uploads\/2021\/09\/LOGO_SUSTavianFEED_color-footer.png","contentUrl":"https:\/\/sustavianfeed.eu\/wp-content\/uploads\/2021\/09\/LOGO_SUSTavianFEED_color-footer.png","width":400,"height":286,"caption":"SUSTAvianFEED"},"image":{"@id":"https:\/\/sustavianfeed.eu\/it\/#\/schema\/logo\/image\/"},"sameAs":["https:\/\/www.facebook.com\/SUSTAvianFEED","https:\/\/www.linkedin.com\/groups\/12560654\/"]}]}},"_links":{"self":[{"href":"https:\/\/sustavianfeed.eu\/it\/wp-json\/wp\/v2\/pages\/1421","targetHints":{"allow":["GET"]}}],"collection":[{"href":"https:\/\/sustavianfeed.eu\/it\/wp-json\/wp\/v2\/pages"}],"about":[{"href":"https:\/\/sustavianfeed.eu\/it\/wp-json\/wp\/v2\/types\/page"}],"author":[{"embeddable":true,"href":"https:\/\/sustavianfeed.eu\/it\/wp-json\/wp\/v2\/users\/1"}],"replies":[{"embeddable":true,"href":"https:\/\/sustavianfeed.eu\/it\/wp-json\/wp\/v2\/comments?post=1421"}],"version-history":[{"count":3,"href":"https:\/\/sustavianfeed.eu\/it\/wp-json\/wp\/v2\/pages\/1421\/revisions"}],"predecessor-version":[{"id":1424,"href":"https:\/\/sustavianfeed.eu\/it\/wp-json\/wp\/v2\/pages\/1421\/revisions\/1424"}],"up":[{"embeddable":true,"href":"https:\/\/sustavianfeed.eu\/it\/wp-json\/wp\/v2\/pages\/1393"}],"wp:attachment":[{"href":"https:\/\/sustavianfeed.eu\/it\/wp-json\/wp\/v2\/media?parent=1421"}],"curies":[{"name":"wp","href":"https:\/\/api.w.org\/{rel}","templated":true}]}}