{"id":3081,"date":"2023-09-27T09:23:16","date_gmt":"2023-09-27T09:23:16","guid":{"rendered":"https:\/\/www.sustavianfeed.eu\/projets-similaires\/"},"modified":"2023-09-27T09:23:17","modified_gmt":"2023-09-27T09:23:17","slug":"projets-similaires","status":"publish","type":"page","link":"https:\/\/sustavianfeed.eu\/fr\/projets-similaires\/","title":{"rendered":"Projets similaires"},"content":{"rendered":"<div class=\"wpb-content-wrapper\"><p>[vc_row equal_height=\u00a0\u00bbyes\u00a0\u00bb content_placement=\u00a0\u00bbbottom\u00a0\u00bb conditional_render=\u00a0\u00bb%5B%7B%22value_role%22%3A%22administrator%22%7D%5D\u00a0\u00bb css=\u00a0\u00bb.vc_custom_1695803049600{margin-bottom: 40px !important;padding-top: 20px !important;background-color: #f7f7f7 !important;}\u00a0\u00bb animation_type=\u00a0\u00bbfadeInUp\u00a0\u00bb][vc_column text_align=\u00a0\u00bbcenter\u00a0\u00bb conditional_render=\u00a0\u00bb%5B%7B%22value_role%22%3A%22administrator%22%7D%5D\u00a0\u00bb offset=\u00a0\u00bbvc_col-xl-4&Prime;][vc_single_image image=\u00a0\u00bb3043&Prime; img_size=\u00a0\u00bb400&#215;400&Prime; alignment=\u00a0\u00bbcenter\u00a0\u00bb style=\u00a0\u00bbvc_box_border_circle\u00a0\u00bb][\/vc_column][vc_column offset=\u00a0\u00bbvc_col-xl-8 vc_col-md-12&Prime; conditional_render=\u00a0\u00bb%5B%7B%22value_role%22%3A%22administrator%22%7D%5D\u00a0\u00bb]<div class=\"porto-u-heading  wpb_custom_95aa9a11c17ad45cfabaf210d84ee7cc porto-u-9120 \"><div class=\"porto-u-main-heading\"><h2 data-plugin-animated-words data-plugin-options=\"{&quot;startDelay&quot;:0,&quot;minWindowWidth&quot;:0,&quot;animationName&quot;:&quot;fadeIn&quot;,&quot;contentType&quot;:&quot;word&quot;}\"  style=\"color:#c7d162;\">ADVAGROMED<\/h2><\/div><div class=\"porto-u-sub-heading\" style=\"color: #e6684d;\">Approches AGRO\u00e9cologiques avanc\u00e9es bas\u00e9es sur l&rsquo;int\u00e9gration de l&rsquo;\u00e9levage d&rsquo;insectes avec les pratiques locales sur le terrain dans les pays m\u00e9diterran\u00e9ens et les associations situ\u00e9es dans les pays m\u00e9diterran\u00e9ens<\/div><style>.porto-u-9120.porto-u-heading{text-align:left}<\/style><\/div>[vc_separator color=\u00a0\u00bbcustom\u00a0\u00bb align=\u00a0\u00bbalign_left\u00a0\u00bb border_width=\u00a0\u00bb4&Prime; el_width=\u00a0\u00bb20&Prime; style=\u00a0\u00bbsolid\u00a0\u00bb accent_color=\u00a0\u00bb#a7d6d6&Prime;][vc_column_text]<strong>Description :<\/strong><br \/>\nADVAGROMED a pour objectif de d\u00e9velopper, d&rsquo;\u00e9valuer et de promouvoir &#8211; par le biais d&rsquo;une recherche collaborative &#8211; un syst\u00e8me de culture innovant adapt\u00e9 aux conditions uniques de la M\u00e9diterran\u00e9e, en exploitant les avantages de la production d&rsquo;insectes en conjonction avec les principes agro\u00e9cologiques de base. Pour atteindre cet objectif, ADVAGROMED vise \u00e0 utiliser les insectes comme bioconvertisseurs de sous-produits locaux et \u00e0 exploiter les principaux produits des insectes (\u00e9cume et larves vivantes) dans une perspective agro\u00e9cologique, afin de faire de ce nouveau syst\u00e8me de culture un syst\u00e8me de production viable pour les agriculteurs et les associations situ\u00e9s dans les pays m\u00e9diterran\u00e9ens.<\/p>\n<p><strong>Int\u00e9r\u00eat pour le projet :<\/strong><br \/>\nLe projet repr\u00e9sente une innovation en termes d&rsquo;utilisation des insectes dans le secteur agroalimentaire. Il compl\u00e8te ainsi les connaissances du projet SUSTAvianFEED pour une plus grande durabilit\u00e9 du secteur gr\u00e2ce \u00e0 l&rsquo;utilisation d&rsquo;insectes.[\/vc_column_text]<div class=\"porto-btn-ctn-left \"><a class=\"porto-btn porto-adjust-bottom-margin porto-btn-normal porto-btn-no-hover-bg   wpb_custom_fb96c2c4e792455b6939b87945a58974  porto-btn-left \"  rel='' href = \"https:\/\/www.advagromed.com\/\" target='_blank' data-hover=\"\" data-border-color=\"\" data-bg=\"#ffde76\" data-hover-bg=\"\" data-border-hover=\"\" data-shadow-click=\"none\" data-shadow=\"\" style=\"border:none;background: #ffde76;color: #000000;\"><span class=\"porto-btn-hover\"><\/span><span class=\"porto-btn-data porto-btn-text \" >Voir le projet<\/span><\/a><\/div>[\/vc_column][\/vc_row]<\/p>\n<\/div>","protected":false},"excerpt":{"rendered":"<p>[vc_row equal_height=\u00a0\u00bbyes\u00a0\u00bb content_placement=\u00a0\u00bbbottom\u00a0\u00bb conditional_render=\u00a0\u00bb%5B%7B%22value_role%22%3A%22administrator%22%7D%5D\u00a0\u00bb css=\u00a0\u00bb.vc_custom_1695803049600{margin-bottom: 40px !important;padding-top: 20px !important;background-color: #f7f7f7 !important;}\u00a0\u00bb animation_type=\u00a0\u00bbfadeInUp\u00a0\u00bb][vc_column text_align=\u00a0\u00bbcenter\u00a0\u00bb conditional_render=\u00a0\u00bb%5B%7B%22value_role%22%3A%22administrator%22%7D%5D\u00a0\u00bb offset=\u00a0\u00bbvc_col-xl-4&Prime;][vc_single_image image=\u00a0\u00bb3043&Prime; img_size=\u00a0\u00bb400&#215;400&Prime; alignment=\u00a0\u00bbcenter\u00a0\u00bb style=\u00a0\u00bbvc_box_border_circle\u00a0\u00bb][\/vc_column][vc_column offset=\u00a0\u00bbvc_col-xl-8 vc_col-md-12&Prime; conditional_render=\u00a0\u00bb%5B%7B%22value_role%22%3A%22administrator%22%7D%5D\u00a0\u00bb][vc_separator color=\u00a0\u00bbcustom\u00a0\u00bb align=\u00a0\u00bbalign_left\u00a0\u00bb border_width=\u00a0\u00bb4&Prime; el_width=\u00a0\u00bb20&Prime; style=\u00a0\u00bbsolid\u00a0\u00bb accent_color=\u00a0\u00bb#a7d6d6&Prime;][vc_column_text]Description : ADVAGROMED a pour objectif de d\u00e9velopper, d&rsquo;\u00e9valuer et de promouvoir &#8211; par le biais d&rsquo;une recherche collaborative &#8211; un syst\u00e8me de culture innovant adapt\u00e9 aux conditions [&hellip;]<\/p>\n","protected":false},"author":1,"featured_media":0,"parent":0,"menu_order":0,"comment_status":"closed","ping_status":"closed","template":"","meta":{"footnotes":""},"class_list":["post-3081","page","type-page","status-publish","hentry"],"yoast_head":"<!-- This site is optimized with the Yoast SEO plugin v26.4 - https:\/\/yoast.com\/wordpress\/plugins\/seo\/ -->\n<title>Projets similaires - SUSTAvianFEED<\/title>\n<meta name=\"robots\" content=\"index, follow, max-snippet:-1, max-image-preview:large, max-video-preview:-1\" \/>\n<link rel=\"canonical\" href=\"https:\/\/sustavianfeed.eu\/fr\/projets-similaires\/\" \/>\n<meta property=\"og:locale\" content=\"fr_FR\" \/>\n<meta property=\"og:type\" content=\"article\" \/>\n<meta property=\"og:title\" content=\"Projets similaires - SUSTAvianFEED\" \/>\n<meta property=\"og:description\" content=\"[vc_row equal_height=\u00a0\u00bbyes\u00a0\u00bb content_placement=\u00a0\u00bbbottom\u00a0\u00bb conditional_render=\u00a0\u00bb%5B%7B%22value_role%22%3A%22administrator%22%7D%5D\u00a0\u00bb css=\u00a0\u00bb.vc_custom_1695803049600{margin-bottom: 40px !important;padding-top: 20px !important;background-color: #f7f7f7 !important;}\u00a0\u00bb animation_type=\u00a0\u00bbfadeInUp\u00a0\u00bb][vc_column text_align=\u00a0\u00bbcenter\u00a0\u00bb conditional_render=\u00a0\u00bb%5B%7B%22value_role%22%3A%22administrator%22%7D%5D\u00a0\u00bb offset=\u00a0\u00bbvc_col-xl-4&Prime;][vc_single_image image=\u00a0\u00bb3043&Prime; img_size=\u00a0\u00bb400&#215;400&Prime; alignment=\u00a0\u00bbcenter\u00a0\u00bb style=\u00a0\u00bbvc_box_border_circle\u00a0\u00bb][\/vc_column][vc_column offset=\u00a0\u00bbvc_col-xl-8 vc_col-md-12&Prime; conditional_render=\u00a0\u00bb%5B%7B%22value_role%22%3A%22administrator%22%7D%5D\u00a0\u00bb][vc_separator color=\u00a0\u00bbcustom\u00a0\u00bb align=\u00a0\u00bbalign_left\u00a0\u00bb border_width=\u00a0\u00bb4&Prime; el_width=\u00a0\u00bb20&Prime; style=\u00a0\u00bbsolid\u00a0\u00bb accent_color=\u00a0\u00bb#a7d6d6&Prime;][vc_column_text]Description : ADVAGROMED a pour objectif de d\u00e9velopper, d&rsquo;\u00e9valuer et de promouvoir &#8211; par le biais d&rsquo;une recherche collaborative &#8211; un syst\u00e8me de culture innovant adapt\u00e9 aux conditions [&hellip;]\" \/>\n<meta property=\"og:url\" content=\"https:\/\/sustavianfeed.eu\/fr\/projets-similaires\/\" \/>\n<meta property=\"og:site_name\" content=\"SUSTAvianFEED\" \/>\n<meta property=\"article:publisher\" content=\"https:\/\/www.facebook.com\/SUSTAvianFEED\" \/>\n<meta property=\"article:modified_time\" content=\"2023-09-27T09:23:17+00:00\" \/>\n<meta name=\"twitter:card\" content=\"summary_large_image\" \/>\n<meta name=\"twitter:label1\" content=\"Dur\u00e9e de lecture estim\u00e9e\" \/>\n\t<meta name=\"twitter:data1\" content=\"2 minutes\" \/>\n<script type=\"application\/ld+json\" class=\"yoast-schema-graph\">{\"@context\":\"https:\/\/schema.org\",\"@graph\":[{\"@type\":\"WebPage\",\"@id\":\"https:\/\/sustavianfeed.eu\/fr\/projets-similaires\/\",\"url\":\"https:\/\/sustavianfeed.eu\/fr\/projets-similaires\/\",\"name\":\"Projets similaires - SUSTAvianFEED\",\"isPartOf\":{\"@id\":\"https:\/\/sustavianfeed.eu\/fr\/#website\"},\"datePublished\":\"2023-09-27T09:23:16+00:00\",\"dateModified\":\"2023-09-27T09:23:17+00:00\",\"breadcrumb\":{\"@id\":\"https:\/\/sustavianfeed.eu\/fr\/projets-similaires\/#breadcrumb\"},\"inLanguage\":\"fr-FR\",\"potentialAction\":[{\"@type\":\"ReadAction\",\"target\":[\"https:\/\/sustavianfeed.eu\/fr\/projets-similaires\/\"]}]},{\"@type\":\"BreadcrumbList\",\"@id\":\"https:\/\/sustavianfeed.eu\/fr\/projets-similaires\/#breadcrumb\",\"itemListElement\":[{\"@type\":\"ListItem\",\"position\":1,\"name\":\"Home\",\"item\":\"https:\/\/sustavianfeed.eu\/fr\/\"},{\"@type\":\"ListItem\",\"position\":2,\"name\":\"Projets similaires\"}]},{\"@type\":\"WebSite\",\"@id\":\"https:\/\/sustavianfeed.eu\/fr\/#website\",\"url\":\"https:\/\/sustavianfeed.eu\/fr\/\",\"name\":\"SUSTAvianFEED\",\"description\":\"Innovative and sustainable poultry feedings programs\",\"publisher\":{\"@id\":\"https:\/\/sustavianfeed.eu\/fr\/#organization\"},\"potentialAction\":[{\"@type\":\"SearchAction\",\"target\":{\"@type\":\"EntryPoint\",\"urlTemplate\":\"https:\/\/sustavianfeed.eu\/fr\/?s={search_term_string}\"},\"query-input\":{\"@type\":\"PropertyValueSpecification\",\"valueRequired\":true,\"valueName\":\"search_term_string\"}}],\"inLanguage\":\"fr-FR\"},{\"@type\":\"Organization\",\"@id\":\"https:\/\/sustavianfeed.eu\/fr\/#organization\",\"name\":\"SUSTAvianFEED\",\"url\":\"https:\/\/sustavianfeed.eu\/fr\/\",\"logo\":{\"@type\":\"ImageObject\",\"inLanguage\":\"fr-FR\",\"@id\":\"https:\/\/sustavianfeed.eu\/fr\/#\/schema\/logo\/image\/\",\"url\":\"https:\/\/sustavianfeed.eu\/wp-content\/uploads\/2021\/09\/LOGO_SUSTavianFEED_color-footer.png\",\"contentUrl\":\"https:\/\/sustavianfeed.eu\/wp-content\/uploads\/2021\/09\/LOGO_SUSTavianFEED_color-footer.png\",\"width\":400,\"height\":286,\"caption\":\"SUSTAvianFEED\"},\"image\":{\"@id\":\"https:\/\/sustavianfeed.eu\/fr\/#\/schema\/logo\/image\/\"},\"sameAs\":[\"https:\/\/www.facebook.com\/SUSTAvianFEED\",\"https:\/\/www.linkedin.com\/groups\/12560654\/\"]}]}<\/script>\n<!-- \/ Yoast SEO plugin. -->","yoast_head_json":{"title":"Projets similaires - SUSTAvianFEED","robots":{"index":"index","follow":"follow","max-snippet":"max-snippet:-1","max-image-preview":"max-image-preview:large","max-video-preview":"max-video-preview:-1"},"canonical":"https:\/\/sustavianfeed.eu\/fr\/projets-similaires\/","og_locale":"fr_FR","og_type":"article","og_title":"Projets similaires - SUSTAvianFEED","og_description":"[vc_row equal_height=\u00a0\u00bbyes\u00a0\u00bb content_placement=\u00a0\u00bbbottom\u00a0\u00bb conditional_render=\u00a0\u00bb%5B%7B%22value_role%22%3A%22administrator%22%7D%5D\u00a0\u00bb css=\u00a0\u00bb.vc_custom_1695803049600{margin-bottom: 40px !important;padding-top: 20px !important;background-color: #f7f7f7 !important;}\u00a0\u00bb animation_type=\u00a0\u00bbfadeInUp\u00a0\u00bb][vc_column text_align=\u00a0\u00bbcenter\u00a0\u00bb conditional_render=\u00a0\u00bb%5B%7B%22value_role%22%3A%22administrator%22%7D%5D\u00a0\u00bb offset=\u00a0\u00bbvc_col-xl-4&Prime;][vc_single_image image=\u00a0\u00bb3043&Prime; img_size=\u00a0\u00bb400&#215;400&Prime; alignment=\u00a0\u00bbcenter\u00a0\u00bb style=\u00a0\u00bbvc_box_border_circle\u00a0\u00bb][\/vc_column][vc_column offset=\u00a0\u00bbvc_col-xl-8 vc_col-md-12&Prime; conditional_render=\u00a0\u00bb%5B%7B%22value_role%22%3A%22administrator%22%7D%5D\u00a0\u00bb][vc_separator color=\u00a0\u00bbcustom\u00a0\u00bb align=\u00a0\u00bbalign_left\u00a0\u00bb border_width=\u00a0\u00bb4&Prime; el_width=\u00a0\u00bb20&Prime; style=\u00a0\u00bbsolid\u00a0\u00bb accent_color=\u00a0\u00bb#a7d6d6&Prime;][vc_column_text]Description : ADVAGROMED a pour objectif de d\u00e9velopper, d&rsquo;\u00e9valuer et de promouvoir &#8211; par le biais d&rsquo;une recherche collaborative &#8211; un syst\u00e8me de culture innovant adapt\u00e9 aux conditions [&hellip;]","og_url":"https:\/\/sustavianfeed.eu\/fr\/projets-similaires\/","og_site_name":"SUSTAvianFEED","article_publisher":"https:\/\/www.facebook.com\/SUSTAvianFEED","article_modified_time":"2023-09-27T09:23:17+00:00","twitter_card":"summary_large_image","twitter_misc":{"Dur\u00e9e de lecture estim\u00e9e":"2 minutes"},"schema":{"@context":"https:\/\/schema.org","@graph":[{"@type":"WebPage","@id":"https:\/\/sustavianfeed.eu\/fr\/projets-similaires\/","url":"https:\/\/sustavianfeed.eu\/fr\/projets-similaires\/","name":"Projets similaires - SUSTAvianFEED","isPartOf":{"@id":"https:\/\/sustavianfeed.eu\/fr\/#website"},"datePublished":"2023-09-27T09:23:16+00:00","dateModified":"2023-09-27T09:23:17+00:00","breadcrumb":{"@id":"https:\/\/sustavianfeed.eu\/fr\/projets-similaires\/#breadcrumb"},"inLanguage":"fr-FR","potentialAction":[{"@type":"ReadAction","target":["https:\/\/sustavianfeed.eu\/fr\/projets-similaires\/"]}]},{"@type":"BreadcrumbList","@id":"https:\/\/sustavianfeed.eu\/fr\/projets-similaires\/#breadcrumb","itemListElement":[{"@type":"ListItem","position":1,"name":"Home","item":"https:\/\/sustavianfeed.eu\/fr\/"},{"@type":"ListItem","position":2,"name":"Projets similaires"}]},{"@type":"WebSite","@id":"https:\/\/sustavianfeed.eu\/fr\/#website","url":"https:\/\/sustavianfeed.eu\/fr\/","name":"SUSTAvianFEED","description":"Innovative and sustainable poultry feedings programs","publisher":{"@id":"https:\/\/sustavianfeed.eu\/fr\/#organization"},"potentialAction":[{"@type":"SearchAction","target":{"@type":"EntryPoint","urlTemplate":"https:\/\/sustavianfeed.eu\/fr\/?s={search_term_string}"},"query-input":{"@type":"PropertyValueSpecification","valueRequired":true,"valueName":"search_term_string"}}],"inLanguage":"fr-FR"},{"@type":"Organization","@id":"https:\/\/sustavianfeed.eu\/fr\/#organization","name":"SUSTAvianFEED","url":"https:\/\/sustavianfeed.eu\/fr\/","logo":{"@type":"ImageObject","inLanguage":"fr-FR","@id":"https:\/\/sustavianfeed.eu\/fr\/#\/schema\/logo\/image\/","url":"https:\/\/sustavianfeed.eu\/wp-content\/uploads\/2021\/09\/LOGO_SUSTavianFEED_color-footer.png","contentUrl":"https:\/\/sustavianfeed.eu\/wp-content\/uploads\/2021\/09\/LOGO_SUSTavianFEED_color-footer.png","width":400,"height":286,"caption":"SUSTAvianFEED"},"image":{"@id":"https:\/\/sustavianfeed.eu\/fr\/#\/schema\/logo\/image\/"},"sameAs":["https:\/\/www.facebook.com\/SUSTAvianFEED","https:\/\/www.linkedin.com\/groups\/12560654\/"]}]}},"_links":{"self":[{"href":"https:\/\/sustavianfeed.eu\/fr\/wp-json\/wp\/v2\/pages\/3081","targetHints":{"allow":["GET"]}}],"collection":[{"href":"https:\/\/sustavianfeed.eu\/fr\/wp-json\/wp\/v2\/pages"}],"about":[{"href":"https:\/\/sustavianfeed.eu\/fr\/wp-json\/wp\/v2\/types\/page"}],"author":[{"embeddable":true,"href":"https:\/\/sustavianfeed.eu\/fr\/wp-json\/wp\/v2\/users\/1"}],"replies":[{"embeddable":true,"href":"https:\/\/sustavianfeed.eu\/fr\/wp-json\/wp\/v2\/comments?post=3081"}],"version-history":[{"count":3,"href":"https:\/\/sustavianfeed.eu\/fr\/wp-json\/wp\/v2\/pages\/3081\/revisions"}],"predecessor-version":[{"id":3084,"href":"https:\/\/sustavianfeed.eu\/fr\/wp-json\/wp\/v2\/pages\/3081\/revisions\/3084"}],"wp:attachment":[{"href":"https:\/\/sustavianfeed.eu\/fr\/wp-json\/wp\/v2\/media?parent=3081"}],"curies":[{"name":"wp","href":"https:\/\/api.w.org\/{rel}","templated":true}]}}