{"id":1638,"date":"2021-10-20T09:55:58","date_gmt":"2021-10-20T09:55:58","guid":{"rendered":"https:\/\/www.sustavianfeed.eu\/politique-de-confidentialite\/"},"modified":"2021-10-20T09:56:04","modified_gmt":"2021-10-20T09:56:04","slug":"politique-de-confidentialite","status":"publish","type":"page","link":"https:\/\/sustavianfeed.eu\/fr\/politique-de-confidentialite\/","title":{"rendered":"Politique de confidentialit\u00e9"},"content":{"rendered":"<div class=\"wpb-content-wrapper\"><p>[vc_row][vc_column][vc_column_text]SAT N\u00ba 2439 ALIA, ci-apr\u00e8s \u00abentit\u00e9\u00bb, peut collecter et traiter les donn\u00e9es des utilisateurs du site Web et d&rsquo;autres parties int\u00e9ress\u00e9es, obtenues par diff\u00e9rents moyens tels que:<\/p>\n<ul>\n<li>Formulaires Web.<\/li>\n<li>E-mail.<\/li>\n<li>Contact t\u00e9l\u00e9phonique.<\/li>\n<li>Formulaires papier.<\/li>\n<li>Courrier postal.<\/li>\n<li>Sources accessibles au public (journaux et gazettes officiels, m\u00e9dias, etc.)<\/li>\n<\/ul>\n<p>Le traitement des donn\u00e9es collect\u00e9es via ces sources sera effectu\u00e9 conform\u00e9ment aux dispositions du r\u00e8glement g\u00e9n\u00e9ral UE 2016\/679 sur la protection des donn\u00e9es, de la loi organique 3\/2018 sur la protection des donn\u00e9es personnelles et la garantie des droits num\u00e9riques et d&rsquo;autres r\u00e9glementations en vigueur. \u00e0 cet \u00e9gard.<\/p>\n<p>Aux fins de pr\u00e9sentation de la politique de confidentialit\u00e9 de l&rsquo;entit\u00e9, les sections suivantes sont pr\u00e9sent\u00e9es:<\/p>\n<h2>Qui est le responsable du traitement de vos donn\u00e9es?<\/h2>\n<table>\n<tbody>\n<tr>\n<td>NOM:<\/td>\n<td>SAT n\u00b0 2439 ALIA<\/td>\n<\/tr>\n<tr>\n<td>NIF\/CIF:<\/td>\n<td>F30030753<\/td>\n<\/tr>\n<tr>\n<td>ADRESSE:<\/td>\n<td>TREMPER. LA HOYA S\/N, APDO. 272, 30816 LORCA (MURCIA) ESPAGNE.<\/td>\n<\/tr>\n<tr>\n<td>T\u00c9L\u00c9PHONE:<\/td>\n<td>968486700<\/td>\n<\/tr>\n<tr>\n<td>E-MAIL:<\/td>\n<td>info@sustavianfeed.eu<\/td>\n<\/tr>\n<\/tbody>\n<\/table>\n<h2>Dans quel but traitons-nous vos donn\u00e9es personnelles ?<\/h2>\n<p>L&rsquo;objectif principal est la gestion et le d\u00e9veloppement du projet \u00ab Sustavianfeed \u00bb dont l&rsquo;entit\u00e9 agit en tant que coordinateur. Et de mani\u00e8re g\u00e9n\u00e9rale, nous pouvons \u00e9galement indiquer les finalit\u00e9s suivantes qui sont en cours ou peuvent \u00eatre:<br \/>\nDans l&rsquo;entit\u00e9, nous traitons les donn\u00e9es des personnes int\u00e9ress\u00e9es pour la gestion et le d\u00e9veloppement des communications (contact des utilisateurs, r\u00e9solution des requ\u00eates, promotion, envoi de newsletters, gestion des profils de l&rsquo;entit\u00e9 dans les r\u00e9seaux sociaux, etc.) ainsi que pour assister aux services demand\u00e9.<br \/>\nLe reste du traitement des donn\u00e9es que nous pouvons effectuer concerne l&rsquo;activit\u00e9 normale de l&rsquo;entit\u00e9 et les activit\u00e9s implicites dans sa gestion, l&rsquo;utilisation des donn\u00e9es \u00e0 des fins d&rsquo;administration interne, de gestion commerciale et financi\u00e8re, de gestion des ressources humaines, de gestion des communications avec les parties int\u00e9ress\u00e9es et tout autre but d\u00e9riv\u00e9 de la r\u00e9alisation de l&rsquo;objet, de la gestion et du d\u00e9veloppement du projet.<br \/>\nSi le but de contacter l&rsquo;entit\u00e9 et d&rsquo;envoyer des informations vous concernant est de rechercher un emploi (envoi de curriculum vitae, etc.). Les donn\u00e9es fournies seront trait\u00e9es pour \u00e9valuer votre \u00e9ventuelle candidature \u00e0 des offres d&#8217;emploi au sein de l&rsquo;entit\u00e9. Si les donn\u00e9es fournies int\u00e9ressent l&rsquo;entit\u00e9, un profil sera pr\u00e9par\u00e9 avec celles-ci, et elles seront archiv\u00e9es pour la gestion des ressources humaines.<\/p>\n<h2>Quel type de donn\u00e9es traitons-nous ?<\/h2>\n<p>Outre les diff\u00e9rents moyens d&rsquo;obtention mentionn\u00e9s, ainsi que les diff\u00e9rentes finalit\u00e9s de traitement \u00e9nonc\u00e9es, nous vous informons que les types de donn\u00e9es que nous pouvons traiter dans notre syst\u00e8me d&rsquo;information, en fonction du profil de l&rsquo;int\u00e9ress\u00e9 (utilisateur, partenaire , personne de contact, prestataire , employ\u00e9, &#8230;), sont :<\/p>\n<ul>\n<li>Donn\u00e9es d&rsquo;identification, qui peuvent inclure une image<\/li>\n<li>Informations de contact<\/li>\n<li>Codes ou cl\u00e9s d&rsquo;identification<\/li>\n<li>Adresses postales ou \u00e9lectroniques<\/li>\n<li>Donn\u00e9es de caract\u00e9ristiques personnelles et professionnelles<\/li>\n<li>Donn\u00e9es acad\u00e9miques et curriculaires<\/li>\n<li>Donn\u00e9es \u00e9conomiques, financi\u00e8res et assurantielles<\/li>\n<li>Donn\u00e9es de paie \u00e9conomiques et non \u00e9conomiques et autres informations \u00e0 caract\u00e8re social<\/li>\n<li>Autres donn\u00e9es et informations n\u00e9cessaires ou implicites au d\u00e9veloppement de l&rsquo;activit\u00e9 et des services de l&rsquo;entit\u00e9.<\/li>\n<\/ul>\n<h2>Combien de temps conserverons-nous vos donn\u00e9es ?<\/h2>\n<p>Les donn\u00e9es personnelles seront conserv\u00e9es tant qu&rsquo;une relation avec l&rsquo;int\u00e9ress\u00e9 est maintenue ; tant que la suppression de ceux-ci n&rsquo;est pas demand\u00e9e ; ou tant qu&rsquo;il existe une disposition ou une exigence l\u00e9gale pour leur conservation.<br \/>\nLorsque les donn\u00e9es ne seront plus n\u00e9cessaires au regard des finalit\u00e9s pour lesquelles elles ont \u00e9t\u00e9 collect\u00e9es, elles seront supprim\u00e9es en garantissant leur confidentialit\u00e9.<br \/>\nDans le cas de donn\u00e9es fournies \u00e0 des fins de recherche d&#8217;emploi, si celles-ci ne pr\u00e9sentent pas d&rsquo;int\u00e9r\u00eat pour l&rsquo;entit\u00e9, elles seront imm\u00e9diatement supprim\u00e9es, en garantissant leur confidentialit\u00e9.<\/p>\n<h2>Quelle est la l\u00e9gitimit\u00e9 du traitement de vos donn\u00e9es ?<\/h2>\n<p>La base juridique du traitement des donn\u00e9es peut \u00eatre l&rsquo;une ou plusieurs des suivantes:<\/p>\n<ol>\n<li>Consentement \u00e9clair\u00e9<\/li>\n<li>Respect des engagements pr\u00e9contractuels ou contractuels<\/li>\n<li>Int\u00e9r\u00eat l\u00e9gitime<\/li>\n<li>Obligations ou exigences l\u00e9gales<\/li>\n<li>Autres bases prescrites par la loi<\/li>\n<\/ol>\n<h2>A quels destinataires vos donn\u00e9es seront-elles communiqu\u00e9es ?<\/h2>\n<p>Les donn\u00e9es des int\u00e9ress\u00e9s ne seront communiqu\u00e9es \u00e0 aucun tiers, sauf : a) les services auxiliaires, les gestionnaires de traitement autoris\u00e9s ou d&rsquo;autres tiers implicites n\u00e9cessaires \u00e0 la fourniture correcte des biens et services; b) les autorit\u00e9s publiques et administrations comp\u00e9tentes dans l&rsquo;exercice de leurs fonctions ; c) d&rsquo;autres parties int\u00e9ress\u00e9es l\u00e9gitimes et des tiers l\u00e9galement pr\u00e9vus.<br \/>\nCes destinataires incluent n\u00e9cessairement et implicitement les partenaires et partenaires qui participent au projet afin qu&rsquo;il puisse se d\u00e9velopper normalement dans le cadre correspondant.<\/p>\n<h2>Quels sont vos droits lorsque vous nous fournissez et\/ou traitez vos donn\u00e9es ?<\/h2>\n<p>En tant qu&rsquo;int\u00e9ress\u00e9, vous pouvez \u00e0 tout moment demander l&rsquo;exercice de l&rsquo;un des droits suivants qui vous assistent en mati\u00e8re de protection des donn\u00e9es :<\/p>\n<ul>\n<li>Acc\u00e8s aux donn\u00e9es personnelles de l&rsquo;int\u00e9ress\u00e9 pour confirmer si les donn\u00e9es le concernant sont en cours de traitement et pour obtenir plus d&rsquo;informations sur ce traitement.<\/li>\n<li>Rectification ou suppression des donn\u00e9es personnelles concernant l&rsquo;int\u00e9ress\u00e9 lorsque, entre autres raisons, elles sont inexactes ou ne sont plus n\u00e9cessaires aux fins pour lesquelles elles ont \u00e9t\u00e9 collect\u00e9es.<\/li>\n<li>Limiter le traitement des donn\u00e9es personnelles de l&rsquo;int\u00e9ress\u00e9 dans certaines circonstances, auquel cas elles ne seront conserv\u00e9es que dans le but d&rsquo;exercer ou de d\u00e9fendre des r\u00e9clamations, pour la protection des droits d&rsquo;une autre personne ou pour des raisons d&rsquo;int\u00e9r\u00eat public.<\/li>\n<li>Recevoir les donn\u00e9es personnelles vous concernant, que vous nous avez pr\u00e9alablement fournies, et dans un format structur\u00e9 dans la mesure du possible. (Portabilit\u00e9 de vos donn\u00e9es).<\/li>\n<li>Vous opposer au traitement de vos donn\u00e9es dans certaines circonstances et pour des raisons li\u00e9es \u00e0 votre situation particuli\u00e8re. L&rsquo;entit\u00e9 cessera de traiter vos donn\u00e9es, sauf pour des raisons l\u00e9gitimes imp\u00e9rieuses, ou pour l&rsquo;exercice ou la d\u00e9fense d&rsquo;\u00e9ventuelles r\u00e9clamations.<\/li>\n<li>R\u00e9voquer le consentement, ce qui peut entra\u00eener l&rsquo;annulation ou l&rsquo;annulation de la relation commerciale ou contractuelle existante, le cas \u00e9ch\u00e9ant. Sans pr\u00e9judice des traitements effectu\u00e9s avant le retrait du consentement.<\/li>\n<\/ul>\n<p>Pour ce faire, vous n&rsquo;aurez qu&rsquo;\u00e0 nous contacter via l&rsquo;adresse e-mail info@sustavianfeed.eu, ou en envoyant un courrier \u00e0 DIP. LA HOYA S\/N, APDO. 272, 30816 LORCA (MURCIA) ESPAGNE.<br \/>\nEn option, vous pouvez \u00e9galement contacter l&rsquo;Agence de protection des donn\u00e9es (www.aepd.es) pour en savoir plus sur vos droits ou demander la protection de ceux-ci par l&rsquo;autorit\u00e9 de contr\u00f4le.<\/p>\n<h2>S\u00e9curit\u00e9 des donn\u00e9es<\/h2>\n<p>L&rsquo;entit\u00e9 adopte dans son syst\u00e8me d&rsquo;information les mesures techniques et organisationnelles n\u00e9cessaires pour garantir un niveau ad\u00e9quat de confidentialit\u00e9, d&rsquo;int\u00e9grit\u00e9 et de disponibilit\u00e9 des informations que nous traitons.<br \/>\nCependant, dans la mesure o\u00f9 le syst\u00e8me juridique le permet, nous n&rsquo;assumons aucune responsabilit\u00e9 pour les dommages et pertes d&rsquo;alt\u00e9rations que des tiers pourraient causer \u00e0 notre syst\u00e8me d&rsquo;information. Toute atteinte \u00e0 la s\u00e9curit\u00e9 sera communiqu\u00e9e commod\u00e9ment et imm\u00e9diatement \u00e0 l&rsquo;autorit\u00e9 comp\u00e9tente et\/ou aux forces et organes de s\u00e9curit\u00e9 de l&rsquo;\u00c9tat.<\/p>\n<h2>Envoi de communications ou d&rsquo;informations<\/h2>\n<p>Notre politique concernant l&rsquo;envoi d&rsquo;informations par des moyens t\u00e9l\u00e9matiques (e-mail, messagerie instantan\u00e9e, etc.) que vous avez consenti \u00e0 recevoir.<br \/>\nSi vous pr\u00e9f\u00e9rez ne pas recevoir ces messages, nous vous offrirons par leur interm\u00e9diaire la possibilit\u00e9 d&rsquo;exercer votre droit de r\u00e9tractation et de renoncer \u00e0 la r\u00e9ception de ces messages, conform\u00e9ment aux dispositions du titre III, article 22 de la loi 34\/2002 sur les services pour la soci\u00e9t\u00e9 de l&rsquo;information et le commerce \u00e9lectronique.<\/p>\n<p>Cette politique de confidentialit\u00e9 a \u00e9t\u00e9 r\u00e9vis\u00e9e en octobre 2021, il peut donc y avoir des variations jusqu&rsquo;\u00e0 la prochaine r\u00e9vision du texte.[\/vc_column_text][\/vc_column][\/vc_row]<\/p>\n<\/div>","protected":false},"excerpt":{"rendered":"<p>[vc_row][vc_column][vc_column_text]SAT N\u00ba 2439 ALIA, ci-apr\u00e8s \u00abentit\u00e9\u00bb, peut collecter et traiter les donn\u00e9es des utilisateurs du site Web et d&rsquo;autres parties int\u00e9ress\u00e9es, obtenues par diff\u00e9rents moyens tels que: Formulaires Web. E-mail. Contact t\u00e9l\u00e9phonique. Formulaires papier. Courrier postal. Sources accessibles au public (journaux et gazettes officiels, m\u00e9dias, etc.) Le traitement des donn\u00e9es collect\u00e9es via ces sources sera [&hellip;]<\/p>\n","protected":false},"author":1,"featured_media":0,"parent":0,"menu_order":0,"comment_status":"closed","ping_status":"closed","template":"","meta":{"footnotes":""},"class_list":["post-1638","page","type-page","status-publish","hentry"],"yoast_head":"<!-- This site is optimized with the Yoast SEO plugin v26.4 - https:\/\/yoast.com\/wordpress\/plugins\/seo\/ -->\n<title>Politique de confidentialit\u00e9 - SUSTAvianFEED<\/title>\n<meta name=\"robots\" content=\"index, follow, max-snippet:-1, max-image-preview:large, max-video-preview:-1\" \/>\n<link rel=\"canonical\" href=\"https:\/\/sustavianfeed.eu\/fr\/politique-de-confidentialite\/\" \/>\n<meta property=\"og:locale\" content=\"fr_FR\" \/>\n<meta property=\"og:type\" content=\"article\" \/>\n<meta property=\"og:title\" content=\"Politique de confidentialit\u00e9 - SUSTAvianFEED\" \/>\n<meta property=\"og:description\" content=\"[vc_row][vc_column][vc_column_text]SAT N\u00ba 2439 ALIA, ci-apr\u00e8s \u00abentit\u00e9\u00bb, peut collecter et traiter les donn\u00e9es des utilisateurs du site Web et d&rsquo;autres parties int\u00e9ress\u00e9es, obtenues par diff\u00e9rents moyens tels que: Formulaires Web. E-mail. Contact t\u00e9l\u00e9phonique. Formulaires papier. Courrier postal. Sources accessibles au public (journaux et gazettes officiels, m\u00e9dias, etc.) Le traitement des donn\u00e9es collect\u00e9es via ces sources sera [&hellip;]\" \/>\n<meta property=\"og:url\" content=\"https:\/\/sustavianfeed.eu\/fr\/politique-de-confidentialite\/\" \/>\n<meta property=\"og:site_name\" content=\"SUSTAvianFEED\" \/>\n<meta property=\"article:publisher\" content=\"https:\/\/www.facebook.com\/SUSTAvianFEED\" \/>\n<meta property=\"article:modified_time\" content=\"2021-10-20T09:56:04+00:00\" \/>\n<meta name=\"twitter:card\" content=\"summary_large_image\" \/>\n<meta name=\"twitter:label1\" content=\"Dur\u00e9e de lecture estim\u00e9e\" \/>\n\t<meta name=\"twitter:data1\" content=\"7 minutes\" \/>\n<script type=\"application\/ld+json\" class=\"yoast-schema-graph\">{\"@context\":\"https:\/\/schema.org\",\"@graph\":[{\"@type\":\"WebPage\",\"@id\":\"https:\/\/sustavianfeed.eu\/fr\/politique-de-confidentialite\/\",\"url\":\"https:\/\/sustavianfeed.eu\/fr\/politique-de-confidentialite\/\",\"name\":\"Politique de confidentialit\u00e9 - SUSTAvianFEED\",\"isPartOf\":{\"@id\":\"https:\/\/sustavianfeed.eu\/fr\/#website\"},\"datePublished\":\"2021-10-20T09:55:58+00:00\",\"dateModified\":\"2021-10-20T09:56:04+00:00\",\"breadcrumb\":{\"@id\":\"https:\/\/sustavianfeed.eu\/fr\/politique-de-confidentialite\/#breadcrumb\"},\"inLanguage\":\"fr-FR\",\"potentialAction\":[{\"@type\":\"ReadAction\",\"target\":[\"https:\/\/sustavianfeed.eu\/fr\/politique-de-confidentialite\/\"]}]},{\"@type\":\"BreadcrumbList\",\"@id\":\"https:\/\/sustavianfeed.eu\/fr\/politique-de-confidentialite\/#breadcrumb\",\"itemListElement\":[{\"@type\":\"ListItem\",\"position\":1,\"name\":\"Home\",\"item\":\"https:\/\/sustavianfeed.eu\/fr\/\"},{\"@type\":\"ListItem\",\"position\":2,\"name\":\"Politique de confidentialit\u00e9\"}]},{\"@type\":\"WebSite\",\"@id\":\"https:\/\/sustavianfeed.eu\/fr\/#website\",\"url\":\"https:\/\/sustavianfeed.eu\/fr\/\",\"name\":\"SUSTAvianFEED\",\"description\":\"Innovative and sustainable poultry feedings programs\",\"publisher\":{\"@id\":\"https:\/\/sustavianfeed.eu\/fr\/#organization\"},\"potentialAction\":[{\"@type\":\"SearchAction\",\"target\":{\"@type\":\"EntryPoint\",\"urlTemplate\":\"https:\/\/sustavianfeed.eu\/fr\/?s={search_term_string}\"},\"query-input\":{\"@type\":\"PropertyValueSpecification\",\"valueRequired\":true,\"valueName\":\"search_term_string\"}}],\"inLanguage\":\"fr-FR\"},{\"@type\":\"Organization\",\"@id\":\"https:\/\/sustavianfeed.eu\/fr\/#organization\",\"name\":\"SUSTAvianFEED\",\"url\":\"https:\/\/sustavianfeed.eu\/fr\/\",\"logo\":{\"@type\":\"ImageObject\",\"inLanguage\":\"fr-FR\",\"@id\":\"https:\/\/sustavianfeed.eu\/fr\/#\/schema\/logo\/image\/\",\"url\":\"https:\/\/sustavianfeed.eu\/wp-content\/uploads\/2021\/09\/LOGO_SUSTavianFEED_color-footer.png\",\"contentUrl\":\"https:\/\/sustavianfeed.eu\/wp-content\/uploads\/2021\/09\/LOGO_SUSTavianFEED_color-footer.png\",\"width\":400,\"height\":286,\"caption\":\"SUSTAvianFEED\"},\"image\":{\"@id\":\"https:\/\/sustavianfeed.eu\/fr\/#\/schema\/logo\/image\/\"},\"sameAs\":[\"https:\/\/www.facebook.com\/SUSTAvianFEED\",\"https:\/\/www.linkedin.com\/groups\/12560654\/\"]}]}<\/script>\n<!-- \/ Yoast SEO plugin. -->","yoast_head_json":{"title":"Politique de confidentialit\u00e9 - SUSTAvianFEED","robots":{"index":"index","follow":"follow","max-snippet":"max-snippet:-1","max-image-preview":"max-image-preview:large","max-video-preview":"max-video-preview:-1"},"canonical":"https:\/\/sustavianfeed.eu\/fr\/politique-de-confidentialite\/","og_locale":"fr_FR","og_type":"article","og_title":"Politique de confidentialit\u00e9 - SUSTAvianFEED","og_description":"[vc_row][vc_column][vc_column_text]SAT N\u00ba 2439 ALIA, ci-apr\u00e8s \u00abentit\u00e9\u00bb, peut collecter et traiter les donn\u00e9es des utilisateurs du site Web et d&rsquo;autres parties int\u00e9ress\u00e9es, obtenues par diff\u00e9rents moyens tels que: Formulaires Web. E-mail. Contact t\u00e9l\u00e9phonique. Formulaires papier. Courrier postal. Sources accessibles au public (journaux et gazettes officiels, m\u00e9dias, etc.) Le traitement des donn\u00e9es collect\u00e9es via ces sources sera [&hellip;]","og_url":"https:\/\/sustavianfeed.eu\/fr\/politique-de-confidentialite\/","og_site_name":"SUSTAvianFEED","article_publisher":"https:\/\/www.facebook.com\/SUSTAvianFEED","article_modified_time":"2021-10-20T09:56:04+00:00","twitter_card":"summary_large_image","twitter_misc":{"Dur\u00e9e de lecture estim\u00e9e":"7 minutes"},"schema":{"@context":"https:\/\/schema.org","@graph":[{"@type":"WebPage","@id":"https:\/\/sustavianfeed.eu\/fr\/politique-de-confidentialite\/","url":"https:\/\/sustavianfeed.eu\/fr\/politique-de-confidentialite\/","name":"Politique de confidentialit\u00e9 - SUSTAvianFEED","isPartOf":{"@id":"https:\/\/sustavianfeed.eu\/fr\/#website"},"datePublished":"2021-10-20T09:55:58+00:00","dateModified":"2021-10-20T09:56:04+00:00","breadcrumb":{"@id":"https:\/\/sustavianfeed.eu\/fr\/politique-de-confidentialite\/#breadcrumb"},"inLanguage":"fr-FR","potentialAction":[{"@type":"ReadAction","target":["https:\/\/sustavianfeed.eu\/fr\/politique-de-confidentialite\/"]}]},{"@type":"BreadcrumbList","@id":"https:\/\/sustavianfeed.eu\/fr\/politique-de-confidentialite\/#breadcrumb","itemListElement":[{"@type":"ListItem","position":1,"name":"Home","item":"https:\/\/sustavianfeed.eu\/fr\/"},{"@type":"ListItem","position":2,"name":"Politique de confidentialit\u00e9"}]},{"@type":"WebSite","@id":"https:\/\/sustavianfeed.eu\/fr\/#website","url":"https:\/\/sustavianfeed.eu\/fr\/","name":"SUSTAvianFEED","description":"Innovative and sustainable poultry feedings programs","publisher":{"@id":"https:\/\/sustavianfeed.eu\/fr\/#organization"},"potentialAction":[{"@type":"SearchAction","target":{"@type":"EntryPoint","urlTemplate":"https:\/\/sustavianfeed.eu\/fr\/?s={search_term_string}"},"query-input":{"@type":"PropertyValueSpecification","valueRequired":true,"valueName":"search_term_string"}}],"inLanguage":"fr-FR"},{"@type":"Organization","@id":"https:\/\/sustavianfeed.eu\/fr\/#organization","name":"SUSTAvianFEED","url":"https:\/\/sustavianfeed.eu\/fr\/","logo":{"@type":"ImageObject","inLanguage":"fr-FR","@id":"https:\/\/sustavianfeed.eu\/fr\/#\/schema\/logo\/image\/","url":"https:\/\/sustavianfeed.eu\/wp-content\/uploads\/2021\/09\/LOGO_SUSTavianFEED_color-footer.png","contentUrl":"https:\/\/sustavianfeed.eu\/wp-content\/uploads\/2021\/09\/LOGO_SUSTavianFEED_color-footer.png","width":400,"height":286,"caption":"SUSTAvianFEED"},"image":{"@id":"https:\/\/sustavianfeed.eu\/fr\/#\/schema\/logo\/image\/"},"sameAs":["https:\/\/www.facebook.com\/SUSTAvianFEED","https:\/\/www.linkedin.com\/groups\/12560654\/"]}]}},"_links":{"self":[{"href":"https:\/\/sustavianfeed.eu\/fr\/wp-json\/wp\/v2\/pages\/1638","targetHints":{"allow":["GET"]}}],"collection":[{"href":"https:\/\/sustavianfeed.eu\/fr\/wp-json\/wp\/v2\/pages"}],"about":[{"href":"https:\/\/sustavianfeed.eu\/fr\/wp-json\/wp\/v2\/types\/page"}],"author":[{"embeddable":true,"href":"https:\/\/sustavianfeed.eu\/fr\/wp-json\/wp\/v2\/users\/1"}],"replies":[{"embeddable":true,"href":"https:\/\/sustavianfeed.eu\/fr\/wp-json\/wp\/v2\/comments?post=1638"}],"version-history":[{"count":2,"href":"https:\/\/sustavianfeed.eu\/fr\/wp-json\/wp\/v2\/pages\/1638\/revisions"}],"predecessor-version":[{"id":1640,"href":"https:\/\/sustavianfeed.eu\/fr\/wp-json\/wp\/v2\/pages\/1638\/revisions\/1640"}],"wp:attachment":[{"href":"https:\/\/sustavianfeed.eu\/fr\/wp-json\/wp\/v2\/media?parent=1638"}],"curies":[{"name":"wp","href":"https:\/\/api.w.org\/{rel}","templated":true}]}}