{"id":1624,"date":"2021-10-20T09:48:41","date_gmt":"2021-10-20T09:48:41","guid":{"rendered":"https:\/\/www.sustavianfeed.eu\/mention-legale\/"},"modified":"2023-05-11T07:45:27","modified_gmt":"2023-05-11T07:45:27","slug":"mention-legale","status":"publish","type":"page","link":"https:\/\/sustavianfeed.eu\/fr\/mention-legale\/","title":{"rendered":"Mention l\u00e9gale"},"content":{"rendered":"<div class=\"wpb-content-wrapper\"><p>[vc_row][vc_column][vc_column_text]<\/p>\n<h2>OBJET ET ACCEPTATION.<\/h2>\n<p>Les pr\u00e9sentes mentions l\u00e9gales r\u00e9gissent l&rsquo;utilisation du site Internet www.sustavianfeed.eu, mis \u00e0 votre disposition par le responsable du site Internet dont les donn\u00e9es d&rsquo;identification sont :<\/p>\n<table>\n<tbody>\n<tr>\n<td>NOM:<\/td>\n<td>SAT n\u00b0 2439 ALIA<\/td>\n<\/tr>\n<tr>\n<td>NIF\/CIF :<\/td>\n<td>F30030753<\/td>\n<\/tr>\n<tr>\n<td>ADRESSE:<\/td>\n<td>TREMPER. LA HOYA S\/N, APDO. 272, 30816 LORCA (MURCIA) ESPAGNE.<\/td>\n<\/tr>\n<tr>\n<td>T\u00c9L\u00c9PHONE:<\/td>\n<td>968486700<\/td>\n<\/tr>\n<tr>\n<td>E-MAIL:<\/td>\n<td>info@sustavianfeed.eu<\/td>\n<\/tr>\n<\/tbody>\n<\/table>\n<p>Que l&rsquo;on peut appeler ci-apr\u00e8s \u00ab entit\u00e9 \u00bb.<\/p>\n<p>Cependant, l&rsquo;entit\u00e9 agit en tant que coordinateur du projet auquel participent les partenaires et partenaires r\u00e9f\u00e9renc\u00e9s dans la section correspondante, implicitement dans le d\u00e9veloppement et la gestion du projet.<\/p>\n<p>La navigation sur le site Web de l&rsquo;entit\u00e9 en attribue la condition d&rsquo;utilisateur et implique l&rsquo;acceptation pleine et enti\u00e8re de chacune des dispositions incluses dans les pr\u00e9sentes mentions l\u00e9gales, lesquelles peuvent \u00eatre modifi\u00e9es.<\/p>\n<p>L&rsquo;utilisateur s&rsquo;engage \u00e0 faire un usage correct du site Web conform\u00e9ment aux lois, \u00e0 la bonne foi, \u00e0 l&rsquo;ordre public, aux usages du trafic et aux pr\u00e9sentes mentions l\u00e9gales. L&rsquo;utilisateur r\u00e9pondra \u00e0 l&rsquo;entit\u00e9 ou \u00e0 des tiers, de tout dommage qui pourrait \u00eatre caus\u00e9 \u00e0 la suite de la violation de ladite obligation.<\/p>\n<h2>CONDITIONS D&rsquo;ACC\u00c8S ET D&rsquo;UTILISATION.<\/h2>\n<p>Le site et ses services sont librement accessibles, cependant, l&rsquo;entit\u00e9 conditionne l&rsquo;utilisation de certains des services propos\u00e9s sur son site au remplissage pr\u00e9alable du formulaire correspondant. L&rsquo;utilisateur garantit l&rsquo;authenticit\u00e9 et l&rsquo;actualit\u00e9 de toutes les donn\u00e9es qu&rsquo;il communique \u00e0 l&rsquo;entit\u00e9 et sera seul responsable des d\u00e9clarations inexactes ou fausses qu&rsquo;il fera.<\/p>\n<p>L&rsquo;utilisateur s&rsquo;engage express\u00e9ment \u00e0 faire un usage appropri\u00e9 des contenus et services de l&rsquo;entit\u00e9 et \u00e0 ne pas les utiliser pour, entre autres :<\/p>\n<ol>\n<li>Diffuser des contenus criminels, violents, pornographiques, racistes, x\u00e9nophobes, offensants, d\u00e9fendant le terrorisme ou, en g\u00e9n\u00e9ral, contraires \u00e0 la loi ou \u00e0 l&rsquo;ordre public.<\/li>\n<li>Introduire des virus informatiques dans le r\u00e9seau ou effectuer des actions susceptibles d&rsquo;alt\u00e9rer, de g\u00e2cher, d&rsquo;interrompre ou de g\u00e9n\u00e9rer des erreurs ou des dommages aux documents \u00e9lectroniques, aux donn\u00e9es ou aux syst\u00e8mes physiques et logiques de l&rsquo;entit\u00e9 ou de tiers ; ainsi que d&rsquo;obstruer l&rsquo;acc\u00e8s d&rsquo;autres utilisateurs au site Web et \u00e0 ses services par la consommation massive de ressources informatiques \u00e0 travers lesquelles l&rsquo;entit\u00e9 fournit ses services.<\/li>\n<li>Essayez d&rsquo;acc\u00e9der aux comptes de messagerie d&rsquo;autres utilisateurs ou \u00e0 des zones restreintes des syst\u00e8mes informatiques de l&rsquo;entit\u00e9 ou de tiers et, le cas \u00e9ch\u00e9ant, extrayez des informations.<\/li>\n<li>Violer les droits de propri\u00e9t\u00e9 intellectuelle ou industrielle, ainsi que violer la confidentialit\u00e9 des informations de l&rsquo;entit\u00e9 ou de tiers.<\/li>\n<li>Usurper l&rsquo;identit\u00e9 d&rsquo;un autre utilisateur, des administrations publiques ou d&rsquo;un tiers.<\/li>\n<li>Reproduire, copier, distribuer, mettre \u00e0 disposition ou de toute autre mani\u00e8re communiquer publiquement, transformer ou modifier le contenu, \u00e0 moins que vous n&rsquo;ayez l&rsquo;autorisation du propri\u00e9taire des droits correspondants ou que cela soit l\u00e9galement autoris\u00e9.<\/li>\n<li>Collecter des donn\u00e9es \u00e0 des fins publicitaires et pour envoyer des publicit\u00e9s de toute nature et des communications \u00e0 des fins de vente ou \u00e0 d&rsquo;autres fins commerciales sans votre demande ou consentement pr\u00e9alable.<\/li>\n<\/ol>\n<p>Tous les contenus du site, tels que textes, photographies, graphiques, images, ic\u00f4nes, technologie, logiciels, ainsi que sa conception graphique et ses codes sources, constituent une \u0153uvre dont la propri\u00e9t\u00e9 appartient \u00e0 leurs propri\u00e9taires respectifs, sans \u00eatre entendu comme c\u00e9d\u00e9. \u00e0 l&rsquo;utilisateur. des droits d&rsquo;exploitation sur ceux-ci au-del\u00e0 de ce qui est strictement n\u00e9cessaire \u00e0 la bonne utilisation du Web.<\/p>\n<p>En d\u00e9finitive, les utilisateurs qui acc\u00e8dent \u00e0 ce site peuvent visualiser le contenu et faire, le cas \u00e9ch\u00e9ant, des copies priv\u00e9es autoris\u00e9es, \u00e0 condition que les \u00e9l\u00e9ments reproduits ne soient pas ult\u00e9rieurement c\u00e9d\u00e9s \u00e0 des tiers, ou install\u00e9s sur des serveurs connect\u00e9s \u00e0 des r\u00e9seaux, ou soumis \u00e0 une quelconque exploitation. .<\/p>\n<p>De m\u00eame, toutes les marques, noms commerciaux ou signes distinctifs de toute nature pouvant appara\u00eetre sur le site sont la propri\u00e9t\u00e9 de leurs titulaires respectifs, sans qu&rsquo;il soit entendu que l&rsquo;utilisation ou l&rsquo;acc\u00e8s \u00e0 celui-ci conf\u00e8re \u00e0 l&rsquo;utilisateur un quelconque droit sur eux.<\/p>\n<p>La distribution, la modification, le transfert ou la communication publique des contenus et tout autre acte qui n&rsquo;a pas \u00e9t\u00e9 express\u00e9ment autoris\u00e9 par le propri\u00e9taire des droits d&rsquo;exploitation sont interdits.<\/p>\n<p>L&rsquo;\u00e9tablissement d&rsquo;un lien hypertexte n&rsquo;implique en aucun cas l&rsquo;existence de relations entre l&rsquo;entit\u00e9 et le propri\u00e9taire du site Internet sur lequel il est \u00e9tabli, ni l&rsquo;acceptation et l&rsquo;approbation par l&rsquo;entit\u00e9 de ses contenus ou services. Ceux qui ont l&rsquo;intention d&rsquo;\u00e9tablir un lien hypertexte doivent pr\u00e9alablement en demander l&rsquo;autorisation par \u00e9crit \u00e0 l&rsquo;entit\u00e9. Dans tous les cas, le lien hypertexte permettra uniquement l&rsquo;acc\u00e8s \u00e0 la page d&rsquo;accueil de notre site Web, et doit \u00e9galement s&rsquo;abstenir de faire des d\u00e9clarations ou des indications fausses ou inexactes sur l&rsquo;entit\u00e9, ou inclure des contenus ill\u00e9gaux, contraires aux bonnes m\u0153urs et \u00e0 l&rsquo;ordre public.<\/p>\n<p>L&rsquo;entit\u00e9 n&rsquo;est pas responsable de l&rsquo;utilisation que chaque utilisateur fait des mat\u00e9riaux mis \u00e0 disposition sur ce site Web ou des actions men\u00e9es sur la base de ceux-ci.<\/p>\n<h2>EXCLUSION DE GARANTIES ET DE RESPONSABILIT\u00c9.<\/h2>\n<p>Le contenu de ce site Web est de nature g\u00e9n\u00e9rale et \u00e0 titre informatif uniquement, sans garantir pleinement l&rsquo;acc\u00e8s \u00e0 tout le contenu, ni son exhaustivit\u00e9, son exactitude, sa validit\u00e9 ou son actualit\u00e9, ni son ad\u00e9quation ou son utilit\u00e9 \u00e0 un usage sp\u00e9cifique.<\/p>\n<p>L&rsquo;entit\u00e9 exclut, dans la mesure o\u00f9 le syst\u00e8me juridique le permet, toute responsabilit\u00e9 pour les dommages de toute nature r\u00e9sultant :<\/p>\n<ol>\n<li>L&rsquo;impossibilit\u00e9 d&rsquo;acc\u00e9der au site Web ou le manque de v\u00e9racit\u00e9, d&rsquo;exactitude, d&rsquo;exhaustivit\u00e9 et \/ ou d&rsquo;actualit\u00e9 du contenu, ainsi que l&rsquo;existence de vices et de d\u00e9fauts de toutes sortes de contenus transmis, diffus\u00e9s, stock\u00e9s, mis \u00e0 la disposition de ceux qui Il a \u00e9t\u00e9 consult\u00e9 via le site Web ou les services offerts.<\/li>\n<li>La pr\u00e9sence de virus ou d&rsquo;autres \u00e9l\u00e9ments malveillants dans les contenus pouvant entra\u00eener des alt\u00e9rations des syst\u00e8mes informatiques, des documents \u00e9lectroniques ou des donn\u00e9es des utilisateurs.<\/li>\n<li>Non-respect des lois, de la bonne foi, de l&rsquo;ordre public, des usages du trafic et de cet avis juridique en raison d&rsquo;une utilisation incorrecte du site Web. En particulier, et \u00e0 titre d&rsquo;exemple, l&rsquo;entit\u00e9 n&rsquo;est pas responsable des actions de tiers qui violent les droits de propri\u00e9t\u00e9 intellectuelle et industrielle, les droits \u00e0 l&rsquo;honneur, \u00e0 la vie priv\u00e9e et familiale et \u00e0 l&rsquo;image elle-m\u00eame.<\/li>\n<\/ol>\n<p>De m\u00eame, l&rsquo;entit\u00e9 d\u00e9cline toute responsabilit\u00e9 concernant les informations qui se trouvent en dehors de ce site Web et ne sont pas g\u00e9r\u00e9es directement par notre administrateur de site. La fonction des liens qui apparaissent sur ce site Web est exclusivement d&rsquo;informer l&rsquo;utilisateur de l&rsquo;existence d&rsquo;autres sources capables d&rsquo;\u00e9tendre le contenu offert par ce site Web.<\/p>\n<h2>PROC\u00c9DURE EN CAS D&rsquo;EXERCICE D&rsquo;ACTIVIT\u00c9S ILLICITES.<\/h2>\n<p>Dans le cas o\u00f9 un utilisateur ou un tiers consid\u00e8re qu&rsquo;il existe des faits ou des circonstances r\u00e9v\u00e9lant le caract\u00e8re ill\u00e9gal de l&rsquo;utilisation de tout contenu et \/ ou de l&rsquo;ex\u00e9cution de toute activit\u00e9 sur les pages Web incluses ou accessibles via le site Web www.sustavianfeed .eu , vous devez envoyer une notification \u00e0 info@sustavianfeed.eu en vous identifiant correctement, en pr\u00e9cisant les infractions all\u00e9gu\u00e9es et en d\u00e9clarant express\u00e9ment et sous votre responsabilit\u00e9 que les informations fournies dans la notification sont exactes.<\/p>\n<p>Pour toutes les questions litigieuses concernant le site Web de l&rsquo;entit\u00e9, la l\u00e9gislation espagnole s&rsquo;appliquera, les cours et tribunaux du domicile de l&rsquo;entit\u00e9 \u00e9tant comp\u00e9tents.<\/p>\n<h2>AVIS.<\/h2>\n<p>Toutes les notifications et communications entre les utilisateurs seront consid\u00e9r\u00e9es comme efficaces, \u00e0 toutes fins utiles, lorsqu&rsquo;elles sont effectu\u00e9es par courrier postal, courrier \u00e9lectronique ou communication t\u00e9l\u00e9phonique. Les utilisateurs doivent contacter l&rsquo;entit\u00e9 par l&rsquo;un des moyens de contact indiqu\u00e9s au d\u00e9but de la pr\u00e9sente notice l\u00e9gale.<\/p>\n<p>Cette notice l\u00e9gale a \u00e9t\u00e9 r\u00e9vis\u00e9e en octobre 2021, il peut donc y avoir des variations jusqu&rsquo;\u00e0 sa prochaine r\u00e9vision.[\/vc_column_text][\/vc_column][\/vc_row]<\/p>\n<\/div>","protected":false},"excerpt":{"rendered":"<p>[vc_row][vc_column][vc_column_text] OBJET ET ACCEPTATION. Les pr\u00e9sentes mentions l\u00e9gales r\u00e9gissent l&rsquo;utilisation du site Internet www.sustavianfeed.eu, mis \u00e0 votre disposition par le responsable du site Internet dont les donn\u00e9es d&rsquo;identification sont : NOM: SAT n\u00b0 2439 ALIA NIF\/CIF : F30030753 ADRESSE: TREMPER. LA HOYA S\/N, APDO. 272, 30816 LORCA (MURCIA) ESPAGNE. T\u00c9L\u00c9PHONE: 968486700 E-MAIL: info@sustavianfeed.eu Que l&rsquo;on [&hellip;]<\/p>\n","protected":false},"author":1,"featured_media":0,"parent":0,"menu_order":0,"comment_status":"closed","ping_status":"closed","template":"","meta":{"footnotes":""},"class_list":["post-1624","page","type-page","status-publish","hentry"],"yoast_head":"<!-- This site is optimized with the Yoast SEO plugin v26.4 - https:\/\/yoast.com\/wordpress\/plugins\/seo\/ -->\n<title>Mention l\u00e9gale - SUSTAvianFEED<\/title>\n<meta name=\"robots\" content=\"index, follow, max-snippet:-1, max-image-preview:large, max-video-preview:-1\" \/>\n<link rel=\"canonical\" href=\"https:\/\/sustavianfeed.eu\/fr\/mention-legale\/\" \/>\n<meta property=\"og:locale\" content=\"fr_FR\" \/>\n<meta property=\"og:type\" content=\"article\" \/>\n<meta property=\"og:title\" content=\"Mention l\u00e9gale - SUSTAvianFEED\" \/>\n<meta property=\"og:description\" content=\"[vc_row][vc_column][vc_column_text] OBJET ET ACCEPTATION. Les pr\u00e9sentes mentions l\u00e9gales r\u00e9gissent l&rsquo;utilisation du site Internet www.sustavianfeed.eu, mis \u00e0 votre disposition par le responsable du site Internet dont les donn\u00e9es d&rsquo;identification sont : NOM: SAT n\u00b0 2439 ALIA NIF\/CIF : F30030753 ADRESSE: TREMPER. LA HOYA S\/N, APDO. 272, 30816 LORCA (MURCIA) ESPAGNE. T\u00c9L\u00c9PHONE: 968486700 E-MAIL: info@sustavianfeed.eu Que l&rsquo;on [&hellip;]\" \/>\n<meta property=\"og:url\" content=\"https:\/\/sustavianfeed.eu\/fr\/mention-legale\/\" \/>\n<meta property=\"og:site_name\" content=\"SUSTAvianFEED\" \/>\n<meta property=\"article:publisher\" content=\"https:\/\/www.facebook.com\/SUSTAvianFEED\" \/>\n<meta property=\"article:modified_time\" content=\"2023-05-11T07:45:27+00:00\" \/>\n<meta name=\"twitter:card\" content=\"summary_large_image\" \/>\n<meta name=\"twitter:label1\" content=\"Dur\u00e9e de lecture estim\u00e9e\" \/>\n\t<meta name=\"twitter:data1\" content=\"7 minutes\" \/>\n<script type=\"application\/ld+json\" class=\"yoast-schema-graph\">{\"@context\":\"https:\/\/schema.org\",\"@graph\":[{\"@type\":\"WebPage\",\"@id\":\"https:\/\/sustavianfeed.eu\/fr\/mention-legale\/\",\"url\":\"https:\/\/sustavianfeed.eu\/fr\/mention-legale\/\",\"name\":\"Mention l\u00e9gale - SUSTAvianFEED\",\"isPartOf\":{\"@id\":\"https:\/\/sustavianfeed.eu\/fr\/#website\"},\"datePublished\":\"2021-10-20T09:48:41+00:00\",\"dateModified\":\"2023-05-11T07:45:27+00:00\",\"breadcrumb\":{\"@id\":\"https:\/\/sustavianfeed.eu\/fr\/mention-legale\/#breadcrumb\"},\"inLanguage\":\"fr-FR\",\"potentialAction\":[{\"@type\":\"ReadAction\",\"target\":[\"https:\/\/sustavianfeed.eu\/fr\/mention-legale\/\"]}]},{\"@type\":\"BreadcrumbList\",\"@id\":\"https:\/\/sustavianfeed.eu\/fr\/mention-legale\/#breadcrumb\",\"itemListElement\":[{\"@type\":\"ListItem\",\"position\":1,\"name\":\"Home\",\"item\":\"https:\/\/sustavianfeed.eu\/fr\/\"},{\"@type\":\"ListItem\",\"position\":2,\"name\":\"Mention l\u00e9gale\"}]},{\"@type\":\"WebSite\",\"@id\":\"https:\/\/sustavianfeed.eu\/fr\/#website\",\"url\":\"https:\/\/sustavianfeed.eu\/fr\/\",\"name\":\"SUSTAvianFEED\",\"description\":\"Innovative and sustainable poultry feedings programs\",\"publisher\":{\"@id\":\"https:\/\/sustavianfeed.eu\/fr\/#organization\"},\"potentialAction\":[{\"@type\":\"SearchAction\",\"target\":{\"@type\":\"EntryPoint\",\"urlTemplate\":\"https:\/\/sustavianfeed.eu\/fr\/?s={search_term_string}\"},\"query-input\":{\"@type\":\"PropertyValueSpecification\",\"valueRequired\":true,\"valueName\":\"search_term_string\"}}],\"inLanguage\":\"fr-FR\"},{\"@type\":\"Organization\",\"@id\":\"https:\/\/sustavianfeed.eu\/fr\/#organization\",\"name\":\"SUSTAvianFEED\",\"url\":\"https:\/\/sustavianfeed.eu\/fr\/\",\"logo\":{\"@type\":\"ImageObject\",\"inLanguage\":\"fr-FR\",\"@id\":\"https:\/\/sustavianfeed.eu\/fr\/#\/schema\/logo\/image\/\",\"url\":\"https:\/\/sustavianfeed.eu\/wp-content\/uploads\/2021\/09\/LOGO_SUSTavianFEED_color-footer.png\",\"contentUrl\":\"https:\/\/sustavianfeed.eu\/wp-content\/uploads\/2021\/09\/LOGO_SUSTavianFEED_color-footer.png\",\"width\":400,\"height\":286,\"caption\":\"SUSTAvianFEED\"},\"image\":{\"@id\":\"https:\/\/sustavianfeed.eu\/fr\/#\/schema\/logo\/image\/\"},\"sameAs\":[\"https:\/\/www.facebook.com\/SUSTAvianFEED\",\"https:\/\/www.linkedin.com\/groups\/12560654\/\"]}]}<\/script>\n<!-- \/ Yoast SEO plugin. -->","yoast_head_json":{"title":"Mention l\u00e9gale - SUSTAvianFEED","robots":{"index":"index","follow":"follow","max-snippet":"max-snippet:-1","max-image-preview":"max-image-preview:large","max-video-preview":"max-video-preview:-1"},"canonical":"https:\/\/sustavianfeed.eu\/fr\/mention-legale\/","og_locale":"fr_FR","og_type":"article","og_title":"Mention l\u00e9gale - SUSTAvianFEED","og_description":"[vc_row][vc_column][vc_column_text] OBJET ET ACCEPTATION. Les pr\u00e9sentes mentions l\u00e9gales r\u00e9gissent l&rsquo;utilisation du site Internet www.sustavianfeed.eu, mis \u00e0 votre disposition par le responsable du site Internet dont les donn\u00e9es d&rsquo;identification sont : NOM: SAT n\u00b0 2439 ALIA NIF\/CIF : F30030753 ADRESSE: TREMPER. LA HOYA S\/N, APDO. 272, 30816 LORCA (MURCIA) ESPAGNE. T\u00c9L\u00c9PHONE: 968486700 E-MAIL: info@sustavianfeed.eu Que l&rsquo;on [&hellip;]","og_url":"https:\/\/sustavianfeed.eu\/fr\/mention-legale\/","og_site_name":"SUSTAvianFEED","article_publisher":"https:\/\/www.facebook.com\/SUSTAvianFEED","article_modified_time":"2023-05-11T07:45:27+00:00","twitter_card":"summary_large_image","twitter_misc":{"Dur\u00e9e de lecture estim\u00e9e":"7 minutes"},"schema":{"@context":"https:\/\/schema.org","@graph":[{"@type":"WebPage","@id":"https:\/\/sustavianfeed.eu\/fr\/mention-legale\/","url":"https:\/\/sustavianfeed.eu\/fr\/mention-legale\/","name":"Mention l\u00e9gale - SUSTAvianFEED","isPartOf":{"@id":"https:\/\/sustavianfeed.eu\/fr\/#website"},"datePublished":"2021-10-20T09:48:41+00:00","dateModified":"2023-05-11T07:45:27+00:00","breadcrumb":{"@id":"https:\/\/sustavianfeed.eu\/fr\/mention-legale\/#breadcrumb"},"inLanguage":"fr-FR","potentialAction":[{"@type":"ReadAction","target":["https:\/\/sustavianfeed.eu\/fr\/mention-legale\/"]}]},{"@type":"BreadcrumbList","@id":"https:\/\/sustavianfeed.eu\/fr\/mention-legale\/#breadcrumb","itemListElement":[{"@type":"ListItem","position":1,"name":"Home","item":"https:\/\/sustavianfeed.eu\/fr\/"},{"@type":"ListItem","position":2,"name":"Mention l\u00e9gale"}]},{"@type":"WebSite","@id":"https:\/\/sustavianfeed.eu\/fr\/#website","url":"https:\/\/sustavianfeed.eu\/fr\/","name":"SUSTAvianFEED","description":"Innovative and sustainable poultry feedings programs","publisher":{"@id":"https:\/\/sustavianfeed.eu\/fr\/#organization"},"potentialAction":[{"@type":"SearchAction","target":{"@type":"EntryPoint","urlTemplate":"https:\/\/sustavianfeed.eu\/fr\/?s={search_term_string}"},"query-input":{"@type":"PropertyValueSpecification","valueRequired":true,"valueName":"search_term_string"}}],"inLanguage":"fr-FR"},{"@type":"Organization","@id":"https:\/\/sustavianfeed.eu\/fr\/#organization","name":"SUSTAvianFEED","url":"https:\/\/sustavianfeed.eu\/fr\/","logo":{"@type":"ImageObject","inLanguage":"fr-FR","@id":"https:\/\/sustavianfeed.eu\/fr\/#\/schema\/logo\/image\/","url":"https:\/\/sustavianfeed.eu\/wp-content\/uploads\/2021\/09\/LOGO_SUSTavianFEED_color-footer.png","contentUrl":"https:\/\/sustavianfeed.eu\/wp-content\/uploads\/2021\/09\/LOGO_SUSTavianFEED_color-footer.png","width":400,"height":286,"caption":"SUSTAvianFEED"},"image":{"@id":"https:\/\/sustavianfeed.eu\/fr\/#\/schema\/logo\/image\/"},"sameAs":["https:\/\/www.facebook.com\/SUSTAvianFEED","https:\/\/www.linkedin.com\/groups\/12560654\/"]}]}},"_links":{"self":[{"href":"https:\/\/sustavianfeed.eu\/fr\/wp-json\/wp\/v2\/pages\/1624","targetHints":{"allow":["GET"]}}],"collection":[{"href":"https:\/\/sustavianfeed.eu\/fr\/wp-json\/wp\/v2\/pages"}],"about":[{"href":"https:\/\/sustavianfeed.eu\/fr\/wp-json\/wp\/v2\/types\/page"}],"author":[{"embeddable":true,"href":"https:\/\/sustavianfeed.eu\/fr\/wp-json\/wp\/v2\/users\/1"}],"replies":[{"embeddable":true,"href":"https:\/\/sustavianfeed.eu\/fr\/wp-json\/wp\/v2\/comments?post=1624"}],"version-history":[{"count":8,"href":"https:\/\/sustavianfeed.eu\/fr\/wp-json\/wp\/v2\/pages\/1624\/revisions"}],"predecessor-version":[{"id":2757,"href":"https:\/\/sustavianfeed.eu\/fr\/wp-json\/wp\/v2\/pages\/1624\/revisions\/2757"}],"wp:attachment":[{"href":"https:\/\/sustavianfeed.eu\/fr\/wp-json\/wp\/v2\/media?parent=1624"}],"curies":[{"name":"wp","href":"https:\/\/api.w.org\/{rel}","templated":true}]}}