{"id":1454,"date":"2021-10-01T12:40:59","date_gmt":"2021-10-01T12:40:59","guid":{"rendered":"http:\/\/www.sustavianfeed.eu\/projet\/objectifs-et-methodologie\/"},"modified":"2021-10-04T10:10:40","modified_gmt":"2021-10-04T10:10:40","slug":"objectifs-et-methodologie","status":"publish","type":"page","link":"https:\/\/sustavianfeed.eu\/fr\/projet\/objectifs-et-methodologie\/","title":{"rendered":"Objectifs et m\u00e9thodologie"},"content":{"rendered":"<div class=\"wpb-content-wrapper\"><p>[vc_row el_class=\u00a0\u00bbpy-4 justify-content-center\u00a0\u00bb css=\u00a0\u00bb.vc_custom_1631867218785{margin-bottom: 50px !important;}\u00a0\u00bb][vc_column el_class=\u00a0\u00bbmb-5 mb-md-0&Prime;]<div class=\"porto-animation overflow-hidden mb-2\" >[vc_custom_heading text=\u00a0\u00bbOBJECTIFS ET M\u00c9THODOLOGIE\u00a0\u00bb font_container=\u00a0\u00bbtag:p|text_align:left|color:%23acb4be|line_height:1&Prime; use_theme_fonts=\u00a0\u00bbyes\u00a0\u00bb text_transform=\u00a0\u00bbtext-uppercase\u00a0\u00bb font_weight=\u00a0\u00bb700&Prime; animation_delay=\u00a0\u00bb600&Prime; el_class=\u00a0\u00bbmb-0&Prime; animation_type=\u00a0\u00bbmaskUp\u00a0\u00bb]<\/div><div class=\"porto-animation overflow-hidden mb-4\" >[vc_custom_heading text=\u00a0\u00bbLes principaux objectifs du SUSTAvianFEED :\u00a0\u00bb font_container=\u00a0\u00bbtag:h2|font_size:2.3em|text_align:left|line_height:1.2&Prime; use_theme_fonts=\u00a0\u00bbyes\u00a0\u00bb animation_delay=\u00a0\u00bb800&Prime; el_class=\u00a0\u00bbmb-0&Prime; animation_type=\u00a0\u00bbmaskUp\u00a0\u00bb css=\u00a0\u00bb.vc_custom_1631867185443{margin-bottom: 40px !important;}\u00a0\u00bb]<\/div>[vc_row_inner][vc_column_inner width=\u00a0\u00bb1\/2&Prime;]<div class=\"porto-process wpb_custom_aa84c36a6a947f6099708744f0f74b68\"><div class=\"process-step img-step\" data-appear-animation=\"fadeInUp\" data-appear-animation-delay=\"900\"><div class=\"process-step-circle\"><strong class=\"process-step-circle-content\"><img decoding=\"async\" src=\"\/\/sustavianfeed.eu\/wp-content\/uploads\/2021\/09\/icono-04-150x150.png\" class=\"img-responsive img-circle\" alt=\"01\"><\/strong><\/div><div class=\"process-step-content\"><h4 class=\"step-item-title\">01<\/h4><div class=\"process-step-desc\">Pour d\u00e9velopper un<strong> formule nutritionnelle durable<\/strong> pour l&rsquo;aviculture par l&rsquo;utilisation d&rsquo;insectes et la substitution de sources de prot\u00e9ines \u00e0 fort impact environnemental n\u00e9gatif (comme le soja ou la farine de poisson) dans les programmes d&rsquo;alimentation des volailles par des sous-produits du secteur agro-alimentaire r\u00e9gional afin de suivre les principes de l&rsquo;\u00e9conomie circulaire.<\/div><\/div><\/div><div class=\"process-step img-step\" data-appear-animation=\"fadeInUp\" data-appear-animation-delay=\"1000\"><div class=\"process-step-circle\"><strong class=\"process-step-circle-content\"><img decoding=\"async\" src=\"\/\/sustavianfeed.eu\/wp-content\/uploads\/2021\/09\/icono-04-150x150.png\" class=\"img-responsive img-circle\" alt=\"02\"><\/strong><\/div><div class=\"process-step-content\"><h4 class=\"step-item-title\">02<\/h4><div class=\"process-step-desc\"><strong>R\u00e9duire l&rsquo;impact environnemental de la fili\u00e8re avicole tout en offrant produits de qualit\u00e9, s\u00fbrs et abordables.<\/strong><\/div><\/div><\/div><div class=\"process-step img-step\" data-appear-animation=\"fadeInUp\" data-appear-animation-delay=\"1100\"><div class=\"process-step-circle\"><strong class=\"process-step-circle-content\"><img decoding=\"async\" src=\"\/\/sustavianfeed.eu\/wp-content\/uploads\/2021\/09\/icono-02-150x150.png\" class=\"img-responsive img-circle\" alt=\"03\"><\/strong><\/div><div class=\"process-step-content\"><h4 class=\"step-item-title\">03<\/h4><div class=\"process-step-desc\">Promouvoir \u00e9conomie locale, croissance socio-\u00e9conomique et r\u00e9silience locale des zones m\u00e9diterran\u00e9ennes.<\/div><\/div><\/div><\/div>[\/vc_column_inner][vc_column_inner width=\u00a0\u00bb1\/2&Prime;]<div class=\"porto-process wpb_custom_aa84c36a6a947f6099708744f0f74b68\"><div class=\"process-step img-step\" data-appear-animation=\"fadeInUp\" data-appear-animation-delay=\"1200\"><div class=\"process-step-circle\"><strong class=\"process-step-circle-content\"><img decoding=\"async\" src=\"\/\/sustavianfeed.eu\/wp-content\/uploads\/2021\/09\/icono-03-150x150.png\" class=\"img-responsive img-circle\" alt=\"04\"><\/strong><\/div><div class=\"process-step-content\"><h4 class=\"step-item-title\">04<\/h4><div class=\"process-step-desc\">D\u00e9montrer la faisabilit\u00e9 et la pertinence de<strong> formule nutritionnelle alternative<\/strong> dans des contextes r\u00e9els d&rsquo;\u00e9levage de volailles.<\/div><\/div><\/div><div class=\"process-step img-step\" data-appear-animation=\"fadeInUp\" data-appear-animation-delay=\"1300\"><div class=\"process-step-circle\"><strong class=\"process-step-circle-content\"><img decoding=\"async\" src=\"\/\/sustavianfeed.eu\/wp-content\/uploads\/2021\/09\/icono-04-150x150.png\" class=\"img-responsive img-circle\" alt=\"05\"><\/strong><\/div><div class=\"process-step-content\"><h4 class=\"step-item-title\">05<\/h4><div class=\"process-step-desc\">Am\u00e9liorer<strong> sant\u00e9 et bien-\u00eatre des animaux.<\/strong><\/div><\/div><\/div><div class=\"process-step img-step\" data-appear-animation=\"fadeInUp\" data-appear-animation-delay=\"1400\"><div class=\"process-step-circle\"><strong class=\"process-step-circle-content\"><img decoding=\"async\" src=\"\/\/sustavianfeed.eu\/wp-content\/uploads\/2021\/09\/icono-01-150x150.png\" class=\"img-responsive img-circle\" alt=\"06\"><\/strong><\/div><div class=\"process-step-content\"><h4 class=\"step-item-title\">06<\/h4><div class=\"process-step-desc\">Promouvoir l&rsquo;\u00e9galit\u00e9 des sexes et<strong> autonomisation des femmes.<\/strong><\/div><\/div><\/div><div class=\"process-step img-step\" data-appear-animation=\"fadeInUp\" data-appear-animation-delay=\"1500\"><div class=\"process-step-circle\"><strong class=\"process-step-circle-content\"><img decoding=\"async\" src=\"\/\/sustavianfeed.eu\/wp-content\/uploads\/2021\/09\/icono-02-150x150.png\" class=\"img-responsive img-circle\" alt=\"07\"><\/strong><\/div><div class=\"process-step-content\"><h4 class=\"step-item-title\">07<\/h4><div class=\"process-step-desc\">Pour d\u00e9velopper un<strong> approche multi-acteurs<\/strong> dans laquelle les acteurs pertinents de l&rsquo;ensemble de la cha\u00eene de valeur sont impliqu\u00e9s.<\/div><\/div><\/div><\/div>[\/vc_column_inner][\/vc_row_inner][\/vc_column][\/vc_row][vc_row el_class=\u00a0\u00bbpy-4 justify-content-center\u00a0\u00bb][vc_column width=\u00a0\u00bb1\/3&Prime; el_class=\u00a0\u00bbmb-5 mb-md-0&Prime;]<div class=\"porto-animation overflow-hidden mb-2\" >[vc_custom_heading text=\u00a0\u00bbOBJECTIFS ET M\u00c9THODOLOGIE\u00a0\u00bb font_container=\u00a0\u00bbtag:p|text_align:left|color:%23acb4be|line_height:1&Prime; use_theme_fonts=\u00a0\u00bbyes\u00a0\u00bb text_transform=\u00a0\u00bbtext-uppercase\u00a0\u00bb font_weight=\u00a0\u00bb700&Prime; animation_delay=\u00a0\u00bb600&Prime; el_class=\u00a0\u00bbmb-0&Prime; animation_type=\u00a0\u00bbmaskUp\u00a0\u00bb]<\/div><div class=\"porto-animation overflow-hidden mb-4\" >[vc_custom_heading text=\u00a0\u00bbM\u00e9thodologie\u00a0\u00bb font_container=\u00a0\u00bbtag:h2|font_size:2.3em|text_align:left|line_height:1.2&Prime; use_theme_fonts=\u00a0\u00bbyes\u00a0\u00bb animation_delay=\u00a0\u00bb800&Prime; el_class=\u00a0\u00bbmb-0&Prime; animation_type=\u00a0\u00bbmaskUp\u00a0\u00bb]<\/div><div class=\"porto-animation\"  data-appear-animation=\"fadeInUp\" data-appear-animation-delay=\"1400\">[vc_custom_heading text=\u00a0\u00bb01&Prime; font_container=\u00a0\u00bbtag:h3|font_size:1.5em|text_align:left|line_height:1.25&Prime; use_theme_fonts=\u00a0\u00bbyes\u00a0\u00bb text_transform=\u00a0\u00bbtext-uppercase\u00a0\u00bb show_border=\u00a0\u00bbyes\u00a0\u00bb border_skin=\u00a0\u00bbsecondary\u00a0\u00bb border_type=\u00a0\u00bbmiddle-border-reverse\u00a0\u00bb border_size=\u00a0\u00bbxl\u00a0\u00bb el_class=\u00a0\u00bbcustom-heading-bar mb-2&Prime; css=\u00a0\u00bb.vc_custom_1631611387344{margin-left: -65px !important;}\u00a0\u00bb][vc_custom_heading text=\u00a0\u00bbApproche multi-acteurs\u00a0\u00bb font_container=\u00a0\u00bbtag:p|font_size:1.2em|text_align:left|color:%23777777&Prime; use_theme_fonts=\u00a0\u00bbyes\u00a0\u00bb el_class=\u00a0\u00bbalternative-font pb-3 mb-4&Prime;]<\/div><div class=\"porto-animation\"  data-appear-animation=\"fadeInUp\" data-appear-animation-delay=\"1600\">[vc_custom_heading text=\u00a0\u00bb02&Prime; font_container=\u00a0\u00bbtag:h3|font_size:1.5em|text_align:left|line_height:1.25&Prime; use_theme_fonts=\u00a0\u00bbyes\u00a0\u00bb text_transform=\u00a0\u00bbtext-uppercase\u00a0\u00bb show_border=\u00a0\u00bbyes\u00a0\u00bb border_skin=\u00a0\u00bbsecondary\u00a0\u00bb border_type=\u00a0\u00bbmiddle-border-reverse\u00a0\u00bb border_size=\u00a0\u00bbxl\u00a0\u00bb el_class=\u00a0\u00bbcustom-heading-bar mb-2&Prime; css=\u00a0\u00bb.vc_custom_1631611405704{margin-left: -65px !important;}\u00a0\u00bb][vc_custom_heading text=\u00a0\u00bbCinq pilotes dans quatre pays m\u00e9diterran\u00e9ens diff\u00e9rents<strong> (Tunisie, Turquie, Espagne et Italie)<\/strong> . Une analyse sociale, environnementale et \u00e9conomique sera d\u00e9velopp\u00e9e pour chaque pilote.\u00a0\u00bb font_container=\u00a0\u00bbtag:p|font_size:1.2em|text_align:left|color:%23777777&Prime; use_theme_fonts=\u00a0\u00bbyes\u00a0\u00bb el_class=\u00a0\u00bbalternative-font pb-3 mb-4&Prime;]<\/div><div class=\"porto-animation\"  data-appear-animation=\"fadeInUp\" data-appear-animation-delay=\"1800\">[vc_custom_heading text=\u00a0\u00bb03&Prime; font_container=\u00a0\u00bbtag:h3|font_size:1.5em|text_align:left|line_height:1.25&Prime; use_theme_fonts=\u00a0\u00bbyes\u00a0\u00bb text_transform=\u00a0\u00bbtext-uppercase\u00a0\u00bb show_border=\u00a0\u00bbyes\u00a0\u00bb border_skin=\u00a0\u00bbsecondary\u00a0\u00bb border_type=\u00a0\u00bbmiddle-border-reverse\u00a0\u00bb border_size=\u00a0\u00bbxl\u00a0\u00bb el_class=\u00a0\u00bbcustom-heading-bar mb-2&Prime; css=\u00a0\u00bb.vc_custom_1631611436648{margin-left: -65px !important;}\u00a0\u00bb][vc_custom_heading text=\u00a0\u00bbActivit\u00e9s des laboratoires vivants\u00a0\u00bb font_container=\u00a0\u00bbtag:p|font_size:1.2em|text_align:left|color:%23777777&Prime; use_theme_fonts=\u00a0\u00bbyes\u00a0\u00bb el_class=\u00a0\u00bbalternative-font mb-0&Prime;]<\/div>[\/vc_column][vc_column width=\u00a0\u00bb7\/12&Prime; el_class=\u00a0\u00bbpl-md-5&Prime; offset=\u00a0\u00bbvc_col-sm-offset-1&Prime;][vc_single_image image=\u00a0\u00bb1337&Prime; img_size=\u00a0\u00bb600&#215;367&Prime; alignment=\u00a0\u00bbcenter\u00a0\u00bb onclick=\u00a0\u00bblink_image\u00a0\u00bb animation_type=\u00a0\u00bbzoomIn\u00a0\u00bb][vc_single_image image=\u00a0\u00bb1309&Prime; img_size=\u00a0\u00bbfull\u00a0\u00bb alignment=\u00a0\u00bbcenter\u00a0\u00bb onclick=\u00a0\u00bblink_image\u00a0\u00bb animation_type=\u00a0\u00bbzoomIn\u00a0\u00bb][\/vc_column][\/vc_row]<\/p>\n<\/div>","protected":false},"excerpt":{"rendered":"<p>[vc_row el_class=\u00a0\u00bbpy-4 justify-content-center\u00a0\u00bb css=\u00a0\u00bb.vc_custom_1631867218785{margin-bottom: 50px !important;}\u00a0\u00bb][vc_column el_class=\u00a0\u00bbmb-5 mb-md-0&Prime;][vc_row_inner][vc_column_inner width=\u00a0\u00bb1\/2&Prime;][\/vc_column_inner][vc_column_inner width=\u00a0\u00bb1\/2&Prime;][\/vc_column_inner][\/vc_row_inner][\/vc_column][\/vc_row][vc_row el_class=\u00a0\u00bbpy-4 justify-content-center\u00a0\u00bb][vc_column width=\u00a0\u00bb1\/3&Prime; el_class=\u00a0\u00bbmb-5 mb-md-0&Prime;][\/vc_column][vc_column width=\u00a0\u00bb7\/12&Prime; el_class=\u00a0\u00bbpl-md-5&Prime; offset=\u00a0\u00bbvc_col-sm-offset-1&Prime;][vc_single_image image=\u00a0\u00bb1337&Prime; img_size=\u00a0\u00bb600&#215;367&Prime; alignment=\u00a0\u00bbcenter\u00a0\u00bb onclick=\u00a0\u00bblink_image\u00a0\u00bb animation_type=\u00a0\u00bbzoomIn\u00a0\u00bb][vc_single_image image=\u00a0\u00bb1309&Prime; img_size=\u00a0\u00bbfull\u00a0\u00bb alignment=\u00a0\u00bbcenter\u00a0\u00bb onclick=\u00a0\u00bblink_image\u00a0\u00bb animation_type=\u00a0\u00bbzoomIn\u00a0\u00bb][\/vc_column][\/vc_row]<\/p>\n","protected":false},"author":1,"featured_media":0,"parent":1396,"menu_order":0,"comment_status":"closed","ping_status":"closed","template":"","meta":{"footnotes":""},"class_list":["post-1454","page","type-page","status-publish","hentry"],"yoast_head":"<!-- This site is optimized with the Yoast SEO plugin v26.4 - https:\/\/yoast.com\/wordpress\/plugins\/seo\/ -->\n<title>Objectifs et m\u00e9thodologie - SUSTAvianFEED<\/title>\n<meta name=\"robots\" content=\"index, follow, max-snippet:-1, max-image-preview:large, max-video-preview:-1\" \/>\n<link rel=\"canonical\" href=\"https:\/\/sustavianfeed.eu\/fr\/projet\/objectifs-et-methodologie\/\" \/>\n<meta property=\"og:locale\" content=\"fr_FR\" \/>\n<meta property=\"og:type\" content=\"article\" \/>\n<meta property=\"og:title\" content=\"Objectifs et m\u00e9thodologie - SUSTAvianFEED\" \/>\n<meta property=\"og:description\" content=\"[vc_row el_class=\u00a0\u00bbpy-4 justify-content-center\u00a0\u00bb css=\u00a0\u00bb.vc_custom_1631867218785{margin-bottom: 50px !important;}\u00a0\u00bb][vc_column el_class=\u00a0\u00bbmb-5 mb-md-0&Prime;][vc_row_inner][vc_column_inner width=\u00a0\u00bb1\/2&Prime;][\/vc_column_inner][vc_column_inner width=\u00a0\u00bb1\/2&Prime;][\/vc_column_inner][\/vc_row_inner][\/vc_column][\/vc_row][vc_row el_class=\u00a0\u00bbpy-4 justify-content-center\u00a0\u00bb][vc_column width=\u00a0\u00bb1\/3&Prime; el_class=\u00a0\u00bbmb-5 mb-md-0&Prime;][\/vc_column][vc_column width=\u00a0\u00bb7\/12&Prime; el_class=\u00a0\u00bbpl-md-5&Prime; offset=\u00a0\u00bbvc_col-sm-offset-1&Prime;][vc_single_image image=\u00a0\u00bb1337&Prime; img_size=\u00a0\u00bb600&#215;367&Prime; alignment=\u00a0\u00bbcenter\u00a0\u00bb onclick=\u00a0\u00bblink_image\u00a0\u00bb animation_type=\u00a0\u00bbzoomIn\u00a0\u00bb][vc_single_image image=\u00a0\u00bb1309&Prime; img_size=\u00a0\u00bbfull\u00a0\u00bb alignment=\u00a0\u00bbcenter\u00a0\u00bb onclick=\u00a0\u00bblink_image\u00a0\u00bb animation_type=\u00a0\u00bbzoomIn\u00a0\u00bb][\/vc_column][\/vc_row]\" \/>\n<meta property=\"og:url\" content=\"https:\/\/sustavianfeed.eu\/fr\/projet\/objectifs-et-methodologie\/\" \/>\n<meta property=\"og:site_name\" content=\"SUSTAvianFEED\" \/>\n<meta property=\"article:publisher\" content=\"https:\/\/www.facebook.com\/SUSTAvianFEED\" \/>\n<meta property=\"article:modified_time\" content=\"2021-10-04T10:10:40+00:00\" \/>\n<meta name=\"twitter:card\" content=\"summary_large_image\" \/>\n<meta name=\"twitter:label1\" content=\"Dur\u00e9e de lecture estim\u00e9e\" \/>\n\t<meta name=\"twitter:data1\" content=\"4 minutes\" \/>\n<script type=\"application\/ld+json\" class=\"yoast-schema-graph\">{\"@context\":\"https:\/\/schema.org\",\"@graph\":[{\"@type\":\"WebPage\",\"@id\":\"https:\/\/sustavianfeed.eu\/fr\/projet\/objectifs-et-methodologie\/\",\"url\":\"https:\/\/sustavianfeed.eu\/fr\/projet\/objectifs-et-methodologie\/\",\"name\":\"Objectifs et m\u00e9thodologie - SUSTAvianFEED\",\"isPartOf\":{\"@id\":\"https:\/\/sustavianfeed.eu\/fr\/#website\"},\"datePublished\":\"2021-10-01T12:40:59+00:00\",\"dateModified\":\"2021-10-04T10:10:40+00:00\",\"breadcrumb\":{\"@id\":\"https:\/\/sustavianfeed.eu\/fr\/projet\/objectifs-et-methodologie\/#breadcrumb\"},\"inLanguage\":\"fr-FR\",\"potentialAction\":[{\"@type\":\"ReadAction\",\"target\":[\"https:\/\/sustavianfeed.eu\/fr\/projet\/objectifs-et-methodologie\/\"]}]},{\"@type\":\"BreadcrumbList\",\"@id\":\"https:\/\/sustavianfeed.eu\/fr\/projet\/objectifs-et-methodologie\/#breadcrumb\",\"itemListElement\":[{\"@type\":\"ListItem\",\"position\":1,\"name\":\"Home\",\"item\":\"https:\/\/sustavianfeed.eu\/fr\/\"},{\"@type\":\"ListItem\",\"position\":2,\"name\":\"Projet\",\"item\":\"https:\/\/sustavianfeed.eu\/fr\/projet\/\"},{\"@type\":\"ListItem\",\"position\":3,\"name\":\"Objectifs et m\u00e9thodologie\"}]},{\"@type\":\"WebSite\",\"@id\":\"https:\/\/sustavianfeed.eu\/fr\/#website\",\"url\":\"https:\/\/sustavianfeed.eu\/fr\/\",\"name\":\"SUSTAvianFEED\",\"description\":\"Innovative and sustainable poultry feedings programs\",\"publisher\":{\"@id\":\"https:\/\/sustavianfeed.eu\/fr\/#organization\"},\"potentialAction\":[{\"@type\":\"SearchAction\",\"target\":{\"@type\":\"EntryPoint\",\"urlTemplate\":\"https:\/\/sustavianfeed.eu\/fr\/?s={search_term_string}\"},\"query-input\":{\"@type\":\"PropertyValueSpecification\",\"valueRequired\":true,\"valueName\":\"search_term_string\"}}],\"inLanguage\":\"fr-FR\"},{\"@type\":\"Organization\",\"@id\":\"https:\/\/sustavianfeed.eu\/fr\/#organization\",\"name\":\"SUSTAvianFEED\",\"url\":\"https:\/\/sustavianfeed.eu\/fr\/\",\"logo\":{\"@type\":\"ImageObject\",\"inLanguage\":\"fr-FR\",\"@id\":\"https:\/\/sustavianfeed.eu\/fr\/#\/schema\/logo\/image\/\",\"url\":\"https:\/\/sustavianfeed.eu\/wp-content\/uploads\/2021\/09\/LOGO_SUSTavianFEED_color-footer.png\",\"contentUrl\":\"https:\/\/sustavianfeed.eu\/wp-content\/uploads\/2021\/09\/LOGO_SUSTavianFEED_color-footer.png\",\"width\":400,\"height\":286,\"caption\":\"SUSTAvianFEED\"},\"image\":{\"@id\":\"https:\/\/sustavianfeed.eu\/fr\/#\/schema\/logo\/image\/\"},\"sameAs\":[\"https:\/\/www.facebook.com\/SUSTAvianFEED\",\"https:\/\/www.linkedin.com\/groups\/12560654\/\"]}]}<\/script>\n<!-- \/ Yoast SEO plugin. -->","yoast_head_json":{"title":"Objectifs et m\u00e9thodologie - SUSTAvianFEED","robots":{"index":"index","follow":"follow","max-snippet":"max-snippet:-1","max-image-preview":"max-image-preview:large","max-video-preview":"max-video-preview:-1"},"canonical":"https:\/\/sustavianfeed.eu\/fr\/projet\/objectifs-et-methodologie\/","og_locale":"fr_FR","og_type":"article","og_title":"Objectifs et m\u00e9thodologie - SUSTAvianFEED","og_description":"[vc_row el_class=\u00a0\u00bbpy-4 justify-content-center\u00a0\u00bb css=\u00a0\u00bb.vc_custom_1631867218785{margin-bottom: 50px !important;}\u00a0\u00bb][vc_column el_class=\u00a0\u00bbmb-5 mb-md-0&Prime;][vc_row_inner][vc_column_inner width=\u00a0\u00bb1\/2&Prime;][\/vc_column_inner][vc_column_inner width=\u00a0\u00bb1\/2&Prime;][\/vc_column_inner][\/vc_row_inner][\/vc_column][\/vc_row][vc_row el_class=\u00a0\u00bbpy-4 justify-content-center\u00a0\u00bb][vc_column width=\u00a0\u00bb1\/3&Prime; el_class=\u00a0\u00bbmb-5 mb-md-0&Prime;][\/vc_column][vc_column width=\u00a0\u00bb7\/12&Prime; el_class=\u00a0\u00bbpl-md-5&Prime; offset=\u00a0\u00bbvc_col-sm-offset-1&Prime;][vc_single_image image=\u00a0\u00bb1337&Prime; img_size=\u00a0\u00bb600&#215;367&Prime; alignment=\u00a0\u00bbcenter\u00a0\u00bb onclick=\u00a0\u00bblink_image\u00a0\u00bb animation_type=\u00a0\u00bbzoomIn\u00a0\u00bb][vc_single_image image=\u00a0\u00bb1309&Prime; img_size=\u00a0\u00bbfull\u00a0\u00bb alignment=\u00a0\u00bbcenter\u00a0\u00bb onclick=\u00a0\u00bblink_image\u00a0\u00bb animation_type=\u00a0\u00bbzoomIn\u00a0\u00bb][\/vc_column][\/vc_row]","og_url":"https:\/\/sustavianfeed.eu\/fr\/projet\/objectifs-et-methodologie\/","og_site_name":"SUSTAvianFEED","article_publisher":"https:\/\/www.facebook.com\/SUSTAvianFEED","article_modified_time":"2021-10-04T10:10:40+00:00","twitter_card":"summary_large_image","twitter_misc":{"Dur\u00e9e de lecture estim\u00e9e":"4 minutes"},"schema":{"@context":"https:\/\/schema.org","@graph":[{"@type":"WebPage","@id":"https:\/\/sustavianfeed.eu\/fr\/projet\/objectifs-et-methodologie\/","url":"https:\/\/sustavianfeed.eu\/fr\/projet\/objectifs-et-methodologie\/","name":"Objectifs et m\u00e9thodologie - SUSTAvianFEED","isPartOf":{"@id":"https:\/\/sustavianfeed.eu\/fr\/#website"},"datePublished":"2021-10-01T12:40:59+00:00","dateModified":"2021-10-04T10:10:40+00:00","breadcrumb":{"@id":"https:\/\/sustavianfeed.eu\/fr\/projet\/objectifs-et-methodologie\/#breadcrumb"},"inLanguage":"fr-FR","potentialAction":[{"@type":"ReadAction","target":["https:\/\/sustavianfeed.eu\/fr\/projet\/objectifs-et-methodologie\/"]}]},{"@type":"BreadcrumbList","@id":"https:\/\/sustavianfeed.eu\/fr\/projet\/objectifs-et-methodologie\/#breadcrumb","itemListElement":[{"@type":"ListItem","position":1,"name":"Home","item":"https:\/\/sustavianfeed.eu\/fr\/"},{"@type":"ListItem","position":2,"name":"Projet","item":"https:\/\/sustavianfeed.eu\/fr\/projet\/"},{"@type":"ListItem","position":3,"name":"Objectifs et m\u00e9thodologie"}]},{"@type":"WebSite","@id":"https:\/\/sustavianfeed.eu\/fr\/#website","url":"https:\/\/sustavianfeed.eu\/fr\/","name":"SUSTAvianFEED","description":"Innovative and sustainable poultry feedings programs","publisher":{"@id":"https:\/\/sustavianfeed.eu\/fr\/#organization"},"potentialAction":[{"@type":"SearchAction","target":{"@type":"EntryPoint","urlTemplate":"https:\/\/sustavianfeed.eu\/fr\/?s={search_term_string}"},"query-input":{"@type":"PropertyValueSpecification","valueRequired":true,"valueName":"search_term_string"}}],"inLanguage":"fr-FR"},{"@type":"Organization","@id":"https:\/\/sustavianfeed.eu\/fr\/#organization","name":"SUSTAvianFEED","url":"https:\/\/sustavianfeed.eu\/fr\/","logo":{"@type":"ImageObject","inLanguage":"fr-FR","@id":"https:\/\/sustavianfeed.eu\/fr\/#\/schema\/logo\/image\/","url":"https:\/\/sustavianfeed.eu\/wp-content\/uploads\/2021\/09\/LOGO_SUSTavianFEED_color-footer.png","contentUrl":"https:\/\/sustavianfeed.eu\/wp-content\/uploads\/2021\/09\/LOGO_SUSTavianFEED_color-footer.png","width":400,"height":286,"caption":"SUSTAvianFEED"},"image":{"@id":"https:\/\/sustavianfeed.eu\/fr\/#\/schema\/logo\/image\/"},"sameAs":["https:\/\/www.facebook.com\/SUSTAvianFEED","https:\/\/www.linkedin.com\/groups\/12560654\/"]}]}},"_links":{"self":[{"href":"https:\/\/sustavianfeed.eu\/fr\/wp-json\/wp\/v2\/pages\/1454","targetHints":{"allow":["GET"]}}],"collection":[{"href":"https:\/\/sustavianfeed.eu\/fr\/wp-json\/wp\/v2\/pages"}],"about":[{"href":"https:\/\/sustavianfeed.eu\/fr\/wp-json\/wp\/v2\/types\/page"}],"author":[{"embeddable":true,"href":"https:\/\/sustavianfeed.eu\/fr\/wp-json\/wp\/v2\/users\/1"}],"replies":[{"embeddable":true,"href":"https:\/\/sustavianfeed.eu\/fr\/wp-json\/wp\/v2\/comments?post=1454"}],"version-history":[{"count":8,"href":"https:\/\/sustavianfeed.eu\/fr\/wp-json\/wp\/v2\/pages\/1454\/revisions"}],"predecessor-version":[{"id":1561,"href":"https:\/\/sustavianfeed.eu\/fr\/wp-json\/wp\/v2\/pages\/1454\/revisions\/1561"}],"up":[{"embeddable":true,"href":"https:\/\/sustavianfeed.eu\/fr\/wp-json\/wp\/v2\/pages\/1396"}],"wp:attachment":[{"href":"https:\/\/sustavianfeed.eu\/fr\/wp-json\/wp\/v2\/media?parent=1454"}],"curies":[{"name":"wp","href":"https:\/\/api.w.org\/{rel}","templated":true}]}}