{"id":1425,"date":"2021-10-01T12:23:21","date_gmt":"2021-10-01T12:23:21","guid":{"rendered":"http:\/\/www.sustavianfeed.eu\/projet\/mise-en-oeuvre\/"},"modified":"2021-10-01T12:23:22","modified_gmt":"2021-10-01T12:23:22","slug":"mise-en-oeuvre","status":"publish","type":"page","link":"https:\/\/sustavianfeed.eu\/fr\/projet\/mise-en-oeuvre\/","title":{"rendered":"Mise en \u0153uvre"},"content":{"rendered":"<div class=\"wpb-content-wrapper\"><p>[vc_row el_class=\u00a0\u00bbpy-4 justify-content-center\u00a0\u00bb][vc_column el_class=\u00a0\u00bbmb-5 mb-md-0&Prime;]<div class=\"porto-animation overflow-hidden mb-2\" >[vc_custom_heading text=\u00a0\u00bbLA MISE EN OEUVRE\u00a0\u00bb font_container=\u00a0\u00bbtag:p|text_align:center|color:%23acb4be|line_height:1&Prime; use_theme_fonts=\u00a0\u00bbyes\u00a0\u00bb text_transform=\u00a0\u00bbtext-uppercase\u00a0\u00bb font_weight=\u00a0\u00bb700&Prime; animation_delay=\u00a0\u00bb600&Prime; el_class=\u00a0\u00bbmb-0&Prime; animation_type=\u00a0\u00bbmaskUp\u00a0\u00bb]<\/div><div class=\"porto-animation overflow-hidden mb-4\" >[vc_custom_heading text=\u00a0\u00bbLe projet SUSTAvianFEED est structur\u00e9 en cinq Work Packages.\u00a0\u00bb font_container=\u00a0\u00bbtag:h2|font_size:2.3em|text_align:center|line_height:1.2&Prime; use_theme_fonts=\u00a0\u00bbyes\u00a0\u00bb animation_delay=\u00a0\u00bb800&Prime; el_class=\u00a0\u00bbmb-0&Prime; animation_type=\u00a0\u00bbmaskUp\u00a0\u00bb css=\u00a0\u00bb.vc_custom_1632912991162{margin-bottom: 30px !important;}\u00a0\u00bb]<\/div>[vc_row_inner][vc_column_inner el_class=\u00a0\u00bbcolumna-movil-01&Prime; width=\u00a0\u00bb1\/4&Prime; animation_delay=\u00a0\u00bb900&Prime; animation_type=\u00a0\u00bbmaskUp\u00a0\u00bb][vc_custom_heading text=\u00a0\u00bbWP1 (ALIA)\u00a0\u00bb font_container=\u00a0\u00bbtag:h3|font_size:1.2em|text_align:right\u00a0\u00bb use_theme_fonts=\u00a0\u00bbyes\u00a0\u00bb css=\u00a0\u00bb.vc_custom_1632482608820{margin-bottom: 0px !important;}\u00a0\u00bb][vc_column_text]<\/p>\n<p style=\"text-align: right\">se concentre sur les activit\u00e9s globales de gestion et de coordination du projet. Il durera toute la mise en \u0153uvre du projet.<\/p>\n<p>[\/vc_column_text][vc_custom_heading text=\u00a0\u00bbWP2 (UMU) et WP3 (EGE)\u00a0\u00bb font_container=\u00a0\u00bbtag:h3|font_size:1.2em|text_align:right\u00a0\u00bb use_theme_fonts=\u00a0\u00bbyes\u00a0\u00bb css=\u00a0\u00bb.vc_custom_1632482658939{margin-bottom: 0px !important;}\u00a0\u00bb][vc_column_text]<\/p>\n<p style=\"text-align: right\">se concentrent respectivement sur le d\u00e9veloppement d&rsquo;aliments alternatifs pour la volaille et la mise en \u0153uvre pilote. Ces deux WP seront mis en \u0153uvre en tenant compte de crit\u00e8res environnementaux, sociaux et \u00e9conomiques. Le d\u00e9veloppement de l&rsquo;alimentation alternative de la volaille commencera avec le d\u00e9but du projet. Apr\u00e8s son \u00e9laboration, la mise en \u0153uvre du projet pilote suivra.<\/p>\n<p>[\/vc_column_text][\/vc_column_inner][vc_column_inner el_class=\u00a0\u00bbcolumna-movil-02&Prime; width=\u00a0\u00bb1\/2&Prime;][vc_single_image image=\u00a0\u00bb1221&Prime; img_size=\u00a0\u00bbfull\u00a0\u00bb alignment=\u00a0\u00bbcenter\u00a0\u00bb animation_delay=\u00a0\u00bb800&Prime; animation_type=\u00a0\u00bbzoomIn\u00a0\u00bb][\/vc_column_inner][vc_column_inner el_class=\u00a0\u00bbcolumna-movil-03&Prime; width=\u00a0\u00bb1\/4&Prime; animation_delay=\u00a0\u00bb900&Prime; animation_type=\u00a0\u00bbmaskUp\u00a0\u00bb][vc_custom_heading text=\u00a0\u00bbWP4 (ALIA)\u00a0\u00bb font_container=\u00a0\u00bbtag:h3|font_size:1.2em|text_align:left\u00a0\u00bb use_theme_fonts=\u00a0\u00bbyes\u00a0\u00bb css=\u00a0\u00bb.vc_custom_1632482672331{margin-bottom: 0px !important;}\u00a0\u00bb][vc_column_text]pr\u00e9sente l&rsquo;interaction des parties prenantes et l&rsquo;implication de l&rsquo;utilisateur final, qui seront \u00e9troitement li\u00e9es \u00e0 l&rsquo;ensemble de la mise en \u0153uvre du projet dans un processus it\u00e9ratif qui engagera les acteurs pertinents de la cha\u00eene d&rsquo;approvisionnement. Les interrelations entre les WP sont expliqu\u00e9es plus en d\u00e9tail dans la description du lot de travaux.[\/vc_column_text][vc_custom_heading text=\u00a0\u00bbWP5 (SLOWFOOD)\u00a0\u00bb font_container=\u00a0\u00bbtag:h3|font_size:1.2em|text_align:left\u00a0\u00bb use_theme_fonts=\u00a0\u00bbyes\u00a0\u00bb css=\u00a0\u00bb.vc_custom_1632482686891{margin-bottom: 0px !important;}\u00a0\u00bb][vc_column_text]se concentrera sur les activit\u00e9s d&rsquo;exploitation, de diffusion et de communication, afin d&rsquo;impliquer un grand nombre de publics diff\u00e9rents et de promouvoir d&rsquo;autres activit\u00e9s de r\u00e9plication du projet. Ce module de travail sera d\u00e9velopp\u00e9 pendant toute la mise en \u0153uvre du projet.[\/vc_column_text][\/vc_column_inner][\/vc_row_inner][\/vc_column][\/vc_row]<\/p>\n<\/div>","protected":false},"excerpt":{"rendered":"<p>[vc_row el_class=\u00a0\u00bbpy-4 justify-content-center\u00a0\u00bb][vc_column el_class=\u00a0\u00bbmb-5 mb-md-0&Prime;][vc_row_inner][vc_column_inner el_class=\u00a0\u00bbcolumna-movil-01&Prime; width=\u00a0\u00bb1\/4&Prime; animation_delay=\u00a0\u00bb900&Prime; animation_type=\u00a0\u00bbmaskUp\u00a0\u00bb][vc_custom_heading text=\u00a0\u00bbWP1 (ALIA)\u00a0\u00bb font_container=\u00a0\u00bbtag:h3|font_size:1.2em|text_align:right\u00a0\u00bb use_theme_fonts=\u00a0\u00bbyes\u00a0\u00bb css=\u00a0\u00bb.vc_custom_1632482608820{margin-bottom: 0px !important;}\u00a0\u00bb][vc_column_text] se concentre sur les activit\u00e9s globales de gestion et de coordination du projet. Il durera toute la mise en \u0153uvre du projet. [\/vc_column_text][vc_custom_heading text=\u00a0\u00bbWP2 (UMU) et WP3 (EGE)\u00a0\u00bb font_container=\u00a0\u00bbtag:h3|font_size:1.2em|text_align:right\u00a0\u00bb use_theme_fonts=\u00a0\u00bbyes\u00a0\u00bb css=\u00a0\u00bb.vc_custom_1632482658939{margin-bottom: 0px !important;}\u00a0\u00bb][vc_column_text] se concentrent respectivement sur le d\u00e9veloppement [&hellip;]<\/p>\n","protected":false},"author":1,"featured_media":0,"parent":1396,"menu_order":0,"comment_status":"closed","ping_status":"closed","template":"","meta":{"footnotes":""},"class_list":["post-1425","page","type-page","status-publish","hentry"],"yoast_head":"<!-- This site is optimized with the Yoast SEO plugin v26.4 - https:\/\/yoast.com\/wordpress\/plugins\/seo\/ -->\n<title>Mise en \u0153uvre - SUSTAvianFEED<\/title>\n<meta name=\"robots\" content=\"index, follow, max-snippet:-1, max-image-preview:large, max-video-preview:-1\" \/>\n<link rel=\"canonical\" href=\"https:\/\/sustavianfeed.eu\/fr\/projet\/mise-en-oeuvre\/\" \/>\n<meta property=\"og:locale\" content=\"fr_FR\" \/>\n<meta property=\"og:type\" content=\"article\" \/>\n<meta property=\"og:title\" content=\"Mise en \u0153uvre - SUSTAvianFEED\" \/>\n<meta property=\"og:description\" content=\"[vc_row el_class=\u00a0\u00bbpy-4 justify-content-center\u00a0\u00bb][vc_column el_class=\u00a0\u00bbmb-5 mb-md-0&Prime;][vc_row_inner][vc_column_inner el_class=\u00a0\u00bbcolumna-movil-01&Prime; width=\u00a0\u00bb1\/4&Prime; animation_delay=\u00a0\u00bb900&Prime; animation_type=\u00a0\u00bbmaskUp\u00a0\u00bb][vc_custom_heading text=\u00a0\u00bbWP1 (ALIA)\u00a0\u00bb font_container=\u00a0\u00bbtag:h3|font_size:1.2em|text_align:right\u00a0\u00bb use_theme_fonts=\u00a0\u00bbyes\u00a0\u00bb css=\u00a0\u00bb.vc_custom_1632482608820{margin-bottom: 0px !important;}\u00a0\u00bb][vc_column_text] se concentre sur les activit\u00e9s globales de gestion et de coordination du projet. Il durera toute la mise en \u0153uvre du projet. [\/vc_column_text][vc_custom_heading text=\u00a0\u00bbWP2 (UMU) et WP3 (EGE)\u00a0\u00bb font_container=\u00a0\u00bbtag:h3|font_size:1.2em|text_align:right\u00a0\u00bb use_theme_fonts=\u00a0\u00bbyes\u00a0\u00bb css=\u00a0\u00bb.vc_custom_1632482658939{margin-bottom: 0px !important;}\u00a0\u00bb][vc_column_text] se concentrent respectivement sur le d\u00e9veloppement [&hellip;]\" \/>\n<meta property=\"og:url\" content=\"https:\/\/sustavianfeed.eu\/fr\/projet\/mise-en-oeuvre\/\" \/>\n<meta property=\"og:site_name\" content=\"SUSTAvianFEED\" \/>\n<meta property=\"article:publisher\" content=\"https:\/\/www.facebook.com\/SUSTAvianFEED\" \/>\n<meta property=\"article:modified_time\" content=\"2021-10-01T12:23:22+00:00\" \/>\n<meta name=\"twitter:card\" content=\"summary_large_image\" \/>\n<meta name=\"twitter:label1\" content=\"Dur\u00e9e de lecture estim\u00e9e\" \/>\n\t<meta name=\"twitter:data1\" content=\"2 minutes\" \/>\n<script type=\"application\/ld+json\" class=\"yoast-schema-graph\">{\"@context\":\"https:\/\/schema.org\",\"@graph\":[{\"@type\":\"WebPage\",\"@id\":\"https:\/\/sustavianfeed.eu\/fr\/projet\/mise-en-oeuvre\/\",\"url\":\"https:\/\/sustavianfeed.eu\/fr\/projet\/mise-en-oeuvre\/\",\"name\":\"Mise en \u0153uvre - SUSTAvianFEED\",\"isPartOf\":{\"@id\":\"https:\/\/sustavianfeed.eu\/fr\/#website\"},\"datePublished\":\"2021-10-01T12:23:21+00:00\",\"dateModified\":\"2021-10-01T12:23:22+00:00\",\"breadcrumb\":{\"@id\":\"https:\/\/sustavianfeed.eu\/fr\/projet\/mise-en-oeuvre\/#breadcrumb\"},\"inLanguage\":\"fr-FR\",\"potentialAction\":[{\"@type\":\"ReadAction\",\"target\":[\"https:\/\/sustavianfeed.eu\/fr\/projet\/mise-en-oeuvre\/\"]}]},{\"@type\":\"BreadcrumbList\",\"@id\":\"https:\/\/sustavianfeed.eu\/fr\/projet\/mise-en-oeuvre\/#breadcrumb\",\"itemListElement\":[{\"@type\":\"ListItem\",\"position\":1,\"name\":\"Home\",\"item\":\"https:\/\/sustavianfeed.eu\/fr\/\"},{\"@type\":\"ListItem\",\"position\":2,\"name\":\"Projet\",\"item\":\"https:\/\/sustavianfeed.eu\/fr\/projet\/\"},{\"@type\":\"ListItem\",\"position\":3,\"name\":\"Mise en \u0153uvre\"}]},{\"@type\":\"WebSite\",\"@id\":\"https:\/\/sustavianfeed.eu\/fr\/#website\",\"url\":\"https:\/\/sustavianfeed.eu\/fr\/\",\"name\":\"SUSTAvianFEED\",\"description\":\"Innovative and sustainable poultry feedings programs\",\"publisher\":{\"@id\":\"https:\/\/sustavianfeed.eu\/fr\/#organization\"},\"potentialAction\":[{\"@type\":\"SearchAction\",\"target\":{\"@type\":\"EntryPoint\",\"urlTemplate\":\"https:\/\/sustavianfeed.eu\/fr\/?s={search_term_string}\"},\"query-input\":{\"@type\":\"PropertyValueSpecification\",\"valueRequired\":true,\"valueName\":\"search_term_string\"}}],\"inLanguage\":\"fr-FR\"},{\"@type\":\"Organization\",\"@id\":\"https:\/\/sustavianfeed.eu\/fr\/#organization\",\"name\":\"SUSTAvianFEED\",\"url\":\"https:\/\/sustavianfeed.eu\/fr\/\",\"logo\":{\"@type\":\"ImageObject\",\"inLanguage\":\"fr-FR\",\"@id\":\"https:\/\/sustavianfeed.eu\/fr\/#\/schema\/logo\/image\/\",\"url\":\"https:\/\/sustavianfeed.eu\/wp-content\/uploads\/2021\/09\/LOGO_SUSTavianFEED_color-footer.png\",\"contentUrl\":\"https:\/\/sustavianfeed.eu\/wp-content\/uploads\/2021\/09\/LOGO_SUSTavianFEED_color-footer.png\",\"width\":400,\"height\":286,\"caption\":\"SUSTAvianFEED\"},\"image\":{\"@id\":\"https:\/\/sustavianfeed.eu\/fr\/#\/schema\/logo\/image\/\"},\"sameAs\":[\"https:\/\/www.facebook.com\/SUSTAvianFEED\",\"https:\/\/www.linkedin.com\/groups\/12560654\/\"]}]}<\/script>\n<!-- \/ Yoast SEO plugin. -->","yoast_head_json":{"title":"Mise en \u0153uvre - SUSTAvianFEED","robots":{"index":"index","follow":"follow","max-snippet":"max-snippet:-1","max-image-preview":"max-image-preview:large","max-video-preview":"max-video-preview:-1"},"canonical":"https:\/\/sustavianfeed.eu\/fr\/projet\/mise-en-oeuvre\/","og_locale":"fr_FR","og_type":"article","og_title":"Mise en \u0153uvre - SUSTAvianFEED","og_description":"[vc_row el_class=\u00a0\u00bbpy-4 justify-content-center\u00a0\u00bb][vc_column el_class=\u00a0\u00bbmb-5 mb-md-0&Prime;][vc_row_inner][vc_column_inner el_class=\u00a0\u00bbcolumna-movil-01&Prime; width=\u00a0\u00bb1\/4&Prime; animation_delay=\u00a0\u00bb900&Prime; animation_type=\u00a0\u00bbmaskUp\u00a0\u00bb][vc_custom_heading text=\u00a0\u00bbWP1 (ALIA)\u00a0\u00bb font_container=\u00a0\u00bbtag:h3|font_size:1.2em|text_align:right\u00a0\u00bb use_theme_fonts=\u00a0\u00bbyes\u00a0\u00bb css=\u00a0\u00bb.vc_custom_1632482608820{margin-bottom: 0px !important;}\u00a0\u00bb][vc_column_text] se concentre sur les activit\u00e9s globales de gestion et de coordination du projet. Il durera toute la mise en \u0153uvre du projet. [\/vc_column_text][vc_custom_heading text=\u00a0\u00bbWP2 (UMU) et WP3 (EGE)\u00a0\u00bb font_container=\u00a0\u00bbtag:h3|font_size:1.2em|text_align:right\u00a0\u00bb use_theme_fonts=\u00a0\u00bbyes\u00a0\u00bb css=\u00a0\u00bb.vc_custom_1632482658939{margin-bottom: 0px !important;}\u00a0\u00bb][vc_column_text] se concentrent respectivement sur le d\u00e9veloppement [&hellip;]","og_url":"https:\/\/sustavianfeed.eu\/fr\/projet\/mise-en-oeuvre\/","og_site_name":"SUSTAvianFEED","article_publisher":"https:\/\/www.facebook.com\/SUSTAvianFEED","article_modified_time":"2021-10-01T12:23:22+00:00","twitter_card":"summary_large_image","twitter_misc":{"Dur\u00e9e de lecture estim\u00e9e":"2 minutes"},"schema":{"@context":"https:\/\/schema.org","@graph":[{"@type":"WebPage","@id":"https:\/\/sustavianfeed.eu\/fr\/projet\/mise-en-oeuvre\/","url":"https:\/\/sustavianfeed.eu\/fr\/projet\/mise-en-oeuvre\/","name":"Mise en \u0153uvre - SUSTAvianFEED","isPartOf":{"@id":"https:\/\/sustavianfeed.eu\/fr\/#website"},"datePublished":"2021-10-01T12:23:21+00:00","dateModified":"2021-10-01T12:23:22+00:00","breadcrumb":{"@id":"https:\/\/sustavianfeed.eu\/fr\/projet\/mise-en-oeuvre\/#breadcrumb"},"inLanguage":"fr-FR","potentialAction":[{"@type":"ReadAction","target":["https:\/\/sustavianfeed.eu\/fr\/projet\/mise-en-oeuvre\/"]}]},{"@type":"BreadcrumbList","@id":"https:\/\/sustavianfeed.eu\/fr\/projet\/mise-en-oeuvre\/#breadcrumb","itemListElement":[{"@type":"ListItem","position":1,"name":"Home","item":"https:\/\/sustavianfeed.eu\/fr\/"},{"@type":"ListItem","position":2,"name":"Projet","item":"https:\/\/sustavianfeed.eu\/fr\/projet\/"},{"@type":"ListItem","position":3,"name":"Mise en \u0153uvre"}]},{"@type":"WebSite","@id":"https:\/\/sustavianfeed.eu\/fr\/#website","url":"https:\/\/sustavianfeed.eu\/fr\/","name":"SUSTAvianFEED","description":"Innovative and sustainable poultry feedings programs","publisher":{"@id":"https:\/\/sustavianfeed.eu\/fr\/#organization"},"potentialAction":[{"@type":"SearchAction","target":{"@type":"EntryPoint","urlTemplate":"https:\/\/sustavianfeed.eu\/fr\/?s={search_term_string}"},"query-input":{"@type":"PropertyValueSpecification","valueRequired":true,"valueName":"search_term_string"}}],"inLanguage":"fr-FR"},{"@type":"Organization","@id":"https:\/\/sustavianfeed.eu\/fr\/#organization","name":"SUSTAvianFEED","url":"https:\/\/sustavianfeed.eu\/fr\/","logo":{"@type":"ImageObject","inLanguage":"fr-FR","@id":"https:\/\/sustavianfeed.eu\/fr\/#\/schema\/logo\/image\/","url":"https:\/\/sustavianfeed.eu\/wp-content\/uploads\/2021\/09\/LOGO_SUSTavianFEED_color-footer.png","contentUrl":"https:\/\/sustavianfeed.eu\/wp-content\/uploads\/2021\/09\/LOGO_SUSTavianFEED_color-footer.png","width":400,"height":286,"caption":"SUSTAvianFEED"},"image":{"@id":"https:\/\/sustavianfeed.eu\/fr\/#\/schema\/logo\/image\/"},"sameAs":["https:\/\/www.facebook.com\/SUSTAvianFEED","https:\/\/www.linkedin.com\/groups\/12560654\/"]}]}},"_links":{"self":[{"href":"https:\/\/sustavianfeed.eu\/fr\/wp-json\/wp\/v2\/pages\/1425","targetHints":{"allow":["GET"]}}],"collection":[{"href":"https:\/\/sustavianfeed.eu\/fr\/wp-json\/wp\/v2\/pages"}],"about":[{"href":"https:\/\/sustavianfeed.eu\/fr\/wp-json\/wp\/v2\/types\/page"}],"author":[{"embeddable":true,"href":"https:\/\/sustavianfeed.eu\/fr\/wp-json\/wp\/v2\/users\/1"}],"replies":[{"embeddable":true,"href":"https:\/\/sustavianfeed.eu\/fr\/wp-json\/wp\/v2\/comments?post=1425"}],"version-history":[{"count":3,"href":"https:\/\/sustavianfeed.eu\/fr\/wp-json\/wp\/v2\/pages\/1425\/revisions"}],"predecessor-version":[{"id":1428,"href":"https:\/\/sustavianfeed.eu\/fr\/wp-json\/wp\/v2\/pages\/1425\/revisions\/1428"}],"up":[{"embeddable":true,"href":"https:\/\/sustavianfeed.eu\/fr\/wp-json\/wp\/v2\/pages\/1396"}],"wp:attachment":[{"href":"https:\/\/sustavianfeed.eu\/fr\/wp-json\/wp\/v2\/media?parent=1425"}],"curies":[{"name":"wp","href":"https:\/\/api.w.org\/{rel}","templated":true}]}}