{"id":1409,"date":"2021-10-01T12:13:10","date_gmt":"2021-10-01T12:13:10","guid":{"rendered":"http:\/\/www.sustavianfeed.eu\/projet\/impacts-et-resultats-attendus\/"},"modified":"2021-10-01T12:13:14","modified_gmt":"2021-10-01T12:13:14","slug":"impacts-et-resultats-attendus","status":"publish","type":"page","link":"https:\/\/sustavianfeed.eu\/fr\/projet\/impacts-et-resultats-attendus\/","title":{"rendered":"Impacts et r\u00e9sultats attendus"},"content":{"rendered":"<div class=\"wpb-content-wrapper\"><p>[vc_row wrap_container=\u00a0\u00bbyes\u00a0\u00bb section_skin=\u00a0\u00bbparallax\u00a0\u00bb][vc_column]<div class=\"porto-animation overflow-hidden mb-2\" >[vc_custom_heading text=\u00a0\u00bbIMPACTS ET R\u00c9SULTATS ATTENDUS\u00a0\u00bb font_container=\u00a0\u00bbtag:p|text_align:left|color:%23acb4be|line_height:1&Prime; use_theme_fonts=\u00a0\u00bbyes\u00a0\u00bb text_transform=\u00a0\u00bbtext-uppercase\u00a0\u00bb font_weight=\u00a0\u00bb700&Prime; animation_delay=\u00a0\u00bb600&Prime; el_class=\u00a0\u00bbmb-0&Prime; animation_type=\u00a0\u00bbmaskUp\u00a0\u00bb]<\/div><div class=\"porto-animation overflow-hidden mb-4\" >[vc_custom_heading text=\u00a0\u00bbProjet SUSTAvianFEED\u00a0\u00bb font_container=\u00a0\u00bbtag:h2|font_size:2.3em|text_align:left|line_height:1.2&Prime; use_theme_fonts=\u00a0\u00bbyes\u00a0\u00bb animation_delay=\u00a0\u00bb800&Prime; el_class=\u00a0\u00bbmb-0&Prime; animation_type=\u00a0\u00bbmaskUp\u00a0\u00bb]<\/div>[vc_row_inner][vc_column_inner width=\u00a0\u00bb1\/2&Prime; animation_delay=\u00a0\u00bb800&Prime; offset=\u00a0\u00bbvc_col-lg-7&Prime; animation_type=\u00a0\u00bbfadeInUp\u00a0\u00bb][vc_column_text css=\u00a0\u00bb.vc_custom_1631630307772{margin-bottom: 0px !important;}\u00a0\u00bb]Le projet SUSTAvianFEED contribuera aux principales strat\u00e9gies europ\u00e9ennes et internationales pour le d\u00e9veloppement durable, telles que :[\/vc_column_text][\/vc_column_inner][vc_column_inner width=\u00a0\u00bb1\/2&Prime; animation_delay=\u00a0\u00bb1000&Prime; offset=\u00a0\u00bbvc_col-lg-offset-2 vc_col-lg-10&Prime; css=\u00a0\u00bb.vc_custom_1632825790116{background-image: url(https:\/\/sustavianfeed.eu\/wp-content\/uploads\/2021\/09\/isotipo-gris.png?id=554) !important;background-position: center !important;background-repeat: no-repeat !important;background-size: contain !important;}\u00a0\u00bb animation_type=\u00a0\u00bbfadeInUp\u00a0\u00bb]<style>#porto-info-list139034630269edfd9d05d1b i { color: #727071; }<\/style><ul id=\"porto-info-list139034630269edfd9d05d1b\" class=\"porto-info-list  wpb_custom_6b8d17899bae59ff863d4468edb28428\"><li class=\"porto-info-list-item  wpb_custom_fbf438c496d8f482b7cd13fc69257e0e\"><i class=\"porto-info-icon fas fa-angle-double-right\"><\/i><div class=\"porto-info-list-item-desc\"><span style=\"color: #c8d261;\"><strong>Accord vert europ\u00e9en<\/strong><\/span><\/div><\/li><li class=\"porto-info-list-item  wpb_custom_fbf438c496d8f482b7cd13fc69257e0e\"><i class=\"porto-info-icon fas fa-angle-double-right\"><\/i><div class=\"porto-info-list-item-desc\"><span style=\"color: #ffdc6e;\"><strong> Objectifs de d\u00e9veloppement durable (ODD)<\/strong><\/span><\/div><\/li><li class=\"porto-info-list-item  wpb_custom_fbf438c496d8f482b7cd13fc69257e0e\"><i class=\"porto-info-icon fas fa-angle-double-right\"><\/i><div class=\"porto-info-list-item-desc\"><span style=\"color: #99cfcf;\"><strong> Programme strat\u00e9gique de recherche et d&rsquo;innovation PRIMA (SRIA)<\/strong><\/span><\/div><\/li><li class=\"porto-info-list-item  wpb_custom_fbf438c496d8f482b7cd13fc69257e0e\"><i class=\"porto-info-icon fas fa-angle-double-right\"><\/i><div class=\"porto-info-list-item-desc\"><span style=\"color: #e6694d;\"><strong> Plan d&rsquo;action pour l&rsquo;\u00e9conomie circulaire de la Commission europ\u00e9enne<\/strong><\/span><\/div><\/li><\/ul>[\/vc_column_inner][\/vc_row_inner][\/vc_column][\/vc_row][vc_row wrap_container=\u00a0\u00bbyes\u00a0\u00bb][vc_column][vc_row_inner][vc_column_inner animation_delay=\u00a0\u00bb1100&Prime; offset=\u00a0\u00bbvc_col-lg-8&Prime; animation_type=\u00a0\u00bbfadeInUp\u00a0\u00bb][vc_column_text]<\/p>\n<h3><span style=\"font-size: 20px;\">De plus, cela contribuera aux impacts mentionn\u00e9s dans le sujet de la proposition. SUSTAvianFEED a un impact potentiel important sur les pratiques agricoles et l&rsquo;environnement social humain, comme d\u00e9crit ci-dessous:<\/span><\/h3>\n<p>[\/vc_column_text][\/vc_column_inner][\/vc_row_inner][vc_row_inner][vc_column_inner width=\u00a0\u00bb1\/2&Prime;]<div class=\"porto-process wpb_custom_aa84c36a6a947f6099708744f0f74b68\"><div class=\"process-step\" data-appear-animation=\"fadeInUp\" data-appear-animation-delay=\"1200\"><div class=\"process-step-circle\"><strong class=\"process-step-circle-content\">01<\/strong><\/div><div class=\"process-step-content\"><h4 class=\"step-item-title\"><\/h4><div class=\"process-step-desc\">R\u00e9duction d&rsquo;au moins 10 \u00e0 15 % des \u00e9missions de GES par kg d&rsquo;aliments pour volailles par rapport aux aliments traditionnels.<\/div><\/div><\/div><div class=\"process-step\" data-appear-animation=\"fadeInUp\" data-appear-animation-delay=\"1300\"><div class=\"process-step-circle\"><strong class=\"process-step-circle-content\">02<\/strong><\/div><div class=\"process-step-content\"><h4 class=\"step-item-title\"><\/h4><div class=\"process-step-desc\">L&rsquo;am\u00e9lioration de l&rsquo;utilisation des sous-produits de l&rsquo;agriculture pour produire des insectes contribuera \u00e0 l&rsquo;\u00e9conomie circulaire.<\/div><\/div><\/div><div class=\"process-step\" data-appear-animation=\"fadeInUp\" data-appear-animation-delay=\"1400\"><div class=\"process-step-circle\"><strong class=\"process-step-circle-content\">03<\/strong><\/div><div class=\"process-step-content\"><h4 class=\"step-item-title\"><\/h4><div class=\"process-step-desc\">Contribution \u00e0 la pr\u00e9servation de la biodiversit\u00e9 avicole par la promotion de l&rsquo;utilisation de races de volailles autochtones et hybrides locales en Espagne, Italie, Tunisie et Turquie.<\/div><\/div><\/div><div class=\"process-step\" data-appear-animation=\"fadeInUp\" data-appear-animation-delay=\"1500\"><div class=\"process-step-circle\"><strong class=\"process-step-circle-content\">04<\/strong><\/div><div class=\"process-step-content\"><h4 class=\"step-item-title\"><\/h4><div class=\"process-step-desc\">R\u00e9duction du co\u00fbt de l&rsquo;alimentation en favorisant l&rsquo;utilisation de sous-produits locaux.<\/div><\/div><\/div><\/div>[\/vc_column_inner][vc_column_inner width=\u00a0\u00bb1\/2&Prime;]<div class=\"porto-process wpb_custom_aa84c36a6a947f6099708744f0f74b68\"><div class=\"process-step\" data-appear-animation=\"fadeInUp\" data-appear-animation-delay=\"1500\"><div class=\"process-step-circle\"><strong class=\"process-step-circle-content\">05<\/strong><\/div><div class=\"process-step-content\"><h4 class=\"step-item-title\"><\/h4><div class=\"process-step-desc\">Promouvoir les syst\u00e8mes mixtes culture-\u00e9levage, qui incluent l&rsquo;\u00e9levage d&rsquo;insectes (pour valoriser les d\u00e9chets agricoles), les pratiques alternatives d&rsquo;alimentation des volailles (y compris les insectes et les sous-produits de l&rsquo;agriculture), favorisant ainsi l&rsquo;\u00e9conomie circulaire.<\/div><\/div><\/div><div class=\"process-step\" data-appear-animation=\"fadeInUp\" data-appear-animation-delay=\"1600\"><div class=\"process-step-circle\"><strong class=\"process-step-circle-content\">06<\/strong><\/div><div class=\"process-step-content\"><h4 class=\"step-item-title\"><\/h4><div class=\"process-step-desc\">Croissance socio-\u00e9conomique des petits agriculteurs dans les zones rurales marginalis\u00e9es de la M\u00e9diterran\u00e9e, gr\u00e2ce \u00e0 des produits avicoles de haute qualit\u00e9.<\/div><\/div><\/div><div class=\"process-step\" data-appear-animation=\"fadeInUp\" data-appear-animation-delay=\"1700\"><div class=\"process-step-circle\"><strong class=\"process-step-circle-content\">07<\/strong><\/div><div class=\"process-step-content\"><h4 class=\"step-item-title\"><\/h4><div class=\"process-step-desc\">Mise en \u0153uvre de l&rsquo;\u00e9galit\u00e9 des genres et de l&rsquo;autonomisation des femmes dans les r\u00e9gions m\u00e9diterran\u00e9ennes, avec un accent particulier sur la Tunisie.<\/div><\/div><\/div><\/div>[\/vc_column_inner][\/vc_row_inner][\/vc_column][\/vc_row]<\/p>\n<\/div>","protected":false},"excerpt":{"rendered":"<p>[vc_row wrap_container=\u00a0\u00bbyes\u00a0\u00bb section_skin=\u00a0\u00bbparallax\u00a0\u00bb][vc_column][vc_row_inner][vc_column_inner width=\u00a0\u00bb1\/2&Prime; animation_delay=\u00a0\u00bb800&Prime; offset=\u00a0\u00bbvc_col-lg-7&Prime; animation_type=\u00a0\u00bbfadeInUp\u00a0\u00bb][vc_column_text css=\u00a0\u00bb.vc_custom_1631630307772{margin-bottom: 0px !important;}\u00a0\u00bb]Le projet SUSTAvianFEED contribuera aux principales strat\u00e9gies europ\u00e9ennes et internationales pour le d\u00e9veloppement durable, telles que :[\/vc_column_text][\/vc_column_inner][vc_column_inner width=\u00a0\u00bb1\/2&Prime; animation_delay=\u00a0\u00bb1000&Prime; offset=\u00a0\u00bbvc_col-lg-offset-2 vc_col-lg-10&Prime; css=\u00a0\u00bb.vc_custom_1632825790116{background-image: url(https:\/\/sustavianfeed.eu\/wp-content\/uploads\/2021\/09\/isotipo-gris.png?id=554) !important;background-position: center !important;background-repeat: no-repeat !important;background-size: contain !important;}\u00a0\u00bb animation_type=\u00a0\u00bbfadeInUp\u00a0\u00bb][\/vc_column_inner][\/vc_row_inner][\/vc_column][\/vc_row][vc_row wrap_container=\u00a0\u00bbyes\u00a0\u00bb][vc_column][vc_row_inner][vc_column_inner animation_delay=\u00a0\u00bb1100&Prime; offset=\u00a0\u00bbvc_col-lg-8&Prime; animation_type=\u00a0\u00bbfadeInUp\u00a0\u00bb][vc_column_text] De plus, cela contribuera aux impacts mentionn\u00e9s dans le sujet de [&hellip;]<\/p>\n","protected":false},"author":1,"featured_media":0,"parent":1396,"menu_order":0,"comment_status":"closed","ping_status":"closed","template":"","meta":{"footnotes":""},"class_list":["post-1409","page","type-page","status-publish","hentry"],"yoast_head":"<!-- This site is optimized with the Yoast SEO plugin v26.4 - https:\/\/yoast.com\/wordpress\/plugins\/seo\/ -->\n<title>Impacts et r\u00e9sultats attendus - SUSTAvianFEED<\/title>\n<meta name=\"robots\" content=\"index, follow, max-snippet:-1, max-image-preview:large, max-video-preview:-1\" \/>\n<link rel=\"canonical\" href=\"https:\/\/sustavianfeed.eu\/fr\/projet\/impacts-et-resultats-attendus\/\" \/>\n<meta property=\"og:locale\" content=\"fr_FR\" \/>\n<meta property=\"og:type\" content=\"article\" \/>\n<meta property=\"og:title\" content=\"Impacts et r\u00e9sultats attendus - SUSTAvianFEED\" \/>\n<meta property=\"og:description\" content=\"[vc_row wrap_container=\u00a0\u00bbyes\u00a0\u00bb section_skin=\u00a0\u00bbparallax\u00a0\u00bb][vc_column][vc_row_inner][vc_column_inner width=\u00a0\u00bb1\/2&Prime; animation_delay=\u00a0\u00bb800&Prime; offset=\u00a0\u00bbvc_col-lg-7&Prime; animation_type=\u00a0\u00bbfadeInUp\u00a0\u00bb][vc_column_text css=\u00a0\u00bb.vc_custom_1631630307772{margin-bottom: 0px !important;}\u00a0\u00bb]Le projet SUSTAvianFEED contribuera aux principales strat\u00e9gies europ\u00e9ennes et internationales pour le d\u00e9veloppement durable, telles que :[\/vc_column_text][\/vc_column_inner][vc_column_inner width=\u00a0\u00bb1\/2&Prime; animation_delay=\u00a0\u00bb1000&Prime; offset=\u00a0\u00bbvc_col-lg-offset-2 vc_col-lg-10&Prime; css=\u00a0\u00bb.vc_custom_1632825790116{background-image: url(https:\/\/sustavianfeed.eu\/wp-content\/uploads\/2021\/09\/isotipo-gris.png?id=554) !important;background-position: center !important;background-repeat: no-repeat !important;background-size: contain !important;}\u00a0\u00bb animation_type=\u00a0\u00bbfadeInUp\u00a0\u00bb][\/vc_column_inner][\/vc_row_inner][\/vc_column][\/vc_row][vc_row wrap_container=\u00a0\u00bbyes\u00a0\u00bb][vc_column][vc_row_inner][vc_column_inner animation_delay=\u00a0\u00bb1100&Prime; offset=\u00a0\u00bbvc_col-lg-8&Prime; animation_type=\u00a0\u00bbfadeInUp\u00a0\u00bb][vc_column_text] De plus, cela contribuera aux impacts mentionn\u00e9s dans le sujet de [&hellip;]\" \/>\n<meta property=\"og:url\" content=\"https:\/\/sustavianfeed.eu\/fr\/projet\/impacts-et-resultats-attendus\/\" \/>\n<meta property=\"og:site_name\" content=\"SUSTAvianFEED\" \/>\n<meta property=\"article:publisher\" content=\"https:\/\/www.facebook.com\/SUSTAvianFEED\" \/>\n<meta property=\"article:modified_time\" content=\"2021-10-01T12:13:14+00:00\" \/>\n<meta name=\"twitter:card\" content=\"summary_large_image\" \/>\n<meta name=\"twitter:label1\" content=\"Dur\u00e9e de lecture estim\u00e9e\" \/>\n\t<meta name=\"twitter:data1\" content=\"3 minutes\" \/>\n<script type=\"application\/ld+json\" class=\"yoast-schema-graph\">{\"@context\":\"https:\/\/schema.org\",\"@graph\":[{\"@type\":\"WebPage\",\"@id\":\"https:\/\/sustavianfeed.eu\/fr\/projet\/impacts-et-resultats-attendus\/\",\"url\":\"https:\/\/sustavianfeed.eu\/fr\/projet\/impacts-et-resultats-attendus\/\",\"name\":\"Impacts et r\u00e9sultats attendus - SUSTAvianFEED\",\"isPartOf\":{\"@id\":\"https:\/\/sustavianfeed.eu\/fr\/#website\"},\"datePublished\":\"2021-10-01T12:13:10+00:00\",\"dateModified\":\"2021-10-01T12:13:14+00:00\",\"breadcrumb\":{\"@id\":\"https:\/\/sustavianfeed.eu\/fr\/projet\/impacts-et-resultats-attendus\/#breadcrumb\"},\"inLanguage\":\"fr-FR\",\"potentialAction\":[{\"@type\":\"ReadAction\",\"target\":[\"https:\/\/sustavianfeed.eu\/fr\/projet\/impacts-et-resultats-attendus\/\"]}]},{\"@type\":\"BreadcrumbList\",\"@id\":\"https:\/\/sustavianfeed.eu\/fr\/projet\/impacts-et-resultats-attendus\/#breadcrumb\",\"itemListElement\":[{\"@type\":\"ListItem\",\"position\":1,\"name\":\"Home\",\"item\":\"https:\/\/sustavianfeed.eu\/fr\/\"},{\"@type\":\"ListItem\",\"position\":2,\"name\":\"Projet\",\"item\":\"https:\/\/sustavianfeed.eu\/fr\/projet\/\"},{\"@type\":\"ListItem\",\"position\":3,\"name\":\"Impacts et r\u00e9sultats attendus\"}]},{\"@type\":\"WebSite\",\"@id\":\"https:\/\/sustavianfeed.eu\/fr\/#website\",\"url\":\"https:\/\/sustavianfeed.eu\/fr\/\",\"name\":\"SUSTAvianFEED\",\"description\":\"Innovative and sustainable poultry feedings programs\",\"publisher\":{\"@id\":\"https:\/\/sustavianfeed.eu\/fr\/#organization\"},\"potentialAction\":[{\"@type\":\"SearchAction\",\"target\":{\"@type\":\"EntryPoint\",\"urlTemplate\":\"https:\/\/sustavianfeed.eu\/fr\/?s={search_term_string}\"},\"query-input\":{\"@type\":\"PropertyValueSpecification\",\"valueRequired\":true,\"valueName\":\"search_term_string\"}}],\"inLanguage\":\"fr-FR\"},{\"@type\":\"Organization\",\"@id\":\"https:\/\/sustavianfeed.eu\/fr\/#organization\",\"name\":\"SUSTAvianFEED\",\"url\":\"https:\/\/sustavianfeed.eu\/fr\/\",\"logo\":{\"@type\":\"ImageObject\",\"inLanguage\":\"fr-FR\",\"@id\":\"https:\/\/sustavianfeed.eu\/fr\/#\/schema\/logo\/image\/\",\"url\":\"https:\/\/sustavianfeed.eu\/wp-content\/uploads\/2021\/09\/LOGO_SUSTavianFEED_color-footer.png\",\"contentUrl\":\"https:\/\/sustavianfeed.eu\/wp-content\/uploads\/2021\/09\/LOGO_SUSTavianFEED_color-footer.png\",\"width\":400,\"height\":286,\"caption\":\"SUSTAvianFEED\"},\"image\":{\"@id\":\"https:\/\/sustavianfeed.eu\/fr\/#\/schema\/logo\/image\/\"},\"sameAs\":[\"https:\/\/www.facebook.com\/SUSTAvianFEED\",\"https:\/\/www.linkedin.com\/groups\/12560654\/\"]}]}<\/script>\n<!-- \/ Yoast SEO plugin. -->","yoast_head_json":{"title":"Impacts et r\u00e9sultats attendus - SUSTAvianFEED","robots":{"index":"index","follow":"follow","max-snippet":"max-snippet:-1","max-image-preview":"max-image-preview:large","max-video-preview":"max-video-preview:-1"},"canonical":"https:\/\/sustavianfeed.eu\/fr\/projet\/impacts-et-resultats-attendus\/","og_locale":"fr_FR","og_type":"article","og_title":"Impacts et r\u00e9sultats attendus - SUSTAvianFEED","og_description":"[vc_row wrap_container=\u00a0\u00bbyes\u00a0\u00bb section_skin=\u00a0\u00bbparallax\u00a0\u00bb][vc_column][vc_row_inner][vc_column_inner width=\u00a0\u00bb1\/2&Prime; animation_delay=\u00a0\u00bb800&Prime; offset=\u00a0\u00bbvc_col-lg-7&Prime; animation_type=\u00a0\u00bbfadeInUp\u00a0\u00bb][vc_column_text css=\u00a0\u00bb.vc_custom_1631630307772{margin-bottom: 0px !important;}\u00a0\u00bb]Le projet SUSTAvianFEED contribuera aux principales strat\u00e9gies europ\u00e9ennes et internationales pour le d\u00e9veloppement durable, telles que :[\/vc_column_text][\/vc_column_inner][vc_column_inner width=\u00a0\u00bb1\/2&Prime; animation_delay=\u00a0\u00bb1000&Prime; offset=\u00a0\u00bbvc_col-lg-offset-2 vc_col-lg-10&Prime; css=\u00a0\u00bb.vc_custom_1632825790116{background-image: url(https:\/\/sustavianfeed.eu\/wp-content\/uploads\/2021\/09\/isotipo-gris.png?id=554) !important;background-position: center !important;background-repeat: no-repeat !important;background-size: contain !important;}\u00a0\u00bb animation_type=\u00a0\u00bbfadeInUp\u00a0\u00bb][\/vc_column_inner][\/vc_row_inner][\/vc_column][\/vc_row][vc_row wrap_container=\u00a0\u00bbyes\u00a0\u00bb][vc_column][vc_row_inner][vc_column_inner animation_delay=\u00a0\u00bb1100&Prime; offset=\u00a0\u00bbvc_col-lg-8&Prime; animation_type=\u00a0\u00bbfadeInUp\u00a0\u00bb][vc_column_text] De plus, cela contribuera aux impacts mentionn\u00e9s dans le sujet de [&hellip;]","og_url":"https:\/\/sustavianfeed.eu\/fr\/projet\/impacts-et-resultats-attendus\/","og_site_name":"SUSTAvianFEED","article_publisher":"https:\/\/www.facebook.com\/SUSTAvianFEED","article_modified_time":"2021-10-01T12:13:14+00:00","twitter_card":"summary_large_image","twitter_misc":{"Dur\u00e9e de lecture estim\u00e9e":"3 minutes"},"schema":{"@context":"https:\/\/schema.org","@graph":[{"@type":"WebPage","@id":"https:\/\/sustavianfeed.eu\/fr\/projet\/impacts-et-resultats-attendus\/","url":"https:\/\/sustavianfeed.eu\/fr\/projet\/impacts-et-resultats-attendus\/","name":"Impacts et r\u00e9sultats attendus - SUSTAvianFEED","isPartOf":{"@id":"https:\/\/sustavianfeed.eu\/fr\/#website"},"datePublished":"2021-10-01T12:13:10+00:00","dateModified":"2021-10-01T12:13:14+00:00","breadcrumb":{"@id":"https:\/\/sustavianfeed.eu\/fr\/projet\/impacts-et-resultats-attendus\/#breadcrumb"},"inLanguage":"fr-FR","potentialAction":[{"@type":"ReadAction","target":["https:\/\/sustavianfeed.eu\/fr\/projet\/impacts-et-resultats-attendus\/"]}]},{"@type":"BreadcrumbList","@id":"https:\/\/sustavianfeed.eu\/fr\/projet\/impacts-et-resultats-attendus\/#breadcrumb","itemListElement":[{"@type":"ListItem","position":1,"name":"Home","item":"https:\/\/sustavianfeed.eu\/fr\/"},{"@type":"ListItem","position":2,"name":"Projet","item":"https:\/\/sustavianfeed.eu\/fr\/projet\/"},{"@type":"ListItem","position":3,"name":"Impacts et r\u00e9sultats attendus"}]},{"@type":"WebSite","@id":"https:\/\/sustavianfeed.eu\/fr\/#website","url":"https:\/\/sustavianfeed.eu\/fr\/","name":"SUSTAvianFEED","description":"Innovative and sustainable poultry feedings programs","publisher":{"@id":"https:\/\/sustavianfeed.eu\/fr\/#organization"},"potentialAction":[{"@type":"SearchAction","target":{"@type":"EntryPoint","urlTemplate":"https:\/\/sustavianfeed.eu\/fr\/?s={search_term_string}"},"query-input":{"@type":"PropertyValueSpecification","valueRequired":true,"valueName":"search_term_string"}}],"inLanguage":"fr-FR"},{"@type":"Organization","@id":"https:\/\/sustavianfeed.eu\/fr\/#organization","name":"SUSTAvianFEED","url":"https:\/\/sustavianfeed.eu\/fr\/","logo":{"@type":"ImageObject","inLanguage":"fr-FR","@id":"https:\/\/sustavianfeed.eu\/fr\/#\/schema\/logo\/image\/","url":"https:\/\/sustavianfeed.eu\/wp-content\/uploads\/2021\/09\/LOGO_SUSTavianFEED_color-footer.png","contentUrl":"https:\/\/sustavianfeed.eu\/wp-content\/uploads\/2021\/09\/LOGO_SUSTavianFEED_color-footer.png","width":400,"height":286,"caption":"SUSTAvianFEED"},"image":{"@id":"https:\/\/sustavianfeed.eu\/fr\/#\/schema\/logo\/image\/"},"sameAs":["https:\/\/www.facebook.com\/SUSTAvianFEED","https:\/\/www.linkedin.com\/groups\/12560654\/"]}]}},"_links":{"self":[{"href":"https:\/\/sustavianfeed.eu\/fr\/wp-json\/wp\/v2\/pages\/1409","targetHints":{"allow":["GET"]}}],"collection":[{"href":"https:\/\/sustavianfeed.eu\/fr\/wp-json\/wp\/v2\/pages"}],"about":[{"href":"https:\/\/sustavianfeed.eu\/fr\/wp-json\/wp\/v2\/types\/page"}],"author":[{"embeddable":true,"href":"https:\/\/sustavianfeed.eu\/fr\/wp-json\/wp\/v2\/users\/1"}],"replies":[{"embeddable":true,"href":"https:\/\/sustavianfeed.eu\/fr\/wp-json\/wp\/v2\/comments?post=1409"}],"version-history":[{"count":4,"href":"https:\/\/sustavianfeed.eu\/fr\/wp-json\/wp\/v2\/pages\/1409\/revisions"}],"predecessor-version":[{"id":1414,"href":"https:\/\/sustavianfeed.eu\/fr\/wp-json\/wp\/v2\/pages\/1409\/revisions\/1414"}],"up":[{"embeddable":true,"href":"https:\/\/sustavianfeed.eu\/fr\/wp-json\/wp\/v2\/pages\/1396"}],"wp:attachment":[{"href":"https:\/\/sustavianfeed.eu\/fr\/wp-json\/wp\/v2\/media?parent=1409"}],"curies":[{"name":"wp","href":"https:\/\/api.w.org\/{rel}","templated":true}]}}