{"id":1396,"date":"2021-10-01T12:09:20","date_gmt":"2021-10-01T12:09:20","guid":{"rendered":"http:\/\/www.sustavianfeed.eu\/projet\/"},"modified":"2021-10-01T12:09:22","modified_gmt":"2021-10-01T12:09:22","slug":"projet","status":"publish","type":"page","link":"https:\/\/sustavianfeed.eu\/fr\/projet\/","title":{"rendered":"Projet"},"content":{"rendered":"<div class=\"wpb-content-wrapper\"><p>[vc_row wrap_container=\u00a0\u00bbyes\u00a0\u00bb is_section=\u00a0\u00bbyes\u00a0\u00bb section_skin=\u00a0\u00bbparallax\u00a0\u00bb animation_delay=\u00a0\u00bb1000&Prime; animation_type=\u00a0\u00bbfadeInUp\u00a0\u00bb][vc_column width=\u00a0\u00bb1\/2&Prime;][vc_custom_heading text=\u00a0\u00bbProjet\u00a0\u00bb font_container=\u00a0\u00bbtag:p|text_align:left|color:%23acb4be\u00a0\u00bb use_theme_fonts=\u00a0\u00bbyes\u00a0\u00bb text_transform=\u00a0\u00bbtext-uppercase\u00a0\u00bb font_weight=\u00a0\u00bb700&Prime; animation_delay=\u00a0\u00bb700&Prime; el_class=\u00a0\u00bbmb-1&Prime; animation_type=\u00a0\u00bbfadeInUp\u00a0\u00bb][vc_custom_heading text=\u00a0\u00bbProjet SUSTAvianFEED\u00a0\u00bb font_container=\u00a0\u00bbtag:h2|font_size:2.3em|text_align:left|line_height:1.2&Prime; use_theme_fonts=\u00a0\u00bbyes\u00a0\u00bb letter_spacing=\u00a0\u00bb-1px\u00a0\u00bb animation_delay=\u00a0\u00bb900&Prime; el_class=\u00a0\u00bbpb-3 mb-4&Prime; animation_type=\u00a0\u00bbfadeInUp\u00a0\u00bb][vc_column_text]<\/p>\n<p class=\"p1\">Le r\u00e9cent rapport sp\u00e9cial du GIEC sur le changement climatique et les terres souligne qu&rsquo;il sera impossible de maintenir les temp\u00e9ratures mondiales \u00e0 des niveaux s\u00fbrs \u00e0 moins qu&rsquo;il n&rsquo;y ait une transformation dans la fa\u00e7on dont le monde produit de la nourriture et g\u00e8re les terres.<\/p>\n<p class=\"p1\">Il estime que<b> 25-30% des \u00e9missions mondiales de gaz \u00e0 effet de serre sont la cons\u00e9quence du syst\u00e8me alimentaire<\/b> , qui contribue grandement \u00e0 la pollution de l&rsquo;air, du sol et de l&rsquo;eau, et \u00e0 la perte de biodiversit\u00e9.<\/p>\n<p class=\"p1\">\u00c0 la fois,<b> le changement climatique affectera gravement la production agricole<\/b> (r\u00e9duction des rendements et des terres disponibles pour l&rsquo;agriculture), avec des cons\u00e9quences dramatiques pour les moyens de subsistance et les communaut\u00e9s rurales, entre autres<span class=\"s1\"> .<\/span><\/p>\n<p class=\"p1\"><b>La production et la transformation des aliments pour animaux repr\u00e9sentent la majorit\u00e9 des \u00e9missions du secteur<\/b> (45% selon la FAO) en raison de la grande consommation de ressources, la grande consommation d&rsquo;\u00e9nergie et d&rsquo;eau du processus, l&rsquo;\u00e9norme quantit\u00e9 de changement d&rsquo;affectation des terres et les probl\u00e8mes de d\u00e9forestation.<\/p>\n<p class=\"p1\">L&rsquo;Union europ\u00e9enne importe une grande quantit\u00e9 de mati\u00e8res premi\u00e8res du secteur de l&rsquo;alimentation du b\u00e9tail, notamment du soja (85 % du soja, 24 % du ma\u00efs et 8 % du bl\u00e9 et du ma\u00efs consomm\u00e9s). 14 millions de tonnes de graines de soja par an sont import\u00e9es pour nourrir nos animaux, ce qui augmente l&rsquo;impact du secteur agroalimentaire sur le changement climatique et r\u00e9duit l&rsquo;autonomie de la r\u00e9gion.<\/p>\n<blockquote>\n<p class=\"p1\"><span style=\"font-size: 20px;\"><b>Il est n\u00e9cessaire d&rsquo;introduire des pratiques durables bas\u00e9es sur les principes de l&rsquo;\u00e9conomie circulaire. <\/b><\/span><\/p>\n<\/blockquote>\n<p>Les nouvelles cha\u00eenes alimentaires doivent \u00eatre respectueuses de l&rsquo;environnement, favoriser les \u00e9conomies locales et prendre en compte les aspects sociaux. La production d&rsquo;aliments pour animaux sera le principal \u00e9l\u00e9ment de ce changement.[\/vc_column_text][\/vc_column][vc_column width=\u00a0\u00bb1\/2&Prime;][vc_single_image image=\u00a0\u00bb1333&Prime; img_size=\u00a0\u00bbfull\u00a0\u00bb animation_delay=\u00a0\u00bb1500&Prime; animation_type=\u00a0\u00bbfadeInLeft\u00a0\u00bb el_class=\u00a0\u00bbmb-0&Prime;][vc_column_text]<\/p>\n<p style=\"font-size: 11px; text-align: left;\">Archives Slow Food<\/p>\n<p>[\/vc_column_text][vc_column_text]<strong><span style=\"font-size: 20px;\">SUSTAvianFEED vise \u00e0 d\u00e9montrer des syst\u00e8mes d&rsquo;\u00e9levage de volaille innovants par l&rsquo;inclusion d&rsquo;une alimentation animale durable. Le projet d\u00e9veloppera une formule nutritionnelle durable pour l&rsquo;aviculture dans laquelle les insectes joueront un r\u00f4le cl\u00e9 et qui conduira \u00e0 une approche innovante de l&rsquo;aviculture.<\/span><\/strong><\/p>\n<p>SUSTAvianFEED (Num\u00e9ro de subvention 2015), fait partie du programme PRIMA (Partenariat pour la Recherche et l&rsquo;Innovation en M\u00e9diterran\u00e9e), soutenu par l&rsquo;Union Europ\u00e9enne. Il est compos\u00e9 de huit partenaires dans quatre pays m\u00e9diterran\u00e9ens. Il dispose d&rsquo;un budget total de 2.593.463,09 \u20ac dont une contribution PRIMA de 2.299.388,46 \u20ac. Ce projet de quatre ans se d\u00e9roulera d&rsquo;avril 2021 \u00e0 mars 2025.[\/vc_column_text][\/vc_column][\/vc_row][vc_row wrap_container=\u00a0\u00bbyes\u00a0\u00bb el_class=\u00a0\u00bbmt-4&Prime;][vc_column][vc_separator color=\u00a0\u00bbcustom\u00a0\u00bb style=\u00a0\u00bbsolid\u00a0\u00bb el_class=\u00a0\u00bbmy-5&Prime;]<div class=\"porto-animation overflow-hidden mb-2 pt-4\" >[vc_custom_heading text=\u00a0\u00bbQUI SONT AVEC NOUS\u00a0\u00bb font_container=\u00a0\u00bbtag:p|text_align:center|color:%23acb4be|line_height:1&Prime; use_theme_fonts=\u00a0\u00bbyes\u00a0\u00bb text_transform=\u00a0\u00bbtext-uppercase\u00a0\u00bb font_weight=\u00a0\u00bb700&Prime; animation_delay=\u00a0\u00bb200&Prime; el_class=\u00a0\u00bbmt-3 mb-0&Prime; animation_type=\u00a0\u00bbmaskUp\u00a0\u00bb]<\/div><div class=\"porto-animation overflow-hidden mb-5\" >[vc_custom_heading text=\u00a0\u00bbNos partenaires\u00a0\u00bb font_container=\u00a0\u00bbtag:h2|font_size:2.3em|text_align:center|line_height:1.2&Prime; use_theme_fonts=\u00a0\u00bbyes\u00a0\u00bb letter_spacing=\u00a0\u00bb-1px\u00a0\u00bb animation_delay=\u00a0\u00bb400&Prime; el_class=\u00a0\u00bbmb-0&Prime; animation_type=\u00a0\u00bbmaskUp\u00a0\u00bb]<\/div>[vc_row_inner content_placement=\u00a0\u00bbmiddle\u00a0\u00bb el_class=\u00a0\u00bbpb-4 justify-content-center\u00a0\u00bb][vc_column_inner width=\u00a0\u00bb1\/3&Prime; offset=\u00a0\u00bbvc_col-lg-3&Prime;][vc_single_image image=\u00a0\u00bb1165&Prime; img_size=\u00a0\u00bbfull\u00a0\u00bb alignment=\u00a0\u00bbcenter\u00a0\u00bb animation_delay=\u00a0\u00bb500&Prime; el_class=\u00a0\u00bbmb-5&Prime; animation_type=\u00a0\u00bbzoomIn\u00a0\u00bb][\/vc_column_inner][vc_column_inner width=\u00a0\u00bb1\/3&Prime; offset=\u00a0\u00bbvc_col-lg-3&Prime;][vc_single_image image=\u00a0\u00bb1173&Prime; img_size=\u00a0\u00bbfull\u00a0\u00bb alignment=\u00a0\u00bbcenter\u00a0\u00bb animation_delay=\u00a0\u00bb1000&Prime; el_class=\u00a0\u00bbmb-5 mw-200&Prime; animation_type=\u00a0\u00bbzoomIn\u00a0\u00bb][\/vc_column_inner][vc_column_inner width=\u00a0\u00bb1\/3&Prime; offset=\u00a0\u00bbvc_col-lg-3&Prime;][vc_single_image image=\u00a0\u00bb1177&Prime; img_size=\u00a0\u00bbfull\u00a0\u00bb alignment=\u00a0\u00bbcenter\u00a0\u00bb animation_delay=\u00a0\u00bb900&Prime; el_class=\u00a0\u00bbmb-5&Prime; animation_type=\u00a0\u00bbzoomIn\u00a0\u00bb][\/vc_column_inner][vc_column_inner width=\u00a0\u00bb1\/3&Prime; offset=\u00a0\u00bbvc_col-lg-3&Prime;][vc_single_image image=\u00a0\u00bb1317&Prime; img_size=\u00a0\u00bbfull\u00a0\u00bb alignment=\u00a0\u00bbcenter\u00a0\u00bb animation_delay=\u00a0\u00bb600&Prime; el_class=\u00a0\u00bbmb-5 mw-220&Prime; animation_type=\u00a0\u00bbzoomIn\u00a0\u00bb][\/vc_column_inner][vc_column_inner width=\u00a0\u00bb1\/3&Prime; offset=\u00a0\u00bbvc_col-lg-3&Prime;][vc_single_image image=\u00a0\u00bb1169&Prime; img_size=\u00a0\u00bbfull\u00a0\u00bb alignment=\u00a0\u00bbcenter\u00a0\u00bb animation_delay=\u00a0\u00bb1200&Prime; el_class=\u00a0\u00bbmb-5&Prime; animation_type=\u00a0\u00bbzoomIn\u00a0\u00bb][\/vc_column_inner][vc_column_inner width=\u00a0\u00bb1\/3&Prime; offset=\u00a0\u00bbvc_col-lg-3&Prime;][vc_single_image image=\u00a0\u00bb1189&Prime; img_size=\u00a0\u00bbfull\u00a0\u00bb alignment=\u00a0\u00bbcenter\u00a0\u00bb animation_delay=\u00a0\u00bb500&Prime; el_class=\u00a0\u00bbmb-5 mw-200&Prime; animation_type=\u00a0\u00bbzoomIn\u00a0\u00bb][\/vc_column_inner][vc_column_inner width=\u00a0\u00bb1\/3&Prime; offset=\u00a0\u00bbvc_col-lg-3&Prime;][vc_single_image image=\u00a0\u00bb1193&Prime; img_size=\u00a0\u00bbfull\u00a0\u00bb alignment=\u00a0\u00bbcenter\u00a0\u00bb animation_delay=\u00a0\u00bb800&Prime; el_class=\u00a0\u00bbmb-5 mw-220&Prime; animation_type=\u00a0\u00bbzoomIn\u00a0\u00bb][\/vc_column_inner][vc_column_inner width=\u00a0\u00bb1\/3&Prime; offset=\u00a0\u00bbvc_col-lg-3&Prime;][vc_single_image image=\u00a0\u00bb1261&Prime; img_size=\u00a0\u00bbfull\u00a0\u00bb alignment=\u00a0\u00bbcenter\u00a0\u00bb animation_delay=\u00a0\u00bb1100&Prime; el_class=\u00a0\u00bbmb-5 mw-180&Prime; animation_type=\u00a0\u00bbzoomIn\u00a0\u00bb label=\u00a0\u00bb\u00a0\u00bb][\/vc_column_inner][\/vc_row_inner][\/vc_column][\/vc_row]<\/p>\n<\/div>","protected":false},"excerpt":{"rendered":"<p>[vc_row wrap_container=\u00a0\u00bbyes\u00a0\u00bb is_section=\u00a0\u00bbyes\u00a0\u00bb section_skin=\u00a0\u00bbparallax\u00a0\u00bb animation_delay=\u00a0\u00bb1000&Prime; animation_type=\u00a0\u00bbfadeInUp\u00a0\u00bb][vc_column width=\u00a0\u00bb1\/2&Prime;][vc_custom_heading text=\u00a0\u00bbProjet\u00a0\u00bb font_container=\u00a0\u00bbtag:p|text_align:left|color:%23acb4be\u00a0\u00bb use_theme_fonts=\u00a0\u00bbyes\u00a0\u00bb text_transform=\u00a0\u00bbtext-uppercase\u00a0\u00bb font_weight=\u00a0\u00bb700&Prime; animation_delay=\u00a0\u00bb700&Prime; el_class=\u00a0\u00bbmb-1&Prime; animation_type=\u00a0\u00bbfadeInUp\u00a0\u00bb][vc_custom_heading text=\u00a0\u00bbProjet SUSTAvianFEED\u00a0\u00bb font_container=\u00a0\u00bbtag:h2|font_size:2.3em|text_align:left|line_height:1.2&Prime; use_theme_fonts=\u00a0\u00bbyes\u00a0\u00bb letter_spacing=\u00a0\u00bb-1px\u00a0\u00bb animation_delay=\u00a0\u00bb900&Prime; el_class=\u00a0\u00bbpb-3 mb-4&Prime; animation_type=\u00a0\u00bbfadeInUp\u00a0\u00bb][vc_column_text] Le r\u00e9cent rapport sp\u00e9cial du GIEC sur le changement climatique et les terres souligne qu&rsquo;il sera impossible de maintenir les temp\u00e9ratures mondiales \u00e0 des niveaux s\u00fbrs \u00e0 moins qu&rsquo;il n&rsquo;y ait [&hellip;]<\/p>\n","protected":false},"author":1,"featured_media":0,"parent":0,"menu_order":0,"comment_status":"closed","ping_status":"closed","template":"","meta":{"footnotes":""},"class_list":["post-1396","page","type-page","status-publish","hentry"],"yoast_head":"<!-- This site is optimized with the Yoast SEO plugin v26.4 - https:\/\/yoast.com\/wordpress\/plugins\/seo\/ -->\n<title>Projet - SUSTAvianFEED<\/title>\n<meta name=\"robots\" content=\"index, follow, max-snippet:-1, max-image-preview:large, max-video-preview:-1\" \/>\n<link rel=\"canonical\" href=\"https:\/\/sustavianfeed.eu\/fr\/projet\/\" \/>\n<meta property=\"og:locale\" content=\"fr_FR\" \/>\n<meta property=\"og:type\" content=\"article\" \/>\n<meta property=\"og:title\" content=\"Projet - SUSTAvianFEED\" \/>\n<meta property=\"og:description\" content=\"[vc_row wrap_container=\u00a0\u00bbyes\u00a0\u00bb is_section=\u00a0\u00bbyes\u00a0\u00bb section_skin=\u00a0\u00bbparallax\u00a0\u00bb animation_delay=\u00a0\u00bb1000&Prime; animation_type=\u00a0\u00bbfadeInUp\u00a0\u00bb][vc_column width=\u00a0\u00bb1\/2&Prime;][vc_custom_heading text=\u00a0\u00bbProjet\u00a0\u00bb font_container=\u00a0\u00bbtag:p|text_align:left|color:%23acb4be\u00a0\u00bb use_theme_fonts=\u00a0\u00bbyes\u00a0\u00bb text_transform=\u00a0\u00bbtext-uppercase\u00a0\u00bb font_weight=\u00a0\u00bb700&Prime; animation_delay=\u00a0\u00bb700&Prime; el_class=\u00a0\u00bbmb-1&Prime; animation_type=\u00a0\u00bbfadeInUp\u00a0\u00bb][vc_custom_heading text=\u00a0\u00bbProjet SUSTAvianFEED\u00a0\u00bb font_container=\u00a0\u00bbtag:h2|font_size:2.3em|text_align:left|line_height:1.2&Prime; use_theme_fonts=\u00a0\u00bbyes\u00a0\u00bb letter_spacing=\u00a0\u00bb-1px\u00a0\u00bb animation_delay=\u00a0\u00bb900&Prime; el_class=\u00a0\u00bbpb-3 mb-4&Prime; animation_type=\u00a0\u00bbfadeInUp\u00a0\u00bb][vc_column_text] Le r\u00e9cent rapport sp\u00e9cial du GIEC sur le changement climatique et les terres souligne qu&rsquo;il sera impossible de maintenir les temp\u00e9ratures mondiales \u00e0 des niveaux s\u00fbrs \u00e0 moins qu&rsquo;il n&rsquo;y ait [&hellip;]\" \/>\n<meta property=\"og:url\" content=\"https:\/\/sustavianfeed.eu\/fr\/projet\/\" \/>\n<meta property=\"og:site_name\" content=\"SUSTAvianFEED\" \/>\n<meta property=\"article:publisher\" content=\"https:\/\/www.facebook.com\/SUSTAvianFEED\" \/>\n<meta property=\"article:modified_time\" content=\"2021-10-01T12:09:22+00:00\" \/>\n<meta name=\"twitter:card\" content=\"summary_large_image\" \/>\n<meta name=\"twitter:label1\" content=\"Dur\u00e9e de lecture estim\u00e9e\" \/>\n\t<meta name=\"twitter:data1\" content=\"4 minutes\" \/>\n<script type=\"application\/ld+json\" class=\"yoast-schema-graph\">{\"@context\":\"https:\/\/schema.org\",\"@graph\":[{\"@type\":\"WebPage\",\"@id\":\"https:\/\/sustavianfeed.eu\/fr\/projet\/\",\"url\":\"https:\/\/sustavianfeed.eu\/fr\/projet\/\",\"name\":\"Projet - SUSTAvianFEED\",\"isPartOf\":{\"@id\":\"https:\/\/sustavianfeed.eu\/fr\/#website\"},\"datePublished\":\"2021-10-01T12:09:20+00:00\",\"dateModified\":\"2021-10-01T12:09:22+00:00\",\"breadcrumb\":{\"@id\":\"https:\/\/sustavianfeed.eu\/fr\/projet\/#breadcrumb\"},\"inLanguage\":\"fr-FR\",\"potentialAction\":[{\"@type\":\"ReadAction\",\"target\":[\"https:\/\/sustavianfeed.eu\/fr\/projet\/\"]}]},{\"@type\":\"BreadcrumbList\",\"@id\":\"https:\/\/sustavianfeed.eu\/fr\/projet\/#breadcrumb\",\"itemListElement\":[{\"@type\":\"ListItem\",\"position\":1,\"name\":\"Home\",\"item\":\"https:\/\/sustavianfeed.eu\/fr\/\"},{\"@type\":\"ListItem\",\"position\":2,\"name\":\"Projet\"}]},{\"@type\":\"WebSite\",\"@id\":\"https:\/\/sustavianfeed.eu\/fr\/#website\",\"url\":\"https:\/\/sustavianfeed.eu\/fr\/\",\"name\":\"SUSTAvianFEED\",\"description\":\"Innovative and sustainable poultry feedings programs\",\"publisher\":{\"@id\":\"https:\/\/sustavianfeed.eu\/fr\/#organization\"},\"potentialAction\":[{\"@type\":\"SearchAction\",\"target\":{\"@type\":\"EntryPoint\",\"urlTemplate\":\"https:\/\/sustavianfeed.eu\/fr\/?s={search_term_string}\"},\"query-input\":{\"@type\":\"PropertyValueSpecification\",\"valueRequired\":true,\"valueName\":\"search_term_string\"}}],\"inLanguage\":\"fr-FR\"},{\"@type\":\"Organization\",\"@id\":\"https:\/\/sustavianfeed.eu\/fr\/#organization\",\"name\":\"SUSTAvianFEED\",\"url\":\"https:\/\/sustavianfeed.eu\/fr\/\",\"logo\":{\"@type\":\"ImageObject\",\"inLanguage\":\"fr-FR\",\"@id\":\"https:\/\/sustavianfeed.eu\/fr\/#\/schema\/logo\/image\/\",\"url\":\"https:\/\/sustavianfeed.eu\/wp-content\/uploads\/2021\/09\/LOGO_SUSTavianFEED_color-footer.png\",\"contentUrl\":\"https:\/\/sustavianfeed.eu\/wp-content\/uploads\/2021\/09\/LOGO_SUSTavianFEED_color-footer.png\",\"width\":400,\"height\":286,\"caption\":\"SUSTAvianFEED\"},\"image\":{\"@id\":\"https:\/\/sustavianfeed.eu\/fr\/#\/schema\/logo\/image\/\"},\"sameAs\":[\"https:\/\/www.facebook.com\/SUSTAvianFEED\",\"https:\/\/www.linkedin.com\/groups\/12560654\/\"]}]}<\/script>\n<!-- \/ Yoast SEO plugin. -->","yoast_head_json":{"title":"Projet - SUSTAvianFEED","robots":{"index":"index","follow":"follow","max-snippet":"max-snippet:-1","max-image-preview":"max-image-preview:large","max-video-preview":"max-video-preview:-1"},"canonical":"https:\/\/sustavianfeed.eu\/fr\/projet\/","og_locale":"fr_FR","og_type":"article","og_title":"Projet - SUSTAvianFEED","og_description":"[vc_row wrap_container=\u00a0\u00bbyes\u00a0\u00bb is_section=\u00a0\u00bbyes\u00a0\u00bb section_skin=\u00a0\u00bbparallax\u00a0\u00bb animation_delay=\u00a0\u00bb1000&Prime; animation_type=\u00a0\u00bbfadeInUp\u00a0\u00bb][vc_column width=\u00a0\u00bb1\/2&Prime;][vc_custom_heading text=\u00a0\u00bbProjet\u00a0\u00bb font_container=\u00a0\u00bbtag:p|text_align:left|color:%23acb4be\u00a0\u00bb use_theme_fonts=\u00a0\u00bbyes\u00a0\u00bb text_transform=\u00a0\u00bbtext-uppercase\u00a0\u00bb font_weight=\u00a0\u00bb700&Prime; animation_delay=\u00a0\u00bb700&Prime; el_class=\u00a0\u00bbmb-1&Prime; animation_type=\u00a0\u00bbfadeInUp\u00a0\u00bb][vc_custom_heading text=\u00a0\u00bbProjet SUSTAvianFEED\u00a0\u00bb font_container=\u00a0\u00bbtag:h2|font_size:2.3em|text_align:left|line_height:1.2&Prime; use_theme_fonts=\u00a0\u00bbyes\u00a0\u00bb letter_spacing=\u00a0\u00bb-1px\u00a0\u00bb animation_delay=\u00a0\u00bb900&Prime; el_class=\u00a0\u00bbpb-3 mb-4&Prime; animation_type=\u00a0\u00bbfadeInUp\u00a0\u00bb][vc_column_text] Le r\u00e9cent rapport sp\u00e9cial du GIEC sur le changement climatique et les terres souligne qu&rsquo;il sera impossible de maintenir les temp\u00e9ratures mondiales \u00e0 des niveaux s\u00fbrs \u00e0 moins qu&rsquo;il n&rsquo;y ait [&hellip;]","og_url":"https:\/\/sustavianfeed.eu\/fr\/projet\/","og_site_name":"SUSTAvianFEED","article_publisher":"https:\/\/www.facebook.com\/SUSTAvianFEED","article_modified_time":"2021-10-01T12:09:22+00:00","twitter_card":"summary_large_image","twitter_misc":{"Dur\u00e9e de lecture estim\u00e9e":"4 minutes"},"schema":{"@context":"https:\/\/schema.org","@graph":[{"@type":"WebPage","@id":"https:\/\/sustavianfeed.eu\/fr\/projet\/","url":"https:\/\/sustavianfeed.eu\/fr\/projet\/","name":"Projet - SUSTAvianFEED","isPartOf":{"@id":"https:\/\/sustavianfeed.eu\/fr\/#website"},"datePublished":"2021-10-01T12:09:20+00:00","dateModified":"2021-10-01T12:09:22+00:00","breadcrumb":{"@id":"https:\/\/sustavianfeed.eu\/fr\/projet\/#breadcrumb"},"inLanguage":"fr-FR","potentialAction":[{"@type":"ReadAction","target":["https:\/\/sustavianfeed.eu\/fr\/projet\/"]}]},{"@type":"BreadcrumbList","@id":"https:\/\/sustavianfeed.eu\/fr\/projet\/#breadcrumb","itemListElement":[{"@type":"ListItem","position":1,"name":"Home","item":"https:\/\/sustavianfeed.eu\/fr\/"},{"@type":"ListItem","position":2,"name":"Projet"}]},{"@type":"WebSite","@id":"https:\/\/sustavianfeed.eu\/fr\/#website","url":"https:\/\/sustavianfeed.eu\/fr\/","name":"SUSTAvianFEED","description":"Innovative and sustainable poultry feedings programs","publisher":{"@id":"https:\/\/sustavianfeed.eu\/fr\/#organization"},"potentialAction":[{"@type":"SearchAction","target":{"@type":"EntryPoint","urlTemplate":"https:\/\/sustavianfeed.eu\/fr\/?s={search_term_string}"},"query-input":{"@type":"PropertyValueSpecification","valueRequired":true,"valueName":"search_term_string"}}],"inLanguage":"fr-FR"},{"@type":"Organization","@id":"https:\/\/sustavianfeed.eu\/fr\/#organization","name":"SUSTAvianFEED","url":"https:\/\/sustavianfeed.eu\/fr\/","logo":{"@type":"ImageObject","inLanguage":"fr-FR","@id":"https:\/\/sustavianfeed.eu\/fr\/#\/schema\/logo\/image\/","url":"https:\/\/sustavianfeed.eu\/wp-content\/uploads\/2021\/09\/LOGO_SUSTavianFEED_color-footer.png","contentUrl":"https:\/\/sustavianfeed.eu\/wp-content\/uploads\/2021\/09\/LOGO_SUSTavianFEED_color-footer.png","width":400,"height":286,"caption":"SUSTAvianFEED"},"image":{"@id":"https:\/\/sustavianfeed.eu\/fr\/#\/schema\/logo\/image\/"},"sameAs":["https:\/\/www.facebook.com\/SUSTAvianFEED","https:\/\/www.linkedin.com\/groups\/12560654\/"]}]}},"_links":{"self":[{"href":"https:\/\/sustavianfeed.eu\/fr\/wp-json\/wp\/v2\/pages\/1396","targetHints":{"allow":["GET"]}}],"collection":[{"href":"https:\/\/sustavianfeed.eu\/fr\/wp-json\/wp\/v2\/pages"}],"about":[{"href":"https:\/\/sustavianfeed.eu\/fr\/wp-json\/wp\/v2\/types\/page"}],"author":[{"embeddable":true,"href":"https:\/\/sustavianfeed.eu\/fr\/wp-json\/wp\/v2\/users\/1"}],"replies":[{"embeddable":true,"href":"https:\/\/sustavianfeed.eu\/fr\/wp-json\/wp\/v2\/comments?post=1396"}],"version-history":[{"count":2,"href":"https:\/\/sustavianfeed.eu\/fr\/wp-json\/wp\/v2\/pages\/1396\/revisions"}],"predecessor-version":[{"id":1398,"href":"https:\/\/sustavianfeed.eu\/fr\/wp-json\/wp\/v2\/pages\/1396\/revisions\/1398"}],"wp:attachment":[{"href":"https:\/\/sustavianfeed.eu\/fr\/wp-json\/wp\/v2\/media?parent=1396"}],"curies":[{"name":"wp","href":"https:\/\/api.w.org\/{rel}","templated":true}]}}