{"id":3093,"date":"2023-09-27T09:24:32","date_gmt":"2023-09-27T09:24:32","guid":{"rendered":"https:\/\/www.sustavianfeed.eu\/proyectos-similares\/"},"modified":"2023-09-27T09:24:32","modified_gmt":"2023-09-27T09:24:32","slug":"proyectos-similares","status":"publish","type":"page","link":"https:\/\/sustavianfeed.eu\/es\/proyectos-similares\/","title":{"rendered":"Proyectos similares"},"content":{"rendered":"<div class=\"wpb-content-wrapper\"><p>[vc_row equal_height=\u00bbyes\u00bb content_placement=\u00bbbottom\u00bb conditional_render=\u00bb%5B%7B%22value_role%22%3A%22administrator%22%7D%5D\u00bb css=\u00bb.vc_custom_1695803049600{margin-bottom: 40px !important;padding-top: 20px !important;background-color: #f7f7f7 !important;}\u00bb animation_type=\u00bbfadeInUp\u00bb][vc_column text_align=\u00bbcenter\u00bb conditional_render=\u00bb%5B%7B%22value_role%22%3A%22administrator%22%7D%5D\u00bb offset=\u00bbvc_col-xl-4&#8243;][vc_single_image image=\u00bb3045&#8243; img_size=\u00bb400&#215;400&#8243; alignment=\u00bbcenter\u00bb style=\u00bbvc_box_border_circle\u00bb][\/vc_column][vc_column offset=\u00bbvc_col-xl-8 vc_col-md-12&#8243; conditional_render=\u00bb%5B%7B%22value_role%22%3A%22administrator%22%7D%5D\u00bb]<div class=\"porto-u-heading  wpb_custom_95aa9a11c17ad45cfabaf210d84ee7cc porto-u-8541 \"><div class=\"porto-u-main-heading\"><h2 data-plugin-animated-words data-plugin-options=\"{&quot;startDelay&quot;:0,&quot;minWindowWidth&quot;:0,&quot;animationName&quot;:&quot;fadeIn&quot;,&quot;contentType&quot;:&quot;word&quot;}\"  style=\"color:#c7d162;\">ADVAGROMED<\/h2><\/div><div class=\"porto-u-sub-heading\" style=\"color: #e6684d;\">Enfoques AGROecol\u00f3gicos avanzados basados en la integraci\u00f3n de la cr\u00eda de insectos con las pr\u00e1cticas de campo locales en los pa\u00edses mediterr\u00e1neos y asociaciones ubicadas en pa\u00edses mediterr\u00e1neos.<\/div><style>.porto-u-8541.porto-u-heading{text-align:left}<\/style><\/div>[vc_separator color=\u00bbcustom\u00bb align=\u00bbalign_left\u00bb border_width=\u00bb4&#8243; el_width=\u00bb20&#8243; style=\u00bbsolid\u00bb accent_color=\u00bb#a7d6d6&#8243;][vc_column_text]<strong>Descripci\u00f3n:<\/strong><br \/>\nADVAGROMED pretende desarrollar, evaluar y promover -a trav\u00e9s de la investigaci\u00f3n colaborativa- un sistema de cultivo innovador adaptado a las condiciones \u00fanicas del Mediterr\u00e1neo, explotando las ventajas de la producci\u00f3n de insectos en conjunci\u00f3n con principios agroecol\u00f3gicos b\u00e1sicos. Para lograr este objetivo, ADVAGROMED pretende utilizar los insectos como bioconversores de subproductos locales y explotar los principales productos de los insectos (frass y larvas vivas) desde una perspectiva agroecol\u00f3gica, con el fin de hacer de este novedoso sistema de cultivo un sistema de producci\u00f3n viable para los agricultores y las asociaciones ubicadas en los pa\u00edses mediterr\u00e1neos.<\/p>\n<p><strong>Inter\u00e9s por el proyecto:<\/strong><br \/>\nEl proyecto representa una innovaci\u00f3n en cuanto al uso de insectos en el sector agroalimentario. De este modo, complementa los conocimientos del proyecto SUSTAvianFEED para una mayor sostenibilidad del sector mediante el uso de insectos.[\/vc_column_text]<div class=\"porto-btn-ctn-left \"><a class=\"porto-btn porto-adjust-bottom-margin porto-btn-normal porto-btn-no-hover-bg   wpb_custom_fb96c2c4e792455b6939b87945a58974  porto-btn-left \"  rel='' href = \"https:\/\/www.advagromed.com\/\" target='_blank' data-hover=\"\" data-border-color=\"\" data-bg=\"#ffde76\" data-hover-bg=\"\" data-border-hover=\"\" data-shadow-click=\"none\" data-shadow=\"\" style=\"border:none;background: #ffde76;color: #000000;\"><span class=\"porto-btn-hover\"><\/span><span class=\"porto-btn-data porto-btn-text \" >Ver proyecto<\/span><\/a><\/div>[\/vc_column][\/vc_row]<\/p>\n<\/div>","protected":false},"excerpt":{"rendered":"<p>[vc_row equal_height=\u00bbyes\u00bb content_placement=\u00bbbottom\u00bb conditional_render=\u00bb%5B%7B%22value_role%22%3A%22administrator%22%7D%5D\u00bb css=\u00bb.vc_custom_1695803049600{margin-bottom: 40px !important;padding-top: 20px !important;background-color: #f7f7f7 !important;}\u00bb animation_type=\u00bbfadeInUp\u00bb][vc_column text_align=\u00bbcenter\u00bb conditional_render=\u00bb%5B%7B%22value_role%22%3A%22administrator%22%7D%5D\u00bb offset=\u00bbvc_col-xl-4&#8243;][vc_single_image image=\u00bb3045&#8243; img_size=\u00bb400&#215;400&#8243; alignment=\u00bbcenter\u00bb style=\u00bbvc_box_border_circle\u00bb][\/vc_column][vc_column offset=\u00bbvc_col-xl-8 vc_col-md-12&#8243; conditional_render=\u00bb%5B%7B%22value_role%22%3A%22administrator%22%7D%5D\u00bb][vc_separator color=\u00bbcustom\u00bb align=\u00bbalign_left\u00bb border_width=\u00bb4&#8243; el_width=\u00bb20&#8243; style=\u00bbsolid\u00bb accent_color=\u00bb#a7d6d6&#8243;][vc_column_text]Descripci\u00f3n: ADVAGROMED pretende desarrollar, evaluar y promover -a trav\u00e9s de la investigaci\u00f3n colaborativa- un sistema de cultivo innovador adaptado a las condiciones \u00fanicas del Mediterr\u00e1neo, explotando las ventajas [&hellip;]<\/p>\n","protected":false},"author":1,"featured_media":0,"parent":0,"menu_order":0,"comment_status":"closed","ping_status":"closed","template":"","meta":{"footnotes":""},"class_list":["post-3093","page","type-page","status-publish","hentry"],"yoast_head":"<!-- This site is optimized with the Yoast SEO plugin v26.4 - https:\/\/yoast.com\/wordpress\/plugins\/seo\/ -->\n<title>Proyectos similares - SUSTAvianFEED<\/title>\n<meta name=\"robots\" content=\"index, follow, max-snippet:-1, max-image-preview:large, max-video-preview:-1\" \/>\n<link rel=\"canonical\" href=\"https:\/\/sustavianfeed.eu\/es\/proyectos-similares\/\" \/>\n<meta property=\"og:locale\" content=\"es_ES\" \/>\n<meta property=\"og:type\" content=\"article\" \/>\n<meta property=\"og:title\" content=\"Proyectos similares - SUSTAvianFEED\" \/>\n<meta property=\"og:description\" content=\"[vc_row equal_height=\u00bbyes\u00bb content_placement=\u00bbbottom\u00bb conditional_render=\u00bb%5B%7B%22value_role%22%3A%22administrator%22%7D%5D\u00bb css=\u00bb.vc_custom_1695803049600{margin-bottom: 40px !important;padding-top: 20px !important;background-color: #f7f7f7 !important;}\u00bb animation_type=\u00bbfadeInUp\u00bb][vc_column text_align=\u00bbcenter\u00bb conditional_render=\u00bb%5B%7B%22value_role%22%3A%22administrator%22%7D%5D\u00bb offset=\u00bbvc_col-xl-4&#8243;][vc_single_image image=\u00bb3045&#8243; img_size=\u00bb400&#215;400&#8243; alignment=\u00bbcenter\u00bb style=\u00bbvc_box_border_circle\u00bb][\/vc_column][vc_column offset=\u00bbvc_col-xl-8 vc_col-md-12&#8243; conditional_render=\u00bb%5B%7B%22value_role%22%3A%22administrator%22%7D%5D\u00bb][vc_separator color=\u00bbcustom\u00bb align=\u00bbalign_left\u00bb border_width=\u00bb4&#8243; el_width=\u00bb20&#8243; style=\u00bbsolid\u00bb accent_color=\u00bb#a7d6d6&#8243;][vc_column_text]Descripci\u00f3n: ADVAGROMED pretende desarrollar, evaluar y promover -a trav\u00e9s de la investigaci\u00f3n colaborativa- un sistema de cultivo innovador adaptado a las condiciones \u00fanicas del Mediterr\u00e1neo, explotando las ventajas [&hellip;]\" \/>\n<meta property=\"og:url\" content=\"https:\/\/sustavianfeed.eu\/es\/proyectos-similares\/\" \/>\n<meta property=\"og:site_name\" content=\"SUSTAvianFEED\" \/>\n<meta property=\"article:publisher\" content=\"https:\/\/www.facebook.com\/SUSTAvianFEED\" \/>\n<meta name=\"twitter:card\" content=\"summary_large_image\" \/>\n<meta name=\"twitter:label1\" content=\"Tiempo de lectura\" \/>\n\t<meta name=\"twitter:data1\" content=\"2 minutos\" \/>\n<script type=\"application\/ld+json\" class=\"yoast-schema-graph\">{\"@context\":\"https:\/\/schema.org\",\"@graph\":[{\"@type\":\"WebPage\",\"@id\":\"https:\/\/sustavianfeed.eu\/es\/proyectos-similares\/\",\"url\":\"https:\/\/sustavianfeed.eu\/es\/proyectos-similares\/\",\"name\":\"Proyectos similares - SUSTAvianFEED\",\"isPartOf\":{\"@id\":\"https:\/\/sustavianfeed.eu\/es\/#website\"},\"datePublished\":\"2023-09-27T09:24:32+00:00\",\"breadcrumb\":{\"@id\":\"https:\/\/sustavianfeed.eu\/es\/proyectos-similares\/#breadcrumb\"},\"inLanguage\":\"es\",\"potentialAction\":[{\"@type\":\"ReadAction\",\"target\":[\"https:\/\/sustavianfeed.eu\/es\/proyectos-similares\/\"]}]},{\"@type\":\"BreadcrumbList\",\"@id\":\"https:\/\/sustavianfeed.eu\/es\/proyectos-similares\/#breadcrumb\",\"itemListElement\":[{\"@type\":\"ListItem\",\"position\":1,\"name\":\"Home\",\"item\":\"https:\/\/sustavianfeed.eu\/es\/\"},{\"@type\":\"ListItem\",\"position\":2,\"name\":\"Proyectos similares\"}]},{\"@type\":\"WebSite\",\"@id\":\"https:\/\/sustavianfeed.eu\/es\/#website\",\"url\":\"https:\/\/sustavianfeed.eu\/es\/\",\"name\":\"SUSTAvianFEED\",\"description\":\"Innovative and sustainable poultry feedings programs\",\"publisher\":{\"@id\":\"https:\/\/sustavianfeed.eu\/es\/#organization\"},\"potentialAction\":[{\"@type\":\"SearchAction\",\"target\":{\"@type\":\"EntryPoint\",\"urlTemplate\":\"https:\/\/sustavianfeed.eu\/es\/?s={search_term_string}\"},\"query-input\":{\"@type\":\"PropertyValueSpecification\",\"valueRequired\":true,\"valueName\":\"search_term_string\"}}],\"inLanguage\":\"es\"},{\"@type\":\"Organization\",\"@id\":\"https:\/\/sustavianfeed.eu\/es\/#organization\",\"name\":\"SUSTAvianFEED\",\"url\":\"https:\/\/sustavianfeed.eu\/es\/\",\"logo\":{\"@type\":\"ImageObject\",\"inLanguage\":\"es\",\"@id\":\"https:\/\/sustavianfeed.eu\/es\/#\/schema\/logo\/image\/\",\"url\":\"https:\/\/sustavianfeed.eu\/wp-content\/uploads\/2021\/09\/LOGO_SUSTavianFEED_color-footer.png\",\"contentUrl\":\"https:\/\/sustavianfeed.eu\/wp-content\/uploads\/2021\/09\/LOGO_SUSTavianFEED_color-footer.png\",\"width\":400,\"height\":286,\"caption\":\"SUSTAvianFEED\"},\"image\":{\"@id\":\"https:\/\/sustavianfeed.eu\/es\/#\/schema\/logo\/image\/\"},\"sameAs\":[\"https:\/\/www.facebook.com\/SUSTAvianFEED\",\"https:\/\/www.linkedin.com\/groups\/12560654\/\"]}]}<\/script>\n<!-- \/ Yoast SEO plugin. -->","yoast_head_json":{"title":"Proyectos similares - SUSTAvianFEED","robots":{"index":"index","follow":"follow","max-snippet":"max-snippet:-1","max-image-preview":"max-image-preview:large","max-video-preview":"max-video-preview:-1"},"canonical":"https:\/\/sustavianfeed.eu\/es\/proyectos-similares\/","og_locale":"es_ES","og_type":"article","og_title":"Proyectos similares - SUSTAvianFEED","og_description":"[vc_row equal_height=\u00bbyes\u00bb content_placement=\u00bbbottom\u00bb conditional_render=\u00bb%5B%7B%22value_role%22%3A%22administrator%22%7D%5D\u00bb css=\u00bb.vc_custom_1695803049600{margin-bottom: 40px !important;padding-top: 20px !important;background-color: #f7f7f7 !important;}\u00bb animation_type=\u00bbfadeInUp\u00bb][vc_column text_align=\u00bbcenter\u00bb conditional_render=\u00bb%5B%7B%22value_role%22%3A%22administrator%22%7D%5D\u00bb offset=\u00bbvc_col-xl-4&#8243;][vc_single_image image=\u00bb3045&#8243; img_size=\u00bb400&#215;400&#8243; alignment=\u00bbcenter\u00bb style=\u00bbvc_box_border_circle\u00bb][\/vc_column][vc_column offset=\u00bbvc_col-xl-8 vc_col-md-12&#8243; conditional_render=\u00bb%5B%7B%22value_role%22%3A%22administrator%22%7D%5D\u00bb][vc_separator color=\u00bbcustom\u00bb align=\u00bbalign_left\u00bb border_width=\u00bb4&#8243; el_width=\u00bb20&#8243; style=\u00bbsolid\u00bb accent_color=\u00bb#a7d6d6&#8243;][vc_column_text]Descripci\u00f3n: ADVAGROMED pretende desarrollar, evaluar y promover -a trav\u00e9s de la investigaci\u00f3n colaborativa- un sistema de cultivo innovador adaptado a las condiciones \u00fanicas del Mediterr\u00e1neo, explotando las ventajas [&hellip;]","og_url":"https:\/\/sustavianfeed.eu\/es\/proyectos-similares\/","og_site_name":"SUSTAvianFEED","article_publisher":"https:\/\/www.facebook.com\/SUSTAvianFEED","twitter_card":"summary_large_image","twitter_misc":{"Tiempo de lectura":"2 minutos"},"schema":{"@context":"https:\/\/schema.org","@graph":[{"@type":"WebPage","@id":"https:\/\/sustavianfeed.eu\/es\/proyectos-similares\/","url":"https:\/\/sustavianfeed.eu\/es\/proyectos-similares\/","name":"Proyectos similares - SUSTAvianFEED","isPartOf":{"@id":"https:\/\/sustavianfeed.eu\/es\/#website"},"datePublished":"2023-09-27T09:24:32+00:00","breadcrumb":{"@id":"https:\/\/sustavianfeed.eu\/es\/proyectos-similares\/#breadcrumb"},"inLanguage":"es","potentialAction":[{"@type":"ReadAction","target":["https:\/\/sustavianfeed.eu\/es\/proyectos-similares\/"]}]},{"@type":"BreadcrumbList","@id":"https:\/\/sustavianfeed.eu\/es\/proyectos-similares\/#breadcrumb","itemListElement":[{"@type":"ListItem","position":1,"name":"Home","item":"https:\/\/sustavianfeed.eu\/es\/"},{"@type":"ListItem","position":2,"name":"Proyectos similares"}]},{"@type":"WebSite","@id":"https:\/\/sustavianfeed.eu\/es\/#website","url":"https:\/\/sustavianfeed.eu\/es\/","name":"SUSTAvianFEED","description":"Innovative and sustainable poultry feedings programs","publisher":{"@id":"https:\/\/sustavianfeed.eu\/es\/#organization"},"potentialAction":[{"@type":"SearchAction","target":{"@type":"EntryPoint","urlTemplate":"https:\/\/sustavianfeed.eu\/es\/?s={search_term_string}"},"query-input":{"@type":"PropertyValueSpecification","valueRequired":true,"valueName":"search_term_string"}}],"inLanguage":"es"},{"@type":"Organization","@id":"https:\/\/sustavianfeed.eu\/es\/#organization","name":"SUSTAvianFEED","url":"https:\/\/sustavianfeed.eu\/es\/","logo":{"@type":"ImageObject","inLanguage":"es","@id":"https:\/\/sustavianfeed.eu\/es\/#\/schema\/logo\/image\/","url":"https:\/\/sustavianfeed.eu\/wp-content\/uploads\/2021\/09\/LOGO_SUSTavianFEED_color-footer.png","contentUrl":"https:\/\/sustavianfeed.eu\/wp-content\/uploads\/2021\/09\/LOGO_SUSTavianFEED_color-footer.png","width":400,"height":286,"caption":"SUSTAvianFEED"},"image":{"@id":"https:\/\/sustavianfeed.eu\/es\/#\/schema\/logo\/image\/"},"sameAs":["https:\/\/www.facebook.com\/SUSTAvianFEED","https:\/\/www.linkedin.com\/groups\/12560654\/"]}]}},"_links":{"self":[{"href":"https:\/\/sustavianfeed.eu\/es\/wp-json\/wp\/v2\/pages\/3093","targetHints":{"allow":["GET"]}}],"collection":[{"href":"https:\/\/sustavianfeed.eu\/es\/wp-json\/wp\/v2\/pages"}],"about":[{"href":"https:\/\/sustavianfeed.eu\/es\/wp-json\/wp\/v2\/types\/page"}],"author":[{"embeddable":true,"href":"https:\/\/sustavianfeed.eu\/es\/wp-json\/wp\/v2\/users\/1"}],"replies":[{"embeddable":true,"href":"https:\/\/sustavianfeed.eu\/es\/wp-json\/wp\/v2\/comments?post=3093"}],"version-history":[{"count":3,"href":"https:\/\/sustavianfeed.eu\/es\/wp-json\/wp\/v2\/pages\/3093\/revisions"}],"predecessor-version":[{"id":3096,"href":"https:\/\/sustavianfeed.eu\/es\/wp-json\/wp\/v2\/pages\/3093\/revisions\/3096"}],"wp:attachment":[{"href":"https:\/\/sustavianfeed.eu\/es\/wp-json\/wp\/v2\/media?parent=3093"}],"curies":[{"name":"wp","href":"https:\/\/api.w.org\/{rel}","templated":true}]}}