{"id":1666,"date":"2021-10-20T13:59:16","date_gmt":"2021-10-20T13:59:16","guid":{"rendered":"https:\/\/www.sustavianfeed.eu\/politica-de-cookies\/"},"modified":"2021-10-20T13:59:21","modified_gmt":"2021-10-20T13:59:21","slug":"politica-de-cookies","status":"publish","type":"page","link":"https:\/\/sustavianfeed.eu\/es\/politica-de-cookies\/","title":{"rendered":"Pol\u00edtica de cookies"},"content":{"rendered":"<div class=\"wpb-content-wrapper\"><p>[vc_row][vc_column][vc_column_text]<\/p>\n<h2>INFORMACI\u00d3N SOBRE COOKIES<\/h2>\n<p>De conformidad con la Ley 34\/2002, de 11 de julio, de servicios de la sociedad de la informaci\u00f3n y comercio electr\u00f3nico (LSSI), en relaci\u00f3n con el Reglamento (UE) 2016\/679 del Parlamento Europeo y del Consejo, de 27 de abril de 2016, Protecci\u00f3n General de Datos (RGPD) y Ley Org\u00e1nica 3\/2018, de 5 de diciembre, Protecci\u00f3n de Datos y Garant\u00eda de Derechos Digitales (LOPDGDD), es obligatorio obtener el consentimiento expreso del usuario de todas las p\u00e1ginas web que utilicen cookies prescindibles, antes navega a trav\u00e9s de ellos. Esta pol\u00edtica se revis\u00f3 en octubre de 2021 y puede haber variaciones hasta su pr\u00f3xima revisi\u00f3n.<\/p>\n<h2>\u00bfQU\u00c9 SON LAS COOKIES?<\/h2>\n<p>Las cookies y otras tecnolog\u00edas similares como objetos locales compartidos, flash cookies o p\u00edxeles, son herramientas que utilizan los servidores web para almacenar y recuperar informaci\u00f3n sobre sus visitantes, as\u00ed como para ofrecer un correcto funcionamiento del sitio.<br \/>\nMediante el uso de estos dispositivos, el servidor Web se permite recordar algunos datos concernientes al usuario, como sus preferencias para ver las p\u00e1ginas de ese servidor, nombre y contrase\u00f1a, productos que m\u00e1s le interesan, etc.<\/p>\n<h2>COOKIES AFECTADAS POR LA NORMATIVA Y COOKIES EXCEPTO<\/h2>\n<p>Seg\u00fan la directiva de la UE, las cookies que requieren el consentimiento informado del usuario son las anal\u00edticas y las de publicidad y afiliaci\u00f3n, salvo las de car\u00e1cter t\u00e9cnico y las necesarias para el funcionamiento del sitio web o la prestaci\u00f3n de servicios. solicitado expresamente por el usuario.<\/p>\n<h2>TIPOS DE COOKIES<\/h2>\n<h3>SEG\u00daN EL OBJETO<\/h3>\n<ul>\n<li>Cookies t\u00e9cnicas y funcionales: son aqu\u00e9llas que permiten al usuario navegar a trav\u00e9s de una p\u00e1gina web, plataforma o aplicaci\u00f3n y utilizar las diferentes opciones o servicios que en ella existen.<\/li>\n<li>Cookies anal\u00edticas: son aqu\u00e9llas que permiten al responsable de las mismas monitorizar y analizar el comportamiento de los usuarios de los sitios web a los que est\u00e1n vinculadas. La informaci\u00f3n recogida a trav\u00e9s de este tipo de cookies se utiliza para medir la actividad de los sitios web, aplicaci\u00f3n o plataforma y para la elaboraci\u00f3n de perfiles de navegaci\u00f3n de los usuarios de dichos sitios, aplicaciones y plataformas, con el fin de introducir mejoras en funci\u00f3n del an\u00e1lisis de los datos de uso que hacen los usuarios del servicio.<\/li>\n<li>Cookies publicitarias: Son aqu\u00e9llas que permiten la gesti\u00f3n, de la forma m\u00e1s eficaz posible, de los espacios publicitarios que, en su caso, el editor haya incluido en una p\u00e1gina web, aplicaci\u00f3n o plataforma desde la que presta el servicio solicitado en base a criterios como contenido editado o con qu\u00e9 frecuencia se muestran los anuncios.<\/li>\n<li>Cookies de publicidad comportamental: recogen informaci\u00f3n sobre las preferencias y elecciones personales del usuario (retargeting) para permitir la gesti\u00f3n, de la forma m\u00e1s eficaz posible, de los espacios publicitarios que, en su caso, el editor haya incluido en una p\u00e1gina web, aplicaci\u00f3n. o plataforma desde la que se presta el servicio solicitado.<\/li>\n<li>Cookies sociales: son establecidas por las plataformas de redes sociales en los servicios para permitirle compartir contenido con sus amigos y redes. Las plataformas de redes sociales tienen la capacidad de rastrear su actividad en l\u00ednea fuera de los Servicios. Esto puede afectar el contenido y los mensajes que ve en otros servicios que visita. Cookies de afiliados: permiten realizar un seguimiento de las visitas de otros sitios web, con los que el sitio web establece un contrato de afiliaci\u00f3n (empresas afiliadas).<\/li>\n<li>Cookies de seguridad: almacenan informaci\u00f3n encriptada para evitar que los datos almacenados en ellas sean vulnerables a ataques maliciosos de terceros.<\/li>\n<\/ul>\n<h3>SEG\u00daN LA PROPIEDAD<\/h3>\n<ul>\n<li>Cookies propias: son aqu\u00e9llas que se env\u00edan al equipo terminal del usuario desde un equipo o dominio gestionado por el propio editor y desde el que se presta el servicio solicitado por el usuario.<\/li>\n<li>Cookies de terceros: son aquellas que se env\u00edan al equipo terminal del usuario desde un equipo o dominio que no es gestionado por el editor, sino por otra entidad que trata los datos obtenidos a trav\u00e9s de las cookies.<\/li>\n<\/ul>\n<h3>SEG\u00daN EL PLAZO DE CONSERVACI\u00d3N<\/h3>\n<ul>\n<li>Cookies de sesi\u00f3n: son un tipo de cookies dise\u00f1adas para recabar y almacenar datos mientras el usuario accede a una p\u00e1gina web.<br \/>\nCookies persistentes: son un tipo de cookies en las que los datos siguen almacenados en el terminal y pueden ser accedidos y tratados durante un plazo definido por el responsable de la cookie, que puede oscilar entre unos minutos y varios a\u00f1os.<\/li>\n<\/ul>\n<h2>TRATAMIENTO DE DATOS PERSONALES<\/h2>\n<p>SAT N\u00ba 2439 ALIA es el Responsable del tratamiento de los datos personales del Interesado y les informa que estos datos ser\u00e1n tratados de acuerdo con lo establecido en el Reglamento (UE) 2016\/679, de 27 de abril de 2016 (RGPD), por lo tanto, se proporciona la siguiente informaci\u00f3n sobre el tratamiento:<\/p>\n<p><strong>Finalidades del tratamiento<\/strong> : como se especifica en el apartado de cookies utilizadas en este sitio web.<br \/>\n<strong>Legitimaci\u00f3n del tratamiento<\/strong> : por consentimiento del interesado (art. 6.1 RGPD).<br \/>\n<strong>Criterios de conservaci\u00f3n de datos<\/strong> : como se especifica en el apartado de cookies utilizadas en la web.<br \/>\n<strong>Comunicaci\u00f3n de los datos<\/strong> : los datos no se comunicar\u00e1n a terceros, salvo en cookies propiedad de terceros o por obligaci\u00f3n legal.<br \/>\n<strong>Derechos que asisten al Interesado:<\/strong><\/p>\n<ul>\n<li>Derecho a retirar el consentimiento en cualquier momento.<\/li>\n<li>Derecho de acceso, rectificaci\u00f3n, portabilidad y supresi\u00f3n de sus datos, y de limitaci\u00f3n u oposici\u00f3n a su tratamiento.<\/li>\n<li>Derecho a presentar una reclamaci\u00f3n ante la Autoridad de Control (www.aepd.es) si considera que el tratamiento no se ajusta a la normativa vigente.<\/li>\n<\/ul>\n<p><strong>Informaci\u00f3n de contacto para ejercer sus derechos:<\/strong><br \/>\nSAT No. 2439 ALIA. ADEREZO. LA HOYA S \/ N, APDO. 272, 30816 LORCA (Murcia). Correo electr\u00f3nico: info@sustavianfeed.eu<\/p>\n<h2>COOKIES UTILIZADAS EN ESTE SITIO WEB<\/h2>\n<h3>Cookies controladas por el editor<\/h3>\n<p><strong>T\u00e9cnico y funcional<\/strong><\/p>\n<table width=\"642\">\n<tbody>\n<tr>\n<td width=\"122\"><strong>Propiedad<\/strong><\/td>\n<td width=\"109\"><strong>Galleta<\/strong><\/td>\n<td width=\"314\"><strong>Objetivo<\/strong><\/td>\n<td width=\"96\"><strong>T\u00e9rmino<\/strong><\/td>\n<\/tr>\n<tr>\n<td width=\"122\">google.com<\/td>\n<td width=\"109\"><strong>__Secure-1PAPISI<\/strong><\/p>\n<p><strong>D<\/strong><\/td>\n<td width=\"314\">Cookie necesaria para el uso de las opciones y servicios del sitio web<\/td>\n<td width=\"96\">en 2 a\u00f1os<\/td>\n<\/tr>\n<tr>\n<td width=\"122\">google.com<\/td>\n<td width=\"109\"><strong>__Secure-1PSID<\/strong><\/td>\n<td width=\"314\">Cookie necesaria para el uso de las opciones y servicios del sitio web<\/td>\n<td width=\"96\">en 2 a\u00f1os<\/td>\n<\/tr>\n<tr>\n<td width=\"122\">google.com<\/td>\n<td width=\"109\"><strong>__Secure-1PSIDC<\/strong><\/p>\n<p><strong>C<\/strong><\/td>\n<td width=\"314\">Cookie necesaria para el uso de las opciones y servicios del sitio web<\/td>\n<td width=\"96\">en 12 meses<\/td>\n<\/tr>\n<tr>\n<td width=\"122\">google.com<\/td>\n<td width=\"109\"><strong>__Secure-3PSIDC<\/strong><\/p>\n<p><strong>C<\/strong><\/td>\n<td width=\"314\">Cookie necesaria para el uso de las opciones y servicios del sitio web<\/td>\n<td width=\"96\">en 1 a\u00f1o<\/td>\n<\/tr>\n<tr>\n<td width=\"122\">google.com<\/td>\n<td width=\"109\"><strong>CONSENTIMIENTO<\/strong><\/td>\n<td width=\"314\">Rastreador de consentimiento de cookies de Google<\/td>\n<td width=\"96\">en 16 a\u00f1os<\/td>\n<\/tr>\n<tr>\n<td width=\"122\">google.com<\/td>\n<td width=\"109\"><strong>OGPC<\/strong><\/td>\n<td width=\"314\">Cookie necesaria para el uso de las opciones y servicios del sitio web<\/td>\n<td width=\"96\">en 12 meses<\/td>\n<\/tr>\n<tr>\n<td width=\"122\">google.com<\/td>\n<td width=\"109\"><strong>SEARCH_SAMESI TE<\/strong><\/td>\n<td width=\"314\">SameSite evita que el navegador env\u00ede esta cookie junto con solicitudes entre sitios. El objetivo principal es mitigar el riesgo de fuga de informaci\u00f3n de origen cruzado. Tambi\u00e9n proporciona cierta protecci\u00f3n contra ataques de falsificaci\u00f3n de solicitudes entre sitios.<\/td>\n<td width=\"96\">en 3 meses<\/td>\n<\/tr>\n<tr>\n<td width=\"122\">sustavianfeed.eu<\/td>\n<td width=\"109\"><strong>cookielawinfo casilla de verificaci\u00f3nnecesario<\/strong><\/td>\n<td width=\"314\">Cookie necesaria para el uso de las opciones y servicios del sitio web<\/td>\n<td width=\"96\">Sesi\u00f3n<\/td>\n<\/tr>\n<tr>\n<td width=\"122\">sustavianfeed.eu<\/td>\n<td width=\"109\"><strong>cookielawinfocheckbox-no necesario<\/strong><\/td>\n<td width=\"314\">Cookie necesaria para el uso de las opciones y servicios del sitio web<\/td>\n<td width=\"96\">en 1 a\u00f1o<\/td>\n<\/tr>\n<tr>\n<td width=\"122\">sustavianfeed.eu<\/td>\n<td width=\"109\"><strong>seen_cookie_po<\/strong><\/p>\n<p><strong>picante<\/strong><\/td>\n<td width=\"314\">Se utiliza para recordar sus preferencias con respecto a la Pol\u00edtica de Cookies establecida.<\/td>\n<td width=\"96\">en 1 a\u00f1o<\/td>\n<\/tr>\n<\/tbody>\n<\/table>\n<p><strong>Anal\u00edtica<\/strong><\/p>\n<table>\n<tbody>\n<tr>\n<td>Propiedad<\/td>\n<td>Galleta<\/td>\n<td>Objetivo<\/td>\n<td>T\u00e9rmino<\/td>\n<\/tr>\n<tr>\n<td>google.com<\/td>\n<td>__Secure-3PAPISI<br \/>\nD<\/td>\n<td>Estas cookies se utilizan para ofrecer anuncios m\u00e1s relevantes para usted y sus intereses.<\/td>\n<td>en 2 a\u00f1os<\/td>\n<\/tr>\n<tr>\n<td>google.com<\/td>\n<td>__Secure-3PSID<\/td>\n<td>Estas cookies se utilizan para ofrecer anuncios m\u00e1s relevantes para usted y sus intereses.<\/td>\n<td>en 2 a\u00f1os<\/td>\n<\/tr>\n<\/tbody>\n<\/table>\n<p><strong>Publicidad<\/strong><\/p>\n<table>\n<tbody>\n<tr>\n<td>Propiedad<\/td>\n<td>Galleta<\/td>\n<td>Objetivo<\/td>\n<td>T\u00e9rmino<\/td>\n<\/tr>\n<tr>\n<td>google.com<\/td>\n<td>1P_JAR<\/td>\n<td>Estas cookies se establecen a trav\u00e9s de videos de YouTube incrustados. Registran datos estad\u00edsticos an\u00f3nimos sobre, por ejemplo, cu\u00e1ntas veces se reproduce el video y qu\u00e9 configuraciones se utilizan para la reproducci\u00f3n.<\/td>\n<td>en un mes<\/td>\n<\/tr>\n<tr>\n<td>google.com<\/td>\n<td>APISID<\/td>\n<td>Descarga determinadas herramientas de Google y guarda determinadas preferencias, por ejemplo, el n\u00famero de resultados de b\u00fasqueda por hoja o la activaci\u00f3n del filtro SafeSearch. Ajusta los anuncios que aparecen en la b\u00fasqueda de Google.<\/td>\n<td>en 2 a\u00f1os<\/td>\n<\/tr>\n<tr>\n<td>google.com<\/td>\n<td>HSID<\/td>\n<td>Descarga determinadas herramientas de Google y guarda determinadas preferencias, por ejemplo, el n\u00famero de resultados de b\u00fasqueda por hoja o la activaci\u00f3n del filtro SafeSearch. Ajusta los anuncios que aparecen en la b\u00fasqueda de Google.<\/td>\n<td>en 2 a\u00f1os<\/td>\n<\/tr>\n<tr>\n<td>google.com<\/td>\n<td>NID<\/td>\n<td>Estas cookies se utilizan para recopilar estad\u00edsticas del sitio web y realizar un seguimiento de las tasas de conversi\u00f3n y la personalizaci\u00f3n de anuncios de Google.<\/td>\n<td>en 7 meses<\/td>\n<\/tr>\n<tr>\n<td>google.com<\/td>\n<td>SAPISID<\/td>\n<td>Descarga determinadas herramientas de Google y guarda determinadas preferencias, por ejemplo, el n\u00famero de resultados de b\u00fasqueda por hoja o la activaci\u00f3n del filtro SafeSearch. Ajusta los anuncios que aparecen en la b\u00fasqueda de Google.<\/td>\n<td>en 2 a\u00f1os<\/td>\n<\/tr>\n<tr>\n<td>google.com<\/td>\n<td>SID<\/td>\n<td>Descarga determinadas herramientas de Google y guarda determinadas preferencias, por ejemplo, el n\u00famero de resultados de b\u00fasqueda por hoja o la activaci\u00f3n del filtro SafeSearch. Ajusta los anuncios que aparecen en la b\u00fasqueda de Google.<\/td>\n<td>en 2 a\u00f1os<\/td>\n<\/tr>\n<tr>\n<td>google.com<\/td>\n<td>SIDCC<\/td>\n<td>Descarga determinadas herramientas de Google y guarda determinadas preferencias, por ejemplo, el n\u00famero de resultados de b\u00fasqueda por hoja o la activaci\u00f3n del filtro SafeSearch. Ajusta los anuncios que aparecen en la b\u00fasqueda de Google.<\/td>\n<td>en un a\u00f1o<\/td>\n<\/tr>\n<tr>\n<td>google.com<\/td>\n<td>SSID<\/td>\n<td>Descarga determinadas herramientas de Google y guarda determinadas preferencias, por ejemplo, el n\u00famero de resultados de b\u00fasqueda por p\u00e1gina o la activaci\u00f3n del filtro SafeSearch.<br \/>\nAjusta los anuncios que aparecen en la B\u00fasqueda de Google.<\/td>\n<td>n 2 a\u00f1os<\/td>\n<\/tr>\n<\/tbody>\n<\/table>\n<h2><strong>COOKIES DE TERCEROS<\/strong><\/h2>\n<p>Los servicios de terceros son ajenos al control del editor. Los proveedores pueden modificar en todo momento sus condiciones de servicio, finalidad y utilizaci\u00f3n de las cookies, etc.<\/p>\n<p><strong>Proveedores externos de este sitio web:<\/strong><\/p>\n<table>\n<tbody>\n<tr>\n<td>Editor<\/td>\n<td>Pol\u00edtica de privacidad<\/td>\n<\/tr>\n<tr>\n<td>Google<\/td>\n<td><a href=\"https:\/\/privacy.google.com\/take-control.html\">https:\/\/privacy.google.com\/take-control.html<\/a><\/td>\n<\/tr>\n<tr>\n<td>Google<\/td>\n<td><a href=\"https:\/\/safety.google\/privacy\/privacy-controls\/\">https:\/\/safety.google\/privacy\/privacy-controls\/<\/a><\/td>\n<\/tr>\n<\/tbody>\n<\/table>\n<h3>PANEL DE CONFIGURACI\u00d3N DE COOKIES<\/h3>\n<p>Desde este panel podr\u00e1 configurar las cookies que el sitio web puede instalar en su navegador, excepto las cookies t\u00e9cnicas o funcionales que son necesarias para la navegaci\u00f3n y la utilizaci\u00f3n de las diferentes opciones o servicios que se ofrecen.<\/p>\n<p>Puede acceder a dicho panel en todo momento a trav\u00e9s del v\u00ednculo flotante que aparece al acercar el cursor al margen inferior derecho de la web.<\/p>\n<h3>C\u00d3MO GESTIONAR LAS COOKIES DESDE EL NAVEGADOR<\/h3>\n<table width=\"642\">\n<tbody>\n<tr>\n<td colspan=\"2\" width=\"192\">Eliminar las cookies del dispositivo<\/td>\n<td width=\"449\">Las cookies que ya est\u00e1n en un dispositivo se pueden eliminar borrando el historial del navegador, con lo que se suprimen las cookies de todos los sitios web visitados. Sin embargo, tambi\u00e9n se puede perder parte de la informaci\u00f3n guardada (por ejemplo, los datos de inicio de sesi\u00f3n o las preferencias de sitio web).<\/td>\n<\/tr>\n<tr>\n<td colspan=\"2\" width=\"192\">Gestionar las cookies espec\u00edficas del sitio<\/td>\n<td width=\"449\">Para tener un control m\u00e1s preciso de las cookies espec\u00edficas de cada sitio, los usuarios pueden ajustar su configuraci\u00f3n de privacidad y cookies en el navegador.<\/td>\n<\/tr>\n<tr>\n<td colspan=\"2\" width=\"192\">Bloquear las cookies<\/td>\n<td width=\"449\">Aunque la mayor\u00eda de los navegadores modernos se pueden configurar para evitar que se instalen cookies en los dispositivos, eso puede obligar al ajuste manual de determinadas preferencias cada vez que se visite un sitio o p\u00e1gina. Adem\u00e1s, algunos servicios y caracter\u00edsticas pueden no funcionar correctamente (por ejemplo, los inicios de sesi\u00f3n con perfil).<\/td>\n<\/tr>\n<tr>\n<td width=\"186\"><\/td>\n<td width=\"6\"><\/td>\n<td width=\"449\"><\/td>\n<\/tr>\n<\/tbody>\n<\/table>\n<h3>C\u00d3MO ELIMINAR LAS COOKIES DE LOS NAVEGADORES M\u00c1S COMUNES<\/h3>\n<table width=\"642\">\n<tbody>\n<tr>\n<td width=\"186\">Cromo<\/td>\n<td colspan=\"2\" width=\"455\"><a href=\"http:\/\/support.google.com\/chrome\/answer\/95647?hl=es\"><span style=\"color: #333333;\">http:\/\/support.google.com\/chrome\/answer\/95647?hl=es<\/span><\/a><\/td>\n<\/tr>\n<tr>\n<td width=\"186\">Explorador de Internet. Versi\u00f3n 11<\/td>\n<td colspan=\"2\" width=\"455\"><a href=\"https:\/\/support.microsoft.com\/es-es\/help\/278835\/how-to-delete-cookie-files-in-internet-explorer\"><span style=\"color: #333333;\">https:\/\/support.microsoft.com\/es-es\/help\/278835\/how-to-delete-cookie-files-in-internet-explorer<\/span><\/a><\/td>\n<\/tr>\n<tr>\n<td width=\"186\">Firefox. Versi\u00f3n 65.0.1<\/td>\n<td colspan=\"2\" width=\"455\"><a href=\"https:\/\/www.mozilla.org\/es-ES\/privacy\/websites\/#cookies\"><span style=\"color: #333333;\">https:\/\/www.mozilla.org\/es-ES\/privacy\/websites\/#cookies<\/span><\/a><\/td>\n<\/tr>\n<tr>\n<td width=\"186\">Safari Versi\u00f3n 5.1<\/td>\n<td colspan=\"2\" width=\"455\"><a href=\"https:\/\/support.apple.com\/es-es\/guide\/safari\/sfri11471\/mac\"><span style=\"color: #333333;\">https:\/\/support.apple.com\/es-es\/guide\/safari\/sfri11471\/mac<\/span><\/a><\/td>\n<\/tr>\n<tr>\n<td width=\"186\">\u00d3pera<\/td>\n<td colspan=\"2\" width=\"455\"><a href=\"https:\/\/help.opera.com\/en\/latest\/security-and-privacy\/#clearBrowsingData\"><span style=\"color: #333333;\">https:\/\/help.opera.com\/en\/latest\/security-and-privacy\/#clearBrowsingData<\/span><\/a><\/td>\n<\/tr>\n<\/tbody>\n<\/table>\n<p>[\/vc_column_text][\/vc_column][\/vc_row]<\/p>\n<\/div>","protected":false},"excerpt":{"rendered":"<p>[vc_row][vc_column][vc_column_text] INFORMACI\u00d3N SOBRE COOKIES De conformidad con la Ley 34\/2002, de 11 de julio, de servicios de la sociedad de la informaci\u00f3n y comercio electr\u00f3nico (LSSI), en relaci\u00f3n con el Reglamento (UE) 2016\/679 del Parlamento Europeo y del Consejo, de 27 de abril de 2016, Protecci\u00f3n General de Datos (RGPD) y Ley Org\u00e1nica 3\/2018, de [&hellip;]<\/p>\n","protected":false},"author":1,"featured_media":0,"parent":0,"menu_order":0,"comment_status":"closed","ping_status":"closed","template":"","meta":{"footnotes":""},"class_list":["post-1666","page","type-page","status-publish","hentry"],"yoast_head":"<!-- This site is optimized with the Yoast SEO plugin v26.4 - https:\/\/yoast.com\/wordpress\/plugins\/seo\/ -->\n<title>Pol\u00edtica de cookies - SUSTAvianFEED<\/title>\n<meta name=\"robots\" content=\"index, follow, max-snippet:-1, max-image-preview:large, max-video-preview:-1\" \/>\n<link rel=\"canonical\" href=\"https:\/\/sustavianfeed.eu\/es\/politica-de-cookies\/\" \/>\n<meta property=\"og:locale\" content=\"es_ES\" \/>\n<meta property=\"og:type\" content=\"article\" \/>\n<meta property=\"og:title\" content=\"Pol\u00edtica de cookies - SUSTAvianFEED\" \/>\n<meta property=\"og:description\" content=\"[vc_row][vc_column][vc_column_text] INFORMACI\u00d3N SOBRE COOKIES De conformidad con la Ley 34\/2002, de 11 de julio, de servicios de la sociedad de la informaci\u00f3n y comercio electr\u00f3nico (LSSI), en relaci\u00f3n con el Reglamento (UE) 2016\/679 del Parlamento Europeo y del Consejo, de 27 de abril de 2016, Protecci\u00f3n General de Datos (RGPD) y Ley Org\u00e1nica 3\/2018, de [&hellip;]\" \/>\n<meta property=\"og:url\" content=\"https:\/\/sustavianfeed.eu\/es\/politica-de-cookies\/\" \/>\n<meta property=\"og:site_name\" content=\"SUSTAvianFEED\" \/>\n<meta property=\"article:publisher\" content=\"https:\/\/www.facebook.com\/SUSTAvianFEED\" \/>\n<meta property=\"article:modified_time\" content=\"2021-10-20T13:59:21+00:00\" \/>\n<meta name=\"twitter:card\" content=\"summary_large_image\" \/>\n<meta name=\"twitter:label1\" content=\"Tiempo de lectura\" \/>\n\t<meta name=\"twitter:data1\" content=\"10 minutos\" \/>\n<script type=\"application\/ld+json\" class=\"yoast-schema-graph\">{\"@context\":\"https:\/\/schema.org\",\"@graph\":[{\"@type\":\"WebPage\",\"@id\":\"https:\/\/sustavianfeed.eu\/es\/politica-de-cookies\/\",\"url\":\"https:\/\/sustavianfeed.eu\/es\/politica-de-cookies\/\",\"name\":\"Pol\u00edtica de cookies - SUSTAvianFEED\",\"isPartOf\":{\"@id\":\"https:\/\/sustavianfeed.eu\/es\/#website\"},\"datePublished\":\"2021-10-20T13:59:16+00:00\",\"dateModified\":\"2021-10-20T13:59:21+00:00\",\"breadcrumb\":{\"@id\":\"https:\/\/sustavianfeed.eu\/es\/politica-de-cookies\/#breadcrumb\"},\"inLanguage\":\"es\",\"potentialAction\":[{\"@type\":\"ReadAction\",\"target\":[\"https:\/\/sustavianfeed.eu\/es\/politica-de-cookies\/\"]}]},{\"@type\":\"BreadcrumbList\",\"@id\":\"https:\/\/sustavianfeed.eu\/es\/politica-de-cookies\/#breadcrumb\",\"itemListElement\":[{\"@type\":\"ListItem\",\"position\":1,\"name\":\"Home\",\"item\":\"https:\/\/sustavianfeed.eu\/es\/\"},{\"@type\":\"ListItem\",\"position\":2,\"name\":\"Pol\u00edtica de cookies\"}]},{\"@type\":\"WebSite\",\"@id\":\"https:\/\/sustavianfeed.eu\/es\/#website\",\"url\":\"https:\/\/sustavianfeed.eu\/es\/\",\"name\":\"SUSTAvianFEED\",\"description\":\"Innovative and sustainable poultry feedings programs\",\"publisher\":{\"@id\":\"https:\/\/sustavianfeed.eu\/es\/#organization\"},\"potentialAction\":[{\"@type\":\"SearchAction\",\"target\":{\"@type\":\"EntryPoint\",\"urlTemplate\":\"https:\/\/sustavianfeed.eu\/es\/?s={search_term_string}\"},\"query-input\":{\"@type\":\"PropertyValueSpecification\",\"valueRequired\":true,\"valueName\":\"search_term_string\"}}],\"inLanguage\":\"es\"},{\"@type\":\"Organization\",\"@id\":\"https:\/\/sustavianfeed.eu\/es\/#organization\",\"name\":\"SUSTAvianFEED\",\"url\":\"https:\/\/sustavianfeed.eu\/es\/\",\"logo\":{\"@type\":\"ImageObject\",\"inLanguage\":\"es\",\"@id\":\"https:\/\/sustavianfeed.eu\/es\/#\/schema\/logo\/image\/\",\"url\":\"https:\/\/sustavianfeed.eu\/wp-content\/uploads\/2021\/09\/LOGO_SUSTavianFEED_color-footer.png\",\"contentUrl\":\"https:\/\/sustavianfeed.eu\/wp-content\/uploads\/2021\/09\/LOGO_SUSTavianFEED_color-footer.png\",\"width\":400,\"height\":286,\"caption\":\"SUSTAvianFEED\"},\"image\":{\"@id\":\"https:\/\/sustavianfeed.eu\/es\/#\/schema\/logo\/image\/\"},\"sameAs\":[\"https:\/\/www.facebook.com\/SUSTAvianFEED\",\"https:\/\/www.linkedin.com\/groups\/12560654\/\"]}]}<\/script>\n<!-- \/ Yoast SEO plugin. -->","yoast_head_json":{"title":"Pol\u00edtica de cookies - SUSTAvianFEED","robots":{"index":"index","follow":"follow","max-snippet":"max-snippet:-1","max-image-preview":"max-image-preview:large","max-video-preview":"max-video-preview:-1"},"canonical":"https:\/\/sustavianfeed.eu\/es\/politica-de-cookies\/","og_locale":"es_ES","og_type":"article","og_title":"Pol\u00edtica de cookies - SUSTAvianFEED","og_description":"[vc_row][vc_column][vc_column_text] INFORMACI\u00d3N SOBRE COOKIES De conformidad con la Ley 34\/2002, de 11 de julio, de servicios de la sociedad de la informaci\u00f3n y comercio electr\u00f3nico (LSSI), en relaci\u00f3n con el Reglamento (UE) 2016\/679 del Parlamento Europeo y del Consejo, de 27 de abril de 2016, Protecci\u00f3n General de Datos (RGPD) y Ley Org\u00e1nica 3\/2018, de [&hellip;]","og_url":"https:\/\/sustavianfeed.eu\/es\/politica-de-cookies\/","og_site_name":"SUSTAvianFEED","article_publisher":"https:\/\/www.facebook.com\/SUSTAvianFEED","article_modified_time":"2021-10-20T13:59:21+00:00","twitter_card":"summary_large_image","twitter_misc":{"Tiempo de lectura":"10 minutos"},"schema":{"@context":"https:\/\/schema.org","@graph":[{"@type":"WebPage","@id":"https:\/\/sustavianfeed.eu\/es\/politica-de-cookies\/","url":"https:\/\/sustavianfeed.eu\/es\/politica-de-cookies\/","name":"Pol\u00edtica de cookies - SUSTAvianFEED","isPartOf":{"@id":"https:\/\/sustavianfeed.eu\/es\/#website"},"datePublished":"2021-10-20T13:59:16+00:00","dateModified":"2021-10-20T13:59:21+00:00","breadcrumb":{"@id":"https:\/\/sustavianfeed.eu\/es\/politica-de-cookies\/#breadcrumb"},"inLanguage":"es","potentialAction":[{"@type":"ReadAction","target":["https:\/\/sustavianfeed.eu\/es\/politica-de-cookies\/"]}]},{"@type":"BreadcrumbList","@id":"https:\/\/sustavianfeed.eu\/es\/politica-de-cookies\/#breadcrumb","itemListElement":[{"@type":"ListItem","position":1,"name":"Home","item":"https:\/\/sustavianfeed.eu\/es\/"},{"@type":"ListItem","position":2,"name":"Pol\u00edtica de cookies"}]},{"@type":"WebSite","@id":"https:\/\/sustavianfeed.eu\/es\/#website","url":"https:\/\/sustavianfeed.eu\/es\/","name":"SUSTAvianFEED","description":"Innovative and sustainable poultry feedings programs","publisher":{"@id":"https:\/\/sustavianfeed.eu\/es\/#organization"},"potentialAction":[{"@type":"SearchAction","target":{"@type":"EntryPoint","urlTemplate":"https:\/\/sustavianfeed.eu\/es\/?s={search_term_string}"},"query-input":{"@type":"PropertyValueSpecification","valueRequired":true,"valueName":"search_term_string"}}],"inLanguage":"es"},{"@type":"Organization","@id":"https:\/\/sustavianfeed.eu\/es\/#organization","name":"SUSTAvianFEED","url":"https:\/\/sustavianfeed.eu\/es\/","logo":{"@type":"ImageObject","inLanguage":"es","@id":"https:\/\/sustavianfeed.eu\/es\/#\/schema\/logo\/image\/","url":"https:\/\/sustavianfeed.eu\/wp-content\/uploads\/2021\/09\/LOGO_SUSTavianFEED_color-footer.png","contentUrl":"https:\/\/sustavianfeed.eu\/wp-content\/uploads\/2021\/09\/LOGO_SUSTavianFEED_color-footer.png","width":400,"height":286,"caption":"SUSTAvianFEED"},"image":{"@id":"https:\/\/sustavianfeed.eu\/es\/#\/schema\/logo\/image\/"},"sameAs":["https:\/\/www.facebook.com\/SUSTAvianFEED","https:\/\/www.linkedin.com\/groups\/12560654\/"]}]}},"_links":{"self":[{"href":"https:\/\/sustavianfeed.eu\/es\/wp-json\/wp\/v2\/pages\/1666","targetHints":{"allow":["GET"]}}],"collection":[{"href":"https:\/\/sustavianfeed.eu\/es\/wp-json\/wp\/v2\/pages"}],"about":[{"href":"https:\/\/sustavianfeed.eu\/es\/wp-json\/wp\/v2\/types\/page"}],"author":[{"embeddable":true,"href":"https:\/\/sustavianfeed.eu\/es\/wp-json\/wp\/v2\/users\/1"}],"replies":[{"embeddable":true,"href":"https:\/\/sustavianfeed.eu\/es\/wp-json\/wp\/v2\/comments?post=1666"}],"version-history":[{"count":2,"href":"https:\/\/sustavianfeed.eu\/es\/wp-json\/wp\/v2\/pages\/1666\/revisions"}],"predecessor-version":[{"id":1668,"href":"https:\/\/sustavianfeed.eu\/es\/wp-json\/wp\/v2\/pages\/1666\/revisions\/1668"}],"wp:attachment":[{"href":"https:\/\/sustavianfeed.eu\/es\/wp-json\/wp\/v2\/media?parent=1666"}],"curies":[{"name":"wp","href":"https:\/\/api.w.org\/{rel}","templated":true}]}}