{"id":1630,"date":"2021-10-20T09:51:22","date_gmt":"2021-10-20T09:51:22","guid":{"rendered":"https:\/\/www.sustavianfeed.eu\/aviso-legal\/"},"modified":"2021-10-20T09:51:30","modified_gmt":"2021-10-20T09:51:30","slug":"aviso-legal","status":"publish","type":"page","link":"https:\/\/sustavianfeed.eu\/es\/aviso-legal\/","title":{"rendered":"Aviso Legal"},"content":{"rendered":"<div class=\"wpb-content-wrapper\"><p>[vc_row][vc_column][vc_column_text]<\/p>\n<h2>OBJETO Y ACEPTACI\u00d3N.<\/h2>\n<p>El presente aviso legal regula el uso del sitio web www.sustavianfeed.eu, que pone a su disposici\u00f3n la entidad responsable del sitio web cuyos datos identificativos son:<\/p>\n<table>\n<tbody>\n<tr>\n<td>NOMBRE:<\/td>\n<td>SAT No. 2439 ALIA<\/td>\n<\/tr>\n<tr>\n<td>NIF \/ CIF:<\/td>\n<td>F30030753<\/td>\n<\/tr>\n<tr>\n<td>DIRECCI\u00d3N:<\/td>\n<td>ADEREZO. LA HOYA S \/ N, APDO. 272, 30816 LORCA (MURCIA) ESPA\u00d1A.<\/td>\n<\/tr>\n<tr>\n<td>TEL\u00c9FONO:<\/td>\n<td>968486700<\/td>\n<\/tr>\n<tr>\n<td>EMAIL:<\/td>\n<td>info@sustavianfeed.eu<\/td>\n<\/tr>\n<\/tbody>\n<\/table>\n<p>A la que en lo sucesivo nos referiremos como \u00abentidad\u00bb.<\/p>\n<p>No obstante, la entidad act\u00faa como coordinadora del proyecto en el que participan los socios y socios referenciados en el apartado correspondiente, impl\u00edcitos en el desarrollo y gesti\u00f3n del proyecto.<\/p>\n<p>La navegaci\u00f3n por el sitio web de la entidad atribuye la condici\u00f3n de usuario de este, e implica la aceptaci\u00f3n plena y sin reservas de todas y cada una de las disposiciones incluidas en este aviso legal, que pueden sufrir modificaciones.<\/p>\n<p>El usuario se compromete a hacer un uso correcto del sitio web de conformidad con las leyes, la buena fe, el orden p\u00fablico, los usos del tr\u00e1fico y el presente aviso legal. El usuario responder\u00e1 ante la entidad o frente a terceros, de cualesquiera da\u00f1os y perjuicios que pudieran causarse como consecuencia del incumplimiento de dicha obligaci\u00f3n.<\/p>\n<h2>CONDICIONES DE ACCESO Y USO.<\/h2>\n<p>El sitio web y sus servicios son de libre acceso, no obstante, la entidad condiciona el uso de algunos de los servicios ofrecidos en su sitio web a la previa cumplimentaci\u00f3n del correspondiente formulario. El usuario garantiza la autenticidad y actualidad de todos aquellos datos que comunique a la entidad y ser\u00e1 el \u00fanico responsable de las manifestaciones inexactas o falsas que realice.<\/p>\n<p>El usuario se compromete expresamente a hacer un uso adecuado de los contenidos y servicios de la entidad y a no emplearlos para, entre otros:<\/p>\n<ol>\n<li>Difundir contenidos delictivos, violentos, pornogr\u00e1ficos, racistas, xen\u00f3fobos, ofensivos, en defensa del terrorismo o, en general, contrarios a la ley o al orden p\u00fablico.<\/li>\n<li>Introducir virus inform\u00e1ticos en la red o realizar acciones que puedan alterar, estropear, interrumpir o generar errores o da\u00f1os a documentos electr\u00f3nicos, datos o sistemas f\u00edsicos y l\u00f3gicos de la entidad, o de terceros; as\u00ed como obstaculizar el acceso de otros usuarios al sitio web y sus servicios mediante el consumo masivo de recursos inform\u00e1ticos a trav\u00e9s de los cuales la entidad presta sus servicios.<\/li>\n<li>Intentar acceder a las cuentas de correo electr\u00f3nico de otros usuarios o \u00e1reas restringidas de los sistemas inform\u00e1ticos de la entidad o de terceros y, en su caso, extraer informaci\u00f3n.<\/li>\n<li>Violar los derechos de propiedad intelectual o industrial, as\u00ed como violar la confidencialidad de la informaci\u00f3n de la entidad o de terceros.<\/li>\n<li>Hacerse pasar por la identidad de otro usuario, administraciones p\u00fablicas o de un tercero.<\/li>\n<li>Reproducir, copiar, distribuir, poner a disposici\u00f3n o de cualquier otra forma comunicar p\u00fablicamente, transformar o modificar los contenidos, salvo que se cuente con la autorizaci\u00f3n del titular de los correspondientes derechos o ello resulte legalmente permitido.<\/li>\n<li>Recopilar datos con fines publicitarios y para enviar publicidad de cualquier tipo y comunicaciones para su venta u otros fines comerciales sin su previa solicitud o consentimiento.<\/li>\n<\/ol>\n<p>Todos los contenidos del sitio web, tales como textos, fotograf\u00edas, gr\u00e1ficos, im\u00e1genes, iconos, tecnolog\u00eda, software, as\u00ed como su dise\u00f1o gr\u00e1fico y c\u00f3digos fuente, constituyen una obra cuya propiedad pertenece a sus respectivos due\u00f1os, sin que se entienda cedida. al usuario. de los derechos de explotaci\u00f3n sobre los mismos m\u00e1s all\u00e1 de lo estrictamente necesario para el correcto uso de la web.<\/p>\n<p>En definitiva, los usuarios que accedan a este sitio web podr\u00e1n visualizar los contenidos y realizar, en su caso, copias privadas autorizadas, siempre que los elementos reproducidos no sean cedidos posteriormente a terceros, ni instalados en servidores conectados a redes, ni objeto de ning\u00fan tipo de explotaci\u00f3n. .<\/p>\n<p>Asimismo, todas las marcas, nombres comerciales o signos distintivos de cualquier tipo que pudieran aparecer en el sitio web son propiedad de sus respectivos titulares, sin que se entienda que el uso o acceso al mismo confiere al usuario derecho alguno sobre los mismos.<\/p>\n<p>Queda prohibida la distribuci\u00f3n, modificaci\u00f3n, cesi\u00f3n o comunicaci\u00f3n p\u00fablica de los contenidos y cualquier otro acto que no haya sido expresamente autorizado por el titular de los derechos de explotaci\u00f3n.<\/p>\n<p>El establecimiento de un hiperenlace no implica en ning\u00fan caso la existencia de relaciones entre la entidad y el propietario del sitio web en la que se establezca, ni la aceptaci\u00f3n y aprobaci\u00f3n por parte de la entidad de sus contenidos o servicios. Quienes pretendan establecer un hiperenlace deber\u00e1n solicitar previamente autorizaci\u00f3n por escrito a la entidad. En todo caso, el hiperenlace \u00fanicamente permitir\u00e1 el acceso a la p\u00e1gina de inicio de nuestro sitio web, debiendo adem\u00e1s abstenerse de realizar manifestaciones o indicaciones falsas o inexactas sobre la entidad, o incluir contenidos il\u00edcitos, contrarios a las buenas costumbres y al orden p\u00fablico.<\/p>\n<p>La entidad no se responsabiliza del uso que cada usuario haga de los materiales puestos a disposici\u00f3n en este sitio web ni de las acciones que lleve a cabo en base a los mismos.<\/p>\n<h2>EXCLUSI\u00d3N DE GARANT\u00cdAS Y RESPONSABILIDAD.<\/h2>\n<p>El contenido de este sitio web es de car\u00e1cter general y tiene una finalidad meramente informativa, sin garantizar plenamente el acceso a todos los contenidos, ni su integridad, correcci\u00f3n, vigencia o actualidad, ni su idoneidad o utilidad para un fin espec\u00edfico.<\/p>\n<p>La entidad excluye, hasta donde permite el ordenamiento jur\u00eddico, cualquier responsabilidad por los da\u00f1os y perjuicios de toda naturaleza derivados de:<\/p>\n<ol>\n<li>La imposibilidad de acceder al sitio web o la falta de veracidad, exactitud, exhaustividad y \/ o actualidad de los contenidos, as\u00ed como la existencia de vicios y defectos de todo tipo de los contenidos transmitidos, difundidos, almacenados, puestos a disposici\u00f3n de quienes se ha accedido a trav\u00e9s del sitio web o de los servicios ofrecidos.<\/li>\n<li>La presencia de virus u otros elementos maliciosos en los contenidos que puedan producir alteraciones en los sistemas inform\u00e1ticos, documentos electr\u00f3nicos o datos de los usuarios.<\/li>\n<li>El incumplimiento de las leyes, la buena fe, el orden p\u00fablico, los usos del tr\u00e1fico y el presente aviso legal como consecuencia del uso incorrecto del sitio web. En particular, y a modo de ejemplo, la entidad no se hace responsable de las actuaciones de terceros que vulneren los derechos de propiedad intelectual e industrial, los derechos al honor, la intimidad personal y familiar y la propia imagen.<\/li>\n<\/ol>\n<p>Asimismo, la entidad declina cualquier responsabilidad respecto a la informaci\u00f3n que se encuentre fuera de este sitio web y no sea gestionada directamente por nuestro administrador del sitio. La funci\u00f3n de los enlaces que aparecen en este sitio web es exclusivamente la de informar al usuario sobre la existencia de otras fuentes capaces de ampliar los contenidos que ofrece este sitio web.<\/p>\n<h2>PROCEDIMIENTO EN CASO DE REALIZACI\u00d3N DE ACTIVIDADES IL\u00cdCITAS.<\/h2>\n<p>En el caso de que alg\u00fan usuario o un tercero considere que existen hechos o circunstancias que revelen el car\u00e1cter il\u00edcito del uso de cualquier contenido y \/ o de la realizaci\u00f3n de cualquier actividad en las p\u00e1ginas web incluidas o accesibles a trav\u00e9s del sitio web www.sustavianfeed .eu , deber\u00e1 enviar una notificaci\u00f3n a info@sustavianfeed.eu identific\u00e1ndose debidamente, especificando las supuestas infracciones y declarando expresamente y bajo su responsabilidad que la informaci\u00f3n proporcionada en la notificaci\u00f3n es veraz.<\/p>\n<p>Para todas las cuestiones litigiosas que afecten al sitio web de la entidad, ser\u00e1 de aplicaci\u00f3n la legislaci\u00f3n espa\u00f1ola, siendo competentes los Juzgados y Tribunales del domicilio de la entidad.<\/p>\n<h2>NOTIFICACIONES.<\/h2>\n<p>Todas las notificaciones y comunicaciones entre usuarios se considerar\u00e1n eficaces, a todos los efectos, cuando se realicen a trav\u00e9s de correo postal, correo electr\u00f3nico o comunicaci\u00f3n telef\u00f3nica. Los usuarios deben contactar con la entidad a trav\u00e9s de cualquiera de los medios de contacto indicados al inicio de este aviso legal.<\/p>\n<p>Este aviso legal ha sido revisado en octubre de 2021, por lo que puede haber variaciones hasta su pr\u00f3xima revisi\u00f3n.[\/vc_column_text][\/vc_column][\/vc_row]<\/p>\n<\/div>","protected":false},"excerpt":{"rendered":"<p>[vc_row][vc_column][vc_column_text] OBJETO Y ACEPTACI\u00d3N. El presente aviso legal regula el uso del sitio web www.sustavianfeed.eu, que pone a su disposici\u00f3n la entidad responsable del sitio web cuyos datos identificativos son: NOMBRE: SAT No. 2439 ALIA NIF \/ CIF: F30030753 DIRECCI\u00d3N: ADEREZO. LA HOYA S \/ N, APDO. 272, 30816 LORCA (MURCIA) ESPA\u00d1A. TEL\u00c9FONO: 968486700 EMAIL: [&hellip;]<\/p>\n","protected":false},"author":1,"featured_media":0,"parent":0,"menu_order":0,"comment_status":"closed","ping_status":"closed","template":"","meta":{"footnotes":""},"class_list":["post-1630","page","type-page","status-publish","hentry"],"yoast_head":"<!-- This site is optimized with the Yoast SEO plugin v26.4 - https:\/\/yoast.com\/wordpress\/plugins\/seo\/ -->\n<title>Aviso Legal - SUSTAvianFEED<\/title>\n<meta name=\"robots\" content=\"index, follow, max-snippet:-1, max-image-preview:large, max-video-preview:-1\" \/>\n<link rel=\"canonical\" href=\"https:\/\/sustavianfeed.eu\/es\/aviso-legal\/\" \/>\n<meta property=\"og:locale\" content=\"es_ES\" \/>\n<meta property=\"og:type\" content=\"article\" \/>\n<meta property=\"og:title\" content=\"Aviso Legal - SUSTAvianFEED\" \/>\n<meta property=\"og:description\" content=\"[vc_row][vc_column][vc_column_text] OBJETO Y ACEPTACI\u00d3N. El presente aviso legal regula el uso del sitio web www.sustavianfeed.eu, que pone a su disposici\u00f3n la entidad responsable del sitio web cuyos datos identificativos son: NOMBRE: SAT No. 2439 ALIA NIF \/ CIF: F30030753 DIRECCI\u00d3N: ADEREZO. LA HOYA S \/ N, APDO. 272, 30816 LORCA (MURCIA) ESPA\u00d1A. TEL\u00c9FONO: 968486700 EMAIL: [&hellip;]\" \/>\n<meta property=\"og:url\" content=\"https:\/\/sustavianfeed.eu\/es\/aviso-legal\/\" \/>\n<meta property=\"og:site_name\" content=\"SUSTAvianFEED\" \/>\n<meta property=\"article:publisher\" content=\"https:\/\/www.facebook.com\/SUSTAvianFEED\" \/>\n<meta property=\"article:modified_time\" content=\"2021-10-20T09:51:30+00:00\" \/>\n<meta name=\"twitter:card\" content=\"summary_large_image\" \/>\n<meta name=\"twitter:label1\" content=\"Tiempo de lectura\" \/>\n\t<meta name=\"twitter:data1\" content=\"7 minutos\" \/>\n<script type=\"application\/ld+json\" class=\"yoast-schema-graph\">{\"@context\":\"https:\/\/schema.org\",\"@graph\":[{\"@type\":\"WebPage\",\"@id\":\"https:\/\/sustavianfeed.eu\/es\/aviso-legal\/\",\"url\":\"https:\/\/sustavianfeed.eu\/es\/aviso-legal\/\",\"name\":\"Aviso Legal - SUSTAvianFEED\",\"isPartOf\":{\"@id\":\"https:\/\/sustavianfeed.eu\/es\/#website\"},\"datePublished\":\"2021-10-20T09:51:22+00:00\",\"dateModified\":\"2021-10-20T09:51:30+00:00\",\"breadcrumb\":{\"@id\":\"https:\/\/sustavianfeed.eu\/es\/aviso-legal\/#breadcrumb\"},\"inLanguage\":\"es\",\"potentialAction\":[{\"@type\":\"ReadAction\",\"target\":[\"https:\/\/sustavianfeed.eu\/es\/aviso-legal\/\"]}]},{\"@type\":\"BreadcrumbList\",\"@id\":\"https:\/\/sustavianfeed.eu\/es\/aviso-legal\/#breadcrumb\",\"itemListElement\":[{\"@type\":\"ListItem\",\"position\":1,\"name\":\"Home\",\"item\":\"https:\/\/sustavianfeed.eu\/es\/\"},{\"@type\":\"ListItem\",\"position\":2,\"name\":\"Aviso Legal\"}]},{\"@type\":\"WebSite\",\"@id\":\"https:\/\/sustavianfeed.eu\/es\/#website\",\"url\":\"https:\/\/sustavianfeed.eu\/es\/\",\"name\":\"SUSTAvianFEED\",\"description\":\"Innovative and sustainable poultry feedings programs\",\"publisher\":{\"@id\":\"https:\/\/sustavianfeed.eu\/es\/#organization\"},\"potentialAction\":[{\"@type\":\"SearchAction\",\"target\":{\"@type\":\"EntryPoint\",\"urlTemplate\":\"https:\/\/sustavianfeed.eu\/es\/?s={search_term_string}\"},\"query-input\":{\"@type\":\"PropertyValueSpecification\",\"valueRequired\":true,\"valueName\":\"search_term_string\"}}],\"inLanguage\":\"es\"},{\"@type\":\"Organization\",\"@id\":\"https:\/\/sustavianfeed.eu\/es\/#organization\",\"name\":\"SUSTAvianFEED\",\"url\":\"https:\/\/sustavianfeed.eu\/es\/\",\"logo\":{\"@type\":\"ImageObject\",\"inLanguage\":\"es\",\"@id\":\"https:\/\/sustavianfeed.eu\/es\/#\/schema\/logo\/image\/\",\"url\":\"https:\/\/sustavianfeed.eu\/wp-content\/uploads\/2021\/09\/LOGO_SUSTavianFEED_color-footer.png\",\"contentUrl\":\"https:\/\/sustavianfeed.eu\/wp-content\/uploads\/2021\/09\/LOGO_SUSTavianFEED_color-footer.png\",\"width\":400,\"height\":286,\"caption\":\"SUSTAvianFEED\"},\"image\":{\"@id\":\"https:\/\/sustavianfeed.eu\/es\/#\/schema\/logo\/image\/\"},\"sameAs\":[\"https:\/\/www.facebook.com\/SUSTAvianFEED\",\"https:\/\/www.linkedin.com\/groups\/12560654\/\"]}]}<\/script>\n<!-- \/ Yoast SEO plugin. -->","yoast_head_json":{"title":"Aviso Legal - SUSTAvianFEED","robots":{"index":"index","follow":"follow","max-snippet":"max-snippet:-1","max-image-preview":"max-image-preview:large","max-video-preview":"max-video-preview:-1"},"canonical":"https:\/\/sustavianfeed.eu\/es\/aviso-legal\/","og_locale":"es_ES","og_type":"article","og_title":"Aviso Legal - SUSTAvianFEED","og_description":"[vc_row][vc_column][vc_column_text] OBJETO Y ACEPTACI\u00d3N. El presente aviso legal regula el uso del sitio web www.sustavianfeed.eu, que pone a su disposici\u00f3n la entidad responsable del sitio web cuyos datos identificativos son: NOMBRE: SAT No. 2439 ALIA NIF \/ CIF: F30030753 DIRECCI\u00d3N: ADEREZO. LA HOYA S \/ N, APDO. 272, 30816 LORCA (MURCIA) ESPA\u00d1A. TEL\u00c9FONO: 968486700 EMAIL: [&hellip;]","og_url":"https:\/\/sustavianfeed.eu\/es\/aviso-legal\/","og_site_name":"SUSTAvianFEED","article_publisher":"https:\/\/www.facebook.com\/SUSTAvianFEED","article_modified_time":"2021-10-20T09:51:30+00:00","twitter_card":"summary_large_image","twitter_misc":{"Tiempo de lectura":"7 minutos"},"schema":{"@context":"https:\/\/schema.org","@graph":[{"@type":"WebPage","@id":"https:\/\/sustavianfeed.eu\/es\/aviso-legal\/","url":"https:\/\/sustavianfeed.eu\/es\/aviso-legal\/","name":"Aviso Legal - SUSTAvianFEED","isPartOf":{"@id":"https:\/\/sustavianfeed.eu\/es\/#website"},"datePublished":"2021-10-20T09:51:22+00:00","dateModified":"2021-10-20T09:51:30+00:00","breadcrumb":{"@id":"https:\/\/sustavianfeed.eu\/es\/aviso-legal\/#breadcrumb"},"inLanguage":"es","potentialAction":[{"@type":"ReadAction","target":["https:\/\/sustavianfeed.eu\/es\/aviso-legal\/"]}]},{"@type":"BreadcrumbList","@id":"https:\/\/sustavianfeed.eu\/es\/aviso-legal\/#breadcrumb","itemListElement":[{"@type":"ListItem","position":1,"name":"Home","item":"https:\/\/sustavianfeed.eu\/es\/"},{"@type":"ListItem","position":2,"name":"Aviso Legal"}]},{"@type":"WebSite","@id":"https:\/\/sustavianfeed.eu\/es\/#website","url":"https:\/\/sustavianfeed.eu\/es\/","name":"SUSTAvianFEED","description":"Innovative and sustainable poultry feedings programs","publisher":{"@id":"https:\/\/sustavianfeed.eu\/es\/#organization"},"potentialAction":[{"@type":"SearchAction","target":{"@type":"EntryPoint","urlTemplate":"https:\/\/sustavianfeed.eu\/es\/?s={search_term_string}"},"query-input":{"@type":"PropertyValueSpecification","valueRequired":true,"valueName":"search_term_string"}}],"inLanguage":"es"},{"@type":"Organization","@id":"https:\/\/sustavianfeed.eu\/es\/#organization","name":"SUSTAvianFEED","url":"https:\/\/sustavianfeed.eu\/es\/","logo":{"@type":"ImageObject","inLanguage":"es","@id":"https:\/\/sustavianfeed.eu\/es\/#\/schema\/logo\/image\/","url":"https:\/\/sustavianfeed.eu\/wp-content\/uploads\/2021\/09\/LOGO_SUSTavianFEED_color-footer.png","contentUrl":"https:\/\/sustavianfeed.eu\/wp-content\/uploads\/2021\/09\/LOGO_SUSTavianFEED_color-footer.png","width":400,"height":286,"caption":"SUSTAvianFEED"},"image":{"@id":"https:\/\/sustavianfeed.eu\/es\/#\/schema\/logo\/image\/"},"sameAs":["https:\/\/www.facebook.com\/SUSTAvianFEED","https:\/\/www.linkedin.com\/groups\/12560654\/"]}]}},"_links":{"self":[{"href":"https:\/\/sustavianfeed.eu\/es\/wp-json\/wp\/v2\/pages\/1630","targetHints":{"allow":["GET"]}}],"collection":[{"href":"https:\/\/sustavianfeed.eu\/es\/wp-json\/wp\/v2\/pages"}],"about":[{"href":"https:\/\/sustavianfeed.eu\/es\/wp-json\/wp\/v2\/types\/page"}],"author":[{"embeddable":true,"href":"https:\/\/sustavianfeed.eu\/es\/wp-json\/wp\/v2\/users\/1"}],"replies":[{"embeddable":true,"href":"https:\/\/sustavianfeed.eu\/es\/wp-json\/wp\/v2\/comments?post=1630"}],"version-history":[{"count":4,"href":"https:\/\/sustavianfeed.eu\/es\/wp-json\/wp\/v2\/pages\/1630\/revisions"}],"predecessor-version":[{"id":1636,"href":"https:\/\/sustavianfeed.eu\/es\/wp-json\/wp\/v2\/pages\/1630\/revisions\/1636"}],"wp:attachment":[{"href":"https:\/\/sustavianfeed.eu\/es\/wp-json\/wp\/v2\/media?parent=1630"}],"curies":[{"name":"wp","href":"https:\/\/api.w.org\/{rel}","templated":true}]}}