{"id":1470,"date":"2021-10-01T12:43:31","date_gmt":"2021-10-01T12:43:31","guid":{"rendered":"http:\/\/www.sustavianfeed.eu\/proyecto\/pilotos-de-sustavianfeed\/"},"modified":"2021-10-01T12:43:34","modified_gmt":"2021-10-01T12:43:34","slug":"pilotos-de-sustavianfeed","status":"publish","type":"page","link":"https:\/\/sustavianfeed.eu\/es\/proyecto\/pilotos-de-sustavianfeed\/","title":{"rendered":"Pilotos de SUSTAvianFEED"},"content":{"rendered":"<div class=\"wpb-content-wrapper\"><p>[vc_row wrap_container=\u00bbyes\u00bb][vc_column]<div class=\"porto-animation overflow-hidden mb-2\" >[vc_custom_heading text=\u00bbPILOTOS DE ALIMENTACI\u00d3N SOSTENIBLE\u00bb font_container=\u00bbtag:p|text_align:left|color:%23acb4be|line_height:1&#8243; use_theme_fonts=\u00bbyes\u00bb text_transform=\u00bbtext-uppercase\u00bb font_weight=\u00bb700&#8243; animation_delay=\u00bb600&#8243; el_class=\u00bbmb-0&#8243; animation_type=\u00bbmaskUp\u00bb]<\/div><div class=\"porto-animation overflow-hidden mb-4\" >[vc_custom_heading text=\u00bbCinco pilotos\u00bb font_container=\u00bbtag:h2|font_size:2.3em|text_align:left|line_height:1.2&#8243; use_theme_fonts=\u00bbyes\u00bb animation_delay=\u00bb800&#8243; el_class=\u00bbmb-0&#8243; animation_type=\u00bbmaskUp\u00bb]<\/div>[\/vc_column][\/vc_row][vc_row el_class=\u00bbpy-4 justify-content-center\u00bb][vc_column width=\u00bb1\/2&#8243; animation_delay=\u00bb600&#8243; el_class=\u00bbmb-5 mb-md-0&#8243; animation_type=\u00bbfadeInUp\u00bb][vc_column_text]Cinco pilotos demostrar\u00e1n el enfoque innovador de alimentaci\u00f3n de aves de corral para obtener productos sostenibles. Las actividades piloto se desarrollar\u00e1n en cuatro regiones diferentes del \u00e1rea mediterr\u00e1nea:[\/vc_column_text][vc_row_inner][vc_column_inner width=\u00bb1\/2&#8243;]<a class=\"porto-sicon-box-link\" href=\"http:\/\/www.sustavianfeed.eu\/\"><div class=\"porto-sicon-box custom-arrow-icon custom-link-effect-1 d-inline-block mb-0  wpb_custom_1efe903570d178ff0a9b7bfa5febd3a4 style_1 heading-right-icon\" data-appear-animation=\"maskUp\" data-appear-animation-delay=\"700\"><div class=\"porto-sicon-header\"><h3 class=\"porto-sicon-title\">Espa\u00f1a<\/h3><\/div> <!-- header --><div class=\"porto-sicon-heading-right\" ><div class=\"porto-just-icon-wrapper porto-icon none\" style=\"font-size:16.8px;\"><i class=\"fas fa-long-arrow-alt-right\"><\/i><\/div><\/div><\/div><!-- porto-sicon-box --><\/a>[\/vc_column_inner][vc_column_inner width=\u00bb1\/2&#8243;]<div class=\"porto-sicon-box custom-arrow-icon custom-link-effect-1 d-inline-block mb-0  wpb_custom_1efe903570d178ff0a9b7bfa5febd3a4 style_1 heading-right-icon\" data-appear-animation=\"maskUp\" data-appear-animation-delay=\"800\"><div class=\"porto-sicon-header\"><h3 class=\"porto-sicon-title\">T\u00fanez<\/h3><\/div> <!-- header --><div class=\"porto-sicon-heading-right\" ><div class=\"porto-just-icon-wrapper porto-icon none\" style=\"font-size:16.8px;\"><i class=\"fas fa-long-arrow-alt-right\"><\/i><\/div><\/div><\/div><!-- porto-sicon-box -->[\/vc_column_inner][\/vc_row_inner][vc_row_inner][vc_column_inner width=\u00bb1\/2&#8243;]<div class=\"porto-sicon-box custom-arrow-icon custom-link-effect-1 d-inline-block mb-0  wpb_custom_1efe903570d178ff0a9b7bfa5febd3a4 style_1 heading-right-icon\" data-appear-animation=\"maskUp\" data-appear-animation-delay=\"900\"><div class=\"porto-sicon-header\"><h3 class=\"porto-sicon-title\">Italia<\/h3><\/div> <!-- header --><div class=\"porto-sicon-heading-right\" ><div class=\"porto-just-icon-wrapper porto-icon none\" style=\"font-size:16.8px;\"><i class=\"fas fa-long-arrow-alt-right\"><\/i><\/div><\/div><\/div><!-- porto-sicon-box -->[\/vc_column_inner][vc_column_inner width=\u00bb1\/2&#8243;]<div class=\"porto-sicon-box custom-arrow-icon custom-link-effect-1 d-inline-block mb-0  wpb_custom_1efe903570d178ff0a9b7bfa5febd3a4 style_1 heading-right-icon\" data-appear-animation=\"maskUp\" data-appear-animation-delay=\"1000\"><div class=\"porto-sicon-header\"><h3 class=\"porto-sicon-title\">pavo<\/h3><\/div> <!-- header --><div class=\"porto-sicon-heading-right\" ><div class=\"porto-just-icon-wrapper porto-icon none\" style=\"font-size:16.8px;\"><i class=\"fas fa-long-arrow-alt-right\"><\/i><\/div><\/div><\/div><!-- porto-sicon-box -->[\/vc_column_inner][\/vc_row_inner][vc_column_text css=\u00bb.vc_custom_1631713521541{margin-top: 20px !important;}\u00bb]Los cuales se complementan perfectamente, ya que comparten similitudes en cuanto a clima y medio ambiente, pero tambi\u00e9n diferencias notables no solo en el tipo de sistemas agr\u00edcolas, sino tambi\u00e9n en aspectos socioecon\u00f3micos.[\/vc_column_text][\/vc_column][vc_column width=\u00bb1\/2&#8243; animation_delay=\u00bb700&#8243; el_class=\u00bbpl-md-5&#8243; animation_type=\u00bbfadeInUp\u00bb][vc_column_text]<\/p>\n<h3><span style=\"font-size: 17px;\">Combinar\u00e1n la producci\u00f3n de<strong> carne y huevos.<\/strong><\/span><\/h3>\n<p>[\/vc_column_text]<style>#porto-info-list62943627869e50b43b136b i { color: #c8d261;font-size: 20px; }<\/style><ul id=\"porto-info-list62943627869e50b43b136b\" class=\"porto-info-list  wpb_custom_5901bf743fb1750d9e9d8e5756b5e9b8\"><li class=\"porto-info-list-item  wpb_custom_eade0171093a7591372ccf9372738e3d\"><i class=\"porto-info-icon fas fa-egg\"><\/i><div class=\"porto-info-list-item-desc\">In egg-type laying hen pilots the egg production (number and weight) and the quality of the eggs (both external, internal and nutritional traits) will be evaluated.<\/div><\/li><\/ul><style>#porto-info-list13226388769e50b43b17ad i { color: #c8d261;font-size: 20px; }<\/style><ul id=\"porto-info-list13226388769e50b43b17ad\" class=\"porto-info-list  wpb_custom_5901bf743fb1750d9e9d8e5756b5e9b8\"><li class=\"porto-info-list-item  wpb_custom_eade0171093a7591372ccf9372738e3d\"><i class=\"porto-info-icon fas fa-drumstick-bite\"><\/i><div class=\"porto-info-list-item-desc\">In meat-type chicken pilots\u2019 growth and slaughtering performance will be recorded. On a representative number of bird\u2019s samples of meat (breast and drumstick) will be taken for meat quality assessment.<\/div><\/li><\/ul>[\/vc_column][\/vc_row][vc_row wrap_container=\u00bbyes\u00bb][vc_column animation_delay=\u00bb1000&#8243; animation_type=\u00bbfadeInUp\u00bb offset=\u00bbvc_hidden-sm vc_hidden-xs\u00bb][vc_column_text]<\/p>\n<h3 class=\"p1\">Toda la implementaci\u00f3n del proceso piloto ser\u00e1 seguida por<b> an\u00e1lisis social, ambiental y econ\u00f3mico<\/b> . Adem\u00e1s, se realizar\u00e1 el valor nutricional de la dieta y la calidad del producto final y an\u00e1lisis de microbiomas.<\/h3>\n<p>[\/vc_column_text][vc_column_text]<\/p>\n<table>\n<tbody>\n<tr>\n<td class=\"col-01\"><\/td>\n<td class=\"col-02\">Razas av\u00edcolas<\/td>\n<td class=\"col-03\">Productos<\/td>\n<td class=\"col-04\">Resultado Esperado<\/td>\n<\/tr>\n<tr>\n<td class=\"pais\">T\u00fanez<br \/>\n(ISA-CM)<\/td>\n<td>Tunecino aut\u00f3ctono (ecotipo)<\/td>\n<td>Carne y huevos<\/td>\n<td rowspan=\"4\">Los pilotos que implementar\u00e1n las universidades abordar\u00e1n el desarrollo de productos av\u00edcolas mediante la inclusi\u00f3n de una dieta av\u00edcola sostenible para reducir dr\u00e1sticamente el impacto ambiental. Se realizar\u00e1n evaluaciones de seguridad, nutrici\u00f3n, salud y bienestar animal, as\u00ed como ambientales, econ\u00f3micas y sociales con el fin de evaluar todas las diferentes oportunidades que ofrece el enfoque de proyectos.<\/td>\n<\/tr>\n<tr>\n<td class=\"pais\">Espa\u00f1a<br \/>\n(UMU)<\/td>\n<td>Raza del Mediterr\u00e1neo Occidental, aut\u00f3ctona y adaptada al medio. Por ejemplo: Andaluzas, Levantinas o Castellana (local)<\/td>\n<td>Huevos<\/td>\n<\/tr>\n<tr>\n<td class=\"pais\">pavo<br \/>\n(EGE)<\/td>\n<td>Anadolu-T (ecotipo)<\/td>\n<td>Carne<\/td>\n<\/tr>\n<tr>\n<td class=\"pais\">Italia<br \/>\n(UNITO)<\/td>\n<td>Preferiblemente raza Bianca di Saluzzo, que es Baluartes Slow Food<\/td>\n<td>Carne<\/td>\n<\/tr>\n<tr>\n<td class=\"pais\">T\u00fanez<br \/>\n(Rayhana)<\/td>\n<td>Geant G\u00e9noise (local)<\/td>\n<td>Carne y huevos<\/td>\n<td>Adem\u00e1s de los resultados anteriores, este piloto dar\u00e1 como resultado el desarrollo de oportunidades socioecon\u00f3micas para las mujeres en un contexto rural del norte de \u00c1frica.<\/td>\n<\/tr>\n<tr>\n<td class=\"type\" colspan=\"2\"><i class=\"fas fa-egg\" style=\"margin-right: 10px;\"><\/i>TIPO DE HUEVO<\/td>\n<td class=\"type\" colspan=\"2\"><i class=\"fas fa-drumstick-bite\" style=\"margin-right: 10px;\"><\/i>Pollo TIPO CARNE<\/td>\n<\/tr>\n<tr>\n<td colspan=\"2\">En los pilotos de gallinas ponedoras tipo huevo se evaluar\u00e1 la producci\u00f3n de huevos (n\u00famero y peso) y la calidad de los huevos (rasgos tanto externos, internos y nutricionales).<\/td>\n<td colspan=\"2\">En los pilotos de pollo de tipo carne se registrar\u00e1 el crecimiento y el rendimiento del sacrificio. Se tomar\u00e1n muestras de carne de un n\u00famero representativo de aves (pechuga y muslo) para evaluar la calidad de la carne.<\/td>\n<\/tr>\n<tr>\n<td class=\"col-yellow\" colspan=\"4\">Todos los pilotos desarrollados en universidades compartir\u00e1n el mismo dise\u00f1o experimental basal con respecto al programa de alimentaci\u00f3n de la siguiente manera: 1) una dieta comercial est\u00e1ndar; 2) una dieta que incluya ingredientes o subproductos locales y menos harina de soja (LOC) y la inclusi\u00f3n de 5% de larvas de insectos deshidratadas (DIL); 3) LOC y 10% DIL. La dieta basal se formular\u00e1 de acuerdo con el tipo de hambre del pollo (tipo de huevo o tipo de carne).<\/td>\n<\/tr>\n<tr>\n<td colspan=\"4\">Todos los pilotos tambi\u00e9n compartir\u00e1n algunas evaluaciones durante todo el per\u00edodo experimental, a saber: se registrar\u00e1n la tasa de mortalidad, el consumo de alimento y el peso corporal. La evaluaci\u00f3n del bienestar se llevar\u00e1 a cabo tanto hematol\u00f3gica (es decir, relaci\u00f3n H \/ L) como conductual (es decir, etograma). Durante el per\u00edodo experimental se tomar\u00e1n al menos dos muestras fecales representativas para evaluar la evoluci\u00f3n de la microbiota fecal. Al final del ciclo de mejoramiento, se evaluar\u00e1 la microbiota y el microbioma ceacal. Se procesar\u00e1n muestras de diferentes segmentos intestinales (duodeno, yeyuno, \u00edleon) y otros \u00f3rganos (h\u00edgado, bazo, timo, bolsa de Fabricious) para evaluaci\u00f3n histol\u00f3gica.<\/td>\n<\/tr>\n<tr>\n<td class=\"col-yellow\" colspan=\"4\">El piloto de RAYHANA se centrar\u00e1 en los aspectos sociales y el empoderamiento de la mujer rural, mientras que los protocolos y evaluaciones cient\u00edficas se adaptar\u00e1n a las caracter\u00edsticas del contexto rural.<\/td>\n<\/tr>\n<\/tbody>\n<\/table>\n<p>[\/vc_column_text][\/vc_column][\/vc_row][vc_row wrap_container=\u00bbyes\u00bb][vc_column offset=\u00bbvc_hidden-lg vc_hidden-md\u00bb][vc_column_text]<\/p>\n<h3 class=\"p1\">Toda la implementaci\u00f3n del proceso piloto ser\u00e1 seguida por<b> an\u00e1lisis social, ambiental y econ\u00f3mico<\/b> . Adem\u00e1s, se realizar\u00e1 el valor nutricional de la dieta y la calidad del producto final y an\u00e1lisis de microbiomas.<\/h3>\n<p>[\/vc_column_text][vc_column_text]<\/p>\n<table>\n<tbody>\n<tr>\n<td class=\"col-01\"><\/td>\n<td class=\"col-02\">Razas av\u00edcolas<\/td>\n<\/tr>\n<tr>\n<td class=\"pais\">T\u00fanez<br \/>\n(ISA-CM)<\/td>\n<td>Tunecino aut\u00f3ctono (ecotipo)<\/td>\n<\/tr>\n<tr>\n<td class=\"pais\">Espa\u00f1a<\/td>\n<td>Raza del Mediterr\u00e1neo Occidental, aut\u00f3ctona y adaptada al medio. Por ejemplo: Andaluzas, Levantinas o Castellana (local)<\/td>\n<\/tr>\n<tr>\n<td class=\"pais\">pavo<br \/>\n(EGE<\/td>\n<td>Anadolu-T (ecotipo)<\/td>\n<\/tr>\n<tr>\n<td class=\"pais\">Italia<br \/>\n(UNITO<\/td>\n<td>Preferiblemente raza Bianca di Saluzzo, que es Baluartes Slow Food<\/td>\n<\/tr>\n<tr>\n<td class=\"pais\">T\u00fanez<br \/>\n(Rayhana)<\/td>\n<td>Geant G\u00e9noise (local)<\/td>\n<\/tr>\n<tr>\n<td class=\"col-01\"><\/td>\n<td class=\"col-03\">Productos<\/td>\n<\/tr>\n<tr>\n<td class=\"pais\">T\u00fanez<br \/>\n(ISA-CM<\/td>\n<td>Carne y huevos<\/td>\n<\/tr>\n<tr>\n<td class=\"pais\">Espa\u00f1a<br \/>\n(UMU)<\/td>\n<td>Huevos<\/td>\n<\/tr>\n<tr>\n<td class=\"pais\">pavo<br \/>\n(EGE)<\/td>\n<td>Carne<\/td>\n<\/tr>\n<tr>\n<td class=\"pais\">Italia<br \/>\n(UNITO)<\/td>\n<td>Carne<\/td>\n<\/tr>\n<tr>\n<td class=\"pais\">T\u00fanez<br \/>\n(Rayhana)<\/td>\n<td>Carne y huevos<\/td>\n<\/tr>\n<tr>\n<td class=\"col-01\"><\/td>\n<td class=\"col-04\">Resultado Esperado<\/td>\n<\/tr>\n<tr>\n<td class=\"pais\">pavo<br \/>\n(EGE)<\/td>\n<td rowspan=\"4\">Los pilotos que implementar\u00e1n las universidades abordar\u00e1n el desarrollo de productos av\u00edcolas mediante la inclusi\u00f3n de una dieta av\u00edcola sostenible para reducir dr\u00e1sticamente el impacto ambiental. Se realizar\u00e1n evaluaciones de seguridad, nutrici\u00f3n, salud y bienestar animal, as\u00ed como ambientales, econ\u00f3micas y sociales con el fin de evaluar todas las diferentes oportunidades que ofrece el enfoque de proyectos.<\/td>\n<\/tr>\n<tr>\n<td class=\"pais\">Espa\u00f1a<br \/>\n(UMU)<\/td>\n<\/tr>\n<tr>\n<td class=\"pais\">pavo<br \/>\n(EGE)<\/td>\n<\/tr>\n<tr>\n<td class=\"pais\">Italia<br \/>\n(UNITO)<\/td>\n<\/tr>\n<tr>\n<td class=\"pais\">T\u00fanez<br \/>\n(Rayhana)<\/td>\n<td>Adem\u00e1s de los resultados anteriores, este piloto dar\u00e1 como resultado el desarrollo de oportunidades socioecon\u00f3micas para las mujeres en un contexto rural del norte de \u00c1frica.<\/td>\n<\/tr>\n<\/tbody>\n<\/table>\n<table>\n<tbody>\n<tr>\n<td class=\"type\"><i class=\"fas fa-egg\" style=\"margin-right: 10px;\"><\/i>TIPO DE HUEVO<\/td>\n<td class=\"type\"><i class=\"fas fa-drumstick-bite\" style=\"margin-right: 10px;\"><\/i>Pollo TIPO CARNE<\/td>\n<\/tr>\n<tr>\n<td>En los pilotos de gallinas ponedoras tipo huevo se evaluar\u00e1 la producci\u00f3n de huevos (n\u00famero y peso) y la calidad de los huevos (rasgos tanto externos, internos y nutricionales).<\/td>\n<td>En los pilotos de pollo de tipo carne se registrar\u00e1 el crecimiento y el rendimiento del sacrificio. Se tomar\u00e1n muestras de carne de un n\u00famero representativo de aves (pechuga y muslo) para evaluar la calidad de la carne.<\/td>\n<\/tr>\n<tr>\n<td class=\"col-yellow\" colspan=\"2\">Todos los pilotos desarrollados en universidades compartir\u00e1n el mismo dise\u00f1o experimental basal con respecto al programa de alimentaci\u00f3n de la siguiente manera: 1) una dieta comercial est\u00e1ndar; 2) una dieta que incluya ingredientes o subproductos locales y menos harina de soja (LOC) y la inclusi\u00f3n de 5% de larvas de insectos deshidratadas (DIL); 3) LOC y 10% DIL. La dieta basal se formular\u00e1 de acuerdo con el tipo de hambre del pollo (tipo de huevo o tipo de carne).<\/td>\n<\/tr>\n<tr>\n<td colspan=\"2\">Todos los pilotos tambi\u00e9n compartir\u00e1n algunas evaluaciones durante todo el per\u00edodo experimental, a saber: se registrar\u00e1n la tasa de mortalidad, el consumo de alimento y el peso corporal. La evaluaci\u00f3n del bienestar se llevar\u00e1 a cabo tanto hematol\u00f3gica (es decir, relaci\u00f3n H \/ L) como conductual (es decir, etograma). Durante el per\u00edodo experimental se tomar\u00e1n al menos dos muestras fecales representativas para evaluar la evoluci\u00f3n de la microbiota fecal. Al final del ciclo de mejoramiento, se evaluar\u00e1 la microbiota y el microbioma ceacal. Se procesar\u00e1n muestras de diferentes segmentos intestinales (duodeno, yeyuno, \u00edleon) y otros \u00f3rganos (h\u00edgado, bazo, timo, bolsa de Fabricious) para evaluaci\u00f3n histol\u00f3gica.<\/td>\n<\/tr>\n<tr>\n<td class=\"col-yellow\" colspan=\"2\">El piloto de RAYHANA se centrar\u00e1 en los aspectos sociales y el empoderamiento de la mujer rural, mientras que los protocolos y evaluaciones cient\u00edficas se adaptar\u00e1n a las caracter\u00edsticas del contexto rural.<\/td>\n<\/tr>\n<\/tbody>\n<\/table>\n<p>[\/vc_column_text][\/vc_column][\/vc_row][vc_row][vc_column][vc_single_image image=\u00bb1339&#8243; img_size=\u00bb600&#215;367&#8243; alignment=\u00bbcenter\u00bb onclick=\u00bblink_image\u00bb animation_delay=\u00bb900&#8243; animation_type=\u00bbzoomIn\u00bb][\/vc_column][\/vc_row]<\/p>\n<\/div>","protected":false},"excerpt":{"rendered":"<p>[vc_row wrap_container=\u00bbyes\u00bb][vc_column][\/vc_column][\/vc_row][vc_row el_class=\u00bbpy-4 justify-content-center\u00bb][vc_column width=\u00bb1\/2&#8243; animation_delay=\u00bb600&#8243; el_class=\u00bbmb-5 mb-md-0&#8243; animation_type=\u00bbfadeInUp\u00bb][vc_column_text]Cinco pilotos demostrar\u00e1n el enfoque innovador de alimentaci\u00f3n de aves de corral para obtener productos sostenibles. Las actividades piloto se desarrollar\u00e1n en cuatro regiones diferentes del \u00e1rea mediterr\u00e1nea:[\/vc_column_text][vc_row_inner][vc_column_inner width=\u00bb1\/2&#8243;][\/vc_column_inner][vc_column_inner width=\u00bb1\/2&#8243;][\/vc_column_inner][\/vc_row_inner][vc_row_inner][vc_column_inner width=\u00bb1\/2&#8243;][\/vc_column_inner][vc_column_inner width=\u00bb1\/2&#8243;][\/vc_column_inner][\/vc_row_inner][vc_column_text css=\u00bb.vc_custom_1631713521541{margin-top: 20px !important;}\u00bb]Los cuales se complementan perfectamente, ya que comparten similitudes en cuanto a clima [&hellip;]<\/p>\n","protected":false},"author":1,"featured_media":0,"parent":1366,"menu_order":0,"comment_status":"closed","ping_status":"closed","template":"","meta":{"footnotes":""},"class_list":["post-1470","page","type-page","status-publish","hentry"],"yoast_head":"<!-- This site is optimized with the Yoast SEO plugin v26.4 - https:\/\/yoast.com\/wordpress\/plugins\/seo\/ -->\n<title>Pilotos de SUSTAvianFEED - SUSTAvianFEED<\/title>\n<meta name=\"robots\" content=\"index, follow, max-snippet:-1, max-image-preview:large, max-video-preview:-1\" \/>\n<link rel=\"canonical\" href=\"https:\/\/sustavianfeed.eu\/es\/proyecto\/pilotos-de-sustavianfeed\/\" \/>\n<meta property=\"og:locale\" content=\"es_ES\" \/>\n<meta property=\"og:type\" content=\"article\" \/>\n<meta property=\"og:title\" content=\"Pilotos de SUSTAvianFEED - SUSTAvianFEED\" \/>\n<meta property=\"og:description\" content=\"[vc_row wrap_container=\u00bbyes\u00bb][vc_column][\/vc_column][\/vc_row][vc_row el_class=\u00bbpy-4 justify-content-center\u00bb][vc_column width=\u00bb1\/2&#8243; animation_delay=\u00bb600&#8243; el_class=\u00bbmb-5 mb-md-0&#8243; animation_type=\u00bbfadeInUp\u00bb][vc_column_text]Cinco pilotos demostrar\u00e1n el enfoque innovador de alimentaci\u00f3n de aves de corral para obtener productos sostenibles. Las actividades piloto se desarrollar\u00e1n en cuatro regiones diferentes del \u00e1rea mediterr\u00e1nea:[\/vc_column_text][vc_row_inner][vc_column_inner width=\u00bb1\/2&#8243;][\/vc_column_inner][vc_column_inner width=\u00bb1\/2&#8243;][\/vc_column_inner][\/vc_row_inner][vc_row_inner][vc_column_inner width=\u00bb1\/2&#8243;][\/vc_column_inner][vc_column_inner width=\u00bb1\/2&#8243;][\/vc_column_inner][\/vc_row_inner][vc_column_text css=\u00bb.vc_custom_1631713521541{margin-top: 20px !important;}\u00bb]Los cuales se complementan perfectamente, ya que comparten similitudes en cuanto a clima [&hellip;]\" \/>\n<meta property=\"og:url\" content=\"https:\/\/sustavianfeed.eu\/es\/proyecto\/pilotos-de-sustavianfeed\/\" \/>\n<meta property=\"og:site_name\" content=\"SUSTAvianFEED\" \/>\n<meta property=\"article:publisher\" content=\"https:\/\/www.facebook.com\/SUSTAvianFEED\" \/>\n<meta property=\"article:modified_time\" content=\"2021-10-01T12:43:34+00:00\" \/>\n<meta name=\"twitter:card\" content=\"summary_large_image\" \/>\n<meta name=\"twitter:label1\" content=\"Tiempo de lectura\" \/>\n\t<meta name=\"twitter:data1\" content=\"8 minutos\" \/>\n<script type=\"application\/ld+json\" class=\"yoast-schema-graph\">{\"@context\":\"https:\/\/schema.org\",\"@graph\":[{\"@type\":\"WebPage\",\"@id\":\"https:\/\/sustavianfeed.eu\/es\/proyecto\/pilotos-de-sustavianfeed\/\",\"url\":\"https:\/\/sustavianfeed.eu\/es\/proyecto\/pilotos-de-sustavianfeed\/\",\"name\":\"Pilotos de SUSTAvianFEED - SUSTAvianFEED\",\"isPartOf\":{\"@id\":\"https:\/\/sustavianfeed.eu\/es\/#website\"},\"datePublished\":\"2021-10-01T12:43:31+00:00\",\"dateModified\":\"2021-10-01T12:43:34+00:00\",\"breadcrumb\":{\"@id\":\"https:\/\/sustavianfeed.eu\/es\/proyecto\/pilotos-de-sustavianfeed\/#breadcrumb\"},\"inLanguage\":\"es\",\"potentialAction\":[{\"@type\":\"ReadAction\",\"target\":[\"https:\/\/sustavianfeed.eu\/es\/proyecto\/pilotos-de-sustavianfeed\/\"]}]},{\"@type\":\"BreadcrumbList\",\"@id\":\"https:\/\/sustavianfeed.eu\/es\/proyecto\/pilotos-de-sustavianfeed\/#breadcrumb\",\"itemListElement\":[{\"@type\":\"ListItem\",\"position\":1,\"name\":\"Home\",\"item\":\"https:\/\/sustavianfeed.eu\/es\/\"},{\"@type\":\"ListItem\",\"position\":2,\"name\":\"Proyecto\",\"item\":\"https:\/\/sustavianfeed.eu\/es\/proyecto\/\"},{\"@type\":\"ListItem\",\"position\":3,\"name\":\"Pilotos de SUSTAvianFEED\"}]},{\"@type\":\"WebSite\",\"@id\":\"https:\/\/sustavianfeed.eu\/es\/#website\",\"url\":\"https:\/\/sustavianfeed.eu\/es\/\",\"name\":\"SUSTAvianFEED\",\"description\":\"Innovative and sustainable poultry feedings programs\",\"publisher\":{\"@id\":\"https:\/\/sustavianfeed.eu\/es\/#organization\"},\"potentialAction\":[{\"@type\":\"SearchAction\",\"target\":{\"@type\":\"EntryPoint\",\"urlTemplate\":\"https:\/\/sustavianfeed.eu\/es\/?s={search_term_string}\"},\"query-input\":{\"@type\":\"PropertyValueSpecification\",\"valueRequired\":true,\"valueName\":\"search_term_string\"}}],\"inLanguage\":\"es\"},{\"@type\":\"Organization\",\"@id\":\"https:\/\/sustavianfeed.eu\/es\/#organization\",\"name\":\"SUSTAvianFEED\",\"url\":\"https:\/\/sustavianfeed.eu\/es\/\",\"logo\":{\"@type\":\"ImageObject\",\"inLanguage\":\"es\",\"@id\":\"https:\/\/sustavianfeed.eu\/es\/#\/schema\/logo\/image\/\",\"url\":\"https:\/\/sustavianfeed.eu\/wp-content\/uploads\/2021\/09\/LOGO_SUSTavianFEED_color-footer.png\",\"contentUrl\":\"https:\/\/sustavianfeed.eu\/wp-content\/uploads\/2021\/09\/LOGO_SUSTavianFEED_color-footer.png\",\"width\":400,\"height\":286,\"caption\":\"SUSTAvianFEED\"},\"image\":{\"@id\":\"https:\/\/sustavianfeed.eu\/es\/#\/schema\/logo\/image\/\"},\"sameAs\":[\"https:\/\/www.facebook.com\/SUSTAvianFEED\",\"https:\/\/www.linkedin.com\/groups\/12560654\/\"]}]}<\/script>\n<!-- \/ Yoast SEO plugin. -->","yoast_head_json":{"title":"Pilotos de SUSTAvianFEED - SUSTAvianFEED","robots":{"index":"index","follow":"follow","max-snippet":"max-snippet:-1","max-image-preview":"max-image-preview:large","max-video-preview":"max-video-preview:-1"},"canonical":"https:\/\/sustavianfeed.eu\/es\/proyecto\/pilotos-de-sustavianfeed\/","og_locale":"es_ES","og_type":"article","og_title":"Pilotos de SUSTAvianFEED - SUSTAvianFEED","og_description":"[vc_row wrap_container=\u00bbyes\u00bb][vc_column][\/vc_column][\/vc_row][vc_row el_class=\u00bbpy-4 justify-content-center\u00bb][vc_column width=\u00bb1\/2&#8243; animation_delay=\u00bb600&#8243; el_class=\u00bbmb-5 mb-md-0&#8243; animation_type=\u00bbfadeInUp\u00bb][vc_column_text]Cinco pilotos demostrar\u00e1n el enfoque innovador de alimentaci\u00f3n de aves de corral para obtener productos sostenibles. Las actividades piloto se desarrollar\u00e1n en cuatro regiones diferentes del \u00e1rea mediterr\u00e1nea:[\/vc_column_text][vc_row_inner][vc_column_inner width=\u00bb1\/2&#8243;][\/vc_column_inner][vc_column_inner width=\u00bb1\/2&#8243;][\/vc_column_inner][\/vc_row_inner][vc_row_inner][vc_column_inner width=\u00bb1\/2&#8243;][\/vc_column_inner][vc_column_inner width=\u00bb1\/2&#8243;][\/vc_column_inner][\/vc_row_inner][vc_column_text css=\u00bb.vc_custom_1631713521541{margin-top: 20px !important;}\u00bb]Los cuales se complementan perfectamente, ya que comparten similitudes en cuanto a clima [&hellip;]","og_url":"https:\/\/sustavianfeed.eu\/es\/proyecto\/pilotos-de-sustavianfeed\/","og_site_name":"SUSTAvianFEED","article_publisher":"https:\/\/www.facebook.com\/SUSTAvianFEED","article_modified_time":"2021-10-01T12:43:34+00:00","twitter_card":"summary_large_image","twitter_misc":{"Tiempo de lectura":"8 minutos"},"schema":{"@context":"https:\/\/schema.org","@graph":[{"@type":"WebPage","@id":"https:\/\/sustavianfeed.eu\/es\/proyecto\/pilotos-de-sustavianfeed\/","url":"https:\/\/sustavianfeed.eu\/es\/proyecto\/pilotos-de-sustavianfeed\/","name":"Pilotos de SUSTAvianFEED - SUSTAvianFEED","isPartOf":{"@id":"https:\/\/sustavianfeed.eu\/es\/#website"},"datePublished":"2021-10-01T12:43:31+00:00","dateModified":"2021-10-01T12:43:34+00:00","breadcrumb":{"@id":"https:\/\/sustavianfeed.eu\/es\/proyecto\/pilotos-de-sustavianfeed\/#breadcrumb"},"inLanguage":"es","potentialAction":[{"@type":"ReadAction","target":["https:\/\/sustavianfeed.eu\/es\/proyecto\/pilotos-de-sustavianfeed\/"]}]},{"@type":"BreadcrumbList","@id":"https:\/\/sustavianfeed.eu\/es\/proyecto\/pilotos-de-sustavianfeed\/#breadcrumb","itemListElement":[{"@type":"ListItem","position":1,"name":"Home","item":"https:\/\/sustavianfeed.eu\/es\/"},{"@type":"ListItem","position":2,"name":"Proyecto","item":"https:\/\/sustavianfeed.eu\/es\/proyecto\/"},{"@type":"ListItem","position":3,"name":"Pilotos de SUSTAvianFEED"}]},{"@type":"WebSite","@id":"https:\/\/sustavianfeed.eu\/es\/#website","url":"https:\/\/sustavianfeed.eu\/es\/","name":"SUSTAvianFEED","description":"Innovative and sustainable poultry feedings programs","publisher":{"@id":"https:\/\/sustavianfeed.eu\/es\/#organization"},"potentialAction":[{"@type":"SearchAction","target":{"@type":"EntryPoint","urlTemplate":"https:\/\/sustavianfeed.eu\/es\/?s={search_term_string}"},"query-input":{"@type":"PropertyValueSpecification","valueRequired":true,"valueName":"search_term_string"}}],"inLanguage":"es"},{"@type":"Organization","@id":"https:\/\/sustavianfeed.eu\/es\/#organization","name":"SUSTAvianFEED","url":"https:\/\/sustavianfeed.eu\/es\/","logo":{"@type":"ImageObject","inLanguage":"es","@id":"https:\/\/sustavianfeed.eu\/es\/#\/schema\/logo\/image\/","url":"https:\/\/sustavianfeed.eu\/wp-content\/uploads\/2021\/09\/LOGO_SUSTavianFEED_color-footer.png","contentUrl":"https:\/\/sustavianfeed.eu\/wp-content\/uploads\/2021\/09\/LOGO_SUSTavianFEED_color-footer.png","width":400,"height":286,"caption":"SUSTAvianFEED"},"image":{"@id":"https:\/\/sustavianfeed.eu\/es\/#\/schema\/logo\/image\/"},"sameAs":["https:\/\/www.facebook.com\/SUSTAvianFEED","https:\/\/www.linkedin.com\/groups\/12560654\/"]}]}},"_links":{"self":[{"href":"https:\/\/sustavianfeed.eu\/es\/wp-json\/wp\/v2\/pages\/1470","targetHints":{"allow":["GET"]}}],"collection":[{"href":"https:\/\/sustavianfeed.eu\/es\/wp-json\/wp\/v2\/pages"}],"about":[{"href":"https:\/\/sustavianfeed.eu\/es\/wp-json\/wp\/v2\/types\/page"}],"author":[{"embeddable":true,"href":"https:\/\/sustavianfeed.eu\/es\/wp-json\/wp\/v2\/users\/1"}],"replies":[{"embeddable":true,"href":"https:\/\/sustavianfeed.eu\/es\/wp-json\/wp\/v2\/comments?post=1470"}],"version-history":[{"count":3,"href":"https:\/\/sustavianfeed.eu\/es\/wp-json\/wp\/v2\/pages\/1470\/revisions"}],"predecessor-version":[{"id":1473,"href":"https:\/\/sustavianfeed.eu\/es\/wp-json\/wp\/v2\/pages\/1470\/revisions\/1473"}],"up":[{"embeddable":true,"href":"https:\/\/sustavianfeed.eu\/es\/wp-json\/wp\/v2\/pages\/1366"}],"wp:attachment":[{"href":"https:\/\/sustavianfeed.eu\/es\/wp-json\/wp\/v2\/media?parent=1470"}],"curies":[{"name":"wp","href":"https:\/\/api.w.org\/{rel}","templated":true}]}}