{"id":1438,"date":"2021-10-01T12:31:28","date_gmt":"2021-10-01T12:31:28","guid":{"rendered":"http:\/\/www.sustavianfeed.eu\/proyecto\/objetivos-y-metodologia\/"},"modified":"2021-10-04T10:11:16","modified_gmt":"2021-10-04T10:11:16","slug":"objetivos-y-metodologia","status":"publish","type":"page","link":"https:\/\/sustavianfeed.eu\/es\/proyecto\/objetivos-y-metodologia\/","title":{"rendered":"Objetivos y metodolog\u00eda"},"content":{"rendered":"<div class=\"wpb-content-wrapper\"><p>[vc_row el_class=\u00bbpy-4 justify-content-center\u00bb css=\u00bb.vc_custom_1631867218785{margin-bottom: 50px !important;}\u00bb][vc_column el_class=\u00bbmb-5 mb-md-0&#8243;]<div class=\"porto-animation overflow-hidden mb-2\" >[vc_custom_heading text=\u00bbOBJETIVOS Y METODOLOGIA\u00bb font_container=\u00bbtag:p|text_align:left|color:%23acb4be|line_height:1&#8243; use_theme_fonts=\u00bbyes\u00bb text_transform=\u00bbtext-uppercase\u00bb font_weight=\u00bb700&#8243; animation_delay=\u00bb600&#8243; el_class=\u00bbmb-0&#8243; animation_type=\u00bbmaskUp\u00bb]<\/div><div class=\"porto-animation overflow-hidden mb-4\" >[vc_custom_heading text=\u00bbLos principales objetivos del SUSTAvianFEED:\u00bb font_container=\u00bbtag:h2|font_size:2.3em|text_align:left|line_height:1.2&#8243; use_theme_fonts=\u00bbyes\u00bb animation_delay=\u00bb800&#8243; el_class=\u00bbmb-0&#8243; animation_type=\u00bbmaskUp\u00bb css=\u00bb.vc_custom_1631867185443{margin-bottom: 40px !important;}\u00bb]<\/div>[vc_row_inner][vc_column_inner width=\u00bb1\/2&#8243;]<div class=\"porto-process wpb_custom_aa84c36a6a947f6099708744f0f74b68\"><div class=\"process-step img-step\" data-appear-animation=\"fadeInUp\" data-appear-animation-delay=\"900\"><div class=\"process-step-circle\"><strong class=\"process-step-circle-content\"><img decoding=\"async\" src=\"\/\/sustavianfeed.eu\/wp-content\/uploads\/2021\/09\/icono-04-150x150.png\" class=\"img-responsive img-circle\" alt=\"01\"><\/strong><\/div><div class=\"process-step-content\"><h4 class=\"step-item-title\">01<\/h4><div class=\"process-step-desc\">Para desarrollar un<strong> f\u00f3rmula nutricional sostenible<\/strong> para la avicultura mediante el uso de insectos y la sustituci\u00f3n de fuentes proteicas de alto y negativo impacto ambiental (como soja o harina de pescado) en los programas de alimentaci\u00f3n av\u00edcola por subproductos regionales del sector agroalimentario con el fin de seguir los principios de la econom\u00eda circular.<\/div><\/div><\/div><div class=\"process-step img-step\" data-appear-animation=\"fadeInUp\" data-appear-animation-delay=\"1000\"><div class=\"process-step-circle\"><strong class=\"process-step-circle-content\"><img decoding=\"async\" src=\"\/\/sustavianfeed.eu\/wp-content\/uploads\/2021\/09\/icono-04-150x150.png\" class=\"img-responsive img-circle\" alt=\"02\"><\/strong><\/div><div class=\"process-step-content\"><h4 class=\"step-item-title\">02<\/h4><div class=\"process-step-desc\"><strong>Reducir el impacto ambiental del sector av\u00edcola ofreciendo productos de calidad, seguros y asequibles.<\/strong><\/div><\/div><\/div><div class=\"process-step img-step\" data-appear-animation=\"fadeInUp\" data-appear-animation-delay=\"1100\"><div class=\"process-step-circle\"><strong class=\"process-step-circle-content\"><img decoding=\"async\" src=\"\/\/sustavianfeed.eu\/wp-content\/uploads\/2021\/09\/icono-02-150x150.png\" class=\"img-responsive img-circle\" alt=\"03\"><\/strong><\/div><div class=\"process-step-content\"><h4 class=\"step-item-title\">03<\/h4><div class=\"process-step-desc\">Promover econom\u00eda local, crecimiento socioecon\u00f3mico y resiliencia local de las zonas mediterr\u00e1neas.<\/div><\/div><\/div><\/div>[\/vc_column_inner][vc_column_inner width=\u00bb1\/2&#8243;]<div class=\"porto-process wpb_custom_aa84c36a6a947f6099708744f0f74b68\"><div class=\"process-step img-step\" data-appear-animation=\"fadeInUp\" data-appear-animation-delay=\"1200\"><div class=\"process-step-circle\"><strong class=\"process-step-circle-content\"><img decoding=\"async\" src=\"\/\/sustavianfeed.eu\/wp-content\/uploads\/2021\/09\/icono-03-150x150.png\" class=\"img-responsive img-circle\" alt=\"04\"><\/strong><\/div><div class=\"process-step-content\"><h4 class=\"step-item-title\">04<\/h4><div class=\"process-step-desc\">Demostrar la viabilidad e idoneidad de<strong> f\u00f3rmula nutricional alternativa<\/strong> en contextos reales de avicultura.<\/div><\/div><\/div><div class=\"process-step img-step\" data-appear-animation=\"fadeInUp\" data-appear-animation-delay=\"1300\"><div class=\"process-step-circle\"><strong class=\"process-step-circle-content\"><img decoding=\"async\" src=\"\/\/sustavianfeed.eu\/wp-content\/uploads\/2021\/09\/icono-04-150x150.png\" class=\"img-responsive img-circle\" alt=\"05\"><\/strong><\/div><div class=\"process-step-content\"><h4 class=\"step-item-title\">05<\/h4><div class=\"process-step-desc\">Mejorar<strong> salud y bienestar animal.<\/strong><\/div><\/div><\/div><div class=\"process-step img-step\" data-appear-animation=\"fadeInUp\" data-appear-animation-delay=\"1400\"><div class=\"process-step-circle\"><strong class=\"process-step-circle-content\"><img decoding=\"async\" src=\"\/\/sustavianfeed.eu\/wp-content\/uploads\/2021\/09\/icono-01-150x150.png\" class=\"img-responsive img-circle\" alt=\"06\"><\/strong><\/div><div class=\"process-step-content\"><h4 class=\"step-item-title\">06<\/h4><div class=\"process-step-desc\">Promover la igualdad de g\u00e9nero y<strong> empoderamiento de la mujer.<\/strong><\/div><\/div><\/div><div class=\"process-step img-step\" data-appear-animation=\"fadeInUp\" data-appear-animation-delay=\"1500\"><div class=\"process-step-circle\"><strong class=\"process-step-circle-content\"><img decoding=\"async\" src=\"\/\/sustavianfeed.eu\/wp-content\/uploads\/2021\/09\/icono-02-150x150.png\" class=\"img-responsive img-circle\" alt=\"07\"><\/strong><\/div><div class=\"process-step-content\"><h4 class=\"step-item-title\">07<\/h4><div class=\"process-step-desc\">Para desarrollar un<strong> enfoque multiactor<\/strong> en el que se involucran actores relevantes de toda la cadena de valor.<\/div><\/div><\/div><\/div>[\/vc_column_inner][\/vc_row_inner][\/vc_column][\/vc_row][vc_row el_class=\u00bbpy-4 justify-content-center\u00bb][vc_column width=\u00bb1\/3&#8243; el_class=\u00bbmb-5 mb-md-0&#8243;]<div class=\"porto-animation overflow-hidden mb-2\" >[vc_custom_heading text=\u00bbOBJETIVOS Y METODOLOGIA\u00bb font_container=\u00bbtag:p|text_align:left|color:%23acb4be|line_height:1&#8243; use_theme_fonts=\u00bbyes\u00bb text_transform=\u00bbtext-uppercase\u00bb font_weight=\u00bb700&#8243; animation_delay=\u00bb600&#8243; el_class=\u00bbmb-0&#8243; animation_type=\u00bbmaskUp\u00bb]<\/div><div class=\"porto-animation overflow-hidden mb-4\" >[vc_custom_heading text=\u00bbMetodogia\u00bb font_container=\u00bbtag:h2|font_size:2.3em|text_align:left|line_height:1.2&#8243; use_theme_fonts=\u00bbyes\u00bb animation_delay=\u00bb800&#8243; el_class=\u00bbmb-0&#8243; animation_type=\u00bbmaskUp\u00bb]<\/div><div class=\"porto-animation\"  data-appear-animation=\"fadeInUp\" data-appear-animation-delay=\"1400\">[vc_custom_heading text=\u00bb01&#8243; font_container=\u00bbtag:h3|font_size:1.5em|text_align:left|line_height:1.25&#8243; use_theme_fonts=\u00bbyes\u00bb text_transform=\u00bbtext-uppercase\u00bb show_border=\u00bbyes\u00bb border_skin=\u00bbsecondary\u00bb border_type=\u00bbmiddle-border-reverse\u00bb border_size=\u00bbxl\u00bb el_class=\u00bbcustom-heading-bar mb-2&#8243; css=\u00bb.vc_custom_1631611387344{margin-left: -65px !important;}\u00bb][vc_custom_heading text=\u00bbEnfoque multiactor\u00bb font_container=\u00bbtag:p|font_size:1.2em|text_align:left|color:%23777777&#8243; use_theme_fonts=\u00bbyes\u00bb el_class=\u00bbalternative-font pb-3 mb-4&#8243;]<\/div><div class=\"porto-animation\"  data-appear-animation=\"fadeInUp\" data-appear-animation-delay=\"1600\">[vc_custom_heading text=\u00bb02&#8243; font_container=\u00bbtag:h3|font_size:1.5em|text_align:left|line_height:1.25&#8243; use_theme_fonts=\u00bbyes\u00bb text_transform=\u00bbtext-uppercase\u00bb show_border=\u00bbyes\u00bb border_skin=\u00bbsecondary\u00bb border_type=\u00bbmiddle-border-reverse\u00bb border_size=\u00bbxl\u00bb el_class=\u00bbcustom-heading-bar mb-2&#8243; css=\u00bb.vc_custom_1631611405704{margin-left: -65px !important;}\u00bb][vc_custom_heading text=\u00bbCinco pilotos en cuatro pa\u00edses mediterr\u00e1neos diferentes<strong> (T\u00fanez, Turqu\u00eda, Espa\u00f1a e Italia)<\/strong> . Se desarrollar\u00e1n an\u00e1lisis sociales, ambientales y econ\u00f3micos para cada piloto.\u00bb font_container=\u00bbtag:p|font_size:1.2em|text_align:left|color:%23777777&#8243; use_theme_fonts=\u00bbyes\u00bb el_class=\u00bbalternative-font pb-3 mb-4&#8243;]<\/div><div class=\"porto-animation\"  data-appear-animation=\"fadeInUp\" data-appear-animation-delay=\"1800\">[vc_custom_heading text=\u00bb03&#8243; font_container=\u00bbtag:h3|font_size:1.5em|text_align:left|line_height:1.25&#8243; use_theme_fonts=\u00bbyes\u00bb text_transform=\u00bbtext-uppercase\u00bb show_border=\u00bbyes\u00bb border_skin=\u00bbsecondary\u00bb border_type=\u00bbmiddle-border-reverse\u00bb border_size=\u00bbxl\u00bb el_class=\u00bbcustom-heading-bar mb-2&#8243; css=\u00bb.vc_custom_1631611436648{margin-left: -65px !important;}\u00bb][vc_custom_heading text=\u00bbActividades de Living Labs\u00bb font_container=\u00bbtag:p|font_size:1.2em|text_align:left|color:%23777777&#8243; use_theme_fonts=\u00bbyes\u00bb el_class=\u00bbalternative-font mb-0&#8243;]<\/div>[\/vc_column][vc_column width=\u00bb7\/12&#8243; el_class=\u00bbpl-md-5&#8243; offset=\u00bbvc_col-sm-offset-1&#8243;][vc_single_image image=\u00bb1339&#8243; img_size=\u00bb600&#215;367&#8243; alignment=\u00bbcenter\u00bb onclick=\u00bblink_image\u00bb animation_type=\u00bbzoomIn\u00bb][vc_single_image image=\u00bb1311&#8243; img_size=\u00bbfull\u00bb alignment=\u00bbcenter\u00bb onclick=\u00bblink_image\u00bb animation_type=\u00bbzoomIn\u00bb][\/vc_column][\/vc_row]<\/p>\n<\/div>","protected":false},"excerpt":{"rendered":"<p>[vc_row el_class=\u00bbpy-4 justify-content-center\u00bb css=\u00bb.vc_custom_1631867218785{margin-bottom: 50px !important;}\u00bb][vc_column el_class=\u00bbmb-5 mb-md-0&#8243;][vc_row_inner][vc_column_inner width=\u00bb1\/2&#8243;][\/vc_column_inner][vc_column_inner width=\u00bb1\/2&#8243;][\/vc_column_inner][\/vc_row_inner][\/vc_column][\/vc_row][vc_row el_class=\u00bbpy-4 justify-content-center\u00bb][vc_column width=\u00bb1\/3&#8243; el_class=\u00bbmb-5 mb-md-0&#8243;][\/vc_column][vc_column width=\u00bb7\/12&#8243; el_class=\u00bbpl-md-5&#8243; offset=\u00bbvc_col-sm-offset-1&#8243;][vc_single_image image=\u00bb1339&#8243; img_size=\u00bb600&#215;367&#8243; alignment=\u00bbcenter\u00bb onclick=\u00bblink_image\u00bb animation_type=\u00bbzoomIn\u00bb][vc_single_image image=\u00bb1311&#8243; img_size=\u00bbfull\u00bb alignment=\u00bbcenter\u00bb onclick=\u00bblink_image\u00bb animation_type=\u00bbzoomIn\u00bb][\/vc_column][\/vc_row]<\/p>\n","protected":false},"author":1,"featured_media":0,"parent":1366,"menu_order":0,"comment_status":"closed","ping_status":"closed","template":"","meta":{"footnotes":""},"class_list":["post-1438","page","type-page","status-publish","hentry"],"yoast_head":"<!-- This site is optimized with the Yoast SEO plugin v26.4 - https:\/\/yoast.com\/wordpress\/plugins\/seo\/ -->\n<title>Objetivos y metodolog\u00eda - SUSTAvianFEED<\/title>\n<meta name=\"robots\" content=\"index, follow, max-snippet:-1, max-image-preview:large, max-video-preview:-1\" \/>\n<link rel=\"canonical\" href=\"https:\/\/sustavianfeed.eu\/es\/proyecto\/objetivos-y-metodologia\/\" \/>\n<meta property=\"og:locale\" content=\"es_ES\" \/>\n<meta property=\"og:type\" content=\"article\" \/>\n<meta property=\"og:title\" content=\"Objetivos y metodolog\u00eda - SUSTAvianFEED\" \/>\n<meta property=\"og:description\" content=\"[vc_row el_class=\u00bbpy-4 justify-content-center\u00bb css=\u00bb.vc_custom_1631867218785{margin-bottom: 50px !important;}\u00bb][vc_column el_class=\u00bbmb-5 mb-md-0&#8243;][vc_row_inner][vc_column_inner width=\u00bb1\/2&#8243;][\/vc_column_inner][vc_column_inner width=\u00bb1\/2&#8243;][\/vc_column_inner][\/vc_row_inner][\/vc_column][\/vc_row][vc_row el_class=\u00bbpy-4 justify-content-center\u00bb][vc_column width=\u00bb1\/3&#8243; el_class=\u00bbmb-5 mb-md-0&#8243;][\/vc_column][vc_column width=\u00bb7\/12&#8243; el_class=\u00bbpl-md-5&#8243; offset=\u00bbvc_col-sm-offset-1&#8243;][vc_single_image image=\u00bb1339&#8243; img_size=\u00bb600&#215;367&#8243; alignment=\u00bbcenter\u00bb onclick=\u00bblink_image\u00bb animation_type=\u00bbzoomIn\u00bb][vc_single_image image=\u00bb1311&#8243; img_size=\u00bbfull\u00bb alignment=\u00bbcenter\u00bb onclick=\u00bblink_image\u00bb animation_type=\u00bbzoomIn\u00bb][\/vc_column][\/vc_row]\" \/>\n<meta property=\"og:url\" content=\"https:\/\/sustavianfeed.eu\/es\/proyecto\/objetivos-y-metodologia\/\" \/>\n<meta property=\"og:site_name\" content=\"SUSTAvianFEED\" \/>\n<meta property=\"article:publisher\" content=\"https:\/\/www.facebook.com\/SUSTAvianFEED\" \/>\n<meta property=\"article:modified_time\" content=\"2021-10-04T10:11:16+00:00\" \/>\n<meta name=\"twitter:card\" content=\"summary_large_image\" \/>\n<meta name=\"twitter:label1\" content=\"Tiempo de lectura\" \/>\n\t<meta name=\"twitter:data1\" content=\"4 minutos\" \/>\n<script type=\"application\/ld+json\" class=\"yoast-schema-graph\">{\"@context\":\"https:\/\/schema.org\",\"@graph\":[{\"@type\":\"WebPage\",\"@id\":\"https:\/\/sustavianfeed.eu\/es\/proyecto\/objetivos-y-metodologia\/\",\"url\":\"https:\/\/sustavianfeed.eu\/es\/proyecto\/objetivos-y-metodologia\/\",\"name\":\"Objetivos y metodolog\u00eda - SUSTAvianFEED\",\"isPartOf\":{\"@id\":\"https:\/\/sustavianfeed.eu\/es\/#website\"},\"datePublished\":\"2021-10-01T12:31:28+00:00\",\"dateModified\":\"2021-10-04T10:11:16+00:00\",\"breadcrumb\":{\"@id\":\"https:\/\/sustavianfeed.eu\/es\/proyecto\/objetivos-y-metodologia\/#breadcrumb\"},\"inLanguage\":\"es\",\"potentialAction\":[{\"@type\":\"ReadAction\",\"target\":[\"https:\/\/sustavianfeed.eu\/es\/proyecto\/objetivos-y-metodologia\/\"]}]},{\"@type\":\"BreadcrumbList\",\"@id\":\"https:\/\/sustavianfeed.eu\/es\/proyecto\/objetivos-y-metodologia\/#breadcrumb\",\"itemListElement\":[{\"@type\":\"ListItem\",\"position\":1,\"name\":\"Home\",\"item\":\"https:\/\/sustavianfeed.eu\/es\/\"},{\"@type\":\"ListItem\",\"position\":2,\"name\":\"Proyecto\",\"item\":\"https:\/\/sustavianfeed.eu\/es\/proyecto\/\"},{\"@type\":\"ListItem\",\"position\":3,\"name\":\"Objetivos y metodolog\u00eda\"}]},{\"@type\":\"WebSite\",\"@id\":\"https:\/\/sustavianfeed.eu\/es\/#website\",\"url\":\"https:\/\/sustavianfeed.eu\/es\/\",\"name\":\"SUSTAvianFEED\",\"description\":\"Innovative and sustainable poultry feedings programs\",\"publisher\":{\"@id\":\"https:\/\/sustavianfeed.eu\/es\/#organization\"},\"potentialAction\":[{\"@type\":\"SearchAction\",\"target\":{\"@type\":\"EntryPoint\",\"urlTemplate\":\"https:\/\/sustavianfeed.eu\/es\/?s={search_term_string}\"},\"query-input\":{\"@type\":\"PropertyValueSpecification\",\"valueRequired\":true,\"valueName\":\"search_term_string\"}}],\"inLanguage\":\"es\"},{\"@type\":\"Organization\",\"@id\":\"https:\/\/sustavianfeed.eu\/es\/#organization\",\"name\":\"SUSTAvianFEED\",\"url\":\"https:\/\/sustavianfeed.eu\/es\/\",\"logo\":{\"@type\":\"ImageObject\",\"inLanguage\":\"es\",\"@id\":\"https:\/\/sustavianfeed.eu\/es\/#\/schema\/logo\/image\/\",\"url\":\"https:\/\/sustavianfeed.eu\/wp-content\/uploads\/2021\/09\/LOGO_SUSTavianFEED_color-footer.png\",\"contentUrl\":\"https:\/\/sustavianfeed.eu\/wp-content\/uploads\/2021\/09\/LOGO_SUSTavianFEED_color-footer.png\",\"width\":400,\"height\":286,\"caption\":\"SUSTAvianFEED\"},\"image\":{\"@id\":\"https:\/\/sustavianfeed.eu\/es\/#\/schema\/logo\/image\/\"},\"sameAs\":[\"https:\/\/www.facebook.com\/SUSTAvianFEED\",\"https:\/\/www.linkedin.com\/groups\/12560654\/\"]}]}<\/script>\n<!-- \/ Yoast SEO plugin. -->","yoast_head_json":{"title":"Objetivos y metodolog\u00eda - SUSTAvianFEED","robots":{"index":"index","follow":"follow","max-snippet":"max-snippet:-1","max-image-preview":"max-image-preview:large","max-video-preview":"max-video-preview:-1"},"canonical":"https:\/\/sustavianfeed.eu\/es\/proyecto\/objetivos-y-metodologia\/","og_locale":"es_ES","og_type":"article","og_title":"Objetivos y metodolog\u00eda - SUSTAvianFEED","og_description":"[vc_row el_class=\u00bbpy-4 justify-content-center\u00bb css=\u00bb.vc_custom_1631867218785{margin-bottom: 50px !important;}\u00bb][vc_column el_class=\u00bbmb-5 mb-md-0&#8243;][vc_row_inner][vc_column_inner width=\u00bb1\/2&#8243;][\/vc_column_inner][vc_column_inner width=\u00bb1\/2&#8243;][\/vc_column_inner][\/vc_row_inner][\/vc_column][\/vc_row][vc_row el_class=\u00bbpy-4 justify-content-center\u00bb][vc_column width=\u00bb1\/3&#8243; el_class=\u00bbmb-5 mb-md-0&#8243;][\/vc_column][vc_column width=\u00bb7\/12&#8243; el_class=\u00bbpl-md-5&#8243; offset=\u00bbvc_col-sm-offset-1&#8243;][vc_single_image image=\u00bb1339&#8243; img_size=\u00bb600&#215;367&#8243; alignment=\u00bbcenter\u00bb onclick=\u00bblink_image\u00bb animation_type=\u00bbzoomIn\u00bb][vc_single_image image=\u00bb1311&#8243; img_size=\u00bbfull\u00bb alignment=\u00bbcenter\u00bb onclick=\u00bblink_image\u00bb animation_type=\u00bbzoomIn\u00bb][\/vc_column][\/vc_row]","og_url":"https:\/\/sustavianfeed.eu\/es\/proyecto\/objetivos-y-metodologia\/","og_site_name":"SUSTAvianFEED","article_publisher":"https:\/\/www.facebook.com\/SUSTAvianFEED","article_modified_time":"2021-10-04T10:11:16+00:00","twitter_card":"summary_large_image","twitter_misc":{"Tiempo de lectura":"4 minutos"},"schema":{"@context":"https:\/\/schema.org","@graph":[{"@type":"WebPage","@id":"https:\/\/sustavianfeed.eu\/es\/proyecto\/objetivos-y-metodologia\/","url":"https:\/\/sustavianfeed.eu\/es\/proyecto\/objetivos-y-metodologia\/","name":"Objetivos y metodolog\u00eda - SUSTAvianFEED","isPartOf":{"@id":"https:\/\/sustavianfeed.eu\/es\/#website"},"datePublished":"2021-10-01T12:31:28+00:00","dateModified":"2021-10-04T10:11:16+00:00","breadcrumb":{"@id":"https:\/\/sustavianfeed.eu\/es\/proyecto\/objetivos-y-metodologia\/#breadcrumb"},"inLanguage":"es","potentialAction":[{"@type":"ReadAction","target":["https:\/\/sustavianfeed.eu\/es\/proyecto\/objetivos-y-metodologia\/"]}]},{"@type":"BreadcrumbList","@id":"https:\/\/sustavianfeed.eu\/es\/proyecto\/objetivos-y-metodologia\/#breadcrumb","itemListElement":[{"@type":"ListItem","position":1,"name":"Home","item":"https:\/\/sustavianfeed.eu\/es\/"},{"@type":"ListItem","position":2,"name":"Proyecto","item":"https:\/\/sustavianfeed.eu\/es\/proyecto\/"},{"@type":"ListItem","position":3,"name":"Objetivos y metodolog\u00eda"}]},{"@type":"WebSite","@id":"https:\/\/sustavianfeed.eu\/es\/#website","url":"https:\/\/sustavianfeed.eu\/es\/","name":"SUSTAvianFEED","description":"Innovative and sustainable poultry feedings programs","publisher":{"@id":"https:\/\/sustavianfeed.eu\/es\/#organization"},"potentialAction":[{"@type":"SearchAction","target":{"@type":"EntryPoint","urlTemplate":"https:\/\/sustavianfeed.eu\/es\/?s={search_term_string}"},"query-input":{"@type":"PropertyValueSpecification","valueRequired":true,"valueName":"search_term_string"}}],"inLanguage":"es"},{"@type":"Organization","@id":"https:\/\/sustavianfeed.eu\/es\/#organization","name":"SUSTAvianFEED","url":"https:\/\/sustavianfeed.eu\/es\/","logo":{"@type":"ImageObject","inLanguage":"es","@id":"https:\/\/sustavianfeed.eu\/es\/#\/schema\/logo\/image\/","url":"https:\/\/sustavianfeed.eu\/wp-content\/uploads\/2021\/09\/LOGO_SUSTavianFEED_color-footer.png","contentUrl":"https:\/\/sustavianfeed.eu\/wp-content\/uploads\/2021\/09\/LOGO_SUSTavianFEED_color-footer.png","width":400,"height":286,"caption":"SUSTAvianFEED"},"image":{"@id":"https:\/\/sustavianfeed.eu\/es\/#\/schema\/logo\/image\/"},"sameAs":["https:\/\/www.facebook.com\/SUSTAvianFEED","https:\/\/www.linkedin.com\/groups\/12560654\/"]}]}},"_links":{"self":[{"href":"https:\/\/sustavianfeed.eu\/es\/wp-json\/wp\/v2\/pages\/1438","targetHints":{"allow":["GET"]}}],"collection":[{"href":"https:\/\/sustavianfeed.eu\/es\/wp-json\/wp\/v2\/pages"}],"about":[{"href":"https:\/\/sustavianfeed.eu\/es\/wp-json\/wp\/v2\/types\/page"}],"author":[{"embeddable":true,"href":"https:\/\/sustavianfeed.eu\/es\/wp-json\/wp\/v2\/users\/1"}],"replies":[{"embeddable":true,"href":"https:\/\/sustavianfeed.eu\/es\/wp-json\/wp\/v2\/comments?post=1438"}],"version-history":[{"count":8,"href":"https:\/\/sustavianfeed.eu\/es\/wp-json\/wp\/v2\/pages\/1438\/revisions"}],"predecessor-version":[{"id":1563,"href":"https:\/\/sustavianfeed.eu\/es\/wp-json\/wp\/v2\/pages\/1438\/revisions\/1563"}],"up":[{"embeddable":true,"href":"https:\/\/sustavianfeed.eu\/es\/wp-json\/wp\/v2\/pages\/1366"}],"wp:attachment":[{"href":"https:\/\/sustavianfeed.eu\/es\/wp-json\/wp\/v2\/media?parent=1438"}],"curies":[{"name":"wp","href":"https:\/\/api.w.org\/{rel}","templated":true}]}}