{"id":1417,"date":"2021-10-01T12:14:25","date_gmt":"2021-10-01T12:14:25","guid":{"rendered":"http:\/\/www.sustavianfeed.eu\/proyecto\/implementacion\/"},"modified":"2021-10-01T12:14:27","modified_gmt":"2021-10-01T12:14:27","slug":"implementacion","status":"publish","type":"page","link":"https:\/\/sustavianfeed.eu\/es\/proyecto\/implementacion\/","title":{"rendered":"Implementaci\u00f3n"},"content":{"rendered":"<div class=\"wpb-content-wrapper\"><p>[vc_row el_class=\u00bbpy-4 justify-content-center\u00bb][vc_column el_class=\u00bbmb-5 mb-md-0&#8243;]<div class=\"porto-animation overflow-hidden mb-2\" >[vc_custom_heading text=\u00bbIMPLEMENTACI\u00d3N\u00bb font_container=\u00bbtag:p|text_align:center|color:%23acb4be|line_height:1&#8243; use_theme_fonts=\u00bbyes\u00bb text_transform=\u00bbtext-uppercase\u00bb font_weight=\u00bb700&#8243; animation_delay=\u00bb600&#8243; el_class=\u00bbmb-0&#8243; animation_type=\u00bbmaskUp\u00bb]<\/div><div class=\"porto-animation overflow-hidden mb-4\" >[vc_custom_heading text=\u00bbEl proyecto SUSTAvianFEED est\u00e1 estructurado en cinco Paquetes de Trabajo.\u00bb font_container=\u00bbtag:h2|font_size:2.3em|text_align:center|line_height:1.2&#8243; use_theme_fonts=\u00bbyes\u00bb animation_delay=\u00bb800&#8243; el_class=\u00bbmb-0&#8243; animation_type=\u00bbmaskUp\u00bb css=\u00bb.vc_custom_1632912991162{margin-bottom: 30px !important;}\u00bb]<\/div>[vc_row_inner][vc_column_inner el_class=\u00bbcolumna-movil-01&#8243; width=\u00bb1\/4&#8243; animation_delay=\u00bb900&#8243; animation_type=\u00bbmaskUp\u00bb][vc_custom_heading text=\u00bbWP1 (ALIA)\u00bb font_container=\u00bbtag:h3|font_size:1.2em|text_align:right\u00bb use_theme_fonts=\u00bbyes\u00bb css=\u00bb.vc_custom_1632482608820{margin-bottom: 0px !important;}\u00bb][vc_column_text]<\/p>\n<p style=\"text-align: right;\">se centra en las actividades generales de gesti\u00f3n y coordinaci\u00f3n del proyecto. Durar\u00e1 toda la implementaci\u00f3n del proyecto.<\/p>\n<p>[\/vc_column_text][vc_custom_heading text=\u00bbWP2 (UMU) y WP3 (EGE)\u00bb font_container=\u00bbtag:h3|font_size:1.2em|text_align:right\u00bb use_theme_fonts=\u00bbyes\u00bb css=\u00bb.vc_custom_1632482658939{margin-bottom: 0px !important;}\u00bb][vc_column_text]<\/p>\n<p style=\"text-align: right;\">se centran en el desarrollo de piensos alternativos para aves de corral y la implementaci\u00f3n piloto, respectivamente. Estos dos WP se implementar\u00e1n considerando criterios ambientales, sociales y econ\u00f3micos. El desarrollo de la alimentaci\u00f3n av\u00edcola alternativa comenzar\u00e1 con el inicio del proyecto. Despu\u00e9s de su elaboraci\u00f3n, seguir\u00e1 la implementaci\u00f3n del proyecto piloto.<\/p>\n<p>[\/vc_column_text][\/vc_column_inner][vc_column_inner el_class=\u00bbcolumna-movil-02&#8243; width=\u00bb1\/2&#8243;][vc_single_image image=\u00bb1223&#8243; img_size=\u00bbfull\u00bb alignment=\u00bbcenter\u00bb animation_delay=\u00bb800&#8243; animation_type=\u00bbzoomIn\u00bb][\/vc_column_inner][vc_column_inner el_class=\u00bbcolumna-movil-03&#8243; width=\u00bb1\/4&#8243; animation_delay=\u00bb900&#8243; animation_type=\u00bbmaskUp\u00bb][vc_custom_heading text=\u00bbWP4 (ALIA)\u00bb font_container=\u00bbtag:h3|font_size:1.2em|text_align:left\u00bb use_theme_fonts=\u00bbyes\u00bb css=\u00bb.vc_custom_1632482672331{margin-bottom: 0px !important;}\u00bb][vc_column_text]presenta la interacci\u00f3n de las partes interesadas y la participaci\u00f3n del usuario final, que estar\u00e1 estrechamente relacionada con la implementaci\u00f3n del proyecto en un proceso iterativo que involucrar\u00e1 a los actores relevantes de la cadena de suministro. Las interrelaciones entre los WP se explican con m\u00e1s detalle en la descripci\u00f3n del paquete de trabajo.[\/vc_column_text][vc_custom_heading text=\u00bbWP5 (SLOWFOOD)\u00bb font_container=\u00bbtag:h3|font_size:1.2em|text_align:left\u00bb use_theme_fonts=\u00bbyes\u00bb css=\u00bb.vc_custom_1632482686891{margin-bottom: 0px !important;}\u00bb][vc_column_text]se centrar\u00e1 en las actividades de explotaci\u00f3n, difusi\u00f3n y comunicaci\u00f3n, con el fin de involucrar a un gran n\u00famero de audiencias diferentes y promover nuevas actividades de reproducci\u00f3n del proyecto. Este paquete de trabajo se desarrollar\u00e1 durante toda la implementaci\u00f3n del proyecto.[\/vc_column_text][\/vc_column_inner][\/vc_row_inner][\/vc_column][\/vc_row]<\/p>\n<\/div>","protected":false},"excerpt":{"rendered":"<p>[vc_row el_class=\u00bbpy-4 justify-content-center\u00bb][vc_column el_class=\u00bbmb-5 mb-md-0&#8243;][vc_row_inner][vc_column_inner el_class=\u00bbcolumna-movil-01&#8243; width=\u00bb1\/4&#8243; animation_delay=\u00bb900&#8243; animation_type=\u00bbmaskUp\u00bb][vc_custom_heading text=\u00bbWP1 (ALIA)\u00bb font_container=\u00bbtag:h3|font_size:1.2em|text_align:right\u00bb use_theme_fonts=\u00bbyes\u00bb css=\u00bb.vc_custom_1632482608820{margin-bottom: 0px !important;}\u00bb][vc_column_text] se centra en las actividades generales de gesti\u00f3n y coordinaci\u00f3n del proyecto. Durar\u00e1 toda la implementaci\u00f3n del proyecto. [\/vc_column_text][vc_custom_heading text=\u00bbWP2 (UMU) y WP3 (EGE)\u00bb font_container=\u00bbtag:h3|font_size:1.2em|text_align:right\u00bb use_theme_fonts=\u00bbyes\u00bb css=\u00bb.vc_custom_1632482658939{margin-bottom: 0px !important;}\u00bb][vc_column_text] se centran en el desarrollo de piensos alternativos para aves [&hellip;]<\/p>\n","protected":false},"author":1,"featured_media":0,"parent":1366,"menu_order":0,"comment_status":"closed","ping_status":"closed","template":"","meta":{"footnotes":""},"class_list":["post-1417","page","type-page","status-publish","hentry"],"yoast_head":"<!-- This site is optimized with the Yoast SEO plugin v26.4 - https:\/\/yoast.com\/wordpress\/plugins\/seo\/ -->\n<title>Implementaci\u00f3n - SUSTAvianFEED<\/title>\n<meta name=\"robots\" content=\"index, follow, max-snippet:-1, max-image-preview:large, max-video-preview:-1\" \/>\n<link rel=\"canonical\" href=\"https:\/\/sustavianfeed.eu\/es\/proyecto\/implementacion\/\" \/>\n<meta property=\"og:locale\" content=\"es_ES\" \/>\n<meta property=\"og:type\" content=\"article\" \/>\n<meta property=\"og:title\" content=\"Implementaci\u00f3n - SUSTAvianFEED\" \/>\n<meta property=\"og:description\" content=\"[vc_row el_class=\u00bbpy-4 justify-content-center\u00bb][vc_column el_class=\u00bbmb-5 mb-md-0&#8243;][vc_row_inner][vc_column_inner el_class=\u00bbcolumna-movil-01&#8243; width=\u00bb1\/4&#8243; animation_delay=\u00bb900&#8243; animation_type=\u00bbmaskUp\u00bb][vc_custom_heading text=\u00bbWP1 (ALIA)\u00bb font_container=\u00bbtag:h3|font_size:1.2em|text_align:right\u00bb use_theme_fonts=\u00bbyes\u00bb css=\u00bb.vc_custom_1632482608820{margin-bottom: 0px !important;}\u00bb][vc_column_text] se centra en las actividades generales de gesti\u00f3n y coordinaci\u00f3n del proyecto. Durar\u00e1 toda la implementaci\u00f3n del proyecto. [\/vc_column_text][vc_custom_heading text=\u00bbWP2 (UMU) y WP3 (EGE)\u00bb font_container=\u00bbtag:h3|font_size:1.2em|text_align:right\u00bb use_theme_fonts=\u00bbyes\u00bb css=\u00bb.vc_custom_1632482658939{margin-bottom: 0px !important;}\u00bb][vc_column_text] se centran en el desarrollo de piensos alternativos para aves [&hellip;]\" \/>\n<meta property=\"og:url\" content=\"https:\/\/sustavianfeed.eu\/es\/proyecto\/implementacion\/\" \/>\n<meta property=\"og:site_name\" content=\"SUSTAvianFEED\" \/>\n<meta property=\"article:publisher\" content=\"https:\/\/www.facebook.com\/SUSTAvianFEED\" \/>\n<meta property=\"article:modified_time\" content=\"2021-10-01T12:14:27+00:00\" \/>\n<meta name=\"twitter:card\" content=\"summary_large_image\" \/>\n<meta name=\"twitter:label1\" content=\"Tiempo de lectura\" \/>\n\t<meta name=\"twitter:data1\" content=\"2 minutos\" \/>\n<script type=\"application\/ld+json\" class=\"yoast-schema-graph\">{\"@context\":\"https:\/\/schema.org\",\"@graph\":[{\"@type\":\"WebPage\",\"@id\":\"https:\/\/sustavianfeed.eu\/es\/proyecto\/implementacion\/\",\"url\":\"https:\/\/sustavianfeed.eu\/es\/proyecto\/implementacion\/\",\"name\":\"Implementaci\u00f3n - SUSTAvianFEED\",\"isPartOf\":{\"@id\":\"https:\/\/sustavianfeed.eu\/es\/#website\"},\"datePublished\":\"2021-10-01T12:14:25+00:00\",\"dateModified\":\"2021-10-01T12:14:27+00:00\",\"breadcrumb\":{\"@id\":\"https:\/\/sustavianfeed.eu\/es\/proyecto\/implementacion\/#breadcrumb\"},\"inLanguage\":\"es\",\"potentialAction\":[{\"@type\":\"ReadAction\",\"target\":[\"https:\/\/sustavianfeed.eu\/es\/proyecto\/implementacion\/\"]}]},{\"@type\":\"BreadcrumbList\",\"@id\":\"https:\/\/sustavianfeed.eu\/es\/proyecto\/implementacion\/#breadcrumb\",\"itemListElement\":[{\"@type\":\"ListItem\",\"position\":1,\"name\":\"Home\",\"item\":\"https:\/\/sustavianfeed.eu\/es\/\"},{\"@type\":\"ListItem\",\"position\":2,\"name\":\"Proyecto\",\"item\":\"https:\/\/sustavianfeed.eu\/es\/proyecto\/\"},{\"@type\":\"ListItem\",\"position\":3,\"name\":\"Implementaci\u00f3n\"}]},{\"@type\":\"WebSite\",\"@id\":\"https:\/\/sustavianfeed.eu\/es\/#website\",\"url\":\"https:\/\/sustavianfeed.eu\/es\/\",\"name\":\"SUSTAvianFEED\",\"description\":\"Innovative and sustainable poultry feedings programs\",\"publisher\":{\"@id\":\"https:\/\/sustavianfeed.eu\/es\/#organization\"},\"potentialAction\":[{\"@type\":\"SearchAction\",\"target\":{\"@type\":\"EntryPoint\",\"urlTemplate\":\"https:\/\/sustavianfeed.eu\/es\/?s={search_term_string}\"},\"query-input\":{\"@type\":\"PropertyValueSpecification\",\"valueRequired\":true,\"valueName\":\"search_term_string\"}}],\"inLanguage\":\"es\"},{\"@type\":\"Organization\",\"@id\":\"https:\/\/sustavianfeed.eu\/es\/#organization\",\"name\":\"SUSTAvianFEED\",\"url\":\"https:\/\/sustavianfeed.eu\/es\/\",\"logo\":{\"@type\":\"ImageObject\",\"inLanguage\":\"es\",\"@id\":\"https:\/\/sustavianfeed.eu\/es\/#\/schema\/logo\/image\/\",\"url\":\"https:\/\/sustavianfeed.eu\/wp-content\/uploads\/2021\/09\/LOGO_SUSTavianFEED_color-footer.png\",\"contentUrl\":\"https:\/\/sustavianfeed.eu\/wp-content\/uploads\/2021\/09\/LOGO_SUSTavianFEED_color-footer.png\",\"width\":400,\"height\":286,\"caption\":\"SUSTAvianFEED\"},\"image\":{\"@id\":\"https:\/\/sustavianfeed.eu\/es\/#\/schema\/logo\/image\/\"},\"sameAs\":[\"https:\/\/www.facebook.com\/SUSTAvianFEED\",\"https:\/\/www.linkedin.com\/groups\/12560654\/\"]}]}<\/script>\n<!-- \/ Yoast SEO plugin. -->","yoast_head_json":{"title":"Implementaci\u00f3n - SUSTAvianFEED","robots":{"index":"index","follow":"follow","max-snippet":"max-snippet:-1","max-image-preview":"max-image-preview:large","max-video-preview":"max-video-preview:-1"},"canonical":"https:\/\/sustavianfeed.eu\/es\/proyecto\/implementacion\/","og_locale":"es_ES","og_type":"article","og_title":"Implementaci\u00f3n - SUSTAvianFEED","og_description":"[vc_row el_class=\u00bbpy-4 justify-content-center\u00bb][vc_column el_class=\u00bbmb-5 mb-md-0&#8243;][vc_row_inner][vc_column_inner el_class=\u00bbcolumna-movil-01&#8243; width=\u00bb1\/4&#8243; animation_delay=\u00bb900&#8243; animation_type=\u00bbmaskUp\u00bb][vc_custom_heading text=\u00bbWP1 (ALIA)\u00bb font_container=\u00bbtag:h3|font_size:1.2em|text_align:right\u00bb use_theme_fonts=\u00bbyes\u00bb css=\u00bb.vc_custom_1632482608820{margin-bottom: 0px !important;}\u00bb][vc_column_text] se centra en las actividades generales de gesti\u00f3n y coordinaci\u00f3n del proyecto. Durar\u00e1 toda la implementaci\u00f3n del proyecto. [\/vc_column_text][vc_custom_heading text=\u00bbWP2 (UMU) y WP3 (EGE)\u00bb font_container=\u00bbtag:h3|font_size:1.2em|text_align:right\u00bb use_theme_fonts=\u00bbyes\u00bb css=\u00bb.vc_custom_1632482658939{margin-bottom: 0px !important;}\u00bb][vc_column_text] se centran en el desarrollo de piensos alternativos para aves [&hellip;]","og_url":"https:\/\/sustavianfeed.eu\/es\/proyecto\/implementacion\/","og_site_name":"SUSTAvianFEED","article_publisher":"https:\/\/www.facebook.com\/SUSTAvianFEED","article_modified_time":"2021-10-01T12:14:27+00:00","twitter_card":"summary_large_image","twitter_misc":{"Tiempo de lectura":"2 minutos"},"schema":{"@context":"https:\/\/schema.org","@graph":[{"@type":"WebPage","@id":"https:\/\/sustavianfeed.eu\/es\/proyecto\/implementacion\/","url":"https:\/\/sustavianfeed.eu\/es\/proyecto\/implementacion\/","name":"Implementaci\u00f3n - SUSTAvianFEED","isPartOf":{"@id":"https:\/\/sustavianfeed.eu\/es\/#website"},"datePublished":"2021-10-01T12:14:25+00:00","dateModified":"2021-10-01T12:14:27+00:00","breadcrumb":{"@id":"https:\/\/sustavianfeed.eu\/es\/proyecto\/implementacion\/#breadcrumb"},"inLanguage":"es","potentialAction":[{"@type":"ReadAction","target":["https:\/\/sustavianfeed.eu\/es\/proyecto\/implementacion\/"]}]},{"@type":"BreadcrumbList","@id":"https:\/\/sustavianfeed.eu\/es\/proyecto\/implementacion\/#breadcrumb","itemListElement":[{"@type":"ListItem","position":1,"name":"Home","item":"https:\/\/sustavianfeed.eu\/es\/"},{"@type":"ListItem","position":2,"name":"Proyecto","item":"https:\/\/sustavianfeed.eu\/es\/proyecto\/"},{"@type":"ListItem","position":3,"name":"Implementaci\u00f3n"}]},{"@type":"WebSite","@id":"https:\/\/sustavianfeed.eu\/es\/#website","url":"https:\/\/sustavianfeed.eu\/es\/","name":"SUSTAvianFEED","description":"Innovative and sustainable poultry feedings programs","publisher":{"@id":"https:\/\/sustavianfeed.eu\/es\/#organization"},"potentialAction":[{"@type":"SearchAction","target":{"@type":"EntryPoint","urlTemplate":"https:\/\/sustavianfeed.eu\/es\/?s={search_term_string}"},"query-input":{"@type":"PropertyValueSpecification","valueRequired":true,"valueName":"search_term_string"}}],"inLanguage":"es"},{"@type":"Organization","@id":"https:\/\/sustavianfeed.eu\/es\/#organization","name":"SUSTAvianFEED","url":"https:\/\/sustavianfeed.eu\/es\/","logo":{"@type":"ImageObject","inLanguage":"es","@id":"https:\/\/sustavianfeed.eu\/es\/#\/schema\/logo\/image\/","url":"https:\/\/sustavianfeed.eu\/wp-content\/uploads\/2021\/09\/LOGO_SUSTavianFEED_color-footer.png","contentUrl":"https:\/\/sustavianfeed.eu\/wp-content\/uploads\/2021\/09\/LOGO_SUSTavianFEED_color-footer.png","width":400,"height":286,"caption":"SUSTAvianFEED"},"image":{"@id":"https:\/\/sustavianfeed.eu\/es\/#\/schema\/logo\/image\/"},"sameAs":["https:\/\/www.facebook.com\/SUSTAvianFEED","https:\/\/www.linkedin.com\/groups\/12560654\/"]}]}},"_links":{"self":[{"href":"https:\/\/sustavianfeed.eu\/es\/wp-json\/wp\/v2\/pages\/1417","targetHints":{"allow":["GET"]}}],"collection":[{"href":"https:\/\/sustavianfeed.eu\/es\/wp-json\/wp\/v2\/pages"}],"about":[{"href":"https:\/\/sustavianfeed.eu\/es\/wp-json\/wp\/v2\/types\/page"}],"author":[{"embeddable":true,"href":"https:\/\/sustavianfeed.eu\/es\/wp-json\/wp\/v2\/users\/1"}],"replies":[{"embeddable":true,"href":"https:\/\/sustavianfeed.eu\/es\/wp-json\/wp\/v2\/comments?post=1417"}],"version-history":[{"count":3,"href":"https:\/\/sustavianfeed.eu\/es\/wp-json\/wp\/v2\/pages\/1417\/revisions"}],"predecessor-version":[{"id":1420,"href":"https:\/\/sustavianfeed.eu\/es\/wp-json\/wp\/v2\/pages\/1417\/revisions\/1420"}],"up":[{"embeddable":true,"href":"https:\/\/sustavianfeed.eu\/es\/wp-json\/wp\/v2\/pages\/1366"}],"wp:attachment":[{"href":"https:\/\/sustavianfeed.eu\/es\/wp-json\/wp\/v2\/media?parent=1417"}],"curies":[{"name":"wp","href":"https:\/\/api.w.org\/{rel}","templated":true}]}}