{"id":1403,"date":"2021-10-01T12:12:20","date_gmt":"2021-10-01T12:12:20","guid":{"rendered":"http:\/\/www.sustavianfeed.eu\/proyecto\/impactos-y-resultados-esperados\/"},"modified":"2021-10-01T12:12:21","modified_gmt":"2021-10-01T12:12:21","slug":"impactos-y-resultados-esperados","status":"publish","type":"page","link":"https:\/\/sustavianfeed.eu\/es\/proyecto\/impactos-y-resultados-esperados\/","title":{"rendered":"Impactos y resultados esperados"},"content":{"rendered":"<div class=\"wpb-content-wrapper\"><p>[vc_row wrap_container=\u00bbyes\u00bb section_skin=\u00bbparallax\u00bb][vc_column]<div class=\"porto-animation overflow-hidden mb-2\" >[vc_custom_heading text=\u00bbIMPACTOS Y RESULTADOS ESPERADOS\u00bb font_container=\u00bbtag:p|text_align:left|color:%23acb4be|line_height:1&#8243; use_theme_fonts=\u00bbyes\u00bb text_transform=\u00bbtext-uppercase\u00bb font_weight=\u00bb700&#8243; animation_delay=\u00bb600&#8243; el_class=\u00bbmb-0&#8243; animation_type=\u00bbmaskUp\u00bb]<\/div><div class=\"porto-animation overflow-hidden mb-4\" >[vc_custom_heading text=\u00bbProyecto SUSTAvianFEED\u00bb font_container=\u00bbtag:h2|font_size:2.3em|text_align:left|line_height:1.2&#8243; use_theme_fonts=\u00bbyes\u00bb animation_delay=\u00bb800&#8243; el_class=\u00bbmb-0&#8243; animation_type=\u00bbmaskUp\u00bb]<\/div>[vc_row_inner][vc_column_inner width=\u00bb1\/2&#8243; animation_delay=\u00bb800&#8243; offset=\u00bbvc_col-lg-7&#8243; animation_type=\u00bbfadeInUp\u00bb][vc_column_text css=\u00bb.vc_custom_1631630307772{margin-bottom: 0px !important;}\u00bb]El proyecto SUSTAvianFEED contribuir\u00e1 a las principales estrategias europeas e internacionales para el desarrollo sostenible, tales como:[\/vc_column_text][\/vc_column_inner][vc_column_inner width=\u00bb1\/2&#8243; animation_delay=\u00bb1000&#8243; offset=\u00bbvc_col-lg-offset-2 vc_col-lg-10&#8243; css=\u00bb.vc_custom_1632825790116{background-image: url(https:\/\/sustavianfeed.eu\/wp-content\/uploads\/2021\/09\/isotipo-gris.png?id=554) !important;background-position: center !important;background-repeat: no-repeat !important;background-size: contain !important;}\u00bb animation_type=\u00bbfadeInUp\u00bb]<style>#porto-info-list77382976669e7d4e30793e i { color: #727071; }<\/style><ul id=\"porto-info-list77382976669e7d4e30793e\" class=\"porto-info-list  wpb_custom_6b8d17899bae59ff863d4468edb28428\"><li class=\"porto-info-list-item  wpb_custom_fbf438c496d8f482b7cd13fc69257e0e\"><i class=\"porto-info-icon fas fa-angle-double-right\"><\/i><div class=\"porto-info-list-item-desc\"><span style=\"color: #c8d261;\"><strong>Pacto Verde Europeo<\/strong><\/span><\/div><\/li><li class=\"porto-info-list-item  wpb_custom_fbf438c496d8f482b7cd13fc69257e0e\"><i class=\"porto-info-icon fas fa-angle-double-right\"><\/i><div class=\"porto-info-list-item-desc\"><span style=\"color: #ffdc6e;\"><strong> Objetivos de desarrollo sostenible (ODS)<\/strong><\/span><\/div><\/li><li class=\"porto-info-list-item  wpb_custom_fbf438c496d8f482b7cd13fc69257e0e\"><i class=\"porto-info-icon fas fa-angle-double-right\"><\/i><div class=\"porto-info-list-item-desc\"><span style=\"color: #99cfcf;\"><strong> Agenda de Investigaci\u00f3n e Innovaci\u00f3n Estrat\u00e9gica PRIMA (SRIA)<\/strong><\/span><\/div><\/li><li class=\"porto-info-list-item  wpb_custom_fbf438c496d8f482b7cd13fc69257e0e\"><i class=\"porto-info-icon fas fa-angle-double-right\"><\/i><div class=\"porto-info-list-item-desc\"><span style=\"color: #e6694d;\"><strong> Plan de acci\u00f3n de econom\u00eda circular de la Comisi\u00f3n Europea<\/strong><\/span><\/div><\/li><\/ul>[\/vc_column_inner][\/vc_row_inner][\/vc_column][\/vc_row][vc_row wrap_container=\u00bbyes\u00bb][vc_column][vc_row_inner][vc_column_inner animation_delay=\u00bb1100&#8243; offset=\u00bbvc_col-lg-8&#8243; animation_type=\u00bbfadeInUp\u00bb][vc_column_text]<\/p>\n<h3><span style=\"font-size: 20px;\">Adem\u00e1s, contribuir\u00e1 a los impactos referidos en el tema de la propuesta. SUSTAvianFEED tiene un gran impacto potencial en la pr\u00e1ctica agr\u00edcola y el entorno social humano, como se describe a continuaci\u00f3n:<\/span><\/h3>\n<p>[\/vc_column_text][\/vc_column_inner][\/vc_row_inner][vc_row_inner][vc_column_inner width=\u00bb1\/2&#8243;]<div class=\"porto-process wpb_custom_aa84c36a6a947f6099708744f0f74b68\"><div class=\"process-step\" data-appear-animation=\"fadeInUp\" data-appear-animation-delay=\"1200\"><div class=\"process-step-circle\"><strong class=\"process-step-circle-content\">01<\/strong><\/div><div class=\"process-step-content\"><h4 class=\"step-item-title\"><\/h4><div class=\"process-step-desc\">Reducci\u00f3n de al menos un 10-15% de las emisiones de GEI por kg de alimento av\u00edcola en comparaci\u00f3n con los tradicionales.<\/div><\/div><\/div><div class=\"process-step\" data-appear-animation=\"fadeInUp\" data-appear-animation-delay=\"1300\"><div class=\"process-step-circle\"><strong class=\"process-step-circle-content\">02<\/strong><\/div><div class=\"process-step-content\"><h4 class=\"step-item-title\"><\/h4><div class=\"process-step-desc\">La mejora del uso de subproductos agr\u00edcolas para producir insectos contribuir\u00e1 a la econom\u00eda circular.<\/div><\/div><\/div><div class=\"process-step\" data-appear-animation=\"fadeInUp\" data-appear-animation-delay=\"1400\"><div class=\"process-step-circle\"><strong class=\"process-step-circle-content\">03<\/strong><\/div><div class=\"process-step-content\"><h4 class=\"step-item-title\"><\/h4><div class=\"process-step-desc\">Contribuci\u00f3n a la conservaci\u00f3n de la biodiversidad av\u00edcola promoviendo el uso de razas av\u00edcolas aut\u00f3ctonas e h\u00edbridos locales en Espa\u00f1a, Italia, T\u00fanez y Turqu\u00eda.<\/div><\/div><\/div><div class=\"process-step\" data-appear-animation=\"fadeInUp\" data-appear-animation-delay=\"1500\"><div class=\"process-step-circle\"><strong class=\"process-step-circle-content\">04<\/strong><\/div><div class=\"process-step-content\"><h4 class=\"step-item-title\"><\/h4><div class=\"process-step-desc\">Reducci\u00f3n del costo de la alimentaci\u00f3n mediante la promoci\u00f3n del uso de subproductos locales.<\/div><\/div><\/div><\/div>[\/vc_column_inner][vc_column_inner width=\u00bb1\/2&#8243;]<div class=\"porto-process wpb_custom_aa84c36a6a947f6099708744f0f74b68\"><div class=\"process-step\" data-appear-animation=\"fadeInUp\" data-appear-animation-delay=\"1500\"><div class=\"process-step-circle\"><strong class=\"process-step-circle-content\">05<\/strong><\/div><div class=\"process-step-content\"><h4 class=\"step-item-title\"><\/h4><div class=\"process-step-desc\">Promover sistemas mixtos de cultivo y ganado, que incluyan la cr\u00eda de insectos (para valorizar los desechos agr\u00edcolas), pr\u00e1cticas alternativas de alimentaci\u00f3n de aves de corral (incluidos insectos y subproductos agr\u00edcolas), promoviendo as\u00ed la econom\u00eda circular.<\/div><\/div><\/div><div class=\"process-step\" data-appear-animation=\"fadeInUp\" data-appear-animation-delay=\"1600\"><div class=\"process-step-circle\"><strong class=\"process-step-circle-content\">06<\/strong><\/div><div class=\"process-step-content\"><h4 class=\"step-item-title\"><\/h4><div class=\"process-step-desc\">Crecimiento socioecon\u00f3mico de los peque\u00f1os agricultores de las zonas rurales marginadas del Mediterr\u00e1neo, gracias a los productos av\u00edcolas de alta calidad.<\/div><\/div><\/div><div class=\"process-step\" data-appear-animation=\"fadeInUp\" data-appear-animation-delay=\"1700\"><div class=\"process-step-circle\"><strong class=\"process-step-circle-content\">07<\/strong><\/div><div class=\"process-step-content\"><h4 class=\"step-item-title\"><\/h4><div class=\"process-step-desc\">Implementaci\u00f3n de la igualdad de g\u00e9nero y el empoderamiento de la mujer de las regiones mediterr\u00e1neas, con un enfoque espec\u00edfico en T\u00fanez.<\/div><\/div><\/div><\/div>[\/vc_column_inner][\/vc_row_inner][\/vc_column][\/vc_row]<\/p>\n<\/div>","protected":false},"excerpt":{"rendered":"<p>[vc_row wrap_container=\u00bbyes\u00bb section_skin=\u00bbparallax\u00bb][vc_column][vc_row_inner][vc_column_inner width=\u00bb1\/2&#8243; animation_delay=\u00bb800&#8243; offset=\u00bbvc_col-lg-7&#8243; animation_type=\u00bbfadeInUp\u00bb][vc_column_text css=\u00bb.vc_custom_1631630307772{margin-bottom: 0px !important;}\u00bb]El proyecto SUSTAvianFEED contribuir\u00e1 a las principales estrategias europeas e internacionales para el desarrollo sostenible, tales como:[\/vc_column_text][\/vc_column_inner][vc_column_inner width=\u00bb1\/2&#8243; animation_delay=\u00bb1000&#8243; offset=\u00bbvc_col-lg-offset-2 vc_col-lg-10&#8243; css=\u00bb.vc_custom_1632825790116{background-image: url(https:\/\/sustavianfeed.eu\/wp-content\/uploads\/2021\/09\/isotipo-gris.png?id=554) !important;background-position: center !important;background-repeat: no-repeat !important;background-size: contain !important;}\u00bb animation_type=\u00bbfadeInUp\u00bb][\/vc_column_inner][\/vc_row_inner][\/vc_column][\/vc_row][vc_row wrap_container=\u00bbyes\u00bb][vc_column][vc_row_inner][vc_column_inner animation_delay=\u00bb1100&#8243; offset=\u00bbvc_col-lg-8&#8243; animation_type=\u00bbfadeInUp\u00bb][vc_column_text] Adem\u00e1s, contribuir\u00e1 a los impactos referidos en el tema de la [&hellip;]<\/p>\n","protected":false},"author":1,"featured_media":0,"parent":1366,"menu_order":0,"comment_status":"closed","ping_status":"closed","template":"","meta":{"footnotes":""},"class_list":["post-1403","page","type-page","status-publish","hentry"],"yoast_head":"<!-- This site is optimized with the Yoast SEO plugin v26.4 - https:\/\/yoast.com\/wordpress\/plugins\/seo\/ -->\n<title>Impactos y resultados esperados - SUSTAvianFEED<\/title>\n<meta name=\"robots\" content=\"index, follow, max-snippet:-1, max-image-preview:large, max-video-preview:-1\" \/>\n<link rel=\"canonical\" href=\"https:\/\/sustavianfeed.eu\/es\/proyecto\/impactos-y-resultados-esperados\/\" \/>\n<meta property=\"og:locale\" content=\"es_ES\" \/>\n<meta property=\"og:type\" content=\"article\" \/>\n<meta property=\"og:title\" content=\"Impactos y resultados esperados - SUSTAvianFEED\" \/>\n<meta property=\"og:description\" content=\"[vc_row wrap_container=\u00bbyes\u00bb section_skin=\u00bbparallax\u00bb][vc_column][vc_row_inner][vc_column_inner width=\u00bb1\/2&#8243; animation_delay=\u00bb800&#8243; offset=\u00bbvc_col-lg-7&#8243; animation_type=\u00bbfadeInUp\u00bb][vc_column_text css=\u00bb.vc_custom_1631630307772{margin-bottom: 0px !important;}\u00bb]El proyecto SUSTAvianFEED contribuir\u00e1 a las principales estrategias europeas e internacionales para el desarrollo sostenible, tales como:[\/vc_column_text][\/vc_column_inner][vc_column_inner width=\u00bb1\/2&#8243; animation_delay=\u00bb1000&#8243; offset=\u00bbvc_col-lg-offset-2 vc_col-lg-10&#8243; css=\u00bb.vc_custom_1632825790116{background-image: url(https:\/\/sustavianfeed.eu\/wp-content\/uploads\/2021\/09\/isotipo-gris.png?id=554) !important;background-position: center !important;background-repeat: no-repeat !important;background-size: contain !important;}\u00bb animation_type=\u00bbfadeInUp\u00bb][\/vc_column_inner][\/vc_row_inner][\/vc_column][\/vc_row][vc_row wrap_container=\u00bbyes\u00bb][vc_column][vc_row_inner][vc_column_inner animation_delay=\u00bb1100&#8243; offset=\u00bbvc_col-lg-8&#8243; animation_type=\u00bbfadeInUp\u00bb][vc_column_text] Adem\u00e1s, contribuir\u00e1 a los impactos referidos en el tema de la [&hellip;]\" \/>\n<meta property=\"og:url\" content=\"https:\/\/sustavianfeed.eu\/es\/proyecto\/impactos-y-resultados-esperados\/\" \/>\n<meta property=\"og:site_name\" content=\"SUSTAvianFEED\" \/>\n<meta property=\"article:publisher\" content=\"https:\/\/www.facebook.com\/SUSTAvianFEED\" \/>\n<meta property=\"article:modified_time\" content=\"2021-10-01T12:12:21+00:00\" \/>\n<meta name=\"twitter:card\" content=\"summary_large_image\" \/>\n<meta name=\"twitter:label1\" content=\"Tiempo de lectura\" \/>\n\t<meta name=\"twitter:data1\" content=\"3 minutos\" \/>\n<script type=\"application\/ld+json\" class=\"yoast-schema-graph\">{\"@context\":\"https:\/\/schema.org\",\"@graph\":[{\"@type\":\"WebPage\",\"@id\":\"https:\/\/sustavianfeed.eu\/es\/proyecto\/impactos-y-resultados-esperados\/\",\"url\":\"https:\/\/sustavianfeed.eu\/es\/proyecto\/impactos-y-resultados-esperados\/\",\"name\":\"Impactos y resultados esperados - SUSTAvianFEED\",\"isPartOf\":{\"@id\":\"https:\/\/sustavianfeed.eu\/es\/#website\"},\"datePublished\":\"2021-10-01T12:12:20+00:00\",\"dateModified\":\"2021-10-01T12:12:21+00:00\",\"breadcrumb\":{\"@id\":\"https:\/\/sustavianfeed.eu\/es\/proyecto\/impactos-y-resultados-esperados\/#breadcrumb\"},\"inLanguage\":\"es\",\"potentialAction\":[{\"@type\":\"ReadAction\",\"target\":[\"https:\/\/sustavianfeed.eu\/es\/proyecto\/impactos-y-resultados-esperados\/\"]}]},{\"@type\":\"BreadcrumbList\",\"@id\":\"https:\/\/sustavianfeed.eu\/es\/proyecto\/impactos-y-resultados-esperados\/#breadcrumb\",\"itemListElement\":[{\"@type\":\"ListItem\",\"position\":1,\"name\":\"Home\",\"item\":\"https:\/\/sustavianfeed.eu\/es\/\"},{\"@type\":\"ListItem\",\"position\":2,\"name\":\"Proyecto\",\"item\":\"https:\/\/sustavianfeed.eu\/es\/proyecto\/\"},{\"@type\":\"ListItem\",\"position\":3,\"name\":\"Impactos y resultados esperados\"}]},{\"@type\":\"WebSite\",\"@id\":\"https:\/\/sustavianfeed.eu\/es\/#website\",\"url\":\"https:\/\/sustavianfeed.eu\/es\/\",\"name\":\"SUSTAvianFEED\",\"description\":\"Innovative and sustainable poultry feedings programs\",\"publisher\":{\"@id\":\"https:\/\/sustavianfeed.eu\/es\/#organization\"},\"potentialAction\":[{\"@type\":\"SearchAction\",\"target\":{\"@type\":\"EntryPoint\",\"urlTemplate\":\"https:\/\/sustavianfeed.eu\/es\/?s={search_term_string}\"},\"query-input\":{\"@type\":\"PropertyValueSpecification\",\"valueRequired\":true,\"valueName\":\"search_term_string\"}}],\"inLanguage\":\"es\"},{\"@type\":\"Organization\",\"@id\":\"https:\/\/sustavianfeed.eu\/es\/#organization\",\"name\":\"SUSTAvianFEED\",\"url\":\"https:\/\/sustavianfeed.eu\/es\/\",\"logo\":{\"@type\":\"ImageObject\",\"inLanguage\":\"es\",\"@id\":\"https:\/\/sustavianfeed.eu\/es\/#\/schema\/logo\/image\/\",\"url\":\"https:\/\/sustavianfeed.eu\/wp-content\/uploads\/2021\/09\/LOGO_SUSTavianFEED_color-footer.png\",\"contentUrl\":\"https:\/\/sustavianfeed.eu\/wp-content\/uploads\/2021\/09\/LOGO_SUSTavianFEED_color-footer.png\",\"width\":400,\"height\":286,\"caption\":\"SUSTAvianFEED\"},\"image\":{\"@id\":\"https:\/\/sustavianfeed.eu\/es\/#\/schema\/logo\/image\/\"},\"sameAs\":[\"https:\/\/www.facebook.com\/SUSTAvianFEED\",\"https:\/\/www.linkedin.com\/groups\/12560654\/\"]}]}<\/script>\n<!-- \/ Yoast SEO plugin. -->","yoast_head_json":{"title":"Impactos y resultados esperados - SUSTAvianFEED","robots":{"index":"index","follow":"follow","max-snippet":"max-snippet:-1","max-image-preview":"max-image-preview:large","max-video-preview":"max-video-preview:-1"},"canonical":"https:\/\/sustavianfeed.eu\/es\/proyecto\/impactos-y-resultados-esperados\/","og_locale":"es_ES","og_type":"article","og_title":"Impactos y resultados esperados - SUSTAvianFEED","og_description":"[vc_row wrap_container=\u00bbyes\u00bb section_skin=\u00bbparallax\u00bb][vc_column][vc_row_inner][vc_column_inner width=\u00bb1\/2&#8243; animation_delay=\u00bb800&#8243; offset=\u00bbvc_col-lg-7&#8243; animation_type=\u00bbfadeInUp\u00bb][vc_column_text css=\u00bb.vc_custom_1631630307772{margin-bottom: 0px !important;}\u00bb]El proyecto SUSTAvianFEED contribuir\u00e1 a las principales estrategias europeas e internacionales para el desarrollo sostenible, tales como:[\/vc_column_text][\/vc_column_inner][vc_column_inner width=\u00bb1\/2&#8243; animation_delay=\u00bb1000&#8243; offset=\u00bbvc_col-lg-offset-2 vc_col-lg-10&#8243; css=\u00bb.vc_custom_1632825790116{background-image: url(https:\/\/sustavianfeed.eu\/wp-content\/uploads\/2021\/09\/isotipo-gris.png?id=554) !important;background-position: center !important;background-repeat: no-repeat !important;background-size: contain !important;}\u00bb animation_type=\u00bbfadeInUp\u00bb][\/vc_column_inner][\/vc_row_inner][\/vc_column][\/vc_row][vc_row wrap_container=\u00bbyes\u00bb][vc_column][vc_row_inner][vc_column_inner animation_delay=\u00bb1100&#8243; offset=\u00bbvc_col-lg-8&#8243; animation_type=\u00bbfadeInUp\u00bb][vc_column_text] Adem\u00e1s, contribuir\u00e1 a los impactos referidos en el tema de la [&hellip;]","og_url":"https:\/\/sustavianfeed.eu\/es\/proyecto\/impactos-y-resultados-esperados\/","og_site_name":"SUSTAvianFEED","article_publisher":"https:\/\/www.facebook.com\/SUSTAvianFEED","article_modified_time":"2021-10-01T12:12:21+00:00","twitter_card":"summary_large_image","twitter_misc":{"Tiempo de lectura":"3 minutos"},"schema":{"@context":"https:\/\/schema.org","@graph":[{"@type":"WebPage","@id":"https:\/\/sustavianfeed.eu\/es\/proyecto\/impactos-y-resultados-esperados\/","url":"https:\/\/sustavianfeed.eu\/es\/proyecto\/impactos-y-resultados-esperados\/","name":"Impactos y resultados esperados - SUSTAvianFEED","isPartOf":{"@id":"https:\/\/sustavianfeed.eu\/es\/#website"},"datePublished":"2021-10-01T12:12:20+00:00","dateModified":"2021-10-01T12:12:21+00:00","breadcrumb":{"@id":"https:\/\/sustavianfeed.eu\/es\/proyecto\/impactos-y-resultados-esperados\/#breadcrumb"},"inLanguage":"es","potentialAction":[{"@type":"ReadAction","target":["https:\/\/sustavianfeed.eu\/es\/proyecto\/impactos-y-resultados-esperados\/"]}]},{"@type":"BreadcrumbList","@id":"https:\/\/sustavianfeed.eu\/es\/proyecto\/impactos-y-resultados-esperados\/#breadcrumb","itemListElement":[{"@type":"ListItem","position":1,"name":"Home","item":"https:\/\/sustavianfeed.eu\/es\/"},{"@type":"ListItem","position":2,"name":"Proyecto","item":"https:\/\/sustavianfeed.eu\/es\/proyecto\/"},{"@type":"ListItem","position":3,"name":"Impactos y resultados esperados"}]},{"@type":"WebSite","@id":"https:\/\/sustavianfeed.eu\/es\/#website","url":"https:\/\/sustavianfeed.eu\/es\/","name":"SUSTAvianFEED","description":"Innovative and sustainable poultry feedings programs","publisher":{"@id":"https:\/\/sustavianfeed.eu\/es\/#organization"},"potentialAction":[{"@type":"SearchAction","target":{"@type":"EntryPoint","urlTemplate":"https:\/\/sustavianfeed.eu\/es\/?s={search_term_string}"},"query-input":{"@type":"PropertyValueSpecification","valueRequired":true,"valueName":"search_term_string"}}],"inLanguage":"es"},{"@type":"Organization","@id":"https:\/\/sustavianfeed.eu\/es\/#organization","name":"SUSTAvianFEED","url":"https:\/\/sustavianfeed.eu\/es\/","logo":{"@type":"ImageObject","inLanguage":"es","@id":"https:\/\/sustavianfeed.eu\/es\/#\/schema\/logo\/image\/","url":"https:\/\/sustavianfeed.eu\/wp-content\/uploads\/2021\/09\/LOGO_SUSTavianFEED_color-footer.png","contentUrl":"https:\/\/sustavianfeed.eu\/wp-content\/uploads\/2021\/09\/LOGO_SUSTavianFEED_color-footer.png","width":400,"height":286,"caption":"SUSTAvianFEED"},"image":{"@id":"https:\/\/sustavianfeed.eu\/es\/#\/schema\/logo\/image\/"},"sameAs":["https:\/\/www.facebook.com\/SUSTAvianFEED","https:\/\/www.linkedin.com\/groups\/12560654\/"]}]}},"_links":{"self":[{"href":"https:\/\/sustavianfeed.eu\/es\/wp-json\/wp\/v2\/pages\/1403","targetHints":{"allow":["GET"]}}],"collection":[{"href":"https:\/\/sustavianfeed.eu\/es\/wp-json\/wp\/v2\/pages"}],"about":[{"href":"https:\/\/sustavianfeed.eu\/es\/wp-json\/wp\/v2\/types\/page"}],"author":[{"embeddable":true,"href":"https:\/\/sustavianfeed.eu\/es\/wp-json\/wp\/v2\/users\/1"}],"replies":[{"embeddable":true,"href":"https:\/\/sustavianfeed.eu\/es\/wp-json\/wp\/v2\/comments?post=1403"}],"version-history":[{"count":2,"href":"https:\/\/sustavianfeed.eu\/es\/wp-json\/wp\/v2\/pages\/1403\/revisions"}],"predecessor-version":[{"id":1405,"href":"https:\/\/sustavianfeed.eu\/es\/wp-json\/wp\/v2\/pages\/1403\/revisions\/1405"}],"up":[{"embeddable":true,"href":"https:\/\/sustavianfeed.eu\/es\/wp-json\/wp\/v2\/pages\/1366"}],"wp:attachment":[{"href":"https:\/\/sustavianfeed.eu\/es\/wp-json\/wp\/v2\/media?parent=1403"}],"curies":[{"name":"wp","href":"https:\/\/api.w.org\/{rel}","templated":true}]}}