{"id":1366,"date":"2021-10-01T10:41:12","date_gmt":"2021-10-01T10:41:12","guid":{"rendered":"http:\/\/www.sustavianfeed.eu\/proyecto\/"},"modified":"2021-10-01T10:41:18","modified_gmt":"2021-10-01T10:41:18","slug":"proyecto","status":"publish","type":"page","link":"https:\/\/sustavianfeed.eu\/es\/proyecto\/","title":{"rendered":"Proyecto"},"content":{"rendered":"<div class=\"wpb-content-wrapper\"><p>[vc_row wrap_container=\u00bbyes\u00bb is_section=\u00bbyes\u00bb section_skin=\u00bbparallax\u00bb animation_delay=\u00bb1000&#8243; animation_type=\u00bbfadeInUp\u00bb][vc_column width=\u00bb1\/2&#8243;][vc_custom_heading text=\u00bbProyecto\u00bb font_container=\u00bbtag:p|text_align:left|color:%23acb4be\u00bb use_theme_fonts=\u00bbyes\u00bb text_transform=\u00bbtext-uppercase\u00bb font_weight=\u00bb700&#8243; animation_delay=\u00bb700&#8243; el_class=\u00bbmb-1&#8243; animation_type=\u00bbfadeInUp\u00bb][vc_custom_heading text=\u00bbProyecto SUSTAvianFEED\u00bb font_container=\u00bbtag:h2|font_size:2.3em|text_align:left|line_height:1.2&#8243; use_theme_fonts=\u00bbyes\u00bb letter_spacing=\u00bb-1px\u00bb animation_delay=\u00bb900&#8243; el_class=\u00bbpb-3 mb-4&#8243; animation_type=\u00bbfadeInUp\u00bb][vc_column_text]<\/p>\n<p class=\"p1\">El reciente informe especial del IPCC sobre el cambio clim\u00e1tico y la tierra enfatiza que ser\u00e1 imposible mantener las temperaturas globales en niveles seguros a menos que haya una transformaci\u00f3n en la forma en que el mundo produce alimentos y administra la tierra.<\/p>\n<p class=\"p1\">Estima que<b> 25-30% de las emisiones globales de gases de efecto invernadero son consecuencia del sistema alimentario<\/b> , que contribuye en gran medida a la contaminaci\u00f3n del aire, el suelo y el agua, y a la p\u00e9rdida de biodiversidad.<\/p>\n<p class=\"p1\">Al mismo tiempo,<b> El cambio clim\u00e1tico afectar\u00e1 gravemente a la producci\u00f3n agr\u00edcola.<\/b> (reduciendo los rendimientos y la tierra disponible para la agricultura), con dram\u00e1ticas consecuencias para los medios de vida y las comunidades rurales, entre otros<span class=\"s1\"> .<\/span><\/p>\n<p class=\"p1\"><b>La producci\u00f3n y el procesamiento de piensos representan la mayor\u00eda de las emisiones del sector.<\/b> (45% seg\u00fan la FAO) debido al gran consumo de recursos, el gran consumo de energ\u00eda y agua del proceso, la enorme cantidad de cambios de uso del suelo y problemas de deforestaci\u00f3n.<\/p>\n<p class=\"p1\">La Uni\u00f3n Europea importa una gran cantidad de materias primas del sector de la alimentaci\u00f3n pecuaria, especialmente soja (85% de la soja, 24% de ma\u00edz y 8% de trigo y ma\u00edz consumidos). Se importan 14 millones de toneladas de soja al a\u00f1o para alimentar a nuestros animales, lo que aumenta el impacto del sector agroalimentario en el cambio clim\u00e1tico y reduce la autonom\u00eda de la regi\u00f3n.<\/p>\n<blockquote>\n<p class=\"p1\"><span style=\"font-size: 20px;\"><b>Es necesario introducir pr\u00e1cticas sostenibles basadas en principios de econom\u00eda circular. <\/b><\/span><\/p>\n<\/blockquote>\n<p>Las nuevas cadenas alimentarias deben ser respetuosas con el medio ambiente, fomentar las econom\u00edas locales y tener en cuenta los aspectos sociales. La producci\u00f3n de piensos ser\u00e1 la corriente principal de este cambio.[\/vc_column_text][\/vc_column][vc_column width=\u00bb1\/2&#8243;][vc_single_image image=\u00bb1335&#8243; img_size=\u00bbfull\u00bb animation_delay=\u00bb1500&#8243; animation_type=\u00bbfadeInLeft\u00bb el_class=\u00bbmb-0&#8243;][vc_column_text]<\/p>\n<p style=\"font-size: 11px; text-align: left;\">Archivar Slow Food<\/p>\n<p>[\/vc_column_text][vc_column_text]<strong><span style=\"font-size: 20px;\">SUSTAvianFEED tiene como objetivo demostrar sistemas innovadores de avicultura mediante la inclusi\u00f3n de alimentaci\u00f3n animal sostenible. El proyecto desarrollar\u00e1 una f\u00f3rmula nutricional sostenible para la avicultura en la que los insectos jugar\u00e1n un papel clave y que conducir\u00e1 a un enfoque innovador de la avicultura.<\/span><\/strong><\/p>\n<p>SUSTAvianFEED (subvenci\u00f3n n\u00famero 2015), forma parte del programa PRIMA (Asociaci\u00f3n para la investigaci\u00f3n y la innovaci\u00f3n en el \u00e1rea mediterr\u00e1nea), apoyado por la Uni\u00f3n Europea. Est\u00e1 compuesto por ocho socios de cuatro pa\u00edses mediterr\u00e1neos. Tiene un presupuesto total de 2.593.463,09 \u20ac incluyendo una contribuci\u00f3n PRIMA de 2.299.388,46 \u20ac. Este proyecto de cuatro a\u00f1os se ejecutar\u00e1 desde abril de 2021 hasta marzo de 2025.[\/vc_column_text][\/vc_column][\/vc_row][vc_row wrap_container=\u00bbyes\u00bb el_class=\u00bbmt-4&#8243;][vc_column][vc_separator color=\u00bbcustom\u00bb style=\u00bbsolid\u00bb el_class=\u00bbmy-5&#8243;]<div class=\"porto-animation overflow-hidden mb-2 pt-4\" >[vc_custom_heading text=\u00bbQUIENES ESTAN CON NOSOTROS\u00bb font_container=\u00bbtag:p|text_align:center|color:%23acb4be|line_height:1&#8243; use_theme_fonts=\u00bbyes\u00bb text_transform=\u00bbtext-uppercase\u00bb font_weight=\u00bb700&#8243; animation_delay=\u00bb200&#8243; el_class=\u00bbmt-3 mb-0&#8243; animation_type=\u00bbmaskUp\u00bb]<\/div><div class=\"porto-animation overflow-hidden mb-5\" >[vc_custom_heading text=\u00bbNuestros compa\u00f1eros\u00bb font_container=\u00bbtag:h2|font_size:2.3em|text_align:center|line_height:1.2&#8243; use_theme_fonts=\u00bbyes\u00bb letter_spacing=\u00bb-1px\u00bb animation_delay=\u00bb400&#8243; el_class=\u00bbmb-0&#8243; animation_type=\u00bbmaskUp\u00bb]<\/div>[vc_row_inner content_placement=\u00bbmiddle\u00bb el_class=\u00bbpb-4 justify-content-center\u00bb][vc_column_inner width=\u00bb1\/3&#8243; offset=\u00bbvc_col-lg-3&#8243;][vc_single_image image=\u00bb1167&#8243; img_size=\u00bbfull\u00bb alignment=\u00bbcenter\u00bb animation_delay=\u00bb500&#8243; el_class=\u00bbmb-5&#8243; animation_type=\u00bbzoomIn\u00bb][\/vc_column_inner][vc_column_inner width=\u00bb1\/3&#8243; offset=\u00bbvc_col-lg-3&#8243;][vc_single_image image=\u00bb1175&#8243; img_size=\u00bbfull\u00bb alignment=\u00bbcenter\u00bb animation_delay=\u00bb1000&#8243; el_class=\u00bbmb-5 mw-200&#8243; animation_type=\u00bbzoomIn\u00bb][\/vc_column_inner][vc_column_inner width=\u00bb1\/3&#8243; offset=\u00bbvc_col-lg-3&#8243;][vc_single_image image=\u00bb1179&#8243; img_size=\u00bbfull\u00bb alignment=\u00bbcenter\u00bb animation_delay=\u00bb900&#8243; el_class=\u00bbmb-5&#8243; animation_type=\u00bbzoomIn\u00bb][\/vc_column_inner][vc_column_inner width=\u00bb1\/3&#8243; offset=\u00bbvc_col-lg-3&#8243;][vc_single_image image=\u00bb1319&#8243; img_size=\u00bbfull\u00bb alignment=\u00bbcenter\u00bb animation_delay=\u00bb600&#8243; el_class=\u00bbmb-5 mw-220&#8243; animation_type=\u00bbzoomIn\u00bb][\/vc_column_inner][vc_column_inner width=\u00bb1\/3&#8243; offset=\u00bbvc_col-lg-3&#8243;][vc_single_image image=\u00bb1171&#8243; img_size=\u00bbfull\u00bb alignment=\u00bbcenter\u00bb animation_delay=\u00bb1200&#8243; el_class=\u00bbmb-5&#8243; animation_type=\u00bbzoomIn\u00bb][\/vc_column_inner][vc_column_inner width=\u00bb1\/3&#8243; offset=\u00bbvc_col-lg-3&#8243;][vc_single_image image=\u00bb1191&#8243; img_size=\u00bbfull\u00bb alignment=\u00bbcenter\u00bb animation_delay=\u00bb500&#8243; el_class=\u00bbmb-5 mw-200&#8243; animation_type=\u00bbzoomIn\u00bb][\/vc_column_inner][vc_column_inner width=\u00bb1\/3&#8243; offset=\u00bbvc_col-lg-3&#8243;][vc_single_image image=\u00bb1195&#8243; img_size=\u00bbfull\u00bb alignment=\u00bbcenter\u00bb animation_delay=\u00bb800&#8243; el_class=\u00bbmb-5 mw-220&#8243; animation_type=\u00bbzoomIn\u00bb][\/vc_column_inner][vc_column_inner width=\u00bb1\/3&#8243; offset=\u00bbvc_col-lg-3&#8243;][vc_single_image image=\u00bb1263&#8243; img_size=\u00bbfull\u00bb alignment=\u00bbcenter\u00bb animation_delay=\u00bb1100&#8243; el_class=\u00bbmb-5 mw-180&#8243; animation_type=\u00bbzoomIn\u00bb label=\u00bb\u00bb][\/vc_column_inner][\/vc_row_inner][\/vc_column][\/vc_row]<\/p>\n<\/div>","protected":false},"excerpt":{"rendered":"<p>[vc_row wrap_container=\u00bbyes\u00bb is_section=\u00bbyes\u00bb section_skin=\u00bbparallax\u00bb animation_delay=\u00bb1000&#8243; animation_type=\u00bbfadeInUp\u00bb][vc_column width=\u00bb1\/2&#8243;][vc_custom_heading text=\u00bbProyecto\u00bb font_container=\u00bbtag:p|text_align:left|color:%23acb4be\u00bb use_theme_fonts=\u00bbyes\u00bb text_transform=\u00bbtext-uppercase\u00bb font_weight=\u00bb700&#8243; animation_delay=\u00bb700&#8243; el_class=\u00bbmb-1&#8243; animation_type=\u00bbfadeInUp\u00bb][vc_custom_heading text=\u00bbProyecto SUSTAvianFEED\u00bb font_container=\u00bbtag:h2|font_size:2.3em|text_align:left|line_height:1.2&#8243; use_theme_fonts=\u00bbyes\u00bb letter_spacing=\u00bb-1px\u00bb animation_delay=\u00bb900&#8243; el_class=\u00bbpb-3 mb-4&#8243; animation_type=\u00bbfadeInUp\u00bb][vc_column_text] El reciente informe especial del IPCC sobre el cambio clim\u00e1tico y la tierra enfatiza que ser\u00e1 imposible mantener las temperaturas globales en niveles seguros a menos que haya una transformaci\u00f3n en [&hellip;]<\/p>\n","protected":false},"author":1,"featured_media":0,"parent":0,"menu_order":0,"comment_status":"closed","ping_status":"closed","template":"","meta":{"footnotes":""},"class_list":["post-1366","page","type-page","status-publish","hentry"],"yoast_head":"<!-- This site is optimized with the Yoast SEO plugin v26.4 - https:\/\/yoast.com\/wordpress\/plugins\/seo\/ -->\n<title>Proyecto - SUSTAvianFEED<\/title>\n<meta name=\"robots\" content=\"index, follow, max-snippet:-1, max-image-preview:large, max-video-preview:-1\" \/>\n<link rel=\"canonical\" href=\"https:\/\/sustavianfeed.eu\/es\/proyecto\/\" \/>\n<meta property=\"og:locale\" content=\"es_ES\" \/>\n<meta property=\"og:type\" content=\"article\" \/>\n<meta property=\"og:title\" content=\"Proyecto - SUSTAvianFEED\" \/>\n<meta property=\"og:description\" content=\"[vc_row wrap_container=\u00bbyes\u00bb is_section=\u00bbyes\u00bb section_skin=\u00bbparallax\u00bb animation_delay=\u00bb1000&#8243; animation_type=\u00bbfadeInUp\u00bb][vc_column width=\u00bb1\/2&#8243;][vc_custom_heading text=\u00bbProyecto\u00bb font_container=\u00bbtag:p|text_align:left|color:%23acb4be\u00bb use_theme_fonts=\u00bbyes\u00bb text_transform=\u00bbtext-uppercase\u00bb font_weight=\u00bb700&#8243; animation_delay=\u00bb700&#8243; el_class=\u00bbmb-1&#8243; animation_type=\u00bbfadeInUp\u00bb][vc_custom_heading text=\u00bbProyecto SUSTAvianFEED\u00bb font_container=\u00bbtag:h2|font_size:2.3em|text_align:left|line_height:1.2&#8243; use_theme_fonts=\u00bbyes\u00bb letter_spacing=\u00bb-1px\u00bb animation_delay=\u00bb900&#8243; el_class=\u00bbpb-3 mb-4&#8243; animation_type=\u00bbfadeInUp\u00bb][vc_column_text] El reciente informe especial del IPCC sobre el cambio clim\u00e1tico y la tierra enfatiza que ser\u00e1 imposible mantener las temperaturas globales en niveles seguros a menos que haya una transformaci\u00f3n en [&hellip;]\" \/>\n<meta property=\"og:url\" content=\"https:\/\/sustavianfeed.eu\/es\/proyecto\/\" \/>\n<meta property=\"og:site_name\" content=\"SUSTAvianFEED\" \/>\n<meta property=\"article:publisher\" content=\"https:\/\/www.facebook.com\/SUSTAvianFEED\" \/>\n<meta property=\"article:modified_time\" content=\"2021-10-01T10:41:18+00:00\" \/>\n<meta name=\"twitter:card\" content=\"summary_large_image\" \/>\n<meta name=\"twitter:label1\" content=\"Tiempo de lectura\" \/>\n\t<meta name=\"twitter:data1\" content=\"4 minutos\" \/>\n<script type=\"application\/ld+json\" class=\"yoast-schema-graph\">{\"@context\":\"https:\/\/schema.org\",\"@graph\":[{\"@type\":\"WebPage\",\"@id\":\"https:\/\/sustavianfeed.eu\/es\/proyecto\/\",\"url\":\"https:\/\/sustavianfeed.eu\/es\/proyecto\/\",\"name\":\"Proyecto - SUSTAvianFEED\",\"isPartOf\":{\"@id\":\"https:\/\/sustavianfeed.eu\/es\/#website\"},\"datePublished\":\"2021-10-01T10:41:12+00:00\",\"dateModified\":\"2021-10-01T10:41:18+00:00\",\"breadcrumb\":{\"@id\":\"https:\/\/sustavianfeed.eu\/es\/proyecto\/#breadcrumb\"},\"inLanguage\":\"es\",\"potentialAction\":[{\"@type\":\"ReadAction\",\"target\":[\"https:\/\/sustavianfeed.eu\/es\/proyecto\/\"]}]},{\"@type\":\"BreadcrumbList\",\"@id\":\"https:\/\/sustavianfeed.eu\/es\/proyecto\/#breadcrumb\",\"itemListElement\":[{\"@type\":\"ListItem\",\"position\":1,\"name\":\"Home\",\"item\":\"https:\/\/sustavianfeed.eu\/es\/\"},{\"@type\":\"ListItem\",\"position\":2,\"name\":\"Proyecto\"}]},{\"@type\":\"WebSite\",\"@id\":\"https:\/\/sustavianfeed.eu\/es\/#website\",\"url\":\"https:\/\/sustavianfeed.eu\/es\/\",\"name\":\"SUSTAvianFEED\",\"description\":\"Innovative and sustainable poultry feedings programs\",\"publisher\":{\"@id\":\"https:\/\/sustavianfeed.eu\/es\/#organization\"},\"potentialAction\":[{\"@type\":\"SearchAction\",\"target\":{\"@type\":\"EntryPoint\",\"urlTemplate\":\"https:\/\/sustavianfeed.eu\/es\/?s={search_term_string}\"},\"query-input\":{\"@type\":\"PropertyValueSpecification\",\"valueRequired\":true,\"valueName\":\"search_term_string\"}}],\"inLanguage\":\"es\"},{\"@type\":\"Organization\",\"@id\":\"https:\/\/sustavianfeed.eu\/es\/#organization\",\"name\":\"SUSTAvianFEED\",\"url\":\"https:\/\/sustavianfeed.eu\/es\/\",\"logo\":{\"@type\":\"ImageObject\",\"inLanguage\":\"es\",\"@id\":\"https:\/\/sustavianfeed.eu\/es\/#\/schema\/logo\/image\/\",\"url\":\"https:\/\/sustavianfeed.eu\/wp-content\/uploads\/2021\/09\/LOGO_SUSTavianFEED_color-footer.png\",\"contentUrl\":\"https:\/\/sustavianfeed.eu\/wp-content\/uploads\/2021\/09\/LOGO_SUSTavianFEED_color-footer.png\",\"width\":400,\"height\":286,\"caption\":\"SUSTAvianFEED\"},\"image\":{\"@id\":\"https:\/\/sustavianfeed.eu\/es\/#\/schema\/logo\/image\/\"},\"sameAs\":[\"https:\/\/www.facebook.com\/SUSTAvianFEED\",\"https:\/\/www.linkedin.com\/groups\/12560654\/\"]}]}<\/script>\n<!-- \/ Yoast SEO plugin. -->","yoast_head_json":{"title":"Proyecto - SUSTAvianFEED","robots":{"index":"index","follow":"follow","max-snippet":"max-snippet:-1","max-image-preview":"max-image-preview:large","max-video-preview":"max-video-preview:-1"},"canonical":"https:\/\/sustavianfeed.eu\/es\/proyecto\/","og_locale":"es_ES","og_type":"article","og_title":"Proyecto - SUSTAvianFEED","og_description":"[vc_row wrap_container=\u00bbyes\u00bb is_section=\u00bbyes\u00bb section_skin=\u00bbparallax\u00bb animation_delay=\u00bb1000&#8243; animation_type=\u00bbfadeInUp\u00bb][vc_column width=\u00bb1\/2&#8243;][vc_custom_heading text=\u00bbProyecto\u00bb font_container=\u00bbtag:p|text_align:left|color:%23acb4be\u00bb use_theme_fonts=\u00bbyes\u00bb text_transform=\u00bbtext-uppercase\u00bb font_weight=\u00bb700&#8243; animation_delay=\u00bb700&#8243; el_class=\u00bbmb-1&#8243; animation_type=\u00bbfadeInUp\u00bb][vc_custom_heading text=\u00bbProyecto SUSTAvianFEED\u00bb font_container=\u00bbtag:h2|font_size:2.3em|text_align:left|line_height:1.2&#8243; use_theme_fonts=\u00bbyes\u00bb letter_spacing=\u00bb-1px\u00bb animation_delay=\u00bb900&#8243; el_class=\u00bbpb-3 mb-4&#8243; animation_type=\u00bbfadeInUp\u00bb][vc_column_text] El reciente informe especial del IPCC sobre el cambio clim\u00e1tico y la tierra enfatiza que ser\u00e1 imposible mantener las temperaturas globales en niveles seguros a menos que haya una transformaci\u00f3n en [&hellip;]","og_url":"https:\/\/sustavianfeed.eu\/es\/proyecto\/","og_site_name":"SUSTAvianFEED","article_publisher":"https:\/\/www.facebook.com\/SUSTAvianFEED","article_modified_time":"2021-10-01T10:41:18+00:00","twitter_card":"summary_large_image","twitter_misc":{"Tiempo de lectura":"4 minutos"},"schema":{"@context":"https:\/\/schema.org","@graph":[{"@type":"WebPage","@id":"https:\/\/sustavianfeed.eu\/es\/proyecto\/","url":"https:\/\/sustavianfeed.eu\/es\/proyecto\/","name":"Proyecto - SUSTAvianFEED","isPartOf":{"@id":"https:\/\/sustavianfeed.eu\/es\/#website"},"datePublished":"2021-10-01T10:41:12+00:00","dateModified":"2021-10-01T10:41:18+00:00","breadcrumb":{"@id":"https:\/\/sustavianfeed.eu\/es\/proyecto\/#breadcrumb"},"inLanguage":"es","potentialAction":[{"@type":"ReadAction","target":["https:\/\/sustavianfeed.eu\/es\/proyecto\/"]}]},{"@type":"BreadcrumbList","@id":"https:\/\/sustavianfeed.eu\/es\/proyecto\/#breadcrumb","itemListElement":[{"@type":"ListItem","position":1,"name":"Home","item":"https:\/\/sustavianfeed.eu\/es\/"},{"@type":"ListItem","position":2,"name":"Proyecto"}]},{"@type":"WebSite","@id":"https:\/\/sustavianfeed.eu\/es\/#website","url":"https:\/\/sustavianfeed.eu\/es\/","name":"SUSTAvianFEED","description":"Innovative and sustainable poultry feedings programs","publisher":{"@id":"https:\/\/sustavianfeed.eu\/es\/#organization"},"potentialAction":[{"@type":"SearchAction","target":{"@type":"EntryPoint","urlTemplate":"https:\/\/sustavianfeed.eu\/es\/?s={search_term_string}"},"query-input":{"@type":"PropertyValueSpecification","valueRequired":true,"valueName":"search_term_string"}}],"inLanguage":"es"},{"@type":"Organization","@id":"https:\/\/sustavianfeed.eu\/es\/#organization","name":"SUSTAvianFEED","url":"https:\/\/sustavianfeed.eu\/es\/","logo":{"@type":"ImageObject","inLanguage":"es","@id":"https:\/\/sustavianfeed.eu\/es\/#\/schema\/logo\/image\/","url":"https:\/\/sustavianfeed.eu\/wp-content\/uploads\/2021\/09\/LOGO_SUSTavianFEED_color-footer.png","contentUrl":"https:\/\/sustavianfeed.eu\/wp-content\/uploads\/2021\/09\/LOGO_SUSTavianFEED_color-footer.png","width":400,"height":286,"caption":"SUSTAvianFEED"},"image":{"@id":"https:\/\/sustavianfeed.eu\/es\/#\/schema\/logo\/image\/"},"sameAs":["https:\/\/www.facebook.com\/SUSTAvianFEED","https:\/\/www.linkedin.com\/groups\/12560654\/"]}]}},"_links":{"self":[{"href":"https:\/\/sustavianfeed.eu\/es\/wp-json\/wp\/v2\/pages\/1366","targetHints":{"allow":["GET"]}}],"collection":[{"href":"https:\/\/sustavianfeed.eu\/es\/wp-json\/wp\/v2\/pages"}],"about":[{"href":"https:\/\/sustavianfeed.eu\/es\/wp-json\/wp\/v2\/types\/page"}],"author":[{"embeddable":true,"href":"https:\/\/sustavianfeed.eu\/es\/wp-json\/wp\/v2\/users\/1"}],"replies":[{"embeddable":true,"href":"https:\/\/sustavianfeed.eu\/es\/wp-json\/wp\/v2\/comments?post=1366"}],"version-history":[{"count":2,"href":"https:\/\/sustavianfeed.eu\/es\/wp-json\/wp\/v2\/pages\/1366\/revisions"}],"predecessor-version":[{"id":1370,"href":"https:\/\/sustavianfeed.eu\/es\/wp-json\/wp\/v2\/pages\/1366\/revisions\/1370"}],"wp:attachment":[{"href":"https:\/\/sustavianfeed.eu\/es\/wp-json\/wp\/v2\/media?parent=1366"}],"curies":[{"name":"wp","href":"https:\/\/api.w.org\/{rel}","templated":true}]}}