{"id":1346,"date":"2021-10-01T10:30:29","date_gmt":"2021-10-01T10:30:29","guid":{"rendered":"http:\/\/www.sustavianfeed.eu\/hogar\/"},"modified":"2021-10-01T11:23:55","modified_gmt":"2021-10-01T11:23:55","slug":"inicio","status":"publish","type":"page","link":"https:\/\/sustavianfeed.eu\/es\/","title":{"rendered":"Inicio"},"content":{"rendered":"<div class=\"wpb-content-wrapper\"><p>[vc_row wrap_container=\u00bbyes\u00bb css=\u00bb.vc_custom_1633087399111{padding-top: 200px !important;padding-bottom: 200px !important;background-image: url(https:\/\/sustavianfeed.eu\/wp-content\/uploads\/2021\/09\/img-slider-osc.png?id=462) !important;background-position: center !important;background-repeat: no-repeat !important;background-size: cover !important;}\u00bb][vc_column offset=\u00bbvc_col-lg-7&#8243;][vc_custom_heading text=\u00bbSUSTAvianFEED\u00bb font_container=\u00bbtag:h1|font_size:3.9375em|text_align:left|line_height:1.1&#8243; use_theme_fonts=\u00bbyes\u00bb text_transform=\u00bbtext-uppercase\u00bb font_weight=\u00bb800&#8243; skin=\u00bblight\u00bb letter_spacing=\u00bb-.016em\u00bb animation_delay=\u00bb300&#8243; el_class=\u00bbpb-2 mb-2 mb-xl-4 title-home\u00bb animation_type=\u00bbfadeInUp\u00bb][vc_custom_heading text=\u00bbAlimentos alternativos para animales en razas av\u00edcolas mediterr\u00e1neas para la obtenci\u00f3n de productos sostenibles.<br \/>\nUn enfoque tangible para un sector ganadero m\u00e1s sostenible basado en principios de econom\u00eda circular.\u00bb font_container=\u00bbtag:p|font_size:2em|text_align:left|color:%23ffffff|line_height:1.5&#8243; use_theme_fonts=\u00bbyes\u00bb animation_delay=\u00bb500&#8243; el_class=\u00bbpr-5 pb-3 mb-2 mb-xl-4 sub-slider\u00bb animation_type=\u00bbfadeInUp\u00bb][\/vc_column][\/vc_row][vc_row wrap_container=\u00bbyes\u00bb is_section=\u00bbyes\u00bb section_skin=\u00bbparallax\u00bb][vc_column][vc_row_inner][vc_column_inner][vc_custom_heading text=\u00bbPROYECTO\u00bb font_container=\u00bbtag:p|text_align:left|color:%23acb4be\u00bb use_theme_fonts=\u00bbyes\u00bb text_transform=\u00bbtext-uppercase\u00bb font_weight=\u00bb700&#8243; animation_delay=\u00bb700&#8243; animation_type=\u00bbfadeInUp\u00bb el_class=\u00bbmb-1&#8243;][vc_custom_heading text=\u00bbLas nuevas cadenas alimentarias deben ser respetuosas con el medio ambiente, fomentar las econom\u00edas locales y tener en cuenta los aspectos sociales. La producci\u00f3n de piensos ser\u00e1 la corriente principal de este cambio. SUSTAvianFEED tiene como objetivo demostrar sistemas innovadores de avicultura mediante la inclusi\u00f3n de la alimentaci\u00f3n animal sostenible: el proyecto desarrollar\u00e1 una f\u00f3rmula nutricional sostenible para la avicultura en la que los insectos jugar\u00e1n un papel clave y que conducir\u00e1 a un enfoque innovador de la avicultura.\u00bb font_container=\u00bbtag:h2|font_size:2em|text_align:left|line_height:1.5&#8243; use_theme_fonts=\u00bbyes\u00bb letter_spacing=\u00bb-1px\u00bb animation_delay=\u00bb900&#8243; el_class=\u00bbpb-3 mb-4&#8243; animation_type=\u00bbfadeInUp\u00bb][\/vc_column_inner][\/vc_row_inner][vc_row_inner][vc_column_inner offset=\u00bbvc_col-lg-offset-2 vc_col-lg-10 vc_col-md-12&#8243;]<div class=\"porto-sicon-box icon-home 01  wpb_custom_57b2f0b3fa19df924383501c5963e284 style_1 default-icon\" data-appear-animation=\"fadeInUp\" data-appear-animation-delay=\"1000\"><div class=\"porto-sicon-default\"><div id=\"porto-icon-134653602869dc19fe0db29\" class=\"porto-just-icon-wrapper porto-sicon-img\" style=\"font-size: 80px;\"><img loading=\"lazy\" decoding=\"async\" class=\"img-icon\" alt=\"\" src=\"https:\/\/sustavianfeed.eu\/wp-content\/uploads\/2021\/09\/icono-04.png\" width=\"200\" height=\"204\" \/><\/div><\/div><div class=\"porto-sicon-header\"><h3 class=\"porto-sicon-title\" style=\"\">Sistema de avicultura innovador y sostenible<\/h3><\/div> <!-- header --><\/div><!-- porto-sicon-box --><div class=\"porto-sicon-box  vc_custom_1632148285002 icon-home 02  wpb_custom_57b2f0b3fa19df924383501c5963e284 style_1 default-icon\" data-appear-animation=\"fadeInUp\" data-appear-animation-delay=\"1100\"><div class=\"porto-sicon-default\"><div id=\"porto-icon-48299684869dc19fe0e3c1\" class=\"porto-just-icon-wrapper porto-sicon-img\" style=\"font-size: 80px;\"><img loading=\"lazy\" decoding=\"async\" class=\"img-icon\" alt=\"\" src=\"https:\/\/sustavianfeed.eu\/wp-content\/uploads\/2021\/09\/icono-03.png\" width=\"200\" height=\"197\" \/><\/div><\/div><div class=\"porto-sicon-header\"><h3 class=\"porto-sicon-title\" style=\"\">Investigaci\u00f3n e innovaci\u00f3n en el desarrollo de una f\u00f3rmula nutricional sostenible<\/h3><\/div> <!-- header --><\/div><!-- porto-sicon-box --><div class=\"porto-sicon-box  vc_custom_1632148294044 icon-home 03  wpb_custom_57b2f0b3fa19df924383501c5963e284 style_1 default-icon\" data-appear-animation=\"fadeInUp\" data-appear-animation-delay=\"1200\"><div class=\"porto-sicon-default\"><div id=\"porto-icon-152357592069dc19fe0ebd6\" class=\"porto-just-icon-wrapper porto-sicon-img\" style=\"font-size: 80px;\"><img loading=\"lazy\" decoding=\"async\" class=\"img-icon\" alt=\"\" src=\"https:\/\/sustavianfeed.eu\/wp-content\/uploads\/2021\/09\/icono-01.png\" width=\"200\" height=\"205\" \/><\/div><\/div><div class=\"porto-sicon-header\"><h3 class=\"porto-sicon-title\" style=\"\">Aspectos sociales, promoci\u00f3n de la igualdad de g\u00e9nero y empoderamiento de la mujer<\/h3><\/div> <!-- header --><\/div><!-- porto-sicon-box --><div class=\"porto-sicon-box  vc_custom_1632148301100 icon-home 04  wpb_custom_57b2f0b3fa19df924383501c5963e284 style_1 default-icon\" data-appear-animation=\"fadeInUp\" data-appear-animation-delay=\"1300\"><div class=\"porto-sicon-default\"><div id=\"porto-icon-169668859269dc19fe0f409\" class=\"porto-just-icon-wrapper porto-sicon-img\" style=\"font-size: 80px;\"><img loading=\"lazy\" decoding=\"async\" class=\"img-icon\" alt=\"\" src=\"https:\/\/sustavianfeed.eu\/wp-content\/uploads\/2021\/09\/icono-02.png\" width=\"200\" height=\"214\" \/><\/div><\/div><div class=\"porto-sicon-header\"><h3 class=\"porto-sicon-title\" style=\"\">Pr\u00e1cticas agr\u00edcolas sostenibles basadas en principios de econom\u00eda circular.<\/h3><\/div> <!-- header --><\/div><!-- porto-sicon-box -->[\/vc_column_inner][\/vc_row_inner][\/vc_column][\/vc_row][vc_row wrap_container=\u00bbyes\u00bb][vc_column][vc_separator color=\u00bbcustom\u00bb style=\u00bbsolid\u00bb el_class=\u00bbmy-5&#8243;]<div class=\"porto-animation overflow-hidden pt-4 mb-2\" >[vc_custom_heading text=\u00bbRecursos\u00bb font_container=\u00bbtag:p|text_align:center|color:%23acb4be|line_height:1&#8243; use_theme_fonts=\u00bbyes\u00bb text_transform=\u00bbtext-uppercase\u00bb font_weight=\u00bb700&#8243; animation_delay=\u00bb300&#8243; el_class=\u00bbpt-3 mb-0&#8243; animation_type=\u00bbmaskUp\u00bb]<\/div><div class=\"porto-animation mb-5 overflow-hidden\" >[vc_custom_heading text=\u00bbNoticias de SUSTAvianFEED\u00bb font_container=\u00bbtag:h2|font_size:2.3em|text_align:center|line_height:1.2&#8243; use_theme_fonts=\u00bbyes\u00bb letter_spacing=\u00bb-1px\u00bb animation_delay=\u00bb500&#8243; el_class=\u00bbmb-0&#8243; animation_type=\u00bbmaskUp\u00bb]<\/div><div id=\"porto-blog-7377\" class=\"porto-blog wpb_content_element  pb-3 pt-4 mb-5  wpb_custom_9c745ac33a8bb4820cfc6b89805915cc\" data-appear-animation=\"fadeInUp\" data-appear-animation-delay=\"400\">\t\t<div class=\"blog-posts posts-grid blog-posts-no_margin\">\r\n\t\t\t<div class=\"posts-container row\">\r\n\t\t\r\n<article class=\"post post-grid col-md-6 col-lg-4 post-title-simple post-3688 post type-post status-publish format-standard hentry category-estudios\">\r\n\t<div class=\"grid-box\">\r\n\t\t\r\n\t\t<!-- Post meta before content -->\r\n\t\t<div class=\"post-meta\"><span class=\"meta-date\"><i class=\"far fa-calendar-alt\"><\/i>24 de marzo de 2025<\/span><\/div><div class=\"post-meta\"><span class=\"meta-author\"><i class=\"far fa-user\"><\/i>By <a href=\"https:\/\/sustavianfeed.eu\/es\/author\/sus25726\/\" title=\"Entradas de SUSTAvianFEED\" rel=\"author\">SUSTAvianFEED<\/a><\/span><span class=\"meta-comments\"><i class=\"far fa-comments\"><\/i><a href=\"https:\/\/sustavianfeed.eu\/es\/alternativas-sostenibles-a-los-piensos-a-base-de-soja-en-la-dieta-de-los-pollos\/#respond\" title=\"Comment on Alternativas sostenibles a los piensos a base de soja en la dieta de los pollos\">0 Comments<\/a><\/span><\/div>\t\t<div class=\"post-content\">\r\n\r\n\t\t\t<h4 class=\"entry-title\"><a href=\"https:\/\/sustavianfeed.eu\/es\/alternativas-sostenibles-a-los-piensos-a-base-de-soja-en-la-dieta-de-los-pollos\/\">Alternativas sostenibles a los piensos a base de soja en la dieta de los pollos<\/a><\/h4>\r\n\t\t\t<span class=\"vcard\" style=\"display: none;\"><span class=\"fn\"><a href=\"https:\/\/sustavianfeed.eu\/es\/author\/sus25726\/\" title=\"Entradas de SUSTAvianFEED\" rel=\"author\">SUSTAvianFEED<\/a><\/span><\/span><span class=\"updated\" style=\"display:none\">2025-03-24T15:03:36+00:00<\/span><p class=\"post-excerpt\">\n\n\nLa alimentaci\u00f3n es crucial en la huella medioambiental de la agricultura, y el desarrollo de nuevas opciones de alimentaci\u00f3n tiene...<\/p>\t\t\t\t\t<\/div>\r\n\t\t<!-- Post meta after content -->\r\n\t\t\t\t<div class=\"clearfix\">\r\n\t\t\t<a class=\"btn btn-xs btn-default text-xs text-uppercase btn-readmore\" href=\"https:\/\/sustavianfeed.eu\/es\/alternativas-sostenibles-a-los-piensos-a-base-de-soja-en-la-dieta-de-los-pollos\/\">Read more...<\/a>\r\n\t\t<\/div>\r\n\t<\/div>\r\n<\/article>\r\n\r\n<article class=\"post post-grid col-md-6 col-lg-4 post-title-simple post-3672 post type-post status-publish format-standard has-post-thumbnail hentry category-estudios category-noticias-de-sustavianfeed\">\r\n\t<div class=\"grid-box\">\r\n\t\t\t<div class=\"post-image single\">\r\n\t\t<div class=\"post-slideshow porto-carousel owl-carousel has-ccols ccols-1  nav-inside nav-inside-center nav-style-2 show-nav-hover\" data-plugin-options='{\"nav\":true}'>\r\n\t\t\t\t\t\t\t\t\t\t\t<a href=\"https:\/\/sustavianfeed.eu\/es\/el-potencial-de-la-alimentacion-avicola-sostenible-directrices-para-pequenos-productores\/\" aria-label=\"post image\">\r\n\t\t\t\t\t\t\t\t<div class=\"img-thumbnail\">\r\n\t\t\t\t\t\t<img loading=\"lazy\" decoding=\"async\" width=\"1366\" height=\"768\" src=\"https:\/\/sustavianfeed.eu\/wp-content\/uploads\/2025\/03\/cover-sustavianfeed-2.png\" class=\"owl-lazy img-responsive\" alt=\"\" srcset=\"https:\/\/sustavianfeed.eu\/wp-content\/uploads\/2025\/03\/cover-sustavianfeed-2.png 1366w, https:\/\/sustavianfeed.eu\/wp-content\/uploads\/2025\/03\/cover-sustavianfeed-2-1024x576.png 1024w, https:\/\/sustavianfeed.eu\/wp-content\/uploads\/2025\/03\/cover-sustavianfeed-2-768x432.png 768w, https:\/\/sustavianfeed.eu\/wp-content\/uploads\/2025\/03\/cover-sustavianfeed-2-640x360.png 640w, https:\/\/sustavianfeed.eu\/wp-content\/uploads\/2025\/03\/cover-sustavianfeed-2-400x225.png 400w, https:\/\/sustavianfeed.eu\/wp-content\/uploads\/2025\/03\/cover-sustavianfeed-2-367x206.png 367w\" sizes=\"auto, (max-width: 1366px) 100vw, 1366px\" \/>\t\t\t\t\t\t\t\t\t\t\t<\/div>\r\n\t\t\t\t\t\t\t\t<\/a>\r\n\t\t\t\t\t\t\t\t<\/div>\r\n\t\t\r\n\t\t\t<\/div>\r\n\t\r\n\t\t<!-- Post meta before content -->\r\n\t\t<div class=\"post-meta\"><span class=\"meta-date\"><i class=\"far fa-calendar-alt\"><\/i>24 de marzo de 2025<\/span><\/div><div class=\"post-meta\"><span class=\"meta-author\"><i class=\"far fa-user\"><\/i>By <a href=\"https:\/\/sustavianfeed.eu\/es\/author\/sus25726\/\" title=\"Entradas de SUSTAvianFEED\" rel=\"author\">SUSTAvianFEED<\/a><\/span><span class=\"meta-comments\"><i class=\"far fa-comments\"><\/i><a href=\"https:\/\/sustavianfeed.eu\/es\/el-potencial-de-la-alimentacion-avicola-sostenible-directrices-para-pequenos-productores\/#respond\" title=\"Comment on El potencial de la alimentaci\u00f3n av\u00edcola sostenible: Directrices para peque\u00f1os productores\">0 Comments<\/a><\/span><\/div>\t\t<div class=\"post-content\">\r\n\r\n\t\t\t<h4 class=\"entry-title\"><a href=\"https:\/\/sustavianfeed.eu\/es\/el-potencial-de-la-alimentacion-avicola-sostenible-directrices-para-pequenos-productores\/\">El potencial de la alimentaci\u00f3n av\u00edcola sostenible: Directrices para peque\u00f1os productores<\/a><\/h4>\r\n\t\t\t<span class=\"vcard\" style=\"display: none;\"><span class=\"fn\"><a href=\"https:\/\/sustavianfeed.eu\/es\/author\/sus25726\/\" title=\"Entradas de SUSTAvianFEED\" rel=\"author\">SUSTAvianFEED<\/a><\/span><\/span><span class=\"updated\" style=\"display:none\">2025-03-24T15:04:08+00:00<\/span><p class=\"post-excerpt\">\n\n\n\n\nEn muchas zonas rurales, los ganaderos dependen en gran medida de los piensos importados, lo que les hace vulnerables a...<\/p>\t\t\t\t\t<\/div>\r\n\t\t<!-- Post meta after content -->\r\n\t\t\t\t<div class=\"clearfix\">\r\n\t\t\t<a class=\"btn btn-xs btn-default text-xs text-uppercase btn-readmore\" href=\"https:\/\/sustavianfeed.eu\/es\/el-potencial-de-la-alimentacion-avicola-sostenible-directrices-para-pequenos-productores\/\">Read more...<\/a>\r\n\t\t<\/div>\r\n\t<\/div>\r\n<\/article>\r\n\r\n<article class=\"post post-grid col-md-6 col-lg-4 post-title-simple post-2971 post type-post status-publish format-standard has-post-thumbnail hentry category-sin-categorizar tag-biodiversidad tag-razas tag-sostenibilidad\">\r\n\t<div class=\"grid-box\">\r\n\t\t\t<div class=\"post-image single\">\r\n\t\t<div class=\"post-slideshow porto-carousel owl-carousel has-ccols ccols-1  nav-inside nav-inside-center nav-style-2 show-nav-hover\" data-plugin-options='{\"nav\":true}'>\r\n\t\t\t\t\t\t\t\t\t\t\t<a href=\"https:\/\/sustavianfeed.eu\/es\/la-biodiversidad-y-las-razas-autoctonas-un-camino-sostenible-para-recuperar-la-tradicion\/\" aria-label=\"post image\">\r\n\t\t\t\t\t\t\t\t<div class=\"img-thumbnail\">\r\n\t\t\t\t\t\t<img loading=\"lazy\" decoding=\"async\" width=\"800\" height=\"600\" src=\"https:\/\/sustavianfeed.eu\/wp-content\/uploads\/2023\/09\/slow-food-archive.png\" class=\"owl-lazy img-responsive\" alt=\"\" srcset=\"https:\/\/sustavianfeed.eu\/wp-content\/uploads\/2023\/09\/slow-food-archive.png 800w, https:\/\/sustavianfeed.eu\/wp-content\/uploads\/2023\/09\/slow-food-archive-768x576.png 768w, https:\/\/sustavianfeed.eu\/wp-content\/uploads\/2023\/09\/slow-food-archive-463x348.png 463w, https:\/\/sustavianfeed.eu\/wp-content\/uploads\/2023\/09\/slow-food-archive-640x480.png 640w, https:\/\/sustavianfeed.eu\/wp-content\/uploads\/2023\/09\/slow-food-archive-400x300.png 400w, https:\/\/sustavianfeed.eu\/wp-content\/uploads\/2023\/09\/slow-food-archive-367x275.png 367w\" sizes=\"auto, (max-width: 800px) 100vw, 800px\" \/>\t\t\t\t\t\t\t\t\t\t\t<\/div>\r\n\t\t\t\t\t\t\t\t<\/a>\r\n\t\t\t\t\t\t\t\t<\/div>\r\n\t\t\r\n\t\t\t<\/div>\r\n\t\r\n\t\t<!-- Post meta before content -->\r\n\t\t<div class=\"post-meta\"><span class=\"meta-date\"><i class=\"far fa-calendar-alt\"><\/i>19 de septiembre de 2023<\/span><\/div><div class=\"post-meta\"><span class=\"meta-author\"><i class=\"far fa-user\"><\/i>By <a href=\"https:\/\/sustavianfeed.eu\/es\/author\/sus25726\/\" title=\"Entradas de SUSTAvianFEED\" rel=\"author\">SUSTAvianFEED<\/a><\/span><span class=\"meta-comments\"><i class=\"far fa-comments\"><\/i><a href=\"https:\/\/sustavianfeed.eu\/es\/la-biodiversidad-y-las-razas-autoctonas-un-camino-sostenible-para-recuperar-la-tradicion\/#respond\" title=\"Comment on La biodiversidad y las razas aut\u00f3ctonas: Un camino sostenible para recuperar la tradici\u00f3n\">0 Comments<\/a><\/span><\/div>\t\t<div class=\"post-content\">\r\n\r\n\t\t\t<h4 class=\"entry-title\"><a href=\"https:\/\/sustavianfeed.eu\/es\/la-biodiversidad-y-las-razas-autoctonas-un-camino-sostenible-para-recuperar-la-tradicion\/\">La biodiversidad y las razas aut\u00f3ctonas: Un camino sostenible para recuperar la tradici\u00f3n<\/a><\/h4>\r\n\t\t\t<span class=\"vcard\" style=\"display: none;\"><span class=\"fn\"><a href=\"https:\/\/sustavianfeed.eu\/es\/author\/sus25726\/\" title=\"Entradas de SUSTAvianFEED\" rel=\"author\">SUSTAvianFEED<\/a><\/span><\/span><span class=\"updated\" style=\"display:none\">2023-09-25T13:04:18+00:00<\/span><p class=\"post-excerpt\">\nEn los \u00faltimos tiempos, el mundo ha tomado conciencia de la urgencia de un renacimiento ecol\u00f3gico y de la necesidad...<\/p>\t\t\t\t\t<\/div>\r\n\t\t<!-- Post meta after content -->\r\n\t\t\t\t<div class=\"clearfix\">\r\n\t\t\t<a class=\"btn btn-xs btn-default text-xs text-uppercase btn-readmore\" href=\"https:\/\/sustavianfeed.eu\/es\/la-biodiversidad-y-las-razas-autoctonas-un-camino-sostenible-para-recuperar-la-tradicion\/\">Read more...<\/a>\r\n\t\t<\/div>\r\n\t<\/div>\r\n<\/article>\r\n\r\n\t\r\n\t\t\t<\/div>\r\n\t\t<\/div>\r\n\r\n\t\r\n\t\r\n\t<\/div>[\/vc_column][\/vc_row]<\/p>\n<\/div>","protected":false},"excerpt":{"rendered":"<p>[vc_row wrap_container=\u00bbyes\u00bb css=\u00bb.vc_custom_1633087399111{padding-top: 200px !important;padding-bottom: 200px !important;background-image: url(https:\/\/sustavianfeed.eu\/wp-content\/uploads\/2021\/09\/img-slider-osc.png?id=462) !important;background-position: center !important;background-repeat: no-repeat !important;background-size: cover !important;}\u00bb][vc_column offset=\u00bbvc_col-lg-7&#8243;][vc_custom_heading text=\u00bbSUSTAvianFEED\u00bb font_container=\u00bbtag:h1|font_size:3.9375em|text_align:left|line_height:1.1&#8243; use_theme_fonts=\u00bbyes\u00bb text_transform=\u00bbtext-uppercase\u00bb font_weight=\u00bb800&#8243; skin=\u00bblight\u00bb letter_spacing=\u00bb-.016em\u00bb animation_delay=\u00bb300&#8243; el_class=\u00bbpb-2 mb-2 mb-xl-4 title-home\u00bb animation_type=\u00bbfadeInUp\u00bb][vc_custom_heading text=\u00bbAlimentos alternativos para animales en razas av\u00edcolas mediterr\u00e1neas para la obtenci\u00f3n de productos sostenibles. Un enfoque tangible para un sector ganadero m\u00e1s sostenible basado en principios [&hellip;]<\/p>\n","protected":false},"author":1,"featured_media":0,"parent":0,"menu_order":0,"comment_status":"closed","ping_status":"closed","template":"","meta":{"footnotes":""},"class_list":["post-1346","page","type-page","status-publish","hentry"],"yoast_head":"<!-- This site is optimized with the Yoast SEO plugin v26.4 - https:\/\/yoast.com\/wordpress\/plugins\/seo\/ -->\n<title>Inicio - SUSTAvianFEED<\/title>\n<meta name=\"robots\" content=\"index, follow, max-snippet:-1, max-image-preview:large, max-video-preview:-1\" \/>\n<link rel=\"canonical\" href=\"https:\/\/sustavianfeed.eu\/es\/\" \/>\n<meta property=\"og:locale\" content=\"es_ES\" \/>\n<meta property=\"og:type\" content=\"article\" \/>\n<meta property=\"og:title\" content=\"Inicio - SUSTAvianFEED\" \/>\n<meta property=\"og:description\" content=\"[vc_row wrap_container=\u00bbyes\u00bb css=\u00bb.vc_custom_1633087399111{padding-top: 200px !important;padding-bottom: 200px !important;background-image: url(https:\/\/sustavianfeed.eu\/wp-content\/uploads\/2021\/09\/img-slider-osc.png?id=462) !important;background-position: center !important;background-repeat: no-repeat !important;background-size: cover !important;}\u00bb][vc_column offset=\u00bbvc_col-lg-7&#8243;][vc_custom_heading text=\u00bbSUSTAvianFEED\u00bb font_container=\u00bbtag:h1|font_size:3.9375em|text_align:left|line_height:1.1&#8243; use_theme_fonts=\u00bbyes\u00bb text_transform=\u00bbtext-uppercase\u00bb font_weight=\u00bb800&#8243; skin=\u00bblight\u00bb letter_spacing=\u00bb-.016em\u00bb animation_delay=\u00bb300&#8243; el_class=\u00bbpb-2 mb-2 mb-xl-4 title-home\u00bb animation_type=\u00bbfadeInUp\u00bb][vc_custom_heading text=\u00bbAlimentos alternativos para animales en razas av\u00edcolas mediterr\u00e1neas para la obtenci\u00f3n de productos sostenibles. Un enfoque tangible para un sector ganadero m\u00e1s sostenible basado en principios [&hellip;]\" \/>\n<meta property=\"og:url\" content=\"https:\/\/sustavianfeed.eu\/es\/\" \/>\n<meta property=\"og:site_name\" content=\"SUSTAvianFEED\" \/>\n<meta property=\"article:publisher\" content=\"https:\/\/www.facebook.com\/SUSTAvianFEED\" \/>\n<meta property=\"article:modified_time\" content=\"2021-10-01T11:23:55+00:00\" \/>\n<meta name=\"twitter:card\" content=\"summary_large_image\" \/>\n<meta name=\"twitter:label1\" content=\"Tiempo de lectura\" \/>\n\t<meta name=\"twitter:data1\" content=\"4 minutos\" \/>\n<script type=\"application\/ld+json\" class=\"yoast-schema-graph\">{\"@context\":\"https:\/\/schema.org\",\"@graph\":[{\"@type\":\"WebPage\",\"@id\":\"https:\/\/sustavianfeed.eu\/es\/\",\"url\":\"https:\/\/sustavianfeed.eu\/es\/\",\"name\":\"Inicio - SUSTAvianFEED\",\"isPartOf\":{\"@id\":\"https:\/\/sustavianfeed.eu\/es\/#website\"},\"datePublished\":\"2021-10-01T10:30:29+00:00\",\"dateModified\":\"2021-10-01T11:23:55+00:00\",\"breadcrumb\":{\"@id\":\"https:\/\/sustavianfeed.eu\/es\/#breadcrumb\"},\"inLanguage\":\"es\",\"potentialAction\":[{\"@type\":\"ReadAction\",\"target\":[\"https:\/\/sustavianfeed.eu\/es\/\"]}]},{\"@type\":\"BreadcrumbList\",\"@id\":\"https:\/\/sustavianfeed.eu\/es\/#breadcrumb\",\"itemListElement\":[{\"@type\":\"ListItem\",\"position\":1,\"name\":\"Home\",\"item\":\"https:\/\/sustavianfeed.eu\/es\/\"},{\"@type\":\"ListItem\",\"position\":2,\"name\":\"Inicio\"}]},{\"@type\":\"WebSite\",\"@id\":\"https:\/\/sustavianfeed.eu\/es\/#website\",\"url\":\"https:\/\/sustavianfeed.eu\/es\/\",\"name\":\"SUSTAvianFEED\",\"description\":\"Innovative and sustainable poultry feedings programs\",\"publisher\":{\"@id\":\"https:\/\/sustavianfeed.eu\/es\/#organization\"},\"potentialAction\":[{\"@type\":\"SearchAction\",\"target\":{\"@type\":\"EntryPoint\",\"urlTemplate\":\"https:\/\/sustavianfeed.eu\/es\/?s={search_term_string}\"},\"query-input\":{\"@type\":\"PropertyValueSpecification\",\"valueRequired\":true,\"valueName\":\"search_term_string\"}}],\"inLanguage\":\"es\"},{\"@type\":\"Organization\",\"@id\":\"https:\/\/sustavianfeed.eu\/es\/#organization\",\"name\":\"SUSTAvianFEED\",\"url\":\"https:\/\/sustavianfeed.eu\/es\/\",\"logo\":{\"@type\":\"ImageObject\",\"inLanguage\":\"es\",\"@id\":\"https:\/\/sustavianfeed.eu\/es\/#\/schema\/logo\/image\/\",\"url\":\"https:\/\/sustavianfeed.eu\/wp-content\/uploads\/2021\/09\/LOGO_SUSTavianFEED_color-footer.png\",\"contentUrl\":\"https:\/\/sustavianfeed.eu\/wp-content\/uploads\/2021\/09\/LOGO_SUSTavianFEED_color-footer.png\",\"width\":400,\"height\":286,\"caption\":\"SUSTAvianFEED\"},\"image\":{\"@id\":\"https:\/\/sustavianfeed.eu\/es\/#\/schema\/logo\/image\/\"},\"sameAs\":[\"https:\/\/www.facebook.com\/SUSTAvianFEED\",\"https:\/\/www.linkedin.com\/groups\/12560654\/\"]}]}<\/script>\n<!-- \/ Yoast SEO plugin. -->","yoast_head_json":{"title":"Inicio - SUSTAvianFEED","robots":{"index":"index","follow":"follow","max-snippet":"max-snippet:-1","max-image-preview":"max-image-preview:large","max-video-preview":"max-video-preview:-1"},"canonical":"https:\/\/sustavianfeed.eu\/es\/","og_locale":"es_ES","og_type":"article","og_title":"Inicio - SUSTAvianFEED","og_description":"[vc_row wrap_container=\u00bbyes\u00bb css=\u00bb.vc_custom_1633087399111{padding-top: 200px !important;padding-bottom: 200px !important;background-image: url(https:\/\/sustavianfeed.eu\/wp-content\/uploads\/2021\/09\/img-slider-osc.png?id=462) !important;background-position: center !important;background-repeat: no-repeat !important;background-size: cover !important;}\u00bb][vc_column offset=\u00bbvc_col-lg-7&#8243;][vc_custom_heading text=\u00bbSUSTAvianFEED\u00bb font_container=\u00bbtag:h1|font_size:3.9375em|text_align:left|line_height:1.1&#8243; use_theme_fonts=\u00bbyes\u00bb text_transform=\u00bbtext-uppercase\u00bb font_weight=\u00bb800&#8243; skin=\u00bblight\u00bb letter_spacing=\u00bb-.016em\u00bb animation_delay=\u00bb300&#8243; el_class=\u00bbpb-2 mb-2 mb-xl-4 title-home\u00bb animation_type=\u00bbfadeInUp\u00bb][vc_custom_heading text=\u00bbAlimentos alternativos para animales en razas av\u00edcolas mediterr\u00e1neas para la obtenci\u00f3n de productos sostenibles. Un enfoque tangible para un sector ganadero m\u00e1s sostenible basado en principios [&hellip;]","og_url":"https:\/\/sustavianfeed.eu\/es\/","og_site_name":"SUSTAvianFEED","article_publisher":"https:\/\/www.facebook.com\/SUSTAvianFEED","article_modified_time":"2021-10-01T11:23:55+00:00","twitter_card":"summary_large_image","twitter_misc":{"Tiempo de lectura":"4 minutos"},"schema":{"@context":"https:\/\/schema.org","@graph":[{"@type":"WebPage","@id":"https:\/\/sustavianfeed.eu\/es\/","url":"https:\/\/sustavianfeed.eu\/es\/","name":"Inicio - SUSTAvianFEED","isPartOf":{"@id":"https:\/\/sustavianfeed.eu\/es\/#website"},"datePublished":"2021-10-01T10:30:29+00:00","dateModified":"2021-10-01T11:23:55+00:00","breadcrumb":{"@id":"https:\/\/sustavianfeed.eu\/es\/#breadcrumb"},"inLanguage":"es","potentialAction":[{"@type":"ReadAction","target":["https:\/\/sustavianfeed.eu\/es\/"]}]},{"@type":"BreadcrumbList","@id":"https:\/\/sustavianfeed.eu\/es\/#breadcrumb","itemListElement":[{"@type":"ListItem","position":1,"name":"Home","item":"https:\/\/sustavianfeed.eu\/es\/"},{"@type":"ListItem","position":2,"name":"Inicio"}]},{"@type":"WebSite","@id":"https:\/\/sustavianfeed.eu\/es\/#website","url":"https:\/\/sustavianfeed.eu\/es\/","name":"SUSTAvianFEED","description":"Innovative and sustainable poultry feedings programs","publisher":{"@id":"https:\/\/sustavianfeed.eu\/es\/#organization"},"potentialAction":[{"@type":"SearchAction","target":{"@type":"EntryPoint","urlTemplate":"https:\/\/sustavianfeed.eu\/es\/?s={search_term_string}"},"query-input":{"@type":"PropertyValueSpecification","valueRequired":true,"valueName":"search_term_string"}}],"inLanguage":"es"},{"@type":"Organization","@id":"https:\/\/sustavianfeed.eu\/es\/#organization","name":"SUSTAvianFEED","url":"https:\/\/sustavianfeed.eu\/es\/","logo":{"@type":"ImageObject","inLanguage":"es","@id":"https:\/\/sustavianfeed.eu\/es\/#\/schema\/logo\/image\/","url":"https:\/\/sustavianfeed.eu\/wp-content\/uploads\/2021\/09\/LOGO_SUSTavianFEED_color-footer.png","contentUrl":"https:\/\/sustavianfeed.eu\/wp-content\/uploads\/2021\/09\/LOGO_SUSTavianFEED_color-footer.png","width":400,"height":286,"caption":"SUSTAvianFEED"},"image":{"@id":"https:\/\/sustavianfeed.eu\/es\/#\/schema\/logo\/image\/"},"sameAs":["https:\/\/www.facebook.com\/SUSTAvianFEED","https:\/\/www.linkedin.com\/groups\/12560654\/"]}]}},"_links":{"self":[{"href":"https:\/\/sustavianfeed.eu\/es\/wp-json\/wp\/v2\/pages\/1346","targetHints":{"allow":["GET"]}}],"collection":[{"href":"https:\/\/sustavianfeed.eu\/es\/wp-json\/wp\/v2\/pages"}],"about":[{"href":"https:\/\/sustavianfeed.eu\/es\/wp-json\/wp\/v2\/types\/page"}],"author":[{"embeddable":true,"href":"https:\/\/sustavianfeed.eu\/es\/wp-json\/wp\/v2\/users\/1"}],"replies":[{"embeddable":true,"href":"https:\/\/sustavianfeed.eu\/es\/wp-json\/wp\/v2\/comments?post=1346"}],"version-history":[{"count":15,"href":"https:\/\/sustavianfeed.eu\/es\/wp-json\/wp\/v2\/pages\/1346\/revisions"}],"predecessor-version":[{"id":1385,"href":"https:\/\/sustavianfeed.eu\/es\/wp-json\/wp\/v2\/pages\/1346\/revisions\/1385"}],"wp:attachment":[{"href":"https:\/\/sustavianfeed.eu\/es\/wp-json\/wp\/v2\/media?parent=1346"}],"curies":[{"name":"wp","href":"https:\/\/api.w.org\/{rel}","templated":true}]}}